{"id":137,"date":"2020-12-03T15:45:13","date_gmt":"2020-12-03T15:45:13","guid":{"rendered":"https:\/\/sdtransfer.wpengine.com\/?page_id=137"},"modified":"2025-11-20T14:27:26","modified_gmt":"2025-11-20T22:27:26","slug":"terminos-y-condiciones","status":"publish","type":"page","link":"https:\/\/sdcommunitypower.org\/es\/terms-and-conditions\/","title":{"rendered":"T\u00e9rminos y condiciones"},"content":{"rendered":"<div data-elementor-type=\"wp-page\" data-elementor-id=\"137\" class=\"elementor elementor-137\" data-elementor-post-type=\"page\">\n\t\t\t\t<div data-particle_enable=\"false\" data-particle-mobile-disabled=\"false\" class=\"elementor-element elementor-element-41fb60e9 e-con-full e-flex e-con e-parent\" data-id=\"41fb60e9\" data-element_type=\"container\" data-e-type=\"container\" data-settings=\"{&quot;jet_parallax_layout_list&quot;:[]}\">\n\t\t<div data-particle_enable=\"false\" data-particle-mobile-disabled=\"false\" class=\"elementor-element elementor-element-2aae7bee e-con-full hero-internal e-flex e-con e-child\" data-id=\"2aae7bee\" data-element_type=\"container\" data-e-type=\"container\" data-settings=\"{&quot;background_background&quot;:&quot;classic&quot;,&quot;jet_parallax_layout_list&quot;:[]}\">\n\t\t<div data-particle_enable=\"false\" data-particle-mobile-disabled=\"false\" class=\"elementor-element elementor-element-3ff0eabd e-con-full e-flex e-con e-child\" data-id=\"3ff0eabd\" data-element_type=\"container\" data-e-type=\"container\" data-settings=\"{&quot;jet_parallax_layout_list&quot;:[]}\">\n\t\t<div data-particle_enable=\"false\" data-particle-mobile-disabled=\"false\" class=\"elementor-element elementor-element-6b1fa028 e-con-full e-flex e-con e-child\" data-id=\"6b1fa028\" data-element_type=\"container\" data-e-type=\"container\" data-settings=\"{&quot;jet_parallax_layout_list&quot;:[]}\">\n\t\t\t\t<div class=\"elementor-element elementor-element-49ccb8fd elementor-widget elementor-widget-heading\" data-id=\"49ccb8fd\" data-element_type=\"widget\" data-e-type=\"widget\" data-widget_type=\"heading.default\">\n\t\t\t\t\t<h1 class=\"elementor-heading-title elementor-size-default\">Condiciones generales<\/h1>\t\t\t\t<\/div>\n\t\t\t\t<\/div>\n\t\t\t\t<\/div>\n\t\t\t\t<\/div>\n\t\t\t\t<\/div>\n\t\t<div data-particle_enable=\"false\" data-particle-mobile-disabled=\"false\" class=\"elementor-element elementor-element-6521716 e-con-full parent-container e-flex e-con e-parent\" data-id=\"6521716\" data-element_type=\"container\" data-e-type=\"container\" data-settings=\"{&quot;jet_parallax_layout_list&quot;:[]}\">\n\t\t<div data-particle_enable=\"false\" data-particle-mobile-disabled=\"false\" class=\"elementor-element elementor-element-77f9b599 e-con-full e-flex e-con e-child\" data-id=\"77f9b599\" data-element_type=\"container\" data-e-type=\"container\" data-settings=\"{&quot;jet_parallax_layout_list&quot;:[]}\">\n\t\t\t\t<div class=\"elementor-element elementor-element-496ac40 elementor-widget elementor-widget-text-editor\" data-id=\"496ac40\" data-element_type=\"widget\" data-e-type=\"widget\" data-widget_type=\"text-editor.default\">\n\t\t\t\t\t\t\t\t\t<p>Las tarifas de generaci\u00f3n el\u00e9ctrica de San Diego Community Power se gestionan con la intenci\u00f3n de proporcionar electricidad m\u00e1s limpia a precios competitivos. Cualquier cambio en las tarifas de Community Power se adoptar\u00e1 en audiencias p\u00fablicas debidamente notificadas por la Junta Directiva de Community Power. Los cambios en las tarifas de SDG&amp;E o Community Power afectar\u00e1n a las comparaciones de costos entre Community Power y SDG&amp;E.<\/p><p>Todos los clientes de SDG&amp;E y Community Power pagan un ajuste mensual por indiferencia en el cargo por energ\u00eda (PCIA) y un recargo por franquicia. Community Power ya ha tenido en cuenta estos cargos posteriores a la comercializaci\u00f3n al calcular las tarifas. Consulte las tarifas de Community Power y las comparaciones de costos de SDG&amp;E en nuestro sitio web en <a href=\"https:\/\/sdcommunitypower.org\/es\/\">SDCommunityPower.org<\/a>.<\/p>\t\t\t\t\t\t\t\t<\/div>\n\t\t\t\t<div class=\"elementor-element elementor-element-0116129 elementor-widget elementor-widget-heading\" data-id=\"0116129\" data-element_type=\"widget\" data-e-type=\"widget\" data-widget_type=\"heading.default\">\n\t\t\t\t\t<h3 class=\"elementor-heading-title elementor-size-default\">Inscripci\u00f3n<\/h3>\t\t\t\t<\/div>\n\t\t\t\t<div class=\"elementor-element elementor-element-d7f1f9b elementor-widget elementor-widget-text-editor\" data-id=\"d7f1f9b\" data-element_type=\"widget\" data-e-type=\"widget\" data-widget_type=\"text-editor.default\">\n\t\t\t\t\t\t\t\t\t<p>San Diego Community Power es el proveedor de servicios el\u00e9ctricos predeterminado para las ciudades de Chula Vista, Encinitas, Imperial Beach, La Mesa, National City, San Diego y el condado no incorporado de San Diego. Las cuentas se inscribir\u00e1n autom\u00e1ticamente en el servicio Community Power, a menos que se d\u00e9 de baja al menos cinco d\u00edas h\u00e1biles antes de la fecha de lectura del medidor durante el mes de inscripci\u00f3n o la fecha de inicio programada de su cuenta.<\/p><p>Todas las cuentas fuera de la ciudad de Encinitas se inscribir\u00e1n autom\u00e1ticamente en el servicio Community Power de PowerOn, que proporciona al menos 50% de energ\u00eda renovable a tarifas competitivas. Puede optar por Power100, que proporciona 100% de energ\u00eda renovable y libre de carbono con un ligero recargo, o puede optar por PowerBase, que proporciona nuestro menor costo y la menor cantidad de energ\u00eda renovable, con la intenci\u00f3n de ser m\u00e1s comparable a la oferta base actual de SDG&amp;E en precio y contenido de energ\u00eda renovable. Las cuentas dentro de la ciudad de Encinitas se inscribir\u00e1n autom\u00e1ticamente en el servicio Power100 de Community Power.<\/p><p>Puede optar por cambiar su nivel de servicio en cualquier momento. Cualquier cambio en el nivel de servicio de su cuenta se aplicar\u00e1 en la siguiente fecha de lectura del medidor programada. Para realizar cambios en su nivel de servicio el\u00e9ctrico Community Power, visite nuestro sitio web en\u202f<a href=\"https:\/\/sdcommunitypower.org\/es\/\">SDCommunityPower.org<\/a>\u202fo llame al Community Power al 888-382-0169.<\/p>\t\t\t\t\t\t\t\t<\/div>\n\t\t\t\t<div class=\"elementor-element elementor-element-30c98dc elementor-widget elementor-widget-heading\" data-id=\"30c98dc\" data-element_type=\"widget\" data-e-type=\"widget\" data-widget_type=\"heading.default\">\n\t\t\t\t\t<h3 class=\"elementor-heading-title elementor-size-default\">Facturaci\u00f3n<\/h3>\t\t\t\t<\/div>\n\t\t\t\t<div class=\"elementor-element elementor-element-2a801ec elementor-widget elementor-widget-text-editor\" data-id=\"2a801ec\" data-element_type=\"widget\" data-e-type=\"widget\" data-widget_type=\"text-editor.default\">\n\t\t\t\t\t\t\t\t\t<p>Recibir\u00e1 una sola factura mensual de SDG&amp;E que incluye los cargos por generaci\u00f3n el\u00e9ctrica de Community Power. El cargo por generaci\u00f3n el\u00e9ctrica de Community Power reemplaza al cargo por generaci\u00f3n el\u00e9ctrica de SDG&amp;E; el cargo de Community Power no es un cargo duplicado ni una tarifa adicional. SDG&amp;E seguir\u00e1 cobr\u00e1ndole por los servicios de suministro el\u00e9ctrico. Si decide darse de baja del servicio de Community Power, SDG&amp;E volver\u00e1 a cobrarle por la generaci\u00f3n el\u00e9ctrica.<\/p>\t\t\t\t\t\t\t\t<\/div>\n\t\t\t\t<div class=\"elementor-element elementor-element-df4a60c elementor-widget elementor-widget-heading\" data-id=\"df4a60c\" data-element_type=\"widget\" data-e-type=\"widget\" data-widget_type=\"heading.default\">\n\t\t\t\t\t<h3 class=\"elementor-heading-title elementor-size-default\">Programas de descuentos<\/h3>\t\t\t\t<\/div>\n\t\t\t\t<div class=\"elementor-element elementor-element-38e5f5e elementor-widget elementor-widget-text-editor\" data-id=\"38e5f5e\" data-element_type=\"widget\" data-e-type=\"widget\" data-widget_type=\"text-editor.default\">\n\t\t\t\t\t\t\t\t\t<p>Si actualmente est\u00e1 inscrito en el programa Tarifas Alternativas de Energ\u00eda de California (CARE), el programa de Asistencia para Tarifas El\u00e9ctricas Familiares (FERA), Medical Baseline o Pago Nivelado, seguir\u00e1 recibiendo todos los beneficios y descuentos como cliente Community Power.<\/p>\t\t\t\t\t\t\t\t<\/div>\n\t\t\t\t<div class=\"elementor-element elementor-element-6fe3beb elementor-widget elementor-widget-heading\" data-id=\"6fe3beb\" data-element_type=\"widget\" data-e-type=\"widget\" data-widget_type=\"heading.default\">\n\t\t\t\t\t<h3 class=\"elementor-heading-title elementor-size-default\">Exclusi\u00f3n voluntaria<\/h3>\t\t\t\t<\/div>\n\t\t\t\t<div class=\"elementor-element elementor-element-b8cea07 elementor-widget elementor-widget-text-editor\" data-id=\"b8cea07\" data-element_type=\"widget\" data-e-type=\"widget\" data-widget_type=\"text-editor.default\">\n\t\t\t\t\t\t\t\t\t<p>Usted tiene derecho a darse de baja sin penalizaci\u00f3n en cualquier momento. Community Power no le cobrar\u00e1 ninguna tarifa si decide darse de baja o si cancela el servicio el\u00e9ctrico por completo (por ejemplo, si se muda). Sin embargo, si decide volver a SDG&amp;E despu\u00e9s del periodo de baja de 60 d\u00edas, o 60 d\u00edas despu\u00e9s de la fecha de inicio del servicio Community Power, SDG&amp;E puede cobrar una tarifa \u00fanica por tramitaci\u00f3n de la cuenta. Adem\u00e1s, SDG&amp;E le impedir\u00e1 volver al servicio de Community Power durante un m\u00ednimo de doce (12) meses. Al darse de baja, tambi\u00e9n estar\u00e1 sujeto a las tarifas y los t\u00e9rminos y condiciones del servicio de SDG&amp;E vigentes en ese momento. Para obtener m\u00e1s informaci\u00f3n sobre las tarifas y los t\u00e9rminos y condiciones de SDG&amp;E, visite\u202f<a href=\"http:\/\/SDGE.com\">SDGE.com<\/a>. Si decide darse de baja, se le seguir\u00e1n cobrando los gastos de electricidad que haya consumido mientras estuvo inscrito en el servicio Community Power. Las cuentas se transferir\u00e1n el d\u00eda en que se lea el medidor el\u00e9ctrico y no se podr\u00e1n transferir durante un ciclo de facturaci\u00f3n. Para que su solicitud se procese en la pr\u00f3xima fecha de lectura del medidor, debe recibirse al menos cinco d\u00edas h\u00e1biles antes de la fecha en que se lea el medidor. Para darse de baja, llame a Community Power al 888-382-0169 o visite<a href=\"https:\/\/sdcommunitypower.org\/es\/\">SDCommunityPower.org<\/a>. Tenga a la mano su factura SDG&amp;E para que podamos procesar la solicitud.<\/p>\t\t\t\t\t\t\t\t<\/div>\n\t\t\t\t<div class=\"elementor-element elementor-element-5c24d15 elementor-widget elementor-widget-heading\" data-id=\"5c24d15\" data-element_type=\"widget\" data-e-type=\"widget\" data-widget_type=\"heading.default\">\n\t\t\t\t\t<h3 class=\"elementor-heading-title elementor-size-default\">Incumplimiento de pago<\/h3>\t\t\t\t<\/div>\n\t\t\t\t<div class=\"elementor-element elementor-element-3de30ff elementor-widget elementor-widget-text-editor\" data-id=\"3de30ff\" data-element_type=\"widget\" data-e-type=\"widget\" data-widget_type=\"text-editor.default\">\n\t\t\t\t\t\t\t\t\t<p>Community Power puede transferir su cuenta a SDG&amp;E tras notific\u00e1rselo por escrito con 30 d\u00edas naturales de antelaci\u00f3n si no paga alguna parte de los cargos de Community Power que figuran en su factura. Si se transfiere su servicio, es posible que SDG&amp;E le imponga requisitos adicionales.<\/p><p>Para obtener m\u00e1s informaci\u00f3n, comun\u00edquese con Community Power llamando al 888-382-0169 o enviando un correo electr\u00f3nico a <a href=\"mailto:CustomerService@SDCommunityPower.org\">CustomerService@SDCommunityPower.org<\/a>.<\/p>\t\t\t\t\t\t\t\t<\/div>\n\t\t\t\t<\/div>\n\t\t\t\t<\/div>\n\t\t\t\t<\/div>","protected":false},"excerpt":{"rendered":"<p>Terms &amp; Conditions San Diego Community Power electric generation rates are managed with the intention of providing cleaner electricity at competitive rates. Any changes to Community Power rates will be [&hellip;]<\/p>\n","protected":false},"author":22,"featured_media":13024,"parent":0,"menu_order":119,"comment_status":"closed","ping_status":"closed","template":"","meta":{"footnotes":""},"class_list":["post-137","page","type-page","status-publish","has-post-thumbnail","hentry"],"yoast_head":"<!-- This site is optimized with the Yoast SEO Premium plugin v27.4 (Yoast SEO v27.4) - https:\/\/yoast.com\/product\/yoast-seo-premium-wordpress\/ -->\n<title>Terms and Conditions - San Diego Community Power<\/title>\n<meta name=\"robots\" content=\"index, follow, max-snippet:-1, max-image-preview:large, max-video-preview:-1\" \/>\n<link rel=\"canonical\" href=\"https:\/\/sdcommunitypower.org\/es\/terminos-y-condiciones\/\" \/>\n<meta property=\"og:locale\" content=\"es_MX\" \/>\n<meta property=\"og:type\" content=\"article\" \/>\n<meta property=\"og:title\" content=\"Terms and Conditions\" \/>\n<meta property=\"og:description\" content=\"Terms &amp; Conditions San Diego Community Power electric generation rates are managed with the intention of providing cleaner electricity at competitive\" \/>\n<meta property=\"og:url\" content=\"https:\/\/sdcommunitypower.org\/es\/terminos-y-condiciones\/\" \/>\n<meta property=\"og:site_name\" content=\"San Diego Community Power\" \/>\n<meta property=\"article:modified_time\" content=\"2025-11-20T22:27:26+00:00\" \/>\n<meta property=\"og:image\" content=\"https:\/\/sdcommunitypower.org\/wp-content\/uploads\/2025\/08\/BeachPhotoCEOLetter-1024x538.png\" \/>\n\t<meta property=\"og:image:width\" content=\"1024\" \/>\n\t<meta property=\"og:image:height\" content=\"538\" \/>\n\t<meta property=\"og:image:type\" content=\"image\/png\" \/>\n<meta name=\"twitter:card\" content=\"summary_large_image\" \/>\n<meta name=\"twitter:label1\" content=\"Tiempo de lectura\" \/>\n\t<meta name=\"twitter:data1\" content=\"4 minutos\" \/>\n<script type=\"application\/ld+json\" class=\"yoast-schema-graph\">{\"@context\":\"https:\\\/\\\/schema.org\",\"@graph\":[{\"@type\":\"WebPage\",\"@id\":\"https:\\\/\\\/sdcommunitypower.org\\\/terms-and-conditions\\\/\",\"url\":\"https:\\\/\\\/sdcommunitypower.org\\\/terms-and-conditions\\\/\",\"name\":\"Terms and Conditions - San Diego Community Power\",\"isPartOf\":{\"@id\":\"https:\\\/\\\/sdcommunitypower.org\\\/#website\"},\"primaryImageOfPage\":{\"@id\":\"https:\\\/\\\/sdcommunitypower.org\\\/terms-and-conditions\\\/#primaryimage\"},\"image\":{\"@id\":\"https:\\\/\\\/sdcommunitypower.org\\\/terms-and-conditions\\\/#primaryimage\"},\"thumbnailUrl\":\"https:\\\/\\\/sdcommunitypower.org\\\/wp-content\\\/uploads\\\/2025\\\/08\\\/BeachPhotoCEOLetter.png\",\"datePublished\":\"2020-12-03T15:45:13+00:00\",\"dateModified\":\"2025-11-20T22:27:26+00:00\",\"breadcrumb\":{\"@id\":\"https:\\\/\\\/sdcommunitypower.org\\\/terms-and-conditions\\\/#breadcrumb\"},\"inLanguage\":\"es\",\"potentialAction\":[{\"@type\":\"ReadAction\",\"target\":[\"https:\\\/\\\/sdcommunitypower.org\\\/terms-and-conditions\\\/\"]}]},{\"@type\":\"ImageObject\",\"inLanguage\":\"es\",\"@id\":\"https:\\\/\\\/sdcommunitypower.org\\\/terms-and-conditions\\\/#primaryimage\",\"url\":\"https:\\\/\\\/sdcommunitypower.org\\\/wp-content\\\/uploads\\\/2025\\\/08\\\/BeachPhotoCEOLetter.png\",\"contentUrl\":\"https:\\\/\\\/sdcommunitypower.org\\\/wp-content\\\/uploads\\\/2025\\\/08\\\/BeachPhotoCEOLetter.png\",\"width\":1920,\"height\":1008,\"caption\":\"An aerial view shows waves rolling onto the beach beside a row of seaside homes.\"},{\"@type\":\"BreadcrumbList\",\"@id\":\"https:\\\/\\\/sdcommunitypower.org\\\/terms-and-conditions\\\/#breadcrumb\",\"itemListElement\":[{\"@type\":\"ListItem\",\"position\":1,\"name\":\"Home\",\"item\":\"https:\\\/\\\/sdcommunitypower.org\\\/\"},{\"@type\":\"ListItem\",\"position\":2,\"name\":\"Terms and Conditions\"}]},{\"@type\":\"WebSite\",\"@id\":\"https:\\\/\\\/sdcommunitypower.org\\\/#website\",\"url\":\"https:\\\/\\\/sdcommunitypower.org\\\/\",\"name\":\"San Diego Community Power\",\"description\":\"Powering a clean, affordable energy future\",\"publisher\":{\"@id\":\"https:\\\/\\\/sdcommunitypower.org\\\/#organization\"},\"potentialAction\":[{\"@type\":\"SearchAction\",\"target\":{\"@type\":\"EntryPoint\",\"urlTemplate\":\"https:\\\/\\\/sdcommunitypower.org\\\/?s={search_term_string}\"},\"query-input\":{\"@type\":\"PropertyValueSpecification\",\"valueRequired\":true,\"valueName\":\"search_term_string\"}}],\"inLanguage\":\"es\"},{\"@type\":\"Organization\",\"@id\":\"https:\\\/\\\/sdcommunitypower.org\\\/#organization\",\"name\":\"San Diego Community Power\",\"url\":\"https:\\\/\\\/sdcommunitypower.org\\\/\",\"logo\":{\"@type\":\"ImageObject\",\"inLanguage\":\"es\",\"@id\":\"https:\\\/\\\/sdcommunitypower.org\\\/#\\\/schema\\\/logo\\\/image\\\/\",\"url\":\"https:\\\/\\\/sdcommunitypower.org\\\/wp-content\\\/uploads\\\/2020\\\/12\\\/20-SDCP-0456_BrandSuite_SocialIcons_FNL-01.png\",\"contentUrl\":\"https:\\\/\\\/sdcommunitypower.org\\\/wp-content\\\/uploads\\\/2020\\\/12\\\/20-SDCP-0456_BrandSuite_SocialIcons_FNL-01.png\",\"width\":1000,\"height\":1001,\"caption\":\"San Diego Community Power\"},\"image\":{\"@id\":\"https:\\\/\\\/sdcommunitypower.org\\\/#\\\/schema\\\/logo\\\/image\\\/\"}}]}<\/script>\n<!-- \/ Yoast SEO Premium plugin. -->","yoast_head_json":{"title":"T\u00e9rminos y condiciones - San Diego Community Power","robots":{"index":"index","follow":"follow","max-snippet":"max-snippet:-1","max-image-preview":"max-image-preview:large","max-video-preview":"max-video-preview:-1"},"canonical":"https:\/\/sdcommunitypower.org\/es\/terminos-y-condiciones\/","og_locale":"es_MX","og_type":"article","og_title":"Terms and Conditions","og_description":"Terms &amp; Conditions San Diego Community Power electric generation rates are managed with the intention of providing cleaner electricity at competitive","og_url":"https:\/\/sdcommunitypower.org\/es\/terminos-y-condiciones\/","og_site_name":"San Diego Community Power","article_modified_time":"2025-11-20T22:27:26+00:00","og_image":[{"width":1024,"height":538,"url":"https:\/\/sdcommunitypower.org\/wp-content\/uploads\/2025\/08\/BeachPhotoCEOLetter-1024x538.png","type":"image\/png"}],"twitter_card":"summary_large_image","twitter_misc":{"Tiempo de lectura":"4 minutos"},"schema":{"@context":"https:\/\/schema.org","@graph":[{"@type":"WebPage","@id":"https:\/\/sdcommunitypower.org\/terms-and-conditions\/","url":"https:\/\/sdcommunitypower.org\/terms-and-conditions\/","name":"T\u00e9rminos y condiciones - San Diego Community Power","isPartOf":{"@id":"https:\/\/sdcommunitypower.org\/#website"},"primaryImageOfPage":{"@id":"https:\/\/sdcommunitypower.org\/terms-and-conditions\/#primaryimage"},"image":{"@id":"https:\/\/sdcommunitypower.org\/terms-and-conditions\/#primaryimage"},"thumbnailUrl":"https:\/\/sdcommunitypower.org\/wp-content\/uploads\/2025\/08\/BeachPhotoCEOLetter.png","datePublished":"2020-12-03T15:45:13+00:00","dateModified":"2025-11-20T22:27:26+00:00","breadcrumb":{"@id":"https:\/\/sdcommunitypower.org\/terms-and-conditions\/#breadcrumb"},"inLanguage":"es","potentialAction":[{"@type":"ReadAction","target":["https:\/\/sdcommunitypower.org\/terms-and-conditions\/"]}]},{"@type":"ImageObject","inLanguage":"es","@id":"https:\/\/sdcommunitypower.org\/terms-and-conditions\/#primaryimage","url":"https:\/\/sdcommunitypower.org\/wp-content\/uploads\/2025\/08\/BeachPhotoCEOLetter.png","contentUrl":"https:\/\/sdcommunitypower.org\/wp-content\/uploads\/2025\/08\/BeachPhotoCEOLetter.png","width":1920,"height":1008,"caption":"An aerial view shows waves rolling onto the beach beside a row of seaside homes."},{"@type":"BreadcrumbList","@id":"https:\/\/sdcommunitypower.org\/terms-and-conditions\/#breadcrumb","itemListElement":[{"@type":"ListItem","position":1,"name":"Home","item":"https:\/\/sdcommunitypower.org\/"},{"@type":"ListItem","position":2,"name":"Terms and Conditions"}]},{"@type":"WebSite","@id":"https:\/\/sdcommunitypower.org\/#website","url":"https:\/\/sdcommunitypower.org\/","name":"San Diego Community Power","description":"Impulsar un futuro energ\u00e9tico limpio y asequible","publisher":{"@id":"https:\/\/sdcommunitypower.org\/#organization"},"potentialAction":[{"@type":"SearchAction","target":{"@type":"EntryPoint","urlTemplate":"https:\/\/sdcommunitypower.org\/?s={search_term_string}"},"query-input":{"@type":"PropertyValueSpecification","valueRequired":true,"valueName":"search_term_string"}}],"inLanguage":"es"},{"@type":"Organization","@id":"https:\/\/sdcommunitypower.org\/#organization","name":"San Diego Community Power","url":"https:\/\/sdcommunitypower.org\/","logo":{"@type":"ImageObject","inLanguage":"es","@id":"https:\/\/sdcommunitypower.org\/#\/schema\/logo\/image\/","url":"https:\/\/sdcommunitypower.org\/wp-content\/uploads\/2020\/12\/20-SDCP-0456_BrandSuite_SocialIcons_FNL-01.png","contentUrl":"https:\/\/sdcommunitypower.org\/wp-content\/uploads\/2020\/12\/20-SDCP-0456_BrandSuite_SocialIcons_FNL-01.png","width":1000,"height":1001,"caption":"San Diego Community Power"},"image":{"@id":"https:\/\/sdcommunitypower.org\/#\/schema\/logo\/image\/"}}]}},"_links":{"self":[{"href":"https:\/\/sdcommunitypower.org\/es\/wp-json\/wp\/v2\/pages\/137","targetHints":{"allow":["GET"]}}],"collection":[{"href":"https:\/\/sdcommunitypower.org\/es\/wp-json\/wp\/v2\/pages"}],"about":[{"href":"https:\/\/sdcommunitypower.org\/es\/wp-json\/wp\/v2\/types\/page"}],"author":[{"embeddable":true,"href":"https:\/\/sdcommunitypower.org\/es\/wp-json\/wp\/v2\/users\/22"}],"replies":[{"embeddable":true,"href":"https:\/\/sdcommunitypower.org\/es\/wp-json\/wp\/v2\/comments?post=137"}],"version-history":[{"count":5,"href":"https:\/\/sdcommunitypower.org\/es\/wp-json\/wp\/v2\/pages\/137\/revisions"}],"predecessor-version":[{"id":27748,"href":"https:\/\/sdcommunitypower.org\/es\/wp-json\/wp\/v2\/pages\/137\/revisions\/27748"}],"wp:featuredmedia":[{"embeddable":true,"href":"https:\/\/sdcommunitypower.org\/es\/wp-json\/wp\/v2\/media\/13024"}],"wp:attachment":[{"href":"https:\/\/sdcommunitypower.org\/es\/wp-json\/wp\/v2\/media?parent=137"}],"curies":[{"name":"wp","href":"https:\/\/api.w.org\/{rel}","templated":true}]}}