{"id":7019,"date":"2023-11-19T13:21:00","date_gmt":"2023-11-19T21:21:00","guid":{"rendered":"https:\/\/sdcommunitypower.org\/?page_id=7019"},"modified":"2024-12-18T11:34:09","modified_gmt":"2024-12-18T19:34:09","slug":"generacion-de-energia-por-parte-de-los-clientes","status":"publish","type":"page","link":"https:\/\/sdcommunitypower.org\/es\/programs\/customer-power-generation\/","title":{"rendered":"Generaci\u00f3n de energ\u00eda por parte de los clientes"},"content":{"rendered":"<p>Para los clientes con sistemas de autogeneraci\u00f3n de energ\u00eda renovable (como paneles solares), obtenga m\u00e1s informaci\u00f3n sobre nuestros programas Net Energy Metering (NEM) y el nuevo Solar Billing Plan (SBP).\u00a0<\/p>","protected":false},"excerpt":{"rendered":"<p>Para los clientes con sistemas de autogeneraci\u00f3n de energ\u00eda renovable (como paneles solares), obtenga m\u00e1s informaci\u00f3n sobre nuestros programas Net Energy Metering (NEM) y el nuevo Solar Billing Plan (SBP).\u00a0<\/p>","protected":false},"author":22,"featured_media":7070,"parent":3106,"menu_order":45,"comment_status":"closed","ping_status":"closed","template":"templates\/power-your-life.php","meta":{"footnotes":""},"class_list":["post-7019","page","type-page","status-publish","has-post-thumbnail","hentry"],"yoast_head":"<!-- This site is optimized with the Yoast SEO Premium plugin v27.2 (Yoast SEO v27.2) - https:\/\/yoast.com\/product\/yoast-seo-premium-wordpress\/ -->\n<title>Customer Power Generation - San Diego Community Power<\/title>\n<meta name=\"robots\" content=\"noindex, nofollow\" \/>\n<meta property=\"og:locale\" content=\"es_MX\" \/>\n<meta property=\"og:type\" content=\"article\" \/>\n<meta property=\"og:title\" content=\"Customer Power Generation\" \/>\n<meta property=\"og:description\" content=\"For customers with renewable energy self-generation systems (like solar panels), learn more about our Net Energy Metering (NEM) and new Solar Billing Plan\" \/>\n<meta property=\"og:url\" content=\"https:\/\/sdcommunitypower.org\/es\/programas\/generacion-de-energia-por-parte-de-los-clientes\/\" \/>\n<meta property=\"og:site_name\" content=\"San Diego Community Power\" \/>\n<meta property=\"article:modified_time\" content=\"2024-12-18T19:34:09+00:00\" \/>\n<meta property=\"og:image\" content=\"https:\/\/sdcommunitypower.org\/wp-content\/uploads\/2023\/11\/SolarFamily-scaled.jpg\" \/>\n\t<meta property=\"og:image:width\" content=\"2560\" \/>\n\t<meta property=\"og:image:height\" content=\"1709\" \/>\n\t<meta property=\"og:image:type\" content=\"image\/jpeg\" \/>\n<meta name=\"twitter:card\" content=\"summary_large_image\" \/>\n<meta name=\"twitter:label1\" content=\"Tiempo de lectura\" \/>\n\t<meta name=\"twitter:data1\" content=\"1 minuto\" \/>\n<script type=\"application\/ld+json\" class=\"yoast-schema-graph\">{\"@context\":\"https:\/\/schema.org\",\"@graph\":[{\"@type\":\"WebPage\",\"@id\":\"https:\/\/sdcommunitypower.org\/programs\/customer-power-generation\/\",\"url\":\"https:\/\/sdcommunitypower.org\/programs\/customer-power-generation\/\",\"name\":\"Customer Power Generation - San Diego Community Power\",\"isPartOf\":{\"@id\":\"https:\/\/sdcommunitypower.org\/#website\"},\"primaryImageOfPage\":{\"@id\":\"https:\/\/sdcommunitypower.org\/programs\/customer-power-generation\/#primaryimage\"},\"image\":{\"@id\":\"https:\/\/sdcommunitypower.org\/programs\/customer-power-generation\/#primaryimage\"},\"thumbnailUrl\":\"https:\/\/sdcommunitypower.org\/wp-content\/uploads\/2023\/11\/SolarFamily-scaled.jpg\",\"datePublished\":\"2023-11-19T21:21:00+00:00\",\"dateModified\":\"2024-12-18T19:34:09+00:00\",\"breadcrumb\":{\"@id\":\"https:\/\/sdcommunitypower.org\/programs\/customer-power-generation\/#breadcrumb\"},\"inLanguage\":\"es\",\"potentialAction\":[{\"@type\":\"ReadAction\",\"target\":[\"https:\/\/sdcommunitypower.org\/programs\/customer-power-generation\/\"]}]},{\"@type\":\"ImageObject\",\"inLanguage\":\"es\",\"@id\":\"https:\/\/sdcommunitypower.org\/programs\/customer-power-generation\/#primaryimage\",\"url\":\"https:\/\/sdcommunitypower.org\/wp-content\/uploads\/2023\/11\/SolarFamily-scaled.jpg\",\"contentUrl\":\"https:\/\/sdcommunitypower.org\/wp-content\/uploads\/2023\/11\/SolarFamily-scaled.jpg\",\"width\":2560,\"height\":1709},{\"@type\":\"BreadcrumbList\",\"@id\":\"https:\/\/sdcommunitypower.org\/programs\/customer-power-generation\/#breadcrumb\",\"itemListElement\":[{\"@type\":\"ListItem\",\"position\":1,\"name\":\"Home\",\"item\":\"https:\/\/sdcommunitypower.org\/\"},{\"@type\":\"ListItem\",\"position\":2,\"name\":\"Programs\",\"item\":\"https:\/\/sdcommunitypower.org\/?page_id=3106\"},{\"@type\":\"ListItem\",\"position\":3,\"name\":\"Customer Power Generation\"}]},{\"@type\":\"WebSite\",\"@id\":\"https:\/\/sdcommunitypower.org\/#website\",\"url\":\"https:\/\/sdcommunitypower.org\/\",\"name\":\"San Diego Community Power\",\"description\":\"Powering a clean, affordable energy future\",\"publisher\":{\"@id\":\"https:\/\/sdcommunitypower.org\/#organization\"},\"potentialAction\":[{\"@type\":\"SearchAction\",\"target\":{\"@type\":\"EntryPoint\",\"urlTemplate\":\"https:\/\/sdcommunitypower.org\/?s={search_term_string}\"},\"query-input\":{\"@type\":\"PropertyValueSpecification\",\"valueRequired\":true,\"valueName\":\"search_term_string\"}}],\"inLanguage\":\"es\"},{\"@type\":\"Organization\",\"@id\":\"https:\/\/sdcommunitypower.org\/#organization\",\"name\":\"San Diego Community Power\",\"url\":\"https:\/\/sdcommunitypower.org\/\",\"logo\":{\"@type\":\"ImageObject\",\"inLanguage\":\"es\",\"@id\":\"https:\/\/sdcommunitypower.org\/#\/schema\/logo\/image\/\",\"url\":\"https:\/\/sdcommunitypower.org\/wp-content\/uploads\/2020\/12\/20-SDCP-0456_BrandSuite_SocialIcons_FNL-01.png\",\"contentUrl\":\"https:\/\/sdcommunitypower.org\/wp-content\/uploads\/2020\/12\/20-SDCP-0456_BrandSuite_SocialIcons_FNL-01.png\",\"width\":1000,\"height\":1001,\"caption\":\"San Diego Community Power\"},\"image\":{\"@id\":\"https:\/\/sdcommunitypower.org\/#\/schema\/logo\/image\/\"}}]}<\/script>\n<!-- \/ Yoast SEO Premium plugin. -->","yoast_head_json":{"title":"Generaci\u00f3n de energ\u00eda por parte de los clientes - San Diego Community Power","robots":{"index":"noindex","follow":"nofollow"},"og_locale":"es_MX","og_type":"article","og_title":"Customer Power Generation","og_description":"For customers with renewable energy self-generation systems (like solar panels), learn more about our Net Energy Metering (NEM) and new Solar Billing Plan","og_url":"https:\/\/sdcommunitypower.org\/es\/programas\/generacion-de-energia-por-parte-de-los-clientes\/","og_site_name":"San Diego Community Power","article_modified_time":"2024-12-18T19:34:09+00:00","og_image":[{"width":2560,"height":1709,"url":"https:\/\/sdcommunitypower.org\/wp-content\/uploads\/2023\/11\/SolarFamily-scaled.jpg","type":"image\/jpeg"}],"twitter_card":"summary_large_image","twitter_misc":{"Tiempo de lectura":"1 minuto"},"schema":{"@context":"https:\/\/schema.org","@graph":[{"@type":"WebPage","@id":"https:\/\/sdcommunitypower.org\/programs\/customer-power-generation\/","url":"https:\/\/sdcommunitypower.org\/programs\/customer-power-generation\/","name":"Generaci\u00f3n de energ\u00eda por parte de los clientes - San Diego Community Power","isPartOf":{"@id":"https:\/\/sdcommunitypower.org\/#website"},"primaryImageOfPage":{"@id":"https:\/\/sdcommunitypower.org\/programs\/customer-power-generation\/#primaryimage"},"image":{"@id":"https:\/\/sdcommunitypower.org\/programs\/customer-power-generation\/#primaryimage"},"thumbnailUrl":"https:\/\/sdcommunitypower.org\/wp-content\/uploads\/2023\/11\/SolarFamily-scaled.jpg","datePublished":"2023-11-19T21:21:00+00:00","dateModified":"2024-12-18T19:34:09+00:00","breadcrumb":{"@id":"https:\/\/sdcommunitypower.org\/programs\/customer-power-generation\/#breadcrumb"},"inLanguage":"es","potentialAction":[{"@type":"ReadAction","target":["https:\/\/sdcommunitypower.org\/programs\/customer-power-generation\/"]}]},{"@type":"ImageObject","inLanguage":"es","@id":"https:\/\/sdcommunitypower.org\/programs\/customer-power-generation\/#primaryimage","url":"https:\/\/sdcommunitypower.org\/wp-content\/uploads\/2023\/11\/SolarFamily-scaled.jpg","contentUrl":"https:\/\/sdcommunitypower.org\/wp-content\/uploads\/2023\/11\/SolarFamily-scaled.jpg","width":2560,"height":1709},{"@type":"BreadcrumbList","@id":"https:\/\/sdcommunitypower.org\/programs\/customer-power-generation\/#breadcrumb","itemListElement":[{"@type":"ListItem","position":1,"name":"Home","item":"https:\/\/sdcommunitypower.org\/"},{"@type":"ListItem","position":2,"name":"Programs","item":"https:\/\/sdcommunitypower.org\/?page_id=3106"},{"@type":"ListItem","position":3,"name":"Customer Power Generation"}]},{"@type":"WebSite","@id":"https:\/\/sdcommunitypower.org\/#website","url":"https:\/\/sdcommunitypower.org\/","name":"San Diego Community Power","description":"Impulsar un futuro energ\u00e9tico limpio y asequible","publisher":{"@id":"https:\/\/sdcommunitypower.org\/#organization"},"potentialAction":[{"@type":"SearchAction","target":{"@type":"EntryPoint","urlTemplate":"https:\/\/sdcommunitypower.org\/?s={search_term_string}"},"query-input":{"@type":"PropertyValueSpecification","valueRequired":true,"valueName":"search_term_string"}}],"inLanguage":"es"},{"@type":"Organization","@id":"https:\/\/sdcommunitypower.org\/#organization","name":"San Diego Community Power","url":"https:\/\/sdcommunitypower.org\/","logo":{"@type":"ImageObject","inLanguage":"es","@id":"https:\/\/sdcommunitypower.org\/#\/schema\/logo\/image\/","url":"https:\/\/sdcommunitypower.org\/wp-content\/uploads\/2020\/12\/20-SDCP-0456_BrandSuite_SocialIcons_FNL-01.png","contentUrl":"https:\/\/sdcommunitypower.org\/wp-content\/uploads\/2020\/12\/20-SDCP-0456_BrandSuite_SocialIcons_FNL-01.png","width":1000,"height":1001,"caption":"San Diego Community Power"},"image":{"@id":"https:\/\/sdcommunitypower.org\/#\/schema\/logo\/image\/"}}]}},"_links":{"self":[{"href":"https:\/\/sdcommunitypower.org\/es\/wp-json\/wp\/v2\/pages\/7019","targetHints":{"allow":["GET"]}}],"collection":[{"href":"https:\/\/sdcommunitypower.org\/es\/wp-json\/wp\/v2\/pages"}],"about":[{"href":"https:\/\/sdcommunitypower.org\/es\/wp-json\/wp\/v2\/types\/page"}],"author":[{"embeddable":true,"href":"https:\/\/sdcommunitypower.org\/es\/wp-json\/wp\/v2\/users\/22"}],"replies":[{"embeddable":true,"href":"https:\/\/sdcommunitypower.org\/es\/wp-json\/wp\/v2\/comments?post=7019"}],"version-history":[{"count":0,"href":"https:\/\/sdcommunitypower.org\/es\/wp-json\/wp\/v2\/pages\/7019\/revisions"}],"up":[{"embeddable":true,"href":"https:\/\/sdcommunitypower.org\/es\/wp-json\/wp\/v2\/pages\/3106"}],"wp:featuredmedia":[{"embeddable":true,"href":"https:\/\/sdcommunitypower.org\/es\/wp-json\/wp\/v2\/media\/7070"}],"wp:attachment":[{"href":"https:\/\/sdcommunitypower.org\/es\/wp-json\/wp\/v2\/media?parent=7019"}],"curies":[{"name":"wp","href":"https:\/\/api.w.org\/{rel}","templated":true}]}}