{"id":8341,"date":"2024-06-21T04:55:25","date_gmt":"2024-06-21T11:55:25","guid":{"rendered":"https:\/\/sdcommunitypower.org\/?page_id=8341"},"modified":"2025-11-06T10:48:16","modified_gmt":"2025-11-06T18:48:16","slug":"encendido","status":"publish","type":"page","link":"https:\/\/sdcommunitypower.org\/es\/poweron\/","title":{"rendered":"PowerOn"},"content":{"rendered":"<div data-elementor-type=\"wp-page\" data-elementor-id=\"8341\" class=\"elementor elementor-8341\" data-elementor-post-type=\"page\">\n\t\t\t\t<div data-particle_enable=\"false\" data-particle-mobile-disabled=\"false\" class=\"elementor-element elementor-element-3ad2c8fd e-con-full e-flex e-con e-parent\" data-id=\"3ad2c8fd\" data-element_type=\"container\" data-e-type=\"container\" data-settings=\"{&quot;jet_parallax_layout_list&quot;:[]}\">\n\t\t<div data-particle_enable=\"false\" data-particle-mobile-disabled=\"false\" class=\"elementor-element elementor-element-149c122b e-con-full hero-internal e-flex e-con e-child\" data-id=\"149c122b\" data-element_type=\"container\" data-e-type=\"container\" data-settings=\"{&quot;background_background&quot;:&quot;classic&quot;,&quot;jet_parallax_layout_list&quot;:[]}\">\n\t\t<div data-particle_enable=\"false\" data-particle-mobile-disabled=\"false\" class=\"elementor-element elementor-element-7eac0714 e-con-full e-flex e-con e-child\" data-id=\"7eac0714\" data-element_type=\"container\" data-e-type=\"container\" data-settings=\"{&quot;jet_parallax_layout_list&quot;:[]}\">\n\t\t<div data-particle_enable=\"false\" data-particle-mobile-disabled=\"false\" class=\"elementor-element elementor-element-4be1f4c8 e-con-full e-flex e-con e-child\" data-id=\"4be1f4c8\" data-element_type=\"container\" data-e-type=\"container\" data-settings=\"{&quot;jet_parallax_layout_list&quot;:[]}\">\n\t\t\t\t<\/div>\n\t\t\t\t<\/div>\n\t\t\t\t<\/div>\n\t\t\t\t<\/div>\n\t\t<div data-particle_enable=\"false\" data-particle-mobile-disabled=\"false\" class=\"elementor-element elementor-element-ab0884d e-con-full parent-container e-flex e-con e-parent\" data-id=\"ab0884d\" data-element_type=\"container\" data-e-type=\"container\" data-settings=\"{&quot;jet_parallax_layout_list&quot;:[]}\">\n\t\t<div data-particle_enable=\"false\" data-particle-mobile-disabled=\"false\" class=\"elementor-element elementor-element-32812bb e-con-full e-flex e-con e-child\" data-id=\"32812bb\" data-element_type=\"container\" data-e-type=\"container\" data-settings=\"{&quot;jet_parallax_layout_list&quot;:[],&quot;background_background&quot;:&quot;classic&quot;}\">\n\t\t<div data-particle_enable=\"false\" data-particle-mobile-disabled=\"false\" class=\"elementor-element elementor-element-a440d2e e-con-full e-flex e-con e-child\" data-id=\"a440d2e\" data-element_type=\"container\" data-e-type=\"container\" data-settings=\"{&quot;jet_parallax_layout_list&quot;:[],&quot;background_background&quot;:&quot;classic&quot;}\">\n\t\t\t\t<div class=\"elementor-element elementor-element-6bb719f elementor-widget elementor-widget-image\" data-id=\"6bb719f\" data-element_type=\"widget\" data-e-type=\"widget\" data-widget_type=\"image.default\">\n\t\t\t\t\t\t\t\t\t\t\t\t\t\t\t<img fetchpriority=\"high\" decoding=\"async\" width=\"380\" height=\"185\" src=\"https:\/\/sdcommunitypower.org\/wp-content\/uploads\/2025\/08\/power-on-logo.svg\" class=\"attachment-full size-full wp-image-13773\" alt=\"logotipo de encendido\" \/>\t\t\t\t\t\t\t\t\t\t\t\t\t\t\t<\/div>\n\t\t\t\t<\/div>\n\t\t<div data-particle_enable=\"false\" data-particle-mobile-disabled=\"false\" class=\"elementor-element elementor-element-cc2d440 e-con-full e-flex e-con e-child\" data-id=\"cc2d440\" data-element_type=\"container\" data-e-type=\"container\" data-settings=\"{&quot;jet_parallax_layout_list&quot;:[]}\">\n\t\t\t\t<div class=\"elementor-element elementor-element-0471a54 elementor-widget elementor-widget-heading\" data-id=\"0471a54\" data-element_type=\"widget\" data-e-type=\"widget\" data-widget_type=\"heading.default\">\n\t\t\t\t\t<h3 class=\"elementor-heading-title elementor-size-default\">Nuestro plan de servicio est\u00e1ndar a precios competitivos<\/h3>\t\t\t\t<\/div>\n\t\t\t\t<div class=\"elementor-element elementor-element-174d69b elementor-widget elementor-widget-text-editor\" data-id=\"174d69b\" data-element_type=\"widget\" data-e-type=\"widget\" data-widget_type=\"text-editor.default\">\n\t\t\t\t\t\t\t\t\t<p>La mayor\u00eda de los clientes* se inscriben autom\u00e1ticamente en PowerOn, que es 51% renovable y tiene un precio competitivo en comparaci\u00f3n con el servicio est\u00e1ndar de SDG&amp;E, lo que le permite ahorrar al tiempo que contribuye a una regi\u00f3n sostenible de San Diego.<\/p>\n<p><em>*Los clientes de las ciudades de San Diego, Chula Vista, Imperial Beach, La Mesa y National City, as\u00ed como las zonas no incorporadas del condado de San Diego, se inscriben autom\u00e1ticamente en el PowerOn. La ciudad de Encinitas vot\u00f3 a favor de inscribir autom\u00e1ticamente a los clientes dentro de los l\u00edmites de su ciudad en el Power100.<\/em><\/p>\t\t\t\t\t\t\t\t<\/div>\n\t\t<div data-particle_enable=\"false\" data-particle-mobile-disabled=\"false\" class=\"elementor-element elementor-element-6cfdf13 e-con-full e-flex e-con e-child\" data-id=\"6cfdf13\" data-element_type=\"container\" data-e-type=\"container\" data-settings=\"{&quot;jet_parallax_layout_list&quot;:[]}\">\n\t\t<div data-particle_enable=\"false\" data-particle-mobile-disabled=\"false\" class=\"elementor-element elementor-element-dd81811 e-con-full e-flex e-con e-child\" data-id=\"dd81811\" data-element_type=\"container\" data-e-type=\"container\" data-settings=\"{&quot;jet_parallax_layout_list&quot;:[]}\">\n\t\t\t\t<div class=\"elementor-element elementor-element-9bd7625 link-ocean-teal-blue elementor-widget elementor-widget-text-editor\" data-id=\"9bd7625\" data-element_type=\"widget\" data-e-type=\"widget\" data-widget_type=\"text-editor.default\">\n\t\t\t\t\t\t\t\t\t<p><a href=\"https:\/\/sdcommunitypower.org\/es\/tarifas-residenciales\/\">Comparar tarifas residenciales<\/a><\/p>\t\t\t\t\t\t\t\t<\/div>\n\t\t\t\t<\/div>\n\t\t<div data-particle_enable=\"false\" data-particle-mobile-disabled=\"false\" class=\"elementor-element elementor-element-344ad0e e-con-full e-flex e-con e-child\" data-id=\"344ad0e\" data-element_type=\"container\" data-e-type=\"container\" data-settings=\"{&quot;jet_parallax_layout_list&quot;:[]}\">\n\t\t\t\t<div class=\"elementor-element elementor-element-617a399 link-ocean-teal-blue elementor-widget elementor-widget-text-editor\" data-id=\"617a399\" data-element_type=\"widget\" data-e-type=\"widget\" data-widget_type=\"text-editor.default\">\n\t\t\t\t\t\t\t\t\t<p><span style=\"color: #00a5bd;\"><a href=\"https:\/\/sdcommunitypower.org\/es\/tarifas-comerciales\/\">Comparar tarifas comerciales<\/a><\/span><\/p>\t\t\t\t\t\t\t\t<\/div>\n\t\t\t\t<\/div>\n\t\t\t\t<\/div>\n\t\t\t\t<div class=\"elementor-element elementor-element-498fb10 link-ocean-teal-blue elementor-widget elementor-widget-text-editor\" data-id=\"498fb10\" data-element_type=\"widget\" data-e-type=\"widget\" data-widget_type=\"text-editor.default\">\n\t\t\t\t\t\t\t\t\t<p>Explore m\u00e1s opciones de servicio el\u00e9ctrico: <span style=\"color: #00a5bd;\"><a href=\"https:\/\/sdcommunitypower.org\/es\/base-de-potencia\/\">PowerBase<\/a><\/span> | <a href=\"https:\/\/sdcommunitypower.org\/es\/power100\/\"><span style=\"color: #00a5bd;\">Power100<\/span><\/a> | <a href=\"https:\/\/sdcommunitypower.org\/es\/potencia-100-verde\/\"><span style=\"color: #00a5bd;\">Power100 Green+<\/span><\/a><\/p>\t\t\t\t\t\t\t\t<\/div>\n\t\t\t\t<\/div>\n\t\t\t\t<\/div>\n\t\t\t\t<\/div>\n\t\t<div data-particle_enable=\"false\" data-particle-mobile-disabled=\"false\" class=\"elementor-element elementor-element-1c7612e e-flex e-con-boxed e-con e-parent\" data-id=\"1c7612e\" data-element_type=\"container\" data-e-type=\"container\" data-settings=\"{&quot;jet_parallax_layout_list&quot;:[]}\">\n\t\t\t\t\t<div class=\"e-con-inner\">\n\t\t<div data-particle_enable=\"false\" data-particle-mobile-disabled=\"false\" class=\"elementor-element elementor-element-32e77ba parent-container e-con-full e-flex e-con e-child\" data-id=\"32e77ba\" data-element_type=\"container\" data-e-type=\"container\" data-settings=\"{&quot;background_background&quot;:&quot;classic&quot;,&quot;jet_parallax_layout_list&quot;:[]}\">\n\t\t<div data-particle_enable=\"false\" data-particle-mobile-disabled=\"false\" class=\"elementor-element elementor-element-0d692d8 e-con-full e-flex e-con e-child\" data-id=\"0d692d8\" data-element_type=\"container\" data-e-type=\"container\" data-settings=\"{&quot;jet_parallax_layout_list&quot;:[]}\">\n\t\t<div data-particle_enable=\"false\" data-particle-mobile-disabled=\"false\" class=\"elementor-element elementor-element-644742b e-con-full e-flex e-con e-child\" data-id=\"644742b\" data-element_type=\"container\" data-e-type=\"container\" data-settings=\"{&quot;jet_parallax_layout_list&quot;:[]}\">\n\t\t\t\t<div class=\"elementor-element elementor-element-b099dbb elementor-widget elementor-widget-heading\" data-id=\"b099dbb\" data-element_type=\"widget\" data-e-type=\"widget\" data-widget_type=\"heading.default\">\n\t\t\t\t\t<h2 class=\"elementor-heading-title elementor-size-default\">Elija PowerOn<\/h2>\t\t\t\t<\/div>\n\t\t\t\t<div class=\"elementor-element elementor-element-96ead28 elementor-widget elementor-widget-text-editor\" data-id=\"96ead28\" data-element_type=\"widget\" data-e-type=\"widget\" data-widget_type=\"text-editor.default\">\n\t\t\t\t\t\t\t\t\t<p>Para cambiar su plan de servicio, tenga a mano una copia de su factura SDG&amp;E, ya que necesitar\u00e1 su n\u00famero de cuenta SDG&amp;E. Aseg\u00farese de introducir s\u00f3lo los 12 primeros d\u00edgitos de su n\u00famero de cuenta. Incluya los ceros a la izquierda y omita los espacios.<\/p>\t\t\t\t\t\t\t\t<\/div>\n\t\t\t\t<\/div>\n\t\t<div data-particle_enable=\"false\" data-particle-mobile-disabled=\"false\" class=\"elementor-element elementor-element-999c6b7 e-con-full e-flex e-con e-child\" data-id=\"999c6b7\" data-element_type=\"container\" data-e-type=\"container\" data-settings=\"{&quot;jet_parallax_layout_list&quot;:[]}\">\n\t\t\t\t<div class=\"elementor-element elementor-element-118f7a3 elementor-widget elementor-widget-image\" data-id=\"118f7a3\" data-element_type=\"widget\" data-e-type=\"widget\" data-widget_type=\"image.default\">\n\t\t\t\t\t\t\t\t\t\t\t\t\t\t\t<img decoding=\"async\" width=\"1819\" height=\"926\" src=\"https:\/\/sdcommunitypower.org\/wp-content\/uploads\/2025\/11\/change-my-service-plan_1819.jpg\" class=\"attachment-full size-full wp-image-27214\" alt=\"\" srcset=\"https:\/\/sdcommunitypower.org\/wp-content\/uploads\/2025\/11\/change-my-service-plan_1819.jpg 1819w, https:\/\/sdcommunitypower.org\/wp-content\/uploads\/2025\/11\/change-my-service-plan_1819-300x153.jpg 300w, https:\/\/sdcommunitypower.org\/wp-content\/uploads\/2025\/11\/change-my-service-plan_1819-1024x521.jpg 1024w, https:\/\/sdcommunitypower.org\/wp-content\/uploads\/2025\/11\/change-my-service-plan_1819-768x391.jpg 768w, https:\/\/sdcommunitypower.org\/wp-content\/uploads\/2025\/11\/change-my-service-plan_1819-1536x782.jpg 1536w, https:\/\/sdcommunitypower.org\/wp-content\/uploads\/2025\/11\/change-my-service-plan_1819-18x9.jpg 18w\" sizes=\"(max-width: 1819px) 100vw, 1819px\" \/>\t\t\t\t\t\t\t\t\t\t\t\t\t\t\t<\/div>\n\t\t\t\t<\/div>\n\t\t\t\t<\/div>\n\t\t<div data-particle_enable=\"false\" data-particle-mobile-disabled=\"false\" class=\"elementor-element elementor-element-f7759cf e-con-full e-flex e-con e-child\" data-id=\"f7759cf\" data-element_type=\"container\" data-e-type=\"container\" data-settings=\"{&quot;jet_parallax_layout_list&quot;:[]}\">\n\t\t\t\t<div class=\"elementor-element elementor-element-5e03101 elementor-widget elementor-widget-html\" data-id=\"5e03101\" data-element_type=\"widget\" data-e-type=\"widget\" data-widget_type=\"html.default\">\n\t\t\t\t\t<iframe loading=\"lazy\" class=\"iframe-class\" src=\"https:\/\/optsdcp.communityenergysolutions.com\/ui\/customer\/all\/en-US\" width=\"100%\" height=\"700\" frameborder=\"0\" scrolling=\"yes\" title=\"optsdcp-communityenergysolutions\" data-uw-rm-iframe=\"gn\"><\/iframe>\t\t\t\t<\/div>\n\t\t\t\t<\/div>\n\t\t\t\t<\/div>\n\t\t\t\t\t<\/div>\n\t\t\t\t<\/div>\n\t\t\t\t<\/div>","protected":false},"excerpt":{"rendered":"<p>Our standard, competitively-priced service plan Most customers* are automatically enrolled in PowerOn, which is 51% renewable and competitively priced compared to SDG&amp;E\u2019s standard service, allowing you to save while contributing [&hellip;]<\/p>\n","protected":false},"author":22,"featured_media":27232,"parent":0,"menu_order":30,"comment_status":"closed","ping_status":"closed","template":"","meta":{"footnotes":""},"class_list":["post-8341","page","type-page","status-publish","has-post-thumbnail","hentry"],"yoast_head":"<!-- This site is optimized with the Yoast SEO Premium plugin v27.2 (Yoast SEO v27.2) - https:\/\/yoast.com\/product\/yoast-seo-premium-wordpress\/ -->\n<title>PowerOn - San Diego Community Power<\/title>\n<meta name=\"robots\" content=\"index, follow, max-snippet:-1, max-image-preview:large, max-video-preview:-1\" \/>\n<link rel=\"canonical\" href=\"https:\/\/sdcommunitypower.org\/es\/encendido\/\" \/>\n<meta property=\"og:locale\" content=\"es_MX\" \/>\n<meta property=\"og:type\" content=\"article\" \/>\n<meta property=\"og:title\" content=\"PowerOn\" \/>\n<meta property=\"og:description\" content=\"Our standard, competitively-priced service plan Most customers* are automatically enrolled in PowerOn, which is 51% renewable and competitively priced\" \/>\n<meta property=\"og:url\" content=\"https:\/\/sdcommunitypower.org\/es\/encendido\/\" \/>\n<meta property=\"og:site_name\" content=\"San Diego Community Power\" \/>\n<meta property=\"article:modified_time\" content=\"2025-11-06T18:48:16+00:00\" \/>\n<meta property=\"og:image\" content=\"https:\/\/sdcommunitypower.org\/wp-content\/uploads\/2025\/11\/1300.jpg\" \/>\n\t<meta property=\"og:image:width\" content=\"1300\" \/>\n\t<meta property=\"og:image:height\" content=\"866\" \/>\n\t<meta property=\"og:image:type\" content=\"image\/jpeg\" \/>\n<meta name=\"twitter:card\" content=\"summary_large_image\" \/>\n<meta name=\"twitter:label1\" content=\"Tiempo de lectura\" \/>\n\t<meta name=\"twitter:data1\" content=\"1 minuto\" \/>\n<script type=\"application\/ld+json\" class=\"yoast-schema-graph\">{\"@context\":\"https:\/\/schema.org\",\"@graph\":[{\"@type\":\"WebPage\",\"@id\":\"https:\/\/sdcommunitypower.org\/poweron\/\",\"url\":\"https:\/\/sdcommunitypower.org\/poweron\/\",\"name\":\"PowerOn - San Diego Community Power\",\"isPartOf\":{\"@id\":\"https:\/\/sdcommunitypower.org\/#website\"},\"primaryImageOfPage\":{\"@id\":\"https:\/\/sdcommunitypower.org\/poweron\/#primaryimage\"},\"image\":{\"@id\":\"https:\/\/sdcommunitypower.org\/poweron\/#primaryimage\"},\"thumbnailUrl\":\"https:\/\/sdcommunitypower.org\/wp-content\/uploads\/2025\/11\/1300.jpg\",\"datePublished\":\"2024-06-21T11:55:25+00:00\",\"dateModified\":\"2025-11-06T18:48:16+00:00\",\"breadcrumb\":{\"@id\":\"https:\/\/sdcommunitypower.org\/poweron\/#breadcrumb\"},\"inLanguage\":\"es\",\"potentialAction\":[{\"@type\":\"ReadAction\",\"target\":[\"https:\/\/sdcommunitypower.org\/poweron\/\"]}]},{\"@type\":\"ImageObject\",\"inLanguage\":\"es\",\"@id\":\"https:\/\/sdcommunitypower.org\/poweron\/#primaryimage\",\"url\":\"https:\/\/sdcommunitypower.org\/wp-content\/uploads\/2025\/11\/1300.jpg\",\"contentUrl\":\"https:\/\/sdcommunitypower.org\/wp-content\/uploads\/2025\/11\/1300.jpg\",\"width\":1300,\"height\":866},{\"@type\":\"BreadcrumbList\",\"@id\":\"https:\/\/sdcommunitypower.org\/poweron\/#breadcrumb\",\"itemListElement\":[{\"@type\":\"ListItem\",\"position\":1,\"name\":\"Home\",\"item\":\"https:\/\/sdcommunitypower.org\/\"},{\"@type\":\"ListItem\",\"position\":2,\"name\":\"PowerOn\"}]},{\"@type\":\"WebSite\",\"@id\":\"https:\/\/sdcommunitypower.org\/#website\",\"url\":\"https:\/\/sdcommunitypower.org\/\",\"name\":\"San Diego Community Power\",\"description\":\"Powering a clean, affordable energy future\",\"publisher\":{\"@id\":\"https:\/\/sdcommunitypower.org\/#organization\"},\"potentialAction\":[{\"@type\":\"SearchAction\",\"target\":{\"@type\":\"EntryPoint\",\"urlTemplate\":\"https:\/\/sdcommunitypower.org\/?s={search_term_string}\"},\"query-input\":{\"@type\":\"PropertyValueSpecification\",\"valueRequired\":true,\"valueName\":\"search_term_string\"}}],\"inLanguage\":\"es\"},{\"@type\":\"Organization\",\"@id\":\"https:\/\/sdcommunitypower.org\/#organization\",\"name\":\"San Diego Community Power\",\"url\":\"https:\/\/sdcommunitypower.org\/\",\"logo\":{\"@type\":\"ImageObject\",\"inLanguage\":\"es\",\"@id\":\"https:\/\/sdcommunitypower.org\/#\/schema\/logo\/image\/\",\"url\":\"https:\/\/sdcommunitypower.org\/wp-content\/uploads\/2020\/12\/20-SDCP-0456_BrandSuite_SocialIcons_FNL-01.png\",\"contentUrl\":\"https:\/\/sdcommunitypower.org\/wp-content\/uploads\/2020\/12\/20-SDCP-0456_BrandSuite_SocialIcons_FNL-01.png\",\"width\":1000,\"height\":1001,\"caption\":\"San Diego Community Power\"},\"image\":{\"@id\":\"https:\/\/sdcommunitypower.org\/#\/schema\/logo\/image\/\"}}]}<\/script>\n<!-- \/ Yoast SEO Premium plugin. -->","yoast_head_json":{"title":"PowerOn - San Diego Community Power","robots":{"index":"index","follow":"follow","max-snippet":"max-snippet:-1","max-image-preview":"max-image-preview:large","max-video-preview":"max-video-preview:-1"},"canonical":"https:\/\/sdcommunitypower.org\/es\/encendido\/","og_locale":"es_MX","og_type":"article","og_title":"PowerOn","og_description":"Our standard, competitively-priced service plan Most customers* are automatically enrolled in PowerOn, which is 51% renewable and competitively priced","og_url":"https:\/\/sdcommunitypower.org\/es\/encendido\/","og_site_name":"San Diego Community Power","article_modified_time":"2025-11-06T18:48:16+00:00","og_image":[{"width":1300,"height":866,"url":"https:\/\/sdcommunitypower.org\/wp-content\/uploads\/2025\/11\/1300.jpg","type":"image\/jpeg"}],"twitter_card":"summary_large_image","twitter_misc":{"Tiempo de lectura":"1 minuto"},"schema":{"@context":"https:\/\/schema.org","@graph":[{"@type":"WebPage","@id":"https:\/\/sdcommunitypower.org\/poweron\/","url":"https:\/\/sdcommunitypower.org\/poweron\/","name":"PowerOn - San Diego Community Power","isPartOf":{"@id":"https:\/\/sdcommunitypower.org\/#website"},"primaryImageOfPage":{"@id":"https:\/\/sdcommunitypower.org\/poweron\/#primaryimage"},"image":{"@id":"https:\/\/sdcommunitypower.org\/poweron\/#primaryimage"},"thumbnailUrl":"https:\/\/sdcommunitypower.org\/wp-content\/uploads\/2025\/11\/1300.jpg","datePublished":"2024-06-21T11:55:25+00:00","dateModified":"2025-11-06T18:48:16+00:00","breadcrumb":{"@id":"https:\/\/sdcommunitypower.org\/poweron\/#breadcrumb"},"inLanguage":"es","potentialAction":[{"@type":"ReadAction","target":["https:\/\/sdcommunitypower.org\/poweron\/"]}]},{"@type":"ImageObject","inLanguage":"es","@id":"https:\/\/sdcommunitypower.org\/poweron\/#primaryimage","url":"https:\/\/sdcommunitypower.org\/wp-content\/uploads\/2025\/11\/1300.jpg","contentUrl":"https:\/\/sdcommunitypower.org\/wp-content\/uploads\/2025\/11\/1300.jpg","width":1300,"height":866},{"@type":"BreadcrumbList","@id":"https:\/\/sdcommunitypower.org\/poweron\/#breadcrumb","itemListElement":[{"@type":"ListItem","position":1,"name":"Home","item":"https:\/\/sdcommunitypower.org\/"},{"@type":"ListItem","position":2,"name":"PowerOn"}]},{"@type":"WebSite","@id":"https:\/\/sdcommunitypower.org\/#website","url":"https:\/\/sdcommunitypower.org\/","name":"San Diego Community Power","description":"Impulsar un futuro energ\u00e9tico limpio y asequible","publisher":{"@id":"https:\/\/sdcommunitypower.org\/#organization"},"potentialAction":[{"@type":"SearchAction","target":{"@type":"EntryPoint","urlTemplate":"https:\/\/sdcommunitypower.org\/?s={search_term_string}"},"query-input":{"@type":"PropertyValueSpecification","valueRequired":true,"valueName":"search_term_string"}}],"inLanguage":"es"},{"@type":"Organization","@id":"https:\/\/sdcommunitypower.org\/#organization","name":"San Diego Community Power","url":"https:\/\/sdcommunitypower.org\/","logo":{"@type":"ImageObject","inLanguage":"es","@id":"https:\/\/sdcommunitypower.org\/#\/schema\/logo\/image\/","url":"https:\/\/sdcommunitypower.org\/wp-content\/uploads\/2020\/12\/20-SDCP-0456_BrandSuite_SocialIcons_FNL-01.png","contentUrl":"https:\/\/sdcommunitypower.org\/wp-content\/uploads\/2020\/12\/20-SDCP-0456_BrandSuite_SocialIcons_FNL-01.png","width":1000,"height":1001,"caption":"San Diego Community Power"},"image":{"@id":"https:\/\/sdcommunitypower.org\/#\/schema\/logo\/image\/"}}]}},"_links":{"self":[{"href":"https:\/\/sdcommunitypower.org\/es\/wp-json\/wp\/v2\/pages\/8341","targetHints":{"allow":["GET"]}}],"collection":[{"href":"https:\/\/sdcommunitypower.org\/es\/wp-json\/wp\/v2\/pages"}],"about":[{"href":"https:\/\/sdcommunitypower.org\/es\/wp-json\/wp\/v2\/types\/page"}],"author":[{"embeddable":true,"href":"https:\/\/sdcommunitypower.org\/es\/wp-json\/wp\/v2\/users\/22"}],"replies":[{"embeddable":true,"href":"https:\/\/sdcommunitypower.org\/es\/wp-json\/wp\/v2\/comments?post=8341"}],"version-history":[{"count":5,"href":"https:\/\/sdcommunitypower.org\/es\/wp-json\/wp\/v2\/pages\/8341\/revisions"}],"predecessor-version":[{"id":27237,"href":"https:\/\/sdcommunitypower.org\/es\/wp-json\/wp\/v2\/pages\/8341\/revisions\/27237"}],"wp:featuredmedia":[{"embeddable":true,"href":"https:\/\/sdcommunitypower.org\/es\/wp-json\/wp\/v2\/media\/27232"}],"wp:attachment":[{"href":"https:\/\/sdcommunitypower.org\/es\/wp-json\/wp\/v2\/media?parent=8341"}],"curies":[{"name":"wp","href":"https:\/\/api.w.org\/{rel}","templated":true}]}}