{"id":9648,"date":"2024-11-01T12:56:24","date_gmt":"2024-11-01T19:56:24","guid":{"rendered":"https:\/\/sdcommunitypower.org\/?page_id=9648"},"modified":"2025-03-14T13:36:13","modified_gmt":"2025-03-14T20:36:13","slug":"encuesta-de-satisfaccion-de-clientes","status":"publish","type":"page","link":"https:\/\/sdcommunitypower.org\/es\/customer-feedback-survey\/","title":{"rendered":"Encuesta de satisfacci\u00f3n de los clientes"},"content":{"rendered":"<h1 class=\"wp-block-heading\" style=\"font-size:35px\">Podr\u00eda ganar $500 <br>\u00a1Por sus pensamientos energ\u00e9ticos!<\/h1>\n\n\n\n<h3 class=\"wp-block-heading\" style=\"font-size:21px\">San Diego Community Power le invita a participar en una encuesta de opini\u00f3n de clientes de vital importancia que tendr\u00e1 un impacto directo en el futuro de la energ\u00eda en nuestra regi\u00f3n.<\/h3>\n\n\n\n<div style=\"height:10px\" aria-hidden=\"true\" class=\"wp-block-spacer\"><\/div>\n\n\n\n<p style=\"font-size:18px\">Esta encuesta exhaustiva no solo tiene como objetivo recopilar datos, sino tambi\u00e9n dar forma a un futuro energ\u00e9tico sostenible que beneficie a todos. Sus valiosas aportaciones nos ayudar\u00e1n a dise\u00f1ar soluciones energ\u00e9ticas que se ajusten a las necesidades de la comunidad y mejoren las estrategias de energ\u00eda sostenible.<\/p>\n\n\n\n<div style=\"height:10px\" aria-hidden=\"true\" class=\"wp-block-spacer\"><\/div>\n\n\n\n<div class=\"wp-block-buttons is-layout-flex wp-block-buttons-is-layout-flex\">\n<div class=\"wp-block-button has-custom-font-size\" style=\"font-size:15px\"><a class=\"wp-block-button__link has-background wp-element-button\" href=\"https:\/\/www.surveymonkey.com\/r\/SDCPResCustomers\" style=\"border-radius:0px;background-color:#565ac0\" target=\"_blank\" rel=\"noreferrer noopener\">Encuesta para residentes<\/a><\/div>\n\n\n\n<div class=\"wp-block-button has-custom-font-size\" style=\"font-size:15px\"><a class=\"wp-block-button__link has-background wp-element-button\" href=\"https:\/\/www.surveymonkey.com\/r\/SDCPCommCustomers\" style=\"border-radius:0px;background-color:#565ac0\" target=\"_blank\" rel=\"noreferrer noopener\">Encuesta para empresas<\/a><\/div>\n<\/div>\n\n\n\n<p><\/p>","protected":false},"excerpt":{"rendered":"<p>You could win $500 for your energy thoughts! San Diego Community Power is inviting you to participate in a critically important customer feedback survey that will directly impact the future [&hellip;]<\/p>\n","protected":false},"author":34,"featured_media":9650,"parent":0,"menu_order":98,"comment_status":"closed","ping_status":"closed","template":"templates\/customer-feedback-survey.php","meta":{"footnotes":""},"class_list":["post-9648","page","type-page","status-publish","has-post-thumbnail","hentry"],"yoast_head":"<!-- This site is optimized with the Yoast SEO Premium plugin v27.2 (Yoast SEO v27.2) - https:\/\/yoast.com\/product\/yoast-seo-premium-wordpress\/ -->\n<title>Customer Feedback Survey - San Diego Community Power<\/title>\n<meta name=\"description\" content=\"San Diego Community Power (SDCP) is a community-driven clean energy provider working towards a healthier, more sustainable future.\" \/>\n<meta name=\"robots\" content=\"index, follow, max-snippet:-1, max-image-preview:large, max-video-preview:-1\" \/>\n<link rel=\"canonical\" href=\"https:\/\/sdcommunitypower.org\/es\/encuesta-de-satisfaccion-de-clientes\/\" \/>\n<meta property=\"og:locale\" content=\"es_MX\" \/>\n<meta property=\"og:type\" content=\"article\" \/>\n<meta property=\"og:title\" content=\"Customer Feedback Survey\" \/>\n<meta property=\"og:description\" content=\"You could win $500 for your energy thoughts! San Diego Community Power is inviting you to participate in a critically important customer feedback survey\" \/>\n<meta property=\"og:url\" content=\"https:\/\/sdcommunitypower.org\/es\/encuesta-de-satisfaccion-de-clientes\/\" \/>\n<meta property=\"og:site_name\" content=\"San Diego Community Power\" \/>\n<meta property=\"article:modified_time\" content=\"2025-03-14T20:36:13+00:00\" \/>\n<meta property=\"og:image\" content=\"https:\/\/sdcommunitypower.org\/wp-content\/uploads\/2024\/10\/sdcp-family-cooking-dinner.jpg\" \/>\n\t<meta property=\"og:image:width\" content=\"1000\" \/>\n\t<meta property=\"og:image:height\" content=\"500\" \/>\n\t<meta property=\"og:image:type\" content=\"image\/jpeg\" \/>\n<meta name=\"twitter:card\" content=\"summary_large_image\" \/>\n<meta name=\"twitter:label1\" content=\"Tiempo de lectura\" \/>\n\t<meta name=\"twitter:data1\" content=\"1 minuto\" \/>\n<script type=\"application\/ld+json\" class=\"yoast-schema-graph\">{\"@context\":\"https:\/\/schema.org\",\"@graph\":[{\"@type\":\"WebPage\",\"@id\":\"https:\/\/sdcommunitypower.org\/customer-feedback-survey\/\",\"url\":\"https:\/\/sdcommunitypower.org\/customer-feedback-survey\/\",\"name\":\"Customer Feedback Survey - San Diego Community Power\",\"isPartOf\":{\"@id\":\"https:\/\/sdcommunitypower.org\/#website\"},\"primaryImageOfPage\":{\"@id\":\"https:\/\/sdcommunitypower.org\/customer-feedback-survey\/#primaryimage\"},\"image\":{\"@id\":\"https:\/\/sdcommunitypower.org\/customer-feedback-survey\/#primaryimage\"},\"thumbnailUrl\":\"https:\/\/sdcommunitypower.org\/wp-content\/uploads\/2024\/10\/sdcp-family-cooking-dinner.jpg\",\"datePublished\":\"2024-11-01T19:56:24+00:00\",\"dateModified\":\"2025-03-14T20:36:13+00:00\",\"description\":\"San Diego Community Power (SDCP) is a community-driven clean energy provider working towards a healthier, more sustainable future.\",\"breadcrumb\":{\"@id\":\"https:\/\/sdcommunitypower.org\/customer-feedback-survey\/#breadcrumb\"},\"inLanguage\":\"es\",\"potentialAction\":[{\"@type\":\"ReadAction\",\"target\":[\"https:\/\/sdcommunitypower.org\/customer-feedback-survey\/\"]}]},{\"@type\":\"ImageObject\",\"inLanguage\":\"es\",\"@id\":\"https:\/\/sdcommunitypower.org\/customer-feedback-survey\/#primaryimage\",\"url\":\"https:\/\/sdcommunitypower.org\/wp-content\/uploads\/2024\/10\/sdcp-family-cooking-dinner.jpg\",\"contentUrl\":\"https:\/\/sdcommunitypower.org\/wp-content\/uploads\/2024\/10\/sdcp-family-cooking-dinner.jpg\",\"width\":1000,\"height\":500,\"caption\":\"sdcp family cooking dinner customer feedback survey\"},{\"@type\":\"BreadcrumbList\",\"@id\":\"https:\/\/sdcommunitypower.org\/customer-feedback-survey\/#breadcrumb\",\"itemListElement\":[{\"@type\":\"ListItem\",\"position\":1,\"name\":\"Home\",\"item\":\"https:\/\/sdcommunitypower.org\/\"},{\"@type\":\"ListItem\",\"position\":2,\"name\":\"Customer Feedback Survey\"}]},{\"@type\":\"WebSite\",\"@id\":\"https:\/\/sdcommunitypower.org\/#website\",\"url\":\"https:\/\/sdcommunitypower.org\/\",\"name\":\"San Diego Community Power\",\"description\":\"Powering a clean, affordable energy future\",\"publisher\":{\"@id\":\"https:\/\/sdcommunitypower.org\/#organization\"},\"potentialAction\":[{\"@type\":\"SearchAction\",\"target\":{\"@type\":\"EntryPoint\",\"urlTemplate\":\"https:\/\/sdcommunitypower.org\/?s={search_term_string}\"},\"query-input\":{\"@type\":\"PropertyValueSpecification\",\"valueRequired\":true,\"valueName\":\"search_term_string\"}}],\"inLanguage\":\"es\"},{\"@type\":\"Organization\",\"@id\":\"https:\/\/sdcommunitypower.org\/#organization\",\"name\":\"San Diego Community Power\",\"url\":\"https:\/\/sdcommunitypower.org\/\",\"logo\":{\"@type\":\"ImageObject\",\"inLanguage\":\"es\",\"@id\":\"https:\/\/sdcommunitypower.org\/#\/schema\/logo\/image\/\",\"url\":\"https:\/\/sdcommunitypower.org\/wp-content\/uploads\/2020\/12\/20-SDCP-0456_BrandSuite_SocialIcons_FNL-01.png\",\"contentUrl\":\"https:\/\/sdcommunitypower.org\/wp-content\/uploads\/2020\/12\/20-SDCP-0456_BrandSuite_SocialIcons_FNL-01.png\",\"width\":1000,\"height\":1001,\"caption\":\"San Diego Community Power\"},\"image\":{\"@id\":\"https:\/\/sdcommunitypower.org\/#\/schema\/logo\/image\/\"}}]}<\/script>\n<!-- \/ Yoast SEO Premium plugin. -->","yoast_head_json":{"title":"Encuesta de satisfacci\u00f3n del cliente - San Diego Community Power","description":"San Diego Community Power (SDCP) es un proveedor de energ\u00eda limpia impulsado por la comunidad que trabaja por un futuro m\u00e1s saludable y sostenible.","robots":{"index":"index","follow":"follow","max-snippet":"max-snippet:-1","max-image-preview":"max-image-preview:large","max-video-preview":"max-video-preview:-1"},"canonical":"https:\/\/sdcommunitypower.org\/es\/encuesta-de-satisfaccion-de-clientes\/","og_locale":"es_MX","og_type":"article","og_title":"Customer Feedback Survey","og_description":"You could win $500 for your energy thoughts! San Diego Community Power is inviting you to participate in a critically important customer feedback survey","og_url":"https:\/\/sdcommunitypower.org\/es\/encuesta-de-satisfaccion-de-clientes\/","og_site_name":"San Diego Community Power","article_modified_time":"2025-03-14T20:36:13+00:00","og_image":[{"width":1000,"height":500,"url":"https:\/\/sdcommunitypower.org\/wp-content\/uploads\/2024\/10\/sdcp-family-cooking-dinner.jpg","type":"image\/jpeg"}],"twitter_card":"summary_large_image","twitter_misc":{"Tiempo de lectura":"1 minuto"},"schema":{"@context":"https:\/\/schema.org","@graph":[{"@type":"WebPage","@id":"https:\/\/sdcommunitypower.org\/customer-feedback-survey\/","url":"https:\/\/sdcommunitypower.org\/customer-feedback-survey\/","name":"Encuesta de satisfacci\u00f3n del cliente - San Diego Community Power","isPartOf":{"@id":"https:\/\/sdcommunitypower.org\/#website"},"primaryImageOfPage":{"@id":"https:\/\/sdcommunitypower.org\/customer-feedback-survey\/#primaryimage"},"image":{"@id":"https:\/\/sdcommunitypower.org\/customer-feedback-survey\/#primaryimage"},"thumbnailUrl":"https:\/\/sdcommunitypower.org\/wp-content\/uploads\/2024\/10\/sdcp-family-cooking-dinner.jpg","datePublished":"2024-11-01T19:56:24+00:00","dateModified":"2025-03-14T20:36:13+00:00","description":"San Diego Community Power (SDCP) es un proveedor de energ\u00eda limpia impulsado por la comunidad que trabaja por un futuro m\u00e1s saludable y sostenible.","breadcrumb":{"@id":"https:\/\/sdcommunitypower.org\/customer-feedback-survey\/#breadcrumb"},"inLanguage":"es","potentialAction":[{"@type":"ReadAction","target":["https:\/\/sdcommunitypower.org\/customer-feedback-survey\/"]}]},{"@type":"ImageObject","inLanguage":"es","@id":"https:\/\/sdcommunitypower.org\/customer-feedback-survey\/#primaryimage","url":"https:\/\/sdcommunitypower.org\/wp-content\/uploads\/2024\/10\/sdcp-family-cooking-dinner.jpg","contentUrl":"https:\/\/sdcommunitypower.org\/wp-content\/uploads\/2024\/10\/sdcp-family-cooking-dinner.jpg","width":1000,"height":500,"caption":"sdcp family cooking dinner customer feedback survey"},{"@type":"BreadcrumbList","@id":"https:\/\/sdcommunitypower.org\/customer-feedback-survey\/#breadcrumb","itemListElement":[{"@type":"ListItem","position":1,"name":"Home","item":"https:\/\/sdcommunitypower.org\/"},{"@type":"ListItem","position":2,"name":"Customer Feedback Survey"}]},{"@type":"WebSite","@id":"https:\/\/sdcommunitypower.org\/#website","url":"https:\/\/sdcommunitypower.org\/","name":"San Diego Community Power","description":"Impulsar un futuro energ\u00e9tico limpio y asequible","publisher":{"@id":"https:\/\/sdcommunitypower.org\/#organization"},"potentialAction":[{"@type":"SearchAction","target":{"@type":"EntryPoint","urlTemplate":"https:\/\/sdcommunitypower.org\/?s={search_term_string}"},"query-input":{"@type":"PropertyValueSpecification","valueRequired":true,"valueName":"search_term_string"}}],"inLanguage":"es"},{"@type":"Organization","@id":"https:\/\/sdcommunitypower.org\/#organization","name":"San Diego Community Power","url":"https:\/\/sdcommunitypower.org\/","logo":{"@type":"ImageObject","inLanguage":"es","@id":"https:\/\/sdcommunitypower.org\/#\/schema\/logo\/image\/","url":"https:\/\/sdcommunitypower.org\/wp-content\/uploads\/2020\/12\/20-SDCP-0456_BrandSuite_SocialIcons_FNL-01.png","contentUrl":"https:\/\/sdcommunitypower.org\/wp-content\/uploads\/2020\/12\/20-SDCP-0456_BrandSuite_SocialIcons_FNL-01.png","width":1000,"height":1001,"caption":"San Diego Community Power"},"image":{"@id":"https:\/\/sdcommunitypower.org\/#\/schema\/logo\/image\/"}}]}},"_links":{"self":[{"href":"https:\/\/sdcommunitypower.org\/es\/wp-json\/wp\/v2\/pages\/9648","targetHints":{"allow":["GET"]}}],"collection":[{"href":"https:\/\/sdcommunitypower.org\/es\/wp-json\/wp\/v2\/pages"}],"about":[{"href":"https:\/\/sdcommunitypower.org\/es\/wp-json\/wp\/v2\/types\/page"}],"author":[{"embeddable":true,"href":"https:\/\/sdcommunitypower.org\/es\/wp-json\/wp\/v2\/users\/34"}],"replies":[{"embeddable":true,"href":"https:\/\/sdcommunitypower.org\/es\/wp-json\/wp\/v2\/comments?post=9648"}],"version-history":[{"count":0,"href":"https:\/\/sdcommunitypower.org\/es\/wp-json\/wp\/v2\/pages\/9648\/revisions"}],"wp:featuredmedia":[{"embeddable":true,"href":"https:\/\/sdcommunitypower.org\/es\/wp-json\/wp\/v2\/media\/9650"}],"wp:attachment":[{"href":"https:\/\/sdcommunitypower.org\/es\/wp-json\/wp\/v2\/media?parent=9648"}],"curies":[{"name":"wp","href":"https:\/\/api.w.org\/{rel}","templated":true}]}}