{"id":9662,"date":"2024-11-12T15:12:00","date_gmt":"2024-11-12T23:12:00","guid":{"rendered":"https:\/\/sdcommunitypower.org\/?page_id=9662"},"modified":"2024-11-12T15:23:25","modified_gmt":"2024-11-12T23:23:25","slug":"asistencia-para-aplicaciones-comerciales","status":"publish","type":"page","link":"https:\/\/sdcommunitypower.org\/es\/commercial-application-assistance\/","title":{"rendered":"Asistencia para solicitudes comerciales"},"content":{"rendered":"<h2 class=\"wp-block-heading\" style=\"font-size:21px\">Descubra c\u00f3mo Community Power puede ayudar a su empresa a ahorrar energ\u00eda y reducir costos.<\/h2>\n\n\n\n<div style=\"height:10px\" aria-hidden=\"true\" class=\"wp-block-spacer\"><\/div>\n\n\n\n<p class=\"has-medium-font-size\">Ofrecemos an\u00e1lisis y asesoramiento energ\u00e9tico sin costo alguno para sus instalaciones. Mediante la evaluaci\u00f3n de su consumo energ\u00e9tico actual, identificamos oportunidades de mejora a trav\u00e9s de la actualizaci\u00f3n de equipos, cambios de comportamiento y asistencia en la solicitud de programas energ\u00e9ticos locales, estatales y federales. Optimice su consumo energ\u00e9tico hoy mismo con una consulta gratuita.<\/p>\n\n\n\n<div style=\"height:10px\" aria-hidden=\"true\" class=\"wp-block-spacer\"><\/div>\n\n\n\n<div class=\"wp-block-buttons is-layout-flex wp-block-buttons-is-layout-flex\">\n<div class=\"wp-block-button has-custom-font-size has-small-font-size\"><a class=\"wp-block-button__link has-background wp-element-button\" href=\"mailto:emezta@sdcommunitypower.org?subject=Commercial Application Assistance Program Inquiry\" style=\"border-radius:0px;background-color:#0076ce\">Contacte con nosotros<\/a><\/div>\n<\/div>\n\n\n\n<div style=\"height:55px\" aria-hidden=\"true\" class=\"wp-block-spacer\"><\/div>\n\n\n\n<p><\/p>","protected":false},"excerpt":{"rendered":"<p>Discover how Community Power can help your business save energy and reduce costs. We provide a no-cost energy analysis and consultation for your sites. By evaluating your current energy usage, [&hellip;]<\/p>\n","protected":false},"author":41,"featured_media":3277,"parent":0,"menu_order":96,"comment_status":"closed","ping_status":"closed","template":"templates\/commercial-application-assistance.php","meta":{"footnotes":""},"class_list":["post-9662","page","type-page","status-publish","has-post-thumbnail","hentry"],"yoast_head":"<!-- This site is optimized with the Yoast SEO Premium plugin v27.2 (Yoast SEO v27.2) - https:\/\/yoast.com\/product\/yoast-seo-premium-wordpress\/ -->\n<title>Commercial Application Assistance - San Diego Community Power<\/title>\n<meta name=\"description\" content=\"San Diego Community Power (SDCP) is a community-driven clean energy provider working towards a healthier, more sustainable future.\" \/>\n<meta name=\"robots\" content=\"index, follow, max-snippet:-1, max-image-preview:large, max-video-preview:-1\" \/>\n<link rel=\"canonical\" href=\"https:\/\/sdcommunitypower.org\/es\/asistencia-para-aplicaciones-comerciales\/\" \/>\n<meta property=\"og:locale\" content=\"es_MX\" \/>\n<meta property=\"og:type\" content=\"article\" \/>\n<meta property=\"og:title\" content=\"Commercial Application Assistance\" \/>\n<meta property=\"og:description\" content=\"Discover how Community Power can help your business save energy and reduce costs. We provide a no-cost energy analysis and consultation for your sites. By\" \/>\n<meta property=\"og:url\" content=\"https:\/\/sdcommunitypower.org\/es\/asistencia-para-aplicaciones-comerciales\/\" \/>\n<meta property=\"og:site_name\" content=\"San Diego Community Power\" \/>\n<meta property=\"article:modified_time\" content=\"2024-11-12T23:23:25+00:00\" \/>\n<meta property=\"og:image\" content=\"https:\/\/sdcommunitypower.org\/wp-content\/uploads\/2022\/03\/DowntownSanDiego.jpg\" \/>\n\t<meta property=\"og:image:width\" content=\"1500\" \/>\n\t<meta property=\"og:image:height\" content=\"1001\" \/>\n\t<meta property=\"og:image:type\" content=\"image\/jpeg\" \/>\n<meta name=\"twitter:card\" content=\"summary_large_image\" \/>\n<meta name=\"twitter:label1\" content=\"Tiempo de lectura\" \/>\n\t<meta name=\"twitter:data1\" content=\"1 minuto\" \/>\n<script type=\"application\/ld+json\" class=\"yoast-schema-graph\">{\"@context\":\"https:\/\/schema.org\",\"@graph\":[{\"@type\":\"WebPage\",\"@id\":\"https:\/\/sdcommunitypower.org\/commercial-application-assistance\/\",\"url\":\"https:\/\/sdcommunitypower.org\/commercial-application-assistance\/\",\"name\":\"Commercial Application Assistance - San Diego Community Power\",\"isPartOf\":{\"@id\":\"https:\/\/sdcommunitypower.org\/#website\"},\"primaryImageOfPage\":{\"@id\":\"https:\/\/sdcommunitypower.org\/commercial-application-assistance\/#primaryimage\"},\"image\":{\"@id\":\"https:\/\/sdcommunitypower.org\/commercial-application-assistance\/#primaryimage\"},\"thumbnailUrl\":\"https:\/\/sdcommunitypower.org\/wp-content\/uploads\/2022\/03\/DowntownSanDiego.jpg\",\"datePublished\":\"2024-11-12T23:12:00+00:00\",\"dateModified\":\"2024-11-12T23:23:25+00:00\",\"description\":\"San Diego Community Power (SDCP) is a community-driven clean energy provider working towards a healthier, more sustainable future.\",\"breadcrumb\":{\"@id\":\"https:\/\/sdcommunitypower.org\/commercial-application-assistance\/#breadcrumb\"},\"inLanguage\":\"es\",\"potentialAction\":[{\"@type\":\"ReadAction\",\"target\":[\"https:\/\/sdcommunitypower.org\/commercial-application-assistance\/\"]}]},{\"@type\":\"ImageObject\",\"inLanguage\":\"es\",\"@id\":\"https:\/\/sdcommunitypower.org\/commercial-application-assistance\/#primaryimage\",\"url\":\"https:\/\/sdcommunitypower.org\/wp-content\/uploads\/2022\/03\/DowntownSanDiego.jpg\",\"contentUrl\":\"https:\/\/sdcommunitypower.org\/wp-content\/uploads\/2022\/03\/DowntownSanDiego.jpg\",\"width\":1500,\"height\":1001,\"caption\":\"DowntownSanDiego\"},{\"@type\":\"BreadcrumbList\",\"@id\":\"https:\/\/sdcommunitypower.org\/commercial-application-assistance\/#breadcrumb\",\"itemListElement\":[{\"@type\":\"ListItem\",\"position\":1,\"name\":\"Home\",\"item\":\"https:\/\/sdcommunitypower.org\/\"},{\"@type\":\"ListItem\",\"position\":2,\"name\":\"Commercial Application Assistance\"}]},{\"@type\":\"WebSite\",\"@id\":\"https:\/\/sdcommunitypower.org\/#website\",\"url\":\"https:\/\/sdcommunitypower.org\/\",\"name\":\"San Diego Community Power\",\"description\":\"Powering a clean, affordable energy future\",\"publisher\":{\"@id\":\"https:\/\/sdcommunitypower.org\/#organization\"},\"potentialAction\":[{\"@type\":\"SearchAction\",\"target\":{\"@type\":\"EntryPoint\",\"urlTemplate\":\"https:\/\/sdcommunitypower.org\/?s={search_term_string}\"},\"query-input\":{\"@type\":\"PropertyValueSpecification\",\"valueRequired\":true,\"valueName\":\"search_term_string\"}}],\"inLanguage\":\"es\"},{\"@type\":\"Organization\",\"@id\":\"https:\/\/sdcommunitypower.org\/#organization\",\"name\":\"San Diego Community Power\",\"url\":\"https:\/\/sdcommunitypower.org\/\",\"logo\":{\"@type\":\"ImageObject\",\"inLanguage\":\"es\",\"@id\":\"https:\/\/sdcommunitypower.org\/#\/schema\/logo\/image\/\",\"url\":\"https:\/\/sdcommunitypower.org\/wp-content\/uploads\/2020\/12\/20-SDCP-0456_BrandSuite_SocialIcons_FNL-01.png\",\"contentUrl\":\"https:\/\/sdcommunitypower.org\/wp-content\/uploads\/2020\/12\/20-SDCP-0456_BrandSuite_SocialIcons_FNL-01.png\",\"width\":1000,\"height\":1001,\"caption\":\"San Diego Community Power\"},\"image\":{\"@id\":\"https:\/\/sdcommunitypower.org\/#\/schema\/logo\/image\/\"}}]}<\/script>\n<!-- \/ Yoast SEO Premium plugin. -->","yoast_head_json":{"title":"Asistencia para aplicaciones comerciales - San Diego Community Power","description":"San Diego Community Power (SDCP) es un proveedor de energ\u00eda limpia impulsado por la comunidad que trabaja por un futuro m\u00e1s saludable y sostenible.","robots":{"index":"index","follow":"follow","max-snippet":"max-snippet:-1","max-image-preview":"max-image-preview:large","max-video-preview":"max-video-preview:-1"},"canonical":"https:\/\/sdcommunitypower.org\/es\/asistencia-para-aplicaciones-comerciales\/","og_locale":"es_MX","og_type":"article","og_title":"Commercial Application Assistance","og_description":"Discover how Community Power can help your business save energy and reduce costs. We provide a no-cost energy analysis and consultation for your sites. By","og_url":"https:\/\/sdcommunitypower.org\/es\/asistencia-para-aplicaciones-comerciales\/","og_site_name":"San Diego Community Power","article_modified_time":"2024-11-12T23:23:25+00:00","og_image":[{"width":1500,"height":1001,"url":"https:\/\/sdcommunitypower.org\/wp-content\/uploads\/2022\/03\/DowntownSanDiego.jpg","type":"image\/jpeg"}],"twitter_card":"summary_large_image","twitter_misc":{"Tiempo de lectura":"1 minuto"},"schema":{"@context":"https:\/\/schema.org","@graph":[{"@type":"WebPage","@id":"https:\/\/sdcommunitypower.org\/commercial-application-assistance\/","url":"https:\/\/sdcommunitypower.org\/commercial-application-assistance\/","name":"Asistencia para aplicaciones comerciales - San Diego Community Power","isPartOf":{"@id":"https:\/\/sdcommunitypower.org\/#website"},"primaryImageOfPage":{"@id":"https:\/\/sdcommunitypower.org\/commercial-application-assistance\/#primaryimage"},"image":{"@id":"https:\/\/sdcommunitypower.org\/commercial-application-assistance\/#primaryimage"},"thumbnailUrl":"https:\/\/sdcommunitypower.org\/wp-content\/uploads\/2022\/03\/DowntownSanDiego.jpg","datePublished":"2024-11-12T23:12:00+00:00","dateModified":"2024-11-12T23:23:25+00:00","description":"San Diego Community Power (SDCP) es un proveedor de energ\u00eda limpia impulsado por la comunidad que trabaja por un futuro m\u00e1s saludable y sostenible.","breadcrumb":{"@id":"https:\/\/sdcommunitypower.org\/commercial-application-assistance\/#breadcrumb"},"inLanguage":"es","potentialAction":[{"@type":"ReadAction","target":["https:\/\/sdcommunitypower.org\/commercial-application-assistance\/"]}]},{"@type":"ImageObject","inLanguage":"es","@id":"https:\/\/sdcommunitypower.org\/commercial-application-assistance\/#primaryimage","url":"https:\/\/sdcommunitypower.org\/wp-content\/uploads\/2022\/03\/DowntownSanDiego.jpg","contentUrl":"https:\/\/sdcommunitypower.org\/wp-content\/uploads\/2022\/03\/DowntownSanDiego.jpg","width":1500,"height":1001,"caption":"DowntownSanDiego"},{"@type":"BreadcrumbList","@id":"https:\/\/sdcommunitypower.org\/commercial-application-assistance\/#breadcrumb","itemListElement":[{"@type":"ListItem","position":1,"name":"Home","item":"https:\/\/sdcommunitypower.org\/"},{"@type":"ListItem","position":2,"name":"Commercial Application Assistance"}]},{"@type":"WebSite","@id":"https:\/\/sdcommunitypower.org\/#website","url":"https:\/\/sdcommunitypower.org\/","name":"San Diego Community Power","description":"Impulsar un futuro energ\u00e9tico limpio y asequible","publisher":{"@id":"https:\/\/sdcommunitypower.org\/#organization"},"potentialAction":[{"@type":"SearchAction","target":{"@type":"EntryPoint","urlTemplate":"https:\/\/sdcommunitypower.org\/?s={search_term_string}"},"query-input":{"@type":"PropertyValueSpecification","valueRequired":true,"valueName":"search_term_string"}}],"inLanguage":"es"},{"@type":"Organization","@id":"https:\/\/sdcommunitypower.org\/#organization","name":"San Diego Community Power","url":"https:\/\/sdcommunitypower.org\/","logo":{"@type":"ImageObject","inLanguage":"es","@id":"https:\/\/sdcommunitypower.org\/#\/schema\/logo\/image\/","url":"https:\/\/sdcommunitypower.org\/wp-content\/uploads\/2020\/12\/20-SDCP-0456_BrandSuite_SocialIcons_FNL-01.png","contentUrl":"https:\/\/sdcommunitypower.org\/wp-content\/uploads\/2020\/12\/20-SDCP-0456_BrandSuite_SocialIcons_FNL-01.png","width":1000,"height":1001,"caption":"San Diego Community Power"},"image":{"@id":"https:\/\/sdcommunitypower.org\/#\/schema\/logo\/image\/"}}]}},"_links":{"self":[{"href":"https:\/\/sdcommunitypower.org\/es\/wp-json\/wp\/v2\/pages\/9662","targetHints":{"allow":["GET"]}}],"collection":[{"href":"https:\/\/sdcommunitypower.org\/es\/wp-json\/wp\/v2\/pages"}],"about":[{"href":"https:\/\/sdcommunitypower.org\/es\/wp-json\/wp\/v2\/types\/page"}],"author":[{"embeddable":true,"href":"https:\/\/sdcommunitypower.org\/es\/wp-json\/wp\/v2\/users\/41"}],"replies":[{"embeddable":true,"href":"https:\/\/sdcommunitypower.org\/es\/wp-json\/wp\/v2\/comments?post=9662"}],"version-history":[{"count":0,"href":"https:\/\/sdcommunitypower.org\/es\/wp-json\/wp\/v2\/pages\/9662\/revisions"}],"wp:featuredmedia":[{"embeddable":true,"href":"https:\/\/sdcommunitypower.org\/es\/wp-json\/wp\/v2\/media\/3277"}],"wp:attachment":[{"href":"https:\/\/sdcommunitypower.org\/es\/wp-json\/wp\/v2\/media?parent=9662"}],"curies":[{"name":"wp","href":"https:\/\/api.w.org\/{rel}","templated":true}]}}