{"id":136,"date":"2020-12-03T15:45:05","date_gmt":"2020-12-03T15:45:05","guid":{"rendered":"https:\/\/sdtransfer.wpengine.com\/?page_id=136"},"modified":"2026-03-23T12:11:07","modified_gmt":"2026-03-23T19:11:07","slug":"chinh-sach-bao-mat","status":"publish","type":"page","link":"https:\/\/sdcommunitypower.org\/vi\/privacy-policy\/","title":{"rendered":"Ch\u00ednh s\u00e1ch b\u1ea3o m\u1eadt"},"content":{"rendered":"<div data-elementor-type=\"wp-page\" data-elementor-id=\"136\" class=\"elementor elementor-136\" data-elementor-post-type=\"page\">\n\t\t\t\t<div data-particle_enable=\"false\" data-particle-mobile-disabled=\"false\" class=\"elementor-element elementor-element-5ece4f89 e-con-full e-flex e-con e-parent\" data-id=\"5ece4f89\" data-element_type=\"container\" data-e-type=\"container\" data-settings=\"{&quot;jet_parallax_layout_list&quot;:[]}\">\n\t\t<div data-particle_enable=\"false\" data-particle-mobile-disabled=\"false\" class=\"elementor-element elementor-element-19c38e86 e-con-full hero-internal e-flex e-con e-child\" data-id=\"19c38e86\" data-element_type=\"container\" data-e-type=\"container\" data-settings=\"{&quot;background_background&quot;:&quot;classic&quot;,&quot;jet_parallax_layout_list&quot;:[]}\">\n\t\t<div data-particle_enable=\"false\" data-particle-mobile-disabled=\"false\" class=\"elementor-element elementor-element-163c07d9 e-con-full e-flex e-con e-child\" data-id=\"163c07d9\" data-element_type=\"container\" data-e-type=\"container\" data-settings=\"{&quot;jet_parallax_layout_list&quot;:[]}\">\n\t\t<div data-particle_enable=\"false\" data-particle-mobile-disabled=\"false\" class=\"elementor-element elementor-element-7cc70041 e-con-full e-flex e-con e-child\" data-id=\"7cc70041\" data-element_type=\"container\" data-e-type=\"container\" data-settings=\"{&quot;jet_parallax_layout_list&quot;:[]}\">\n\t\t\t\t<\/div>\n\t\t\t\t<\/div>\n\t\t\t\t<\/div>\n\t\t\t\t<\/div>\n\t\t<div data-particle_enable=\"false\" data-particle-mobile-disabled=\"false\" class=\"elementor-element elementor-element-6c812daa e-con-full parent-container e-flex e-con e-parent\" data-id=\"6c812daa\" data-element_type=\"container\" data-e-type=\"container\" data-settings=\"{&quot;jet_parallax_layout_list&quot;:[]}\">\n\t\t\t\t<div class=\"elementor-element elementor-element-611b6f46 elementor-widget elementor-widget-text-editor\" data-id=\"611b6f46\" data-element_type=\"widget\" data-e-type=\"widget\" data-widget_type=\"text-editor.default\">\n\t\t\t\t\t\t\t\t\t<p>San Diego Community Power (Community Power), nh\u00e2n vi\u00ean, \u0111\u1ea1i l\u00fd, nh\u00e0 th\u1ea7u v\u00e0 c\u00e1c c\u00f4ng ty li\u00ean k\u1ebft c\u1ee7a Community Power s\u1ebd duy tr\u00ec t\u00ednh b\u1ea3o m\u1eadt c\u1ee7a th\u00f4ng tin kh\u00e1ch h\u00e0ng, bao g\u1ed3m nh\u01b0ng kh\u00f4ng gi\u1edbi h\u1ea1n \u1edf t\u00ean c\u00e1 nh\u00e2n c\u1ee7a kh\u00e1ch h\u00e0ng, \u0111\u1ecba ch\u1ec9 d\u1ecbch v\u1ee5, \u0111\u1ecba ch\u1ec9 thanh to\u00e1n, s\u1ed1 \u0111i\u1ec7n tho\u1ea1i, \u0111\u1ecba ch\u1ec9 email, s\u1ed1 t\u00e0i kho\u1ea3n, s\u1ed1 an sinh x\u00e3 h\u1ed9i, s\u1ed1 nh\u1eadn d\u1ea1ng ng\u01b0\u1eddi n\u1ed9p thu\u1ebf v\u00e0 th\u00f4ng tin ti\u00eau th\u1ee5 \u0111i\u1ec7n n\u0103ng, tr\u1eeb khi vi\u1ec7c ti\u1ebft l\u1ed9 l\u00e0 c\u1ea7n thi\u1ebft m\u1ed9t c\u00e1ch h\u1ee3p l\u00fd \u0111\u1ec3 th\u1ef1c hi\u1ec7n ho\u1ea1t \u0111\u1ed9ng kinh doanh c\u1ee7a Community Power ho\u1eb7c cung c\u1ea5p d\u1ecbch v\u1ee5 cho kh\u00e1ch h\u00e0ng theo y\u00eau c\u1ea7u c\u1ee7a \u1ee6y ban D\u1ecbch v\u1ee5 C\u00f4ng c\u1ed9ng California (CPUC).<\/p>\n<p>C\u00e1c v\u00ed d\u1ee5 v\u1ec1 m\u1ee5c \u0111\u00edch kinh doanh h\u1ee3p l\u00fd bao g\u1ed3m nh\u01b0ng kh\u00f4ng gi\u1edbi h\u1ea1n \u1edf c\u00e1c tr\u01b0\u1eddng h\u1ee3p sau: (a) tu\u00e2n th\u1ee7 lu\u1eadt ph\u00e1p, quy \u0111\u1ecbnh ho\u1eb7c l\u1ec7nh c\u1ee7a t\u00f2a \u00e1n; (b) cho ph\u00e9p Community Power cung c\u1ea5p d\u1ecbch v\u1ee5 cho kh\u00e1ch h\u00e0ng; (c) thu h\u1ed3i c\u00e1c kho\u1ea3n n\u1ee3 ch\u01b0a thanh to\u00e1n; (d) thu th\u1eadp v\u00e0 cung c\u1ea5p th\u00f4ng tin b\u00e1o c\u00e1o t\u00edn d\u1ee5ng; (e) gi\u1ea3i quy\u1ebft tranh ch\u1ea5p ho\u1eb7c th\u1eafc m\u1eafc c\u1ee7a kh\u00e1ch h\u00e0ng; (f) th\u00f4ng b\u00e1o v\u1ec1 c\u00e1c ch\u01b0\u01a1ng tr\u00ecnh ph\u1ea3n \u1ee9ng nhu c\u1ea7u, hi\u1ec7u qu\u1ea3 n\u0103ng l\u01b0\u1ee3ng, qu\u1ea3n l\u00fd n\u0103ng l\u01b0\u1ee3ng v\u00e0 b\u1ea3o t\u1ed3n n\u0103ng l\u01b0\u1ee3ng, ho\u1eb7c (g) trong c\u00e1c t\u00ecnh hu\u1ed1ng \u0111e d\u1ecda nghi\u00eam tr\u1ecdng \u0111\u1ebfn t\u00ednh m\u1ea1ng ho\u1eb7c t\u00e0i s\u1ea3n, ho\u1eb7c \u0111\u1ec3 ng\u0103n ch\u1eb7n ho\u1eb7c gi\u1ea3i quy\u1ebft s\u1ef1 gi\u00e1n \u0111o\u1ea1n d\u1ecbch v\u1ee5. Community Power s\u1ebd kh\u00f4ng ti\u1ebft l\u1ed9 th\u00f4ng tin kh\u00e1ch h\u00e0ng cho m\u1ee5c \u0111\u00edch ti\u1ebfp th\u1ecb qua \u0111i\u1ec7n tho\u1ea1i, email ho\u1eb7c th\u01b0 tr\u1ef1c ti\u1ebfp. D\u1eef li\u1ec7u t\u1ed5ng h\u1ee3p kh\u00f4ng th\u1ec3 truy\u6eaf \u0111\u1ebfn kh\u00e1ch h\u00e0ng c\u1ee5 th\u1ec3 c\u00f3 th\u1ec3 \u0111\u01b0\u1ee3c c\u00f4ng b\u1ed1 theo quy\u1ebft \u0111\u1ecbnh c\u1ee7a Community Power.<\/p>\n<p>Th\u00f4ng tin kh\u00e1ch h\u00e0ng, bao g\u1ed3m t\u00ean, \u0111\u1ecba ch\u1ec9 c\u1ee7a t\u1eebng kh\u00e1ch h\u00e0ng v\u00e0 d\u1eef li\u1ec7u s\u1eed d\u1ee5ng \u0111i\u1ec7n n\u0103ng, \u0111\u01b0\u1ee3c thu th\u1eadp th\u00f4ng qua h\u1ec7 th\u1ed1ng \u0111o l\u01b0\u1eddng c\u1ee7a SDG&amp;E. Trong c\u00e1c tr\u01b0\u1eddng h\u1ee3p \u0111\u01b0\u1ee3c coi l\u00e0 c\u1ea7n thi\u1ebft h\u1ee3p l\u00fd \u0111\u01b0\u1ee3c n\u00eau t\u1ea1i \u0111\u00e2y, Community Power c\u00f3 th\u1ec3 chia s\u1ebb th\u00f4ng tin kh\u00e1ch h\u00e0ng v\u1edbi c\u00e1c nh\u00e0 th\u1ea7u v\u00e0 nh\u00e0 cung c\u1ea5p d\u1ecbch v\u1ee5 nh\u1eb1m m\u1ee5c \u0111\u00edch cung c\u1ea5p d\u1ecbch v\u1ee5 v\u00e0 v\u1eadn h\u00e0nh c\u00e1c ch\u01b0\u01a1ng tr\u00ecnh. C\u00e1c nh\u00e0 th\u1ea7u v\u00e0 nh\u00e0 cung c\u1ea5p d\u1ecbch v\u1ee5 ph\u1ea3i cam k\u1ebft ch\u1ec9 s\u1eed d\u1ee5ng th\u00f4ng tin kh\u00e1ch h\u00e0ng cho m\u1ee5c \u0111\u00edch v\u1eadn h\u00e0nh ch\u01b0\u01a1ng tr\u00ecnh v\u00e0 b\u1ea3o v\u1ec7 th\u00f4ng tin \u0111\u00f3 theo c\u00e1c ti\u00eau chu\u1ea9n t\u01b0\u01a1ng t\u1ef1 nh\u01b0 Community Power. Community Power l\u01b0u tr\u1eef th\u00f4ng tin s\u1eed d\u1ee5ng n\u0103ng l\u01b0\u1ee3ng v\u00e0 h\u00f3a \u0111\u01a1n c\u1ee5 th\u1ec3 c\u1ee7a kh\u00e1ch h\u00e0ng trong th\u1eddi gian h\u1ee3p l\u00fd, th\u01b0\u1eddng kh\u00f4ng qu\u00e1 n\u0103m n\u0103m tr\u1eeb khi lu\u1eadt ph\u00e1p ho\u1eb7c quy \u0111\u1ecbnh c\u00f3 y\u00eau c\u1ea7u kh\u00e1c.<\/p>\n<p>Community Power s\u1ebd x\u1eed l\u00fd th\u00f4ng tin s\u1eed d\u1ee5ng n\u0103ng l\u01b0\u1ee3ng c\u1ee7a kh\u00e1ch h\u00e0ng theo c\u00e1ch th\u1ee9c tu\u00e2n th\u1ee7 \u0111\u1ea7y \u0111\u1ee7 c\u00e1c quy \u0111\u1ecbnh ph\u00e1p lu\u1eadt hi\u1ec7n h\u00e0nh, bao g\u1ed3m nh\u01b0ng kh\u00f4ng gi\u1edbi h\u1ea1n \u1edf c\u00e1c bi\u1ec7n ph\u00e1p b\u1ea3o v\u1ec7 quy\u1ec1n ri\u00eang t\u01b0 b\u1eaft bu\u1ed9c \u0111\u1ed1i v\u1edbi kh\u00e1ch h\u00e0ng c\u1ee7a c\u00e1c nh\u00e0 cung c\u1ea5p d\u1ecbch v\u1ee5 l\u1ef1a ch\u1ecdn c\u1ed9ng \u0111\u1ed3ng (Community Choice Aggregators) \u0111\u01b0\u1ee3c quy \u0111\u1ecbnh trong Quy\u1ebft \u0111\u1ecbnh 12-08-045, c\u00f3 th\u1ec3 \u0111\u01b0\u1ee3c s\u1eeda \u0111\u1ed5i ho\u1eb7c thay th\u1ebf theo th\u1eddi gian.<\/p>\n<p>Community Power s\u1ebd cung c\u1ea5p c\u00e1c th\u00f4ng b\u00e1o li\u00ean quan \u0111\u1ebfn ch\u00ednh s\u00e1ch n\u00e0y theo quy \u0111\u1ecbnh c\u1ee7a ph\u00e1p lu\u1eadt hi\u1ec7n h\u00e0nh, bao g\u1ed3m Quy\u1ebft \u0111\u1ecbnh 12-08-045. Th\u00f4ng b\u00e1o n\u00e0y c\u00f3 th\u1ec3 bao g\u1ed3m, nh\u01b0ng kh\u00f4ng gi\u1edbi h\u1ea1n \u1edf: (a) cung c\u1ea5p th\u00f4ng b\u00e1o b\u1eb1ng v\u0103n b\u1ea3n khi x\u00e1c nh\u1eadn t\u00e0i kho\u1ea3n kh\u00e1ch h\u00e0ng m\u1edbi; (b) th\u00f4ng b\u00e1o cho kh\u00e1ch h\u00e0ng \u00edt nh\u1ea5t m\u1ed9t l\u1ea7n m\u1ed7i n\u0103m v\u1ec1 c\u00e1ch h\u1ecd c\u00f3 th\u1ec3 nh\u1eadn \u0111\u01b0\u1ee3c b\u1ea3n sao c\u1ee7a th\u00f4ng b\u00e1o, bao g\u1ed3m b\u1ea5t k\u1ef3 c\u1eadp nh\u1eadt ho\u1eb7c s\u1eeda \u0111\u1ed5i n\u00e0o \u0111\u1ed1i v\u1edbi ch\u00ednh s\u00e1ch n\u00e0y; v\u00e0 (c) cung c\u1ea5p c\u00e1c li\u00ean k\u1ebft \u0111\u1ebfn th\u00f4ng b\u00e1o tr\u00ean trang web c\u1ee7a Community Power t\u1ea1i <a href=\"https:\/\/sdcommunitypower.org\/vi\/\">SDCommunityPower.org<\/a> v\u00e0 trong c\u00e1c giao ti\u1ebfp \u0111i\u1ec7n t\u1eed v\u1edbi kh\u00e1ch h\u00e0ng. B\u1ea5t k\u1ef3 thay \u0111\u1ed5i n\u00e0o \u0111\u1ed1i v\u1edbi ch\u00ednh s\u00e1ch n\u00e0y trong kho\u1ea3ng th\u1eddi gian gi\u1eefa c\u00e1c th\u00f4ng b\u00e1o s\u1ebd \u0111\u01b0\u1ee3c th\u00f4ng b\u00e1o qua trang web c\u1ee7a Community Power. C\u00e1c phi\u00ean b\u1ea3n tr\u01b0\u1edbc \u0111\u00e2y c\u1ee7a ch\u00ednh s\u00e1ch n\u00e0y c\u00f3 th\u1ec3 \u0111\u01b0\u1ee3c y\u00eau c\u1ea7u qua email t\u1ea1i <a href=\"mailto:CustomerService@SDCommunityPower.org\">CustomerService@SDCommunityPower.org<\/a>.<\/p>\n<p>Theo y\u00eau c\u1ea7u, Community Power s\u1ebd cung c\u1ea5p cho kh\u00e1ch h\u00e0ng quy\u1ec1n truy c\u1eadp thu\u1eadn ti\u1ec7n v\u00e0 an to\u00e0n v\u00e0o th\u00f4ng tin kh\u00e1ch h\u00e0ng d\u01b0\u1edbi d\u1ea1ng d\u1ec5 \u0111\u1ecdc, kh\u00f4ng k\u00e9m chi ti\u1ebft so v\u1edbi d\u1eef li\u1ec7u m\u00e0 Community Power cung c\u1ea5p cho c\u00e1c b\u00ean th\u1ee9 ba \u0111\u01b0\u1ee3c \u1ee7y quy\u1ec1n.<\/p>\n<p>Kh\u00e1ch h\u00e0ng c\u00f3 b\u1ea5t k\u1ef3 c\u00e2u h\u1ecfi ho\u1eb7c th\u1eafc m\u1eafc n\u00e0o li\u00ean quan \u0111\u1ebfn vi\u1ec7c thu th\u1eadp, l\u01b0u tr\u1eef, s\u1eed d\u1ee5ng ho\u1eb7c ph\u00e2n ph\u1ed1i th\u00f4ng tin kh\u00e1ch h\u00e0ng, ho\u1eb7c mu\u1ed1n xem, tra c\u1ee9u ho\u1eb7c khi\u1ebfu n\u1ea1i v\u1ec1 b\u1ea5t k\u1ef3 th\u00f4ng tin kh\u00e1ch h\u00e0ng n\u00e0o do Community Power l\u01b0u tr\u1eef, ho\u1eb7c y\u00eau c\u1ea7u h\u1ea1n ch\u1ebf vi\u1ec7c thu th\u1eadp, s\u1eed d\u1ee5ng ho\u1eb7c ti\u1ebft l\u1ed9 th\u00f4ng tin \u0111\u00f3, vui l\u00f2ng li\u00ean h\u1ec7 v\u1edbi ch\u00fang t\u00f4i t\u1ea1i <a href=\"mailto:CustomerService@SDCommunityPower.org\">CustomerService@SDCommunityPower.org<\/a>.<\/p>\n<p>C\u00e1c nh\u00e2n vi\u00ean c\u1ee7a Community Power v\u00e0 c\u00e1c th\u1ef1c th\u1ec3 li\u00ean quan c\u00f3 ho\u1ea1t \u0111\u1ed9ng kinh doanh v\u1edbi Community Power s\u1ebd \u0111\u01b0\u1ee3c cung c\u1ea5p b\u1ea3n sao ch\u00ednh s\u00e1ch n\u00e0y, v\u00e0 ch\u00ednh s\u00e1ch n\u00e0y s\u1ebd \u0111\u01b0\u1ee3c hi\u1ec3u v\u00e0 th\u1ef1c hi\u1ec7n ph\u00f9 h\u1ee3p v\u1edbi b\u1ea5t k\u1ef3 ch\u00ednh s\u00e1ch n\u00e0o kh\u00e1c li\u00ean quan \u0111\u1ebfn vi\u1ec7c b\u1ea3o v\u1ec7 th\u00f4ng tin b\u00ed m\u1eadt.<\/p>\n<p>\u0110\u1ec3 \u0111\u1ea3m b\u1ea3o tu\u00e2n th\u1ee7 k\u1ecbp th\u1eddi c\u00e1c thay \u0111\u1ed5i ph\u00e1p l\u00fd v\u00e0\/ho\u1eb7c \u0111i\u1ec1u ch\u1ec9nh trong c\u00e1c quy tr\u00ecnh ho\u1eb7c th\u1ee7 t\u1ee5c c\u1ee7a Community Power, Gi\u00e1m \u0111\u1ed1c \u0110i\u1ec1u h\u00e0nh c\u1ee7a Community Power, sau khi tham kh\u1ea3o \u00fd ki\u1ebfn c\u1ee7a Lu\u1eadt s\u01b0 T\u1ed5ng c\u1ee7a Community Power, \u0111\u01b0\u1ee3c \u1ee7y quy\u1ec1n s\u1eeda \u0111\u1ed5i ch\u00ednh s\u00e1ch n\u00e0y m\u00e0 kh\u00f4ng c\u1ea7n s\u1ef1 ph\u00ea duy\u1ec7t th\u00eam c\u1ee7a H\u1ed9i \u0111\u1ed3ng Qu\u1ea3n tr\u1ecb.<\/p>\t\t\t\t\t\t\t\t<\/div>\n\t\t\t\t<\/div>\n\t\t\t\t<\/div>","protected":false},"excerpt":{"rendered":"<p>San Diego Community Power (Community Power), its employees, agents, contractors and affiliates will maintain the confidentiality of customer information, which may include, but not be limited to, individual customers\u2019 names, [&hellip;]<\/p>\n","protected":false},"author":22,"featured_media":15397,"parent":0,"menu_order":115,"comment_status":"closed","ping_status":"closed","template":"","meta":{"footnotes":""},"class_list":["post-136","page","type-page","status-publish","has-post-thumbnail","hentry"],"yoast_head":"<!-- This site is optimized with the Yoast SEO Premium plugin v27.2 (Yoast SEO v27.2) - https:\/\/yoast.com\/product\/yoast-seo-premium-wordpress\/ -->\n<title>Privacy Policy - San Diego Community Power<\/title>\n<meta name=\"robots\" content=\"index, follow, max-snippet:-1, max-image-preview:large, max-video-preview:-1\" \/>\n<link rel=\"canonical\" href=\"https:\/\/sdcommunitypower.org\/vi\/chinh-sach-bao-mat\/\" \/>\n<meta property=\"og:locale\" content=\"vi_VN\" \/>\n<meta property=\"og:type\" content=\"article\" \/>\n<meta property=\"og:title\" content=\"Privacy Policy\" \/>\n<meta property=\"og:description\" content=\"San Diego Community Power (Community Power), its employees, agents, contractors and affiliates will maintain the confidentiality of customer information,\" \/>\n<meta property=\"og:url\" content=\"https:\/\/sdcommunitypower.org\/vi\/chinh-sach-bao-mat\/\" \/>\n<meta property=\"og:site_name\" content=\"San Diego Community Power\" \/>\n<meta property=\"article:modified_time\" content=\"2026-03-23T19:11:07+00:00\" \/>\n<meta property=\"og:image\" content=\"https:\/\/sdcommunitypower.org\/wp-content\/uploads\/2025\/08\/NatureLandscapes_iStock-2099318076-1024x683.jpg\" \/>\n\t<meta property=\"og:image:width\" content=\"1024\" \/>\n\t<meta property=\"og:image:height\" content=\"683\" \/>\n\t<meta property=\"og:image:type\" content=\"image\/jpeg\" \/>\n<meta name=\"twitter:card\" content=\"summary_large_image\" \/>\n<meta name=\"twitter:label1\" content=\"\u01af\u1edbc t\u00ednh th\u1eddi gian \u0111\u1ecdc\" \/>\n\t<meta name=\"twitter:data1\" content=\"3 ph\u00fat\" \/>\n<script type=\"application\/ld+json\" class=\"yoast-schema-graph\">{\"@context\":\"https:\/\/schema.org\",\"@graph\":[{\"@type\":\"WebPage\",\"@id\":\"https:\/\/sdcommunitypower.org\/privacy-policy\/\",\"url\":\"https:\/\/sdcommunitypower.org\/privacy-policy\/\",\"name\":\"Privacy Policy - San Diego Community Power\",\"isPartOf\":{\"@id\":\"https:\/\/sdcommunitypower.org\/#website\"},\"primaryImageOfPage\":{\"@id\":\"https:\/\/sdcommunitypower.org\/privacy-policy\/#primaryimage\"},\"image\":{\"@id\":\"https:\/\/sdcommunitypower.org\/privacy-policy\/#primaryimage\"},\"thumbnailUrl\":\"https:\/\/sdcommunitypower.org\/wp-content\/uploads\/2025\/08\/NatureLandscapes_iStock-2099318076.jpg\",\"datePublished\":\"2020-12-03T15:45:05+00:00\",\"dateModified\":\"2026-03-23T19:11:07+00:00\",\"breadcrumb\":{\"@id\":\"https:\/\/sdcommunitypower.org\/privacy-policy\/#breadcrumb\"},\"inLanguage\":\"vi\",\"potentialAction\":[{\"@type\":\"ReadAction\",\"target\":[\"https:\/\/sdcommunitypower.org\/privacy-policy\/\"]}]},{\"@type\":\"ImageObject\",\"inLanguage\":\"vi\",\"@id\":\"https:\/\/sdcommunitypower.org\/privacy-policy\/#primaryimage\",\"url\":\"https:\/\/sdcommunitypower.org\/wp-content\/uploads\/2025\/08\/NatureLandscapes_iStock-2099318076.jpg\",\"contentUrl\":\"https:\/\/sdcommunitypower.org\/wp-content\/uploads\/2025\/08\/NatureLandscapes_iStock-2099318076.jpg\",\"width\":2121,\"height\":1414,\"caption\":\"Flat rock and Torrey pines cliff, San Diego California\"},{\"@type\":\"BreadcrumbList\",\"@id\":\"https:\/\/sdcommunitypower.org\/privacy-policy\/#breadcrumb\",\"itemListElement\":[{\"@type\":\"ListItem\",\"position\":1,\"name\":\"Home\",\"item\":\"https:\/\/sdcommunitypower.org\/\"},{\"@type\":\"ListItem\",\"position\":2,\"name\":\"Privacy Policy\"}]},{\"@type\":\"WebSite\",\"@id\":\"https:\/\/sdcommunitypower.org\/#website\",\"url\":\"https:\/\/sdcommunitypower.org\/\",\"name\":\"San Diego Community Power\",\"description\":\"Powering a clean, affordable energy future\",\"publisher\":{\"@id\":\"https:\/\/sdcommunitypower.org\/#organization\"},\"potentialAction\":[{\"@type\":\"SearchAction\",\"target\":{\"@type\":\"EntryPoint\",\"urlTemplate\":\"https:\/\/sdcommunitypower.org\/?s={search_term_string}\"},\"query-input\":{\"@type\":\"PropertyValueSpecification\",\"valueRequired\":true,\"valueName\":\"search_term_string\"}}],\"inLanguage\":\"vi\"},{\"@type\":\"Organization\",\"@id\":\"https:\/\/sdcommunitypower.org\/#organization\",\"name\":\"San Diego Community Power\",\"url\":\"https:\/\/sdcommunitypower.org\/\",\"logo\":{\"@type\":\"ImageObject\",\"inLanguage\":\"vi\",\"@id\":\"https:\/\/sdcommunitypower.org\/#\/schema\/logo\/image\/\",\"url\":\"https:\/\/sdcommunitypower.org\/wp-content\/uploads\/2020\/12\/20-SDCP-0456_BrandSuite_SocialIcons_FNL-01.png\",\"contentUrl\":\"https:\/\/sdcommunitypower.org\/wp-content\/uploads\/2020\/12\/20-SDCP-0456_BrandSuite_SocialIcons_FNL-01.png\",\"width\":1000,\"height\":1001,\"caption\":\"San Diego Community Power\"},\"image\":{\"@id\":\"https:\/\/sdcommunitypower.org\/#\/schema\/logo\/image\/\"}}]}<\/script>\n<!-- \/ Yoast SEO Premium plugin. -->","yoast_head_json":{"title":"Ch\u00ednh s\u00e1ch b\u1ea3o m\u1eadt - San Diego Community Power","robots":{"index":"index","follow":"follow","max-snippet":"max-snippet:-1","max-image-preview":"max-image-preview:large","max-video-preview":"max-video-preview:-1"},"canonical":"https:\/\/sdcommunitypower.org\/vi\/chinh-sach-bao-mat\/","og_locale":"vi_VN","og_type":"article","og_title":"Privacy Policy","og_description":"San Diego Community Power (Community Power), its employees, agents, contractors and affiliates will maintain the confidentiality of customer information,","og_url":"https:\/\/sdcommunitypower.org\/vi\/chinh-sach-bao-mat\/","og_site_name":"San Diego Community Power","article_modified_time":"2026-03-23T19:11:07+00:00","og_image":[{"width":1024,"height":683,"url":"https:\/\/sdcommunitypower.org\/wp-content\/uploads\/2025\/08\/NatureLandscapes_iStock-2099318076-1024x683.jpg","type":"image\/jpeg"}],"twitter_card":"summary_large_image","twitter_misc":{"\u01af\u1edbc t\u00ednh th\u1eddi gian \u0111\u1ecdc":"3 ph\u00fat"},"schema":{"@context":"https:\/\/schema.org","@graph":[{"@type":"WebPage","@id":"https:\/\/sdcommunitypower.org\/privacy-policy\/","url":"https:\/\/sdcommunitypower.org\/privacy-policy\/","name":"Ch\u00ednh s\u00e1ch b\u1ea3o m\u1eadt - San Diego Community Power","isPartOf":{"@id":"https:\/\/sdcommunitypower.org\/#website"},"primaryImageOfPage":{"@id":"https:\/\/sdcommunitypower.org\/privacy-policy\/#primaryimage"},"image":{"@id":"https:\/\/sdcommunitypower.org\/privacy-policy\/#primaryimage"},"thumbnailUrl":"https:\/\/sdcommunitypower.org\/wp-content\/uploads\/2025\/08\/NatureLandscapes_iStock-2099318076.jpg","datePublished":"2020-12-03T15:45:05+00:00","dateModified":"2026-03-23T19:11:07+00:00","breadcrumb":{"@id":"https:\/\/sdcommunitypower.org\/privacy-policy\/#breadcrumb"},"inLanguage":"vi","potentialAction":[{"@type":"ReadAction","target":["https:\/\/sdcommunitypower.org\/privacy-policy\/"]}]},{"@type":"ImageObject","inLanguage":"vi","@id":"https:\/\/sdcommunitypower.org\/privacy-policy\/#primaryimage","url":"https:\/\/sdcommunitypower.org\/wp-content\/uploads\/2025\/08\/NatureLandscapes_iStock-2099318076.jpg","contentUrl":"https:\/\/sdcommunitypower.org\/wp-content\/uploads\/2025\/08\/NatureLandscapes_iStock-2099318076.jpg","width":2121,"height":1414,"caption":"Flat rock and Torrey pines cliff, San Diego California"},{"@type":"BreadcrumbList","@id":"https:\/\/sdcommunitypower.org\/privacy-policy\/#breadcrumb","itemListElement":[{"@type":"ListItem","position":1,"name":"Home","item":"https:\/\/sdcommunitypower.org\/"},{"@type":"ListItem","position":2,"name":"Privacy Policy"}]},{"@type":"WebSite","@id":"https:\/\/sdcommunitypower.org\/#website","url":"https:\/\/sdcommunitypower.org\/","name":"San Diego Community Power","description":"Cung c\u1ea5p n\u0103ng l\u01b0\u1ee3ng s\u1ea1ch v\u00e0 gi\u00e1 c\u1ea3 ph\u1ea3i ch\u0103ng cho t\u01b0\u01a1ng lai","publisher":{"@id":"https:\/\/sdcommunitypower.org\/#organization"},"potentialAction":[{"@type":"SearchAction","target":{"@type":"EntryPoint","urlTemplate":"https:\/\/sdcommunitypower.org\/?s={search_term_string}"},"query-input":{"@type":"PropertyValueSpecification","valueRequired":true,"valueName":"search_term_string"}}],"inLanguage":"vi"},{"@type":"Organization","@id":"https:\/\/sdcommunitypower.org\/#organization","name":"San Diego Community Power","url":"https:\/\/sdcommunitypower.org\/","logo":{"@type":"ImageObject","inLanguage":"vi","@id":"https:\/\/sdcommunitypower.org\/#\/schema\/logo\/image\/","url":"https:\/\/sdcommunitypower.org\/wp-content\/uploads\/2020\/12\/20-SDCP-0456_BrandSuite_SocialIcons_FNL-01.png","contentUrl":"https:\/\/sdcommunitypower.org\/wp-content\/uploads\/2020\/12\/20-SDCP-0456_BrandSuite_SocialIcons_FNL-01.png","width":1000,"height":1001,"caption":"San Diego Community Power"},"image":{"@id":"https:\/\/sdcommunitypower.org\/#\/schema\/logo\/image\/"}}]}},"_links":{"self":[{"href":"https:\/\/sdcommunitypower.org\/vi\/wp-json\/wp\/v2\/pages\/136","targetHints":{"allow":["GET"]}}],"collection":[{"href":"https:\/\/sdcommunitypower.org\/vi\/wp-json\/wp\/v2\/pages"}],"about":[{"href":"https:\/\/sdcommunitypower.org\/vi\/wp-json\/wp\/v2\/types\/page"}],"author":[{"embeddable":true,"href":"https:\/\/sdcommunitypower.org\/vi\/wp-json\/wp\/v2\/users\/22"}],"replies":[{"embeddable":true,"href":"https:\/\/sdcommunitypower.org\/vi\/wp-json\/wp\/v2\/comments?post=136"}],"version-history":[{"count":5,"href":"https:\/\/sdcommunitypower.org\/vi\/wp-json\/wp\/v2\/pages\/136\/revisions"}],"predecessor-version":[{"id":29797,"href":"https:\/\/sdcommunitypower.org\/vi\/wp-json\/wp\/v2\/pages\/136\/revisions\/29797"}],"wp:featuredmedia":[{"embeddable":true,"href":"https:\/\/sdcommunitypower.org\/vi\/wp-json\/wp\/v2\/media\/15397"}],"wp:attachment":[{"href":"https:\/\/sdcommunitypower.org\/vi\/wp-json\/wp\/v2\/media?parent=136"}],"curies":[{"name":"wp","href":"https:\/\/api.w.org\/{rel}","templated":true}]}}