{"id":137,"date":"2020-12-03T15:45:13","date_gmt":"2020-12-03T15:45:13","guid":{"rendered":"https:\/\/sdtransfer.wpengine.com\/?page_id=137"},"modified":"2025-11-20T14:27:26","modified_gmt":"2025-11-20T22:27:26","slug":"dieu-khoan-va-dieu-kien","status":"publish","type":"page","link":"https:\/\/sdcommunitypower.org\/vi\/terms-and-conditions\/","title":{"rendered":"\u0110i\u1ec1u kho\u1ea3n v\u00e0 \u0110i\u1ec1u ki\u1ec7n"},"content":{"rendered":"<div data-elementor-type=\"wp-page\" data-elementor-id=\"137\" class=\"elementor elementor-137\" data-elementor-post-type=\"page\">\n\t\t\t\t<div data-particle_enable=\"false\" data-particle-mobile-disabled=\"false\" class=\"elementor-element elementor-element-41fb60e9 e-con-full e-flex e-con e-parent\" data-id=\"41fb60e9\" data-element_type=\"container\" data-e-type=\"container\" data-settings=\"{&quot;jet_parallax_layout_list&quot;:[]}\">\n\t\t<div data-particle_enable=\"false\" data-particle-mobile-disabled=\"false\" class=\"elementor-element elementor-element-2aae7bee e-con-full hero-internal e-flex e-con e-child\" data-id=\"2aae7bee\" data-element_type=\"container\" data-e-type=\"container\" data-settings=\"{&quot;background_background&quot;:&quot;classic&quot;,&quot;jet_parallax_layout_list&quot;:[]}\">\n\t\t<div data-particle_enable=\"false\" data-particle-mobile-disabled=\"false\" class=\"elementor-element elementor-element-3ff0eabd e-con-full e-flex e-con e-child\" data-id=\"3ff0eabd\" data-element_type=\"container\" data-e-type=\"container\" data-settings=\"{&quot;jet_parallax_layout_list&quot;:[]}\">\n\t\t<div data-particle_enable=\"false\" data-particle-mobile-disabled=\"false\" class=\"elementor-element elementor-element-6b1fa028 e-con-full e-flex e-con e-child\" data-id=\"6b1fa028\" data-element_type=\"container\" data-e-type=\"container\" data-settings=\"{&quot;jet_parallax_layout_list&quot;:[]}\">\n\t\t\t\t<div class=\"elementor-element elementor-element-49ccb8fd elementor-widget elementor-widget-heading\" data-id=\"49ccb8fd\" data-element_type=\"widget\" data-e-type=\"widget\" data-widget_type=\"heading.default\">\n\t\t\t\t\t<h1 class=\"elementor-heading-title elementor-size-default\">\u0110i\u1ec1u kho\u1ea3n v\u00e0 \u0110i\u1ec1u ki\u1ec7n<\/h1>\t\t\t\t<\/div>\n\t\t\t\t<\/div>\n\t\t\t\t<\/div>\n\t\t\t\t<\/div>\n\t\t\t\t<\/div>\n\t\t<div data-particle_enable=\"false\" data-particle-mobile-disabled=\"false\" class=\"elementor-element elementor-element-6521716 e-con-full parent-container e-flex e-con e-parent\" data-id=\"6521716\" data-element_type=\"container\" data-e-type=\"container\" data-settings=\"{&quot;jet_parallax_layout_list&quot;:[]}\">\n\t\t<div data-particle_enable=\"false\" data-particle-mobile-disabled=\"false\" class=\"elementor-element elementor-element-77f9b599 e-con-full e-flex e-con e-child\" data-id=\"77f9b599\" data-element_type=\"container\" data-e-type=\"container\" data-settings=\"{&quot;jet_parallax_layout_list&quot;:[]}\">\n\t\t\t\t<div class=\"elementor-element elementor-element-496ac40 elementor-widget elementor-widget-text-editor\" data-id=\"496ac40\" data-element_type=\"widget\" data-e-type=\"widget\" data-widget_type=\"text-editor.default\">\n\t\t\t\t\t\t\t\t\t<p>T\u1ef7 l\u1ec7 s\u1ea3n xu\u1ea5t \u0111i\u1ec7n San Diego Community Power \u0111\u01b0\u1ee3c qu\u1ea3n l\u00fd v\u1edbi m\u1ee5c ti\u00eau cung c\u1ea5p \u0111i\u1ec7n s\u1ea1ch h\u01a1n v\u1edbi m\u1ee9c gi\u00e1 c\u1ea1nh tranh. B\u1ea5t k\u1ef3 thay \u0111\u1ed5i n\u00e0o \u0111\u1ed1i v\u1edbi t\u1ef7 l\u1ec7 Community Power s\u1ebd \u0111\u01b0\u1ee3c th\u00f4ng qua t\u1ea1i c\u00e1c cu\u1ed9c h\u1ecdp c\u00f4ng khai \u0111\u01b0\u1ee3c th\u00f4ng b\u00e1o \u0111\u1ea7y \u0111\u1ee7 c\u1ee7a H\u1ed9i \u0111\u1ed3ng Qu\u1ea3n tr\u1ecb Community Power. Thay \u0111\u1ed5i t\u1ef7 l\u1ec7 SDG&amp;E ho\u1eb7c Community Power s\u1ebd \u1ea3nh h\u01b0\u1edfng \u0111\u1ebfn so s\u00e1nh chi ph\u00ed gi\u1eefa Community Power v\u00e0 SDG&amp;E.<\/p><p>T\u1ea5t c\u1ea3 kh\u00e1ch h\u00e0ng s\u1eed d\u1ee5ng g\u00f3i SDG&amp;E v\u00e0 Community Power \u0111\u1ec1u ph\u1ea3i tr\u1ea3 ph\u00ed \u0111i\u1ec1u ch\u1ec9nh kh\u00f4ng ph\u00e2n bi\u1ec7t (PCIA) h\u00e0ng th\u00e1ng v\u00e0 ph\u00ed ph\u1ee5 thu nh\u01b0\u1ee3ng quy\u1ec1n. G\u00f3i Community Power \u0111\u00e3 t\u00ednh to\u00e1n c\u00e1c kho\u1ea3n ph\u00ed sau khi b\u00e1n h\u00e0ng n\u00e0y v\u00e0o vi\u1ec7c x\u00e1c \u0111\u1ecbnh gi\u00e1 c\u01b0\u1edbc. Xem b\u1ea3ng gi\u00e1 Community Power v\u00e0 so s\u00e1nh chi ph\u00ed SDG&amp;E tr\u00ean trang web c\u1ee7a ch\u00fang t\u00f4i t\u1ea1i <a href=\"https:\/\/sdcommunitypower.org\/vi\/\">SDCommunityPower.org<\/a>.<\/p>\t\t\t\t\t\t\t\t<\/div>\n\t\t\t\t<div class=\"elementor-element elementor-element-0116129 elementor-widget elementor-widget-heading\" data-id=\"0116129\" data-element_type=\"widget\" data-e-type=\"widget\" data-widget_type=\"heading.default\">\n\t\t\t\t\t<h3 class=\"elementor-heading-title elementor-size-default\">\u0110\u0103ng k\u00fd<\/h3>\t\t\t\t<\/div>\n\t\t\t\t<div class=\"elementor-element elementor-element-d7f1f9b elementor-widget elementor-widget-text-editor\" data-id=\"d7f1f9b\" data-element_type=\"widget\" data-e-type=\"widget\" data-widget_type=\"text-editor.default\">\n\t\t\t\t\t\t\t\t\t<p>San Diego Community Power l\u00e0 nh\u00e0 cung c\u1ea5p d\u1ecbch v\u1ee5 \u0111i\u1ec7n m\u1eb7c \u0111\u1ecbnh cho c\u00e1c th\u00e0nh ph\u1ed1 Chula Vista, Encinitas, Imperial Beach, La Mesa, National City, San Diego v\u00e0 H\u1ea1t San Diego ch\u01b0a \u0111\u01b0\u1ee3c th\u00e0nh l\u1eadp. T\u00e0i kho\u1ea3n c\u1ee7a qu\u00fd kh\u00e1ch s\u1ebd t\u1ef1 \u0111\u1ed9ng \u0111\u01b0\u1ee3c \u0111\u0103ng k\u00fd v\u00e0o d\u1ecbch v\u1ee5 Community Power tr\u1eeb khi qu\u00fd kh\u00e1ch t\u1eeb ch\u1ed1i tham gia \u00edt nh\u1ea5t n\u0103m ng\u00e0y l\u00e0m vi\u1ec7c tr\u01b0\u1edbc ng\u00e0y \u0111\u1ecdc \u0111\u1ed3ng h\u1ed3 trong th\u00e1ng \u0111\u0103ng k\u00fd ho\u1eb7c ng\u00e0y b\u1eaft \u0111\u1ea7u d\u1ecbch v\u1ee5 theo l\u1ecbch tr\u00ecnh c\u1ee7a t\u00e0i kho\u1ea3n.<\/p><p>T\u1ea5t c\u1ea3 c\u00e1c t\u00e0i kho\u1ea3n ngo\u00e0i Th\u00e0nh ph\u1ed1 Encinitas s\u1ebd \u0111\u01b0\u1ee3c t\u1ef1 \u0111\u1ed9ng \u0111\u0103ng k\u00fd v\u00e0o d\u1ecbch v\u1ee5 PowerOn c\u1ee7a Community Power, cung c\u1ea5p \u00edt nh\u1ea5t 50% n\u0103ng l\u01b0\u1ee3ng t\u00e1i t\u1ea1o v\u1edbi m\u1ee9c gi\u00e1 c\u1ea1nh tranh. B\u1ea1n c\u00f3 th\u1ec3 ch\u1ecdn n\u00e2ng c\u1ea5p l\u00ean Power100, cung c\u1ea5p 100% n\u0103ng l\u01b0\u1ee3ng t\u00e1i t\u1ea1o v\u00e0 kh\u00f4ng ph\u00e1t th\u1ea3i carbon v\u1edbi m\u1ee9c ph\u00ed cao h\u01a1n m\u1ed9t ch\u00fat, ho\u1eb7c b\u1ea1n c\u00f3 th\u1ec3 ch\u1ecdn h\u1ea1 c\u1ea5p xu\u1ed1ng PowerBase, cung c\u1ea5p m\u1ee9c gi\u00e1 th\u1ea5p nh\u1ea5t v\u00e0 l\u01b0\u1ee3ng n\u0103ng l\u01b0\u1ee3ng t\u00e1i t\u1ea1o th\u1ea5p nh\u1ea5t, nh\u1eb1m t\u01b0\u01a1ng \u0111\u01b0\u01a1ng v\u1edbi g\u00f3i c\u01a1 b\u1ea3n hi\u1ec7n t\u1ea1i c\u1ee7a SDG&amp;E v\u1ec1 gi\u00e1 c\u1ea3 v\u00e0 n\u1ed9i dung n\u0103ng l\u01b0\u1ee3ng t\u00e1i t\u1ea1o. C\u00e1c t\u00e0i kho\u1ea3n trong Th\u00e0nh ph\u1ed1 Encinitas s\u1ebd \u0111\u01b0\u1ee3c t\u1ef1 \u0111\u1ed9ng \u0111\u0103ng k\u00fd v\u00e0o d\u1ecbch v\u1ee5 Power100 c\u1ee7a Community Power.<\/p><p>B\u1ea1n c\u00f3 th\u1ec3 thay \u0111\u1ed5i m\u1ee9c d\u1ecbch v\u1ee5 c\u1ee7a m\u00ecnh b\u1ea5t c\u1ee9 l\u00fac n\u00e0o. B\u1ea5t k\u1ef3 thay \u0111\u1ed5i n\u00e0o \u0111\u1ed1i v\u1edbi m\u1ee9c d\u1ecbch v\u1ee5 c\u1ee7a t\u00e0i kho\u1ea3n s\u1ebd \u0111\u01b0\u1ee3c \u00e1p d\u1ee5ng v\u00e0o ng\u00e0y \u0111\u1ecdc \u0111\u1ed3ng h\u1ed3 \u0111\u1ecbnh k\u1ef3 ti\u1ebfp theo c\u1ee7a b\u1ea1n. \u0110\u1ec3 thay \u0111\u1ed5i m\u1ee9c d\u1ecbch v\u1ee5 \u0111i\u1ec7n Community Power, vui l\u00f2ng truy c\u1eadp trang web c\u1ee7a ch\u00fang t\u00f4i t\u1ea1i\u202f<a href=\"https:\/\/sdcommunitypower.org\/vi\/\">SDCommunityPower.org<\/a>\u202fHo\u1eb7c g\u1ecdi s\u1ed1 Community Power theo s\u1ed1 888-382-0169.<\/p>\t\t\t\t\t\t\t\t<\/div>\n\t\t\t\t<div class=\"elementor-element elementor-element-30c98dc elementor-widget elementor-widget-heading\" data-id=\"30c98dc\" data-element_type=\"widget\" data-e-type=\"widget\" data-widget_type=\"heading.default\">\n\t\t\t\t\t<h3 class=\"elementor-heading-title elementor-size-default\">Thanh to\u00e1n<\/h3>\t\t\t\t<\/div>\n\t\t\t\t<div class=\"elementor-element elementor-element-2a801ec elementor-widget elementor-widget-text-editor\" data-id=\"2a801ec\" data-element_type=\"widget\" data-e-type=\"widget\" data-widget_type=\"text-editor.default\">\n\t\t\t\t\t\t\t\t\t<p>B\u1ea1n s\u1ebd nh\u1eadn \u0111\u01b0\u1ee3c m\u1ed9t h\u00f3a \u0111\u01a1n h\u00e0ng th\u00e1ng duy nh\u1ea5t t\u1eeb SDG&amp;E, bao g\u1ed3m ph\u00ed s\u1ea3n xu\u1ea5t \u0111i\u1ec7n c\u1ee7a Community Power. Ph\u00ed s\u1ea3n xu\u1ea5t \u0111i\u1ec7n c\u1ee7a Community Power thay th\u1ebf cho ph\u00ed s\u1ea3n xu\u1ea5t \u0111i\u1ec7n c\u1ee7a SDG&amp;E; ph\u00ed c\u1ee7a Community Power kh\u00f4ng ph\u1ea3i l\u00e0 ph\u00ed tr\u00f9ng l\u1eb7p ho\u1eb7c ph\u00ed ph\u1ee5 thu. SDG&amp;E s\u1ebd ti\u1ebfp t\u1ee5c t\u00ednh ph\u00ed cho d\u1ecbch v\u1ee5 truy\u1ec1n t\u1ea3i \u0111i\u1ec7n. N\u1ebfu b\u1ea1n t\u1eeb ch\u1ed1i d\u1ecbch v\u1ee5 c\u1ee7a Community Power, SDG&amp;E s\u1ebd ti\u1ebfp t\u1ee5c t\u00ednh ph\u00ed s\u1ea3n xu\u1ea5t \u0111i\u1ec7n cho b\u1ea1n.<\/p>\t\t\t\t\t\t\t\t<\/div>\n\t\t\t\t<div class=\"elementor-element elementor-element-df4a60c elementor-widget elementor-widget-heading\" data-id=\"df4a60c\" data-element_type=\"widget\" data-e-type=\"widget\" data-widget_type=\"heading.default\">\n\t\t\t\t\t<h3 class=\"elementor-heading-title elementor-size-default\">Ch\u01b0\u01a1ng tr\u00ecnh khuy\u1ebfn m\u00e3i<\/h3>\t\t\t\t<\/div>\n\t\t\t\t<div class=\"elementor-element elementor-element-38e5f5e elementor-widget elementor-widget-text-editor\" data-id=\"38e5f5e\" data-element_type=\"widget\" data-e-type=\"widget\" data-widget_type=\"text-editor.default\">\n\t\t\t\t\t\t\t\t\t<p>N\u1ebfu b\u1ea1n hi\u1ec7n \u0111ang tham gia Ch\u01b0\u01a1ng tr\u00ecnh Gi\u00e1 \u0110i\u1ec7n Thay Th\u1ebf c\u1ee7a California (CARE), Ch\u01b0\u01a1ng tr\u00ecnh H\u1ed7 Tr\u1ee3 Gi\u00e1 \u0110i\u1ec7n Cho Gia \u0110\u00ecnh (FERA), Medical Baseline ho\u1eb7c Ch\u01b0\u01a1ng tr\u00ecnh Thanh To\u00e1n Theo C\u1ea5p \u0110\u1ed9, b\u1ea1n s\u1ebd ti\u1ebfp t\u1ee5c nh\u1eadn \u0111\u01b0\u1ee3c t\u1ea5t c\u1ea3 c\u00e1c l\u1ee3i \u00edch v\u00e0 \u01b0u \u0111\u00e3i nh\u01b0 m\u1ed9t kh\u00e1ch h\u00e0ng Community Power.<\/p>\t\t\t\t\t\t\t\t<\/div>\n\t\t\t\t<div class=\"elementor-element elementor-element-6fe3beb elementor-widget elementor-widget-heading\" data-id=\"6fe3beb\" data-element_type=\"widget\" data-e-type=\"widget\" data-widget_type=\"heading.default\">\n\t\t\t\t\t<h3 class=\"elementor-heading-title elementor-size-default\">T\u1eeb ch\u1ed1i<\/h3>\t\t\t\t<\/div>\n\t\t\t\t<div class=\"elementor-element elementor-element-b8cea07 elementor-widget elementor-widget-text-editor\" data-id=\"b8cea07\" data-element_type=\"widget\" data-e-type=\"widget\" data-widget_type=\"text-editor.default\">\n\t\t\t\t\t\t\t\t\t<p>B\u1ea1n c\u00f3 quy\u1ec1n t\u1eeb ch\u1ed1i tham gia m\u00e0 kh\u00f4ng b\u1ecb ph\u1ea1t v\u00e0o b\u1ea5t k\u1ef3 th\u1eddi \u0111i\u1ec3m n\u00e0o. B\u1ea1n s\u1ebd kh\u00f4ng b\u1ecb t\u00ednh b\u1ea5t k\u1ef3 kho\u1ea3n ph\u00ed n\u00e0o t\u1eeb Community Power n\u1ebfu b\u1ea1n h\u1ee7y \u0111\u0103ng k\u00fd ho\u1eb7c ng\u1eebng s\u1eed d\u1ee5ng d\u1ecbch v\u1ee5 \u0111i\u1ec7n ho\u00e0n to\u00e0n (v\u00ed d\u1ee5: n\u1ebfu b\u1ea1n chuy\u1ec3n \u0111i). Tuy nhi\u00ean, n\u1ebfu b\u1ea1n quy\u1ebft \u0111\u1ecbnh quay l\u1ea1i s\u1eed d\u1ee5ng d\u1ecbch v\u1ee5 SDG&amp;E sau th\u1eddi gian h\u1ee7y \u0111\u0103ng k\u00fd 60 ng\u00e0y, ho\u1eb7c 60 ng\u00e0y k\u1ec3 t\u1eeb ng\u00e0y b\u1eaft \u0111\u1ea7u s\u1eed d\u1ee5ng d\u1ecbch v\u1ee5 Community Power, SDG&amp;E c\u00f3 th\u1ec3 t\u00ednh ph\u00ed x\u1eed l\u00fd t\u00e0i kho\u1ea3n m\u1ed9t l\u1ea7n. B\u1ea1n c\u0169ng s\u1ebd b\u1ecb SDG&amp;E ng\u0103n ch\u1eb7n vi\u1ec7c quay l\u1ea1i s\u1eed d\u1ee5ng d\u1ecbch v\u1ee5 Community Power trong t\u1ed1i thi\u1ec3u m\u01b0\u1eddi hai (12) th\u00e1ng. Khi h\u1ee7y \u0111\u0103ng k\u00fd, b\u1ea1n c\u0169ng s\u1ebd ph\u1ea3i tu\u00e2n th\u1ee7 c\u00e1c m\u1ee9c gi\u00e1 v\u00e0 \u0111i\u1ec1u kho\u1ea3n d\u1ecbch v\u1ee5 hi\u1ec7n h\u00e0nh c\u1ee7a SDG&amp;E. \u0110\u1ec3 bi\u1ebft chi ti\u1ebft v\u1ec1 m\u1ee9c gi\u00e1 v\u00e0 \u0111i\u1ec1u kho\u1ea3n d\u1ecbch v\u1ee5 c\u1ee7a SDG&amp;E, vui l\u00f2ng truy c\u1eadp\u202f<a href=\"http:\/\/SDGE.com\">SDGE.com<\/a>. N\u1ebfu b\u1ea1n t\u1eeb ch\u1ed1i tham gia, c\u00e1c kho\u1ea3n ph\u00ed cho to\u00e0n b\u1ed9 l\u01b0\u1ee3ng \u0111i\u1ec7n b\u1ea1n \u0111\u00e3 s\u1eed d\u1ee5ng trong th\u1eddi gian tham gia d\u1ecbch v\u1ee5 Community Power v\u1eabn s\u1ebd \u00e1p d\u1ee5ng. T\u00e0i kho\u1ea3n s\u1ebd \u0111\u01b0\u1ee3c chuy\u1ec3n giao v\u00e0o ng\u00e0y \u0111\u1ecdc \u0111\u1ed3ng h\u1ed3 \u0111i\u1ec7n v\u00e0 kh\u00f4ng th\u1ec3 chuy\u1ec3n giao trong gi\u1eefa chu k\u1ef3 thanh to\u00e1n. \u0110\u1ec3 y\u00eau c\u1ea7u c\u1ee7a b\u1ea1n \u0111\u01b0\u1ee3c x\u1eed l\u00fd v\u00e0o ng\u00e0y \u0111\u1ecdc \u0111\u1ed3ng h\u1ed3 \u0111i\u1ec7n ti\u1ebfp theo, y\u00eau c\u1ea7u c\u1ee7a b\u1ea1n ph\u1ea3i \u0111\u01b0\u1ee3c nh\u1eadn \u00edt nh\u1ea5t n\u0103m ng\u00e0y l\u00e0m vi\u1ec7c tr\u01b0\u1edbc ng\u00e0y \u0111\u1ecdc \u0111\u1ed3ng h\u1ed3 \u0111i\u1ec7n. \u0110\u1ec3 h\u1ee7y \u0111\u0103ng k\u00fd, vui l\u00f2ng g\u1ecdi Community Power theo s\u1ed1 888-382-0169 ho\u1eb7c truy c\u1eadp<a href=\"https:\/\/sdcommunitypower.org\/vi\/\">SDCommunityPower.org<\/a>. Vui l\u00f2ng chu\u1ea9n b\u1ecb s\u1eb5n h\u00f3a \u0111\u01a1n SDG&amp;E \u0111\u1ec3 ch\u00fang t\u00f4i c\u00f3 th\u1ec3 x\u1eed l\u00fd y\u00eau c\u1ea7u c\u1ee7a qu\u00fd kh\u00e1ch.<\/p>\t\t\t\t\t\t\t\t<\/div>\n\t\t\t\t<div class=\"elementor-element elementor-element-5c24d15 elementor-widget elementor-widget-heading\" data-id=\"5c24d15\" data-element_type=\"widget\" data-e-type=\"widget\" data-widget_type=\"heading.default\">\n\t\t\t\t\t<h3 class=\"elementor-heading-title elementor-size-default\">Kh\u00f4ng thanh to\u00e1n<\/h3>\t\t\t\t<\/div>\n\t\t\t\t<div class=\"elementor-element elementor-element-3de30ff elementor-widget elementor-widget-text-editor\" data-id=\"3de30ff\" data-element_type=\"widget\" data-e-type=\"widget\" data-widget_type=\"text-editor.default\">\n\t\t\t\t\t\t\t\t\t<p>Community Power c\u00f3 th\u1ec3 chuy\u1ec3n t\u00e0i kho\u1ea3n c\u1ee7a b\u1ea1n sang SDG&amp;E sau khi g\u1eedi th\u00f4ng b\u00e1o b\u1eb1ng v\u0103n b\u1ea3n cho b\u1ea1n trong v\u00f2ng 30 ng\u00e0y l\u1ecbch n\u1ebfu b\u1ea1n kh\u00f4ng thanh to\u00e1n b\u1ea5t k\u1ef3 ph\u1ea7n n\u00e0o c\u1ee7a c\u00e1c kho\u1ea3n ph\u00ed Community Power tr\u00ean h\u00f3a \u0111\u01a1n c\u1ee7a m\u00ecnh. N\u1ebfu d\u1ecbch v\u1ee5 c\u1ee7a b\u1ea1n \u0111\u01b0\u1ee3c chuy\u1ec3n, b\u1ea1n c\u00f3 th\u1ec3 ph\u1ea3i tu\u00e2n th\u1ee7 c\u00e1c y\u00eau c\u1ea7u b\u1ed5 sung t\u1eeb SDG&amp;E.<\/p><p>\u0110\u1ec3 bi\u1ebft th\u00eam th\u00f4ng tin, vui l\u00f2ng li\u00ean h\u1ec7 v\u1edbi Community Power b\u1eb1ng c\u00e1ch g\u1ecdi cho ch\u00fang t\u00f4i theo s\u1ed1 888-382-0169 ho\u1eb7c g\u1eedi email cho ch\u00fang t\u00f4i t\u1ea1i <a href=\"mailto:CustomerService@SDCommunityPower.org\">CustomerService@SDCommunityPower.org<\/a>.<\/p>\t\t\t\t\t\t\t\t<\/div>\n\t\t\t\t<\/div>\n\t\t\t\t<\/div>\n\t\t\t\t<\/div>","protected":false},"excerpt":{"rendered":"<p>Terms &amp; Conditions San Diego Community Power electric generation rates are managed with the intention of providing cleaner electricity at competitive rates. Any changes to Community Power rates will be [&hellip;]<\/p>\n","protected":false},"author":22,"featured_media":13024,"parent":0,"menu_order":119,"comment_status":"closed","ping_status":"closed","template":"","meta":{"footnotes":""},"class_list":["post-137","page","type-page","status-publish","has-post-thumbnail","hentry"],"yoast_head":"<!-- This site is optimized with the Yoast SEO Premium plugin v27.2 (Yoast SEO v27.2) - https:\/\/yoast.com\/product\/yoast-seo-premium-wordpress\/ -->\n<title>Terms and Conditions - San Diego Community Power<\/title>\n<meta name=\"robots\" content=\"index, follow, max-snippet:-1, max-image-preview:large, max-video-preview:-1\" \/>\n<link rel=\"canonical\" href=\"https:\/\/sdcommunitypower.org\/vi\/dieu-khoan-va-dieu-kien\/\" \/>\n<meta property=\"og:locale\" content=\"vi_VN\" \/>\n<meta property=\"og:type\" content=\"article\" \/>\n<meta property=\"og:title\" content=\"Terms and Conditions\" \/>\n<meta property=\"og:description\" content=\"Terms &amp; Conditions San Diego Community Power electric generation rates are managed with the intention of providing cleaner electricity at competitive\" \/>\n<meta property=\"og:url\" content=\"https:\/\/sdcommunitypower.org\/vi\/dieu-khoan-va-dieu-kien\/\" \/>\n<meta property=\"og:site_name\" content=\"San Diego Community Power\" \/>\n<meta property=\"article:modified_time\" content=\"2025-11-20T22:27:26+00:00\" \/>\n<meta property=\"og:image\" content=\"https:\/\/sdcommunitypower.org\/wp-content\/uploads\/2025\/08\/BeachPhotoCEOLetter-1024x538.png\" \/>\n\t<meta property=\"og:image:width\" content=\"1024\" \/>\n\t<meta property=\"og:image:height\" content=\"538\" \/>\n\t<meta property=\"og:image:type\" content=\"image\/png\" \/>\n<meta name=\"twitter:card\" content=\"summary_large_image\" \/>\n<meta name=\"twitter:label1\" content=\"\u01af\u1edbc t\u00ednh th\u1eddi gian \u0111\u1ecdc\" \/>\n\t<meta name=\"twitter:data1\" content=\"4 ph\u00fat\" \/>\n<script type=\"application\/ld+json\" class=\"yoast-schema-graph\">{\"@context\":\"https:\/\/schema.org\",\"@graph\":[{\"@type\":\"WebPage\",\"@id\":\"https:\/\/sdcommunitypower.org\/terms-and-conditions\/\",\"url\":\"https:\/\/sdcommunitypower.org\/terms-and-conditions\/\",\"name\":\"Terms and Conditions - San Diego Community Power\",\"isPartOf\":{\"@id\":\"https:\/\/sdcommunitypower.org\/#website\"},\"primaryImageOfPage\":{\"@id\":\"https:\/\/sdcommunitypower.org\/terms-and-conditions\/#primaryimage\"},\"image\":{\"@id\":\"https:\/\/sdcommunitypower.org\/terms-and-conditions\/#primaryimage\"},\"thumbnailUrl\":\"https:\/\/sdcommunitypower.org\/wp-content\/uploads\/2025\/08\/BeachPhotoCEOLetter.png\",\"datePublished\":\"2020-12-03T15:45:13+00:00\",\"dateModified\":\"2025-11-20T22:27:26+00:00\",\"breadcrumb\":{\"@id\":\"https:\/\/sdcommunitypower.org\/terms-and-conditions\/#breadcrumb\"},\"inLanguage\":\"vi\",\"potentialAction\":[{\"@type\":\"ReadAction\",\"target\":[\"https:\/\/sdcommunitypower.org\/terms-and-conditions\/\"]}]},{\"@type\":\"ImageObject\",\"inLanguage\":\"vi\",\"@id\":\"https:\/\/sdcommunitypower.org\/terms-and-conditions\/#primaryimage\",\"url\":\"https:\/\/sdcommunitypower.org\/wp-content\/uploads\/2025\/08\/BeachPhotoCEOLetter.png\",\"contentUrl\":\"https:\/\/sdcommunitypower.org\/wp-content\/uploads\/2025\/08\/BeachPhotoCEOLetter.png\",\"width\":1920,\"height\":1008,\"caption\":\"An aerial view shows waves rolling onto the beach beside a row of seaside homes.\"},{\"@type\":\"BreadcrumbList\",\"@id\":\"https:\/\/sdcommunitypower.org\/terms-and-conditions\/#breadcrumb\",\"itemListElement\":[{\"@type\":\"ListItem\",\"position\":1,\"name\":\"Home\",\"item\":\"https:\/\/sdcommunitypower.org\/\"},{\"@type\":\"ListItem\",\"position\":2,\"name\":\"Terms and Conditions\"}]},{\"@type\":\"WebSite\",\"@id\":\"https:\/\/sdcommunitypower.org\/#website\",\"url\":\"https:\/\/sdcommunitypower.org\/\",\"name\":\"San Diego Community Power\",\"description\":\"Powering a clean, affordable energy future\",\"publisher\":{\"@id\":\"https:\/\/sdcommunitypower.org\/#organization\"},\"potentialAction\":[{\"@type\":\"SearchAction\",\"target\":{\"@type\":\"EntryPoint\",\"urlTemplate\":\"https:\/\/sdcommunitypower.org\/?s={search_term_string}\"},\"query-input\":{\"@type\":\"PropertyValueSpecification\",\"valueRequired\":true,\"valueName\":\"search_term_string\"}}],\"inLanguage\":\"vi\"},{\"@type\":\"Organization\",\"@id\":\"https:\/\/sdcommunitypower.org\/#organization\",\"name\":\"San Diego Community Power\",\"url\":\"https:\/\/sdcommunitypower.org\/\",\"logo\":{\"@type\":\"ImageObject\",\"inLanguage\":\"vi\",\"@id\":\"https:\/\/sdcommunitypower.org\/#\/schema\/logo\/image\/\",\"url\":\"https:\/\/sdcommunitypower.org\/wp-content\/uploads\/2020\/12\/20-SDCP-0456_BrandSuite_SocialIcons_FNL-01.png\",\"contentUrl\":\"https:\/\/sdcommunitypower.org\/wp-content\/uploads\/2020\/12\/20-SDCP-0456_BrandSuite_SocialIcons_FNL-01.png\",\"width\":1000,\"height\":1001,\"caption\":\"San Diego Community Power\"},\"image\":{\"@id\":\"https:\/\/sdcommunitypower.org\/#\/schema\/logo\/image\/\"}}]}<\/script>\n<!-- \/ Yoast SEO Premium plugin. -->","yoast_head_json":{"title":"\u0110i\u1ec1u kho\u1ea3n v\u00e0 \u0110i\u1ec1u ki\u1ec7n - San Diego Community Power","robots":{"index":"index","follow":"follow","max-snippet":"max-snippet:-1","max-image-preview":"max-image-preview:large","max-video-preview":"max-video-preview:-1"},"canonical":"https:\/\/sdcommunitypower.org\/vi\/dieu-khoan-va-dieu-kien\/","og_locale":"vi_VN","og_type":"article","og_title":"Terms and Conditions","og_description":"Terms &amp; Conditions San Diego Community Power electric generation rates are managed with the intention of providing cleaner electricity at competitive","og_url":"https:\/\/sdcommunitypower.org\/vi\/dieu-khoan-va-dieu-kien\/","og_site_name":"San Diego Community Power","article_modified_time":"2025-11-20T22:27:26+00:00","og_image":[{"width":1024,"height":538,"url":"https:\/\/sdcommunitypower.org\/wp-content\/uploads\/2025\/08\/BeachPhotoCEOLetter-1024x538.png","type":"image\/png"}],"twitter_card":"summary_large_image","twitter_misc":{"\u01af\u1edbc t\u00ednh th\u1eddi gian \u0111\u1ecdc":"4 ph\u00fat"},"schema":{"@context":"https:\/\/schema.org","@graph":[{"@type":"WebPage","@id":"https:\/\/sdcommunitypower.org\/terms-and-conditions\/","url":"https:\/\/sdcommunitypower.org\/terms-and-conditions\/","name":"\u0110i\u1ec1u kho\u1ea3n v\u00e0 \u0110i\u1ec1u ki\u1ec7n - San Diego Community Power","isPartOf":{"@id":"https:\/\/sdcommunitypower.org\/#website"},"primaryImageOfPage":{"@id":"https:\/\/sdcommunitypower.org\/terms-and-conditions\/#primaryimage"},"image":{"@id":"https:\/\/sdcommunitypower.org\/terms-and-conditions\/#primaryimage"},"thumbnailUrl":"https:\/\/sdcommunitypower.org\/wp-content\/uploads\/2025\/08\/BeachPhotoCEOLetter.png","datePublished":"2020-12-03T15:45:13+00:00","dateModified":"2025-11-20T22:27:26+00:00","breadcrumb":{"@id":"https:\/\/sdcommunitypower.org\/terms-and-conditions\/#breadcrumb"},"inLanguage":"vi","potentialAction":[{"@type":"ReadAction","target":["https:\/\/sdcommunitypower.org\/terms-and-conditions\/"]}]},{"@type":"ImageObject","inLanguage":"vi","@id":"https:\/\/sdcommunitypower.org\/terms-and-conditions\/#primaryimage","url":"https:\/\/sdcommunitypower.org\/wp-content\/uploads\/2025\/08\/BeachPhotoCEOLetter.png","contentUrl":"https:\/\/sdcommunitypower.org\/wp-content\/uploads\/2025\/08\/BeachPhotoCEOLetter.png","width":1920,"height":1008,"caption":"An aerial view shows waves rolling onto the beach beside a row of seaside homes."},{"@type":"BreadcrumbList","@id":"https:\/\/sdcommunitypower.org\/terms-and-conditions\/#breadcrumb","itemListElement":[{"@type":"ListItem","position":1,"name":"Home","item":"https:\/\/sdcommunitypower.org\/"},{"@type":"ListItem","position":2,"name":"Terms and Conditions"}]},{"@type":"WebSite","@id":"https:\/\/sdcommunitypower.org\/#website","url":"https:\/\/sdcommunitypower.org\/","name":"San Diego Community Power","description":"Cung c\u1ea5p n\u0103ng l\u01b0\u1ee3ng s\u1ea1ch v\u00e0 gi\u00e1 c\u1ea3 ph\u1ea3i ch\u0103ng cho t\u01b0\u01a1ng lai","publisher":{"@id":"https:\/\/sdcommunitypower.org\/#organization"},"potentialAction":[{"@type":"SearchAction","target":{"@type":"EntryPoint","urlTemplate":"https:\/\/sdcommunitypower.org\/?s={search_term_string}"},"query-input":{"@type":"PropertyValueSpecification","valueRequired":true,"valueName":"search_term_string"}}],"inLanguage":"vi"},{"@type":"Organization","@id":"https:\/\/sdcommunitypower.org\/#organization","name":"San Diego Community Power","url":"https:\/\/sdcommunitypower.org\/","logo":{"@type":"ImageObject","inLanguage":"vi","@id":"https:\/\/sdcommunitypower.org\/#\/schema\/logo\/image\/","url":"https:\/\/sdcommunitypower.org\/wp-content\/uploads\/2020\/12\/20-SDCP-0456_BrandSuite_SocialIcons_FNL-01.png","contentUrl":"https:\/\/sdcommunitypower.org\/wp-content\/uploads\/2020\/12\/20-SDCP-0456_BrandSuite_SocialIcons_FNL-01.png","width":1000,"height":1001,"caption":"San Diego Community Power"},"image":{"@id":"https:\/\/sdcommunitypower.org\/#\/schema\/logo\/image\/"}}]}},"_links":{"self":[{"href":"https:\/\/sdcommunitypower.org\/vi\/wp-json\/wp\/v2\/pages\/137","targetHints":{"allow":["GET"]}}],"collection":[{"href":"https:\/\/sdcommunitypower.org\/vi\/wp-json\/wp\/v2\/pages"}],"about":[{"href":"https:\/\/sdcommunitypower.org\/vi\/wp-json\/wp\/v2\/types\/page"}],"author":[{"embeddable":true,"href":"https:\/\/sdcommunitypower.org\/vi\/wp-json\/wp\/v2\/users\/22"}],"replies":[{"embeddable":true,"href":"https:\/\/sdcommunitypower.org\/vi\/wp-json\/wp\/v2\/comments?post=137"}],"version-history":[{"count":5,"href":"https:\/\/sdcommunitypower.org\/vi\/wp-json\/wp\/v2\/pages\/137\/revisions"}],"predecessor-version":[{"id":27748,"href":"https:\/\/sdcommunitypower.org\/vi\/wp-json\/wp\/v2\/pages\/137\/revisions\/27748"}],"wp:featuredmedia":[{"embeddable":true,"href":"https:\/\/sdcommunitypower.org\/vi\/wp-json\/wp\/v2\/media\/13024"}],"wp:attachment":[{"href":"https:\/\/sdcommunitypower.org\/vi\/wp-json\/wp\/v2\/media?parent=137"}],"curies":[{"name":"wp","href":"https:\/\/api.w.org\/{rel}","templated":true}]}}