{"id":14906,"date":"2025-08-23T18:20:14","date_gmt":"2025-08-24T01:20:14","guid":{"rendered":"https:\/\/sdcommunitypower.org\/?page_id=14906"},"modified":"2025-10-01T17:26:03","modified_gmt":"2025-10-02T00:26:03","slug":"hay-hop-tac-voi-chung-toi","status":"publish","type":"page","link":"https:\/\/sdcommunitypower.org\/vi\/work-with-us\/","title":{"rendered":"L\u00e0m vi\u1ec7c v\u1edbi Community Power"},"content":{"rendered":"<div data-elementor-type=\"wp-page\" data-elementor-id=\"14906\" class=\"elementor elementor-14906\" data-elementor-post-type=\"page\">\n\t\t\t\t<div data-particle_enable=\"false\" data-particle-mobile-disabled=\"false\" class=\"elementor-element elementor-element-48d5e839 e-con-full e-flex e-con e-parent\" data-id=\"48d5e839\" data-element_type=\"container\" data-e-type=\"container\" data-settings=\"{&quot;jet_parallax_layout_list&quot;:[]}\">\n\t\t<div data-particle_enable=\"false\" data-particle-mobile-disabled=\"false\" class=\"elementor-element elementor-element-4d9fe9f0 e-con-full hero-internal e-flex e-con e-child\" data-id=\"4d9fe9f0\" data-element_type=\"container\" data-e-type=\"container\" data-settings=\"{&quot;background_background&quot;:&quot;classic&quot;,&quot;jet_parallax_layout_list&quot;:[]}\">\n\t\t<div data-particle_enable=\"false\" data-particle-mobile-disabled=\"false\" class=\"elementor-element elementor-element-6c5c06a6 e-con-full e-flex e-con e-child\" data-id=\"6c5c06a6\" data-element_type=\"container\" data-e-type=\"container\" data-settings=\"{&quot;jet_parallax_layout_list&quot;:[]}\">\n\t\t<div data-particle_enable=\"false\" data-particle-mobile-disabled=\"false\" class=\"elementor-element elementor-element-6321f2d5 e-con-full e-flex e-con e-child\" data-id=\"6321f2d5\" data-element_type=\"container\" data-e-type=\"container\" data-settings=\"{&quot;jet_parallax_layout_list&quot;:[]}\">\n\t\t\t\t<div class=\"elementor-element elementor-element-b87609e elementor-widget elementor-widget-heading\" data-id=\"b87609e\" data-element_type=\"widget\" data-e-type=\"widget\" data-widget_type=\"heading.default\">\n\t\t\t\t\t<h1 class=\"elementor-heading-title elementor-size-default\">L\u00e0m vi\u1ec7c v\u1edbi Community Power<\/h1>\t\t\t\t<\/div>\n\t\t\t\t<\/div>\n\t\t\t\t<\/div>\n\t\t\t\t<\/div>\n\t\t\t\t<\/div>\n\t\t<div data-particle_enable=\"false\" data-particle-mobile-disabled=\"false\" class=\"elementor-element elementor-element-6bda438 e-con-full parent-container e-flex e-con e-parent\" data-id=\"6bda438\" data-element_type=\"container\" data-e-type=\"container\" data-settings=\"{&quot;jet_parallax_layout_list&quot;:[]}\">\n\t\t<div data-particle_enable=\"false\" data-particle-mobile-disabled=\"false\" class=\"elementor-element elementor-element-354361d e-con-full e-flex e-con e-child\" data-id=\"354361d\" data-element_type=\"container\" data-e-type=\"container\" data-settings=\"{&quot;jet_parallax_layout_list&quot;:[]}\">\n\t\t\t\t<div class=\"elementor-element elementor-element-ea5cc08 elementor-widget elementor-widget-heading\" data-id=\"ea5cc08\" data-element_type=\"widget\" data-e-type=\"widget\" data-widget_type=\"heading.default\">\n\t\t\t\t\t<h2 class=\"elementor-heading-title elementor-size-default\">\u0110\u00f3ng g\u00f3p cho m\u1ed9t San Diego s\u1ea1ch h\u01a1n<\/h2>\t\t\t\t<\/div>\n\t\t\t\t<div class=\"elementor-element elementor-element-46568c1 elementor-widget elementor-widget-text-editor\" data-id=\"46568c1\" data-element_type=\"widget\" data-e-type=\"widget\" data-widget_type=\"text-editor.default\">\n\t\t\t\t\t\t\t\t\t<p>H\u1ee3p t\u00e1c v\u1edbi San Diego Community Power v\u00e0 \u0111\u00f3ng g\u00f3p v\u00e0o vi\u1ec7c x\u00e2y d\u1ef1ng m\u1ed9t khu v\u1ef1c San Diego b\u1ec1n v\u1eefng h\u01a1n th\u00f4ng qua c\u00e1c c\u01a1 h\u1ed9i h\u1ee3p \u0111\u1ed3ng ho\u1eb7c vi\u1ec7c l\u00e0m.<\/p>\t\t\t\t\t\t\t\t<\/div>\n\t\t\t\t<\/div>\n\t\t\t\t<\/div>\n\t\t<div data-particle_enable=\"false\" data-particle-mobile-disabled=\"false\" class=\"elementor-element elementor-element-fa919fe e-con-full e-flex e-con e-parent\" data-id=\"fa919fe\" data-element_type=\"container\" data-e-type=\"container\" data-settings=\"{&quot;jet_parallax_layout_list&quot;:[]}\">\n\t\t<div data-particle_enable=\"false\" data-particle-mobile-disabled=\"false\" class=\"elementor-element elementor-element-2d0c41e e-con-full e-flex e-con e-child\" data-id=\"2d0c41e\" data-element_type=\"container\" data-e-type=\"container\" data-settings=\"{&quot;jet_parallax_layout_list&quot;:[],&quot;background_background&quot;:&quot;gradient&quot;}\">\n\t\t<div data-particle_enable=\"false\" data-particle-mobile-disabled=\"false\" class=\"elementor-element elementor-element-29507c4 e-con-full e-flex e-con e-child\" data-id=\"29507c4\" data-element_type=\"container\" data-e-type=\"container\" data-settings=\"{&quot;jet_parallax_layout_list&quot;:[]}\">\n\t\t\t\t<div class=\"elementor-element elementor-element-ae139b5 elementor-widget elementor-widget-heading\" data-id=\"ae139b5\" data-element_type=\"widget\" data-e-type=\"widget\" data-widget_type=\"heading.default\">\n\t\t\t\t\t<h3 class=\"elementor-heading-title elementor-size-default\">C\u01a1 h\u1ed9i h\u1ee3p \u0111\u1ed3ng<\/h3>\t\t\t\t<\/div>\n\t\t\t\t<div class=\"elementor-element elementor-element-8f6d061 elementor-widget elementor-widget-text-editor\" data-id=\"8f6d061\" data-element_type=\"widget\" data-e-type=\"widget\" data-widget_type=\"text-editor.default\">\n\t\t\t\t\t\t\t\t\t<p>Community Power k\u00fd k\u1ebft h\u1ee3p \u0111\u1ed3ng v\u1edbi c\u00e1c doanh nghi\u1ec7p \u0111a d\u1ea1ng v\u1ec1 mua s\u1eafm \u0111i\u1ec7n n\u0103ng \u2014 bao g\u1ed3m c\u1ea3 quy m\u00f4 c\u00f4ng nghi\u1ec7p v\u00e0 quy m\u00f4 \u0111\u1ecba ph\u01b0\u01a1ng, c\u1ed9ng \u0111\u1ed3ng \u2014 c\u0169ng nh\u01b0 c\u00e1c d\u1ef1 \u00e1n kh\u00f4ng li\u00ean quan \u0111\u1ebfn n\u0103ng l\u01b0\u1ee3ng, ch\u1eb3ng h\u1ea1n nh\u01b0 qu\u1ea3n l\u00fd d\u1eef li\u1ec7u ho\u1eb7c h\u1ed7 tr\u1ee3 h\u00e0nh ch\u00ednh cho c\u00e1c ch\u01b0\u01a1ng tr\u00ecnh ti\u1ebft ki\u1ec7m n\u0103ng l\u01b0\u1ee3ng.<\/p>\t\t\t\t\t\t\t\t<\/div>\n\t\t\t\t<div class=\"elementor-element elementor-element-8ee2dd5 elementor-widget elementor-widget-button\" data-id=\"8ee2dd5\" data-element_type=\"widget\" data-e-type=\"widget\" data-widget_type=\"button.default\">\n\t\t\t\t\t\t\t\t\t\t<a class=\"elementor-button elementor-button-link elementor-size-sm\" href=\"https:\/\/sdcommunitypower.org\/vi\/cac-yeu-cau\/\">\n\t\t\t\t\t\t<span class=\"elementor-button-content-wrapper\">\n\t\t\t\t\t\t\t\t\t<span class=\"elementor-button-text\">Xem c\u00e1c th\u00f4ng b\u00e1o tuy\u1ec3n d\u1ee5ng \u0111ang m\u1edf<\/span>\n\t\t\t\t\t<\/span>\n\t\t\t\t\t<\/a>\n\t\t\t\t\t\t\t\t<\/div>\n\t\t\t\t<\/div>\n\t\t<div data-particle_enable=\"false\" data-particle-mobile-disabled=\"false\" class=\"elementor-element elementor-element-636c58c e-con-full e-flex e-con e-child\" data-id=\"636c58c\" data-element_type=\"container\" data-e-type=\"container\" data-settings=\"{&quot;jet_parallax_layout_list&quot;:[],&quot;background_background&quot;:&quot;classic&quot;}\">\n\t\t\t\t<\/div>\n\t\t\t\t<\/div>\n\t\t\t\t<\/div>\n\t\t<div data-particle_enable=\"false\" data-particle-mobile-disabled=\"false\" class=\"elementor-element elementor-element-dce8e62 e-con-full e-flex e-con e-parent\" data-id=\"dce8e62\" data-element_type=\"container\" data-e-type=\"container\" data-settings=\"{&quot;jet_parallax_layout_list&quot;:[]}\">\n\t\t<div data-particle_enable=\"false\" data-particle-mobile-disabled=\"false\" class=\"elementor-element elementor-element-cabd821 e-con-full e-flex e-con e-child\" data-id=\"cabd821\" data-element_type=\"container\" data-e-type=\"container\" data-settings=\"{&quot;jet_parallax_layout_list&quot;:[],&quot;background_background&quot;:&quot;gradient&quot;}\">\n\t\t<div data-particle_enable=\"false\" data-particle-mobile-disabled=\"false\" class=\"elementor-element elementor-element-d01bc4b e-con-full e-flex e-con e-child\" data-id=\"d01bc4b\" data-element_type=\"container\" data-e-type=\"container\" data-settings=\"{&quot;jet_parallax_layout_list&quot;:[],&quot;background_background&quot;:&quot;classic&quot;}\">\n\t\t\t\t<\/div>\n\t\t<div data-particle_enable=\"false\" data-particle-mobile-disabled=\"false\" class=\"elementor-element elementor-element-317ace5 e-con-full e-flex e-con e-child\" data-id=\"317ace5\" data-element_type=\"container\" data-e-type=\"container\" data-settings=\"{&quot;jet_parallax_layout_list&quot;:[]}\">\n\t\t\t\t<div class=\"elementor-element elementor-element-5a61517 elementor-widget elementor-widget-heading\" data-id=\"5a61517\" data-element_type=\"widget\" data-e-type=\"widget\" data-widget_type=\"heading.default\">\n\t\t\t\t\t<h3 class=\"elementor-heading-title elementor-size-default\">C\u01a1 h\u1ed9i ngh\u1ec1 nghi\u1ec7p<\/h3>\t\t\t\t<\/div>\n\t\t\t\t<div class=\"elementor-element elementor-element-2166c09 elementor-widget elementor-widget-text-editor\" data-id=\"2166c09\" data-element_type=\"widget\" data-e-type=\"widget\" data-widget_type=\"text-editor.default\">\n\t\t\t\t\t\t\t\t\t<p>H\u00e3y gia nh\u1eadp \u0111\u1ed9i ng\u0169 mang \u0111\u1ebfn ngu\u1ed3n n\u0103ng l\u01b0\u1ee3ng s\u1ea1ch h\u01a1n, xanh h\u01a1n cho khu v\u1ef1c San Diego. Ch\u00fang t\u00f4i \u0111ang t\u00ecm ki\u1ebfm nh\u1eefng chuy\u00ean gia n\u0103ng \u0111\u1ed9ng, nhi\u1ec7t huy\u1ebft, \u0111am m\u00ea \u0111\u00f3ng g\u00f3p cho c\u1ed9ng \u0111\u1ed3ng \u0111\u1ecba ph\u01b0\u01a1ng.<\/p>\t\t\t\t\t\t\t\t<\/div>\n\t\t\t\t<div class=\"elementor-element elementor-element-eb8b2f2 elementor-widget elementor-widget-button\" data-id=\"eb8b2f2\" data-element_type=\"widget\" data-e-type=\"widget\" data-widget_type=\"button.default\">\n\t\t\t\t\t\t\t\t\t\t<a class=\"elementor-button elementor-button-link elementor-size-sm\" href=\"https:\/\/sdcommunitypower.org\/vi\/nghe-nghiep\/\">\n\t\t\t\t\t\t<span class=\"elementor-button-content-wrapper\">\n\t\t\t\t\t\t\t\t\t<span class=\"elementor-button-text\">T\u00ecm hi\u1ec3u th\u00eam<\/span>\n\t\t\t\t\t<\/span>\n\t\t\t\t\t<\/a>\n\t\t\t\t\t\t\t\t<\/div>\n\t\t\t\t<\/div>\n\t\t\t\t<\/div>\n\t\t\t\t<\/div>\n\t\t\t\t<\/div>","protected":false},"excerpt":{"rendered":"<p>Work With Community Power Powering a Cleaner San Diego Work with San Diego Community Power and contribute to a more sustainable San Diego region through contracting or career opportunities. Contracting [&hellip;]<\/p>\n","protected":false},"author":43,"featured_media":23201,"parent":0,"menu_order":0,"comment_status":"closed","ping_status":"closed","template":"","meta":{"footnotes":""},"class_list":["post-14906","page","type-page","status-publish","has-post-thumbnail","hentry"],"yoast_head":"<!-- This site is optimized with the Yoast SEO Premium plugin v27.2 (Yoast SEO v27.2) - https:\/\/yoast.com\/product\/yoast-seo-premium-wordpress\/ -->\n<title>Work with Community Power - San Diego Community Power<\/title>\n<meta name=\"robots\" content=\"index, follow, max-snippet:-1, max-image-preview:large, max-video-preview:-1\" \/>\n<link rel=\"canonical\" href=\"https:\/\/sdcommunitypower.org\/vi\/hay-hop-tac-voi-chung-toi\/\" \/>\n<meta property=\"og:locale\" content=\"vi_VN\" \/>\n<meta property=\"og:type\" content=\"article\" \/>\n<meta property=\"og:title\" content=\"Work with Community Power\" \/>\n<meta property=\"og:description\" content=\"Work With Community Power Powering a Cleaner San Diego Work with San Diego Community Power and contribute to a more sustainable San Diego region through\" \/>\n<meta property=\"og:url\" content=\"https:\/\/sdcommunitypower.org\/vi\/hay-hop-tac-voi-chung-toi\/\" \/>\n<meta property=\"og:site_name\" content=\"San Diego Community Power\" \/>\n<meta property=\"article:modified_time\" content=\"2025-10-02T00:26:03+00:00\" \/>\n<meta property=\"og:image\" content=\"https:\/\/sdcommunitypower.org\/wp-content\/uploads\/2025\/10\/iStock-954696082_2000.jpg\" \/>\n\t<meta property=\"og:image:width\" content=\"2000\" \/>\n\t<meta property=\"og:image:height\" content=\"1335\" \/>\n\t<meta property=\"og:image:type\" content=\"image\/jpeg\" \/>\n<meta name=\"twitter:card\" content=\"summary_large_image\" \/>\n<meta name=\"twitter:label1\" content=\"\u01af\u1edbc t\u00ednh th\u1eddi gian \u0111\u1ecdc\" \/>\n\t<meta name=\"twitter:data1\" content=\"1 ph\u00fat\" \/>\n<script type=\"application\/ld+json\" class=\"yoast-schema-graph\">{\"@context\":\"https:\/\/schema.org\",\"@graph\":[{\"@type\":\"WebPage\",\"@id\":\"https:\/\/sdcommunitypower.org\/work-with-us\/\",\"url\":\"https:\/\/sdcommunitypower.org\/work-with-us\/\",\"name\":\"Work with Community Power - San Diego Community Power\",\"isPartOf\":{\"@id\":\"https:\/\/sdcommunitypower.org\/#website\"},\"primaryImageOfPage\":{\"@id\":\"https:\/\/sdcommunitypower.org\/work-with-us\/#primaryimage\"},\"image\":{\"@id\":\"https:\/\/sdcommunitypower.org\/work-with-us\/#primaryimage\"},\"thumbnailUrl\":\"https:\/\/sdcommunitypower.org\/wp-content\/uploads\/2025\/10\/iStock-954696082_2000.jpg\",\"datePublished\":\"2025-08-24T01:20:14+00:00\",\"dateModified\":\"2025-10-02T00:26:03+00:00\",\"breadcrumb\":{\"@id\":\"https:\/\/sdcommunitypower.org\/work-with-us\/#breadcrumb\"},\"inLanguage\":\"vi\",\"potentialAction\":[{\"@type\":\"ReadAction\",\"target\":[\"https:\/\/sdcommunitypower.org\/work-with-us\/\"]}]},{\"@type\":\"ImageObject\",\"inLanguage\":\"vi\",\"@id\":\"https:\/\/sdcommunitypower.org\/work-with-us\/#primaryimage\",\"url\":\"https:\/\/sdcommunitypower.org\/wp-content\/uploads\/2025\/10\/iStock-954696082_2000.jpg\",\"contentUrl\":\"https:\/\/sdcommunitypower.org\/wp-content\/uploads\/2025\/10\/iStock-954696082_2000.jpg\",\"width\":2000,\"height\":1335},{\"@type\":\"BreadcrumbList\",\"@id\":\"https:\/\/sdcommunitypower.org\/work-with-us\/#breadcrumb\",\"itemListElement\":[{\"@type\":\"ListItem\",\"position\":1,\"name\":\"Home\",\"item\":\"https:\/\/sdcommunitypower.org\/\"},{\"@type\":\"ListItem\",\"position\":2,\"name\":\"Work with Community Power\"}]},{\"@type\":\"WebSite\",\"@id\":\"https:\/\/sdcommunitypower.org\/#website\",\"url\":\"https:\/\/sdcommunitypower.org\/\",\"name\":\"San Diego Community Power\",\"description\":\"Powering a clean, affordable energy future\",\"publisher\":{\"@id\":\"https:\/\/sdcommunitypower.org\/#organization\"},\"potentialAction\":[{\"@type\":\"SearchAction\",\"target\":{\"@type\":\"EntryPoint\",\"urlTemplate\":\"https:\/\/sdcommunitypower.org\/?s={search_term_string}\"},\"query-input\":{\"@type\":\"PropertyValueSpecification\",\"valueRequired\":true,\"valueName\":\"search_term_string\"}}],\"inLanguage\":\"vi\"},{\"@type\":\"Organization\",\"@id\":\"https:\/\/sdcommunitypower.org\/#organization\",\"name\":\"San Diego Community Power\",\"url\":\"https:\/\/sdcommunitypower.org\/\",\"logo\":{\"@type\":\"ImageObject\",\"inLanguage\":\"vi\",\"@id\":\"https:\/\/sdcommunitypower.org\/#\/schema\/logo\/image\/\",\"url\":\"https:\/\/sdcommunitypower.org\/wp-content\/uploads\/2020\/12\/20-SDCP-0456_BrandSuite_SocialIcons_FNL-01.png\",\"contentUrl\":\"https:\/\/sdcommunitypower.org\/wp-content\/uploads\/2020\/12\/20-SDCP-0456_BrandSuite_SocialIcons_FNL-01.png\",\"width\":1000,\"height\":1001,\"caption\":\"San Diego Community Power\"},\"image\":{\"@id\":\"https:\/\/sdcommunitypower.org\/#\/schema\/logo\/image\/\"}}]}<\/script>\n<!-- \/ Yoast SEO Premium plugin. -->","yoast_head_json":{"title":"L\u00e0m vi\u1ec7c v\u1edbi Community Power - San Diego Community Power","robots":{"index":"index","follow":"follow","max-snippet":"max-snippet:-1","max-image-preview":"max-image-preview:large","max-video-preview":"max-video-preview:-1"},"canonical":"https:\/\/sdcommunitypower.org\/vi\/hay-hop-tac-voi-chung-toi\/","og_locale":"vi_VN","og_type":"article","og_title":"Work with Community Power","og_description":"Work With Community Power Powering a Cleaner San Diego Work with San Diego Community Power and contribute to a more sustainable San Diego region through","og_url":"https:\/\/sdcommunitypower.org\/vi\/hay-hop-tac-voi-chung-toi\/","og_site_name":"San Diego Community Power","article_modified_time":"2025-10-02T00:26:03+00:00","og_image":[{"width":2000,"height":1335,"url":"https:\/\/sdcommunitypower.org\/wp-content\/uploads\/2025\/10\/iStock-954696082_2000.jpg","type":"image\/jpeg"}],"twitter_card":"summary_large_image","twitter_misc":{"\u01af\u1edbc t\u00ednh th\u1eddi gian \u0111\u1ecdc":"1 ph\u00fat"},"schema":{"@context":"https:\/\/schema.org","@graph":[{"@type":"WebPage","@id":"https:\/\/sdcommunitypower.org\/work-with-us\/","url":"https:\/\/sdcommunitypower.org\/work-with-us\/","name":"L\u00e0m vi\u1ec7c v\u1edbi Community Power - San Diego Community Power","isPartOf":{"@id":"https:\/\/sdcommunitypower.org\/#website"},"primaryImageOfPage":{"@id":"https:\/\/sdcommunitypower.org\/work-with-us\/#primaryimage"},"image":{"@id":"https:\/\/sdcommunitypower.org\/work-with-us\/#primaryimage"},"thumbnailUrl":"https:\/\/sdcommunitypower.org\/wp-content\/uploads\/2025\/10\/iStock-954696082_2000.jpg","datePublished":"2025-08-24T01:20:14+00:00","dateModified":"2025-10-02T00:26:03+00:00","breadcrumb":{"@id":"https:\/\/sdcommunitypower.org\/work-with-us\/#breadcrumb"},"inLanguage":"vi","potentialAction":[{"@type":"ReadAction","target":["https:\/\/sdcommunitypower.org\/work-with-us\/"]}]},{"@type":"ImageObject","inLanguage":"vi","@id":"https:\/\/sdcommunitypower.org\/work-with-us\/#primaryimage","url":"https:\/\/sdcommunitypower.org\/wp-content\/uploads\/2025\/10\/iStock-954696082_2000.jpg","contentUrl":"https:\/\/sdcommunitypower.org\/wp-content\/uploads\/2025\/10\/iStock-954696082_2000.jpg","width":2000,"height":1335},{"@type":"BreadcrumbList","@id":"https:\/\/sdcommunitypower.org\/work-with-us\/#breadcrumb","itemListElement":[{"@type":"ListItem","position":1,"name":"Home","item":"https:\/\/sdcommunitypower.org\/"},{"@type":"ListItem","position":2,"name":"Work with Community Power"}]},{"@type":"WebSite","@id":"https:\/\/sdcommunitypower.org\/#website","url":"https:\/\/sdcommunitypower.org\/","name":"San Diego Community Power","description":"Cung c\u1ea5p n\u0103ng l\u01b0\u1ee3ng s\u1ea1ch v\u00e0 gi\u00e1 c\u1ea3 ph\u1ea3i ch\u0103ng cho t\u01b0\u01a1ng lai","publisher":{"@id":"https:\/\/sdcommunitypower.org\/#organization"},"potentialAction":[{"@type":"SearchAction","target":{"@type":"EntryPoint","urlTemplate":"https:\/\/sdcommunitypower.org\/?s={search_term_string}"},"query-input":{"@type":"PropertyValueSpecification","valueRequired":true,"valueName":"search_term_string"}}],"inLanguage":"vi"},{"@type":"Organization","@id":"https:\/\/sdcommunitypower.org\/#organization","name":"San Diego Community Power","url":"https:\/\/sdcommunitypower.org\/","logo":{"@type":"ImageObject","inLanguage":"vi","@id":"https:\/\/sdcommunitypower.org\/#\/schema\/logo\/image\/","url":"https:\/\/sdcommunitypower.org\/wp-content\/uploads\/2020\/12\/20-SDCP-0456_BrandSuite_SocialIcons_FNL-01.png","contentUrl":"https:\/\/sdcommunitypower.org\/wp-content\/uploads\/2020\/12\/20-SDCP-0456_BrandSuite_SocialIcons_FNL-01.png","width":1000,"height":1001,"caption":"San Diego Community Power"},"image":{"@id":"https:\/\/sdcommunitypower.org\/#\/schema\/logo\/image\/"}}]}},"_links":{"self":[{"href":"https:\/\/sdcommunitypower.org\/vi\/wp-json\/wp\/v2\/pages\/14906","targetHints":{"allow":["GET"]}}],"collection":[{"href":"https:\/\/sdcommunitypower.org\/vi\/wp-json\/wp\/v2\/pages"}],"about":[{"href":"https:\/\/sdcommunitypower.org\/vi\/wp-json\/wp\/v2\/types\/page"}],"author":[{"embeddable":true,"href":"https:\/\/sdcommunitypower.org\/vi\/wp-json\/wp\/v2\/users\/43"}],"replies":[{"embeddable":true,"href":"https:\/\/sdcommunitypower.org\/vi\/wp-json\/wp\/v2\/comments?post=14906"}],"version-history":[{"count":5,"href":"https:\/\/sdcommunitypower.org\/vi\/wp-json\/wp\/v2\/pages\/14906\/revisions"}],"predecessor-version":[{"id":23311,"href":"https:\/\/sdcommunitypower.org\/vi\/wp-json\/wp\/v2\/pages\/14906\/revisions\/23311"}],"wp:featuredmedia":[{"embeddable":true,"href":"https:\/\/sdcommunitypower.org\/vi\/wp-json\/wp\/v2\/media\/23201"}],"wp:attachment":[{"href":"https:\/\/sdcommunitypower.org\/vi\/wp-json\/wp\/v2\/media?parent=14906"}],"curies":[{"name":"wp","href":"https:\/\/api.w.org\/{rel}","templated":true}]}}