{"id":3440,"date":"2022-04-05T08:17:21","date_gmt":"2022-04-05T15:17:21","guid":{"rendered":"https:\/\/sdcommunitypower.org\/?page_id=3440"},"modified":"2025-11-04T16:06:56","modified_gmt":"2025-11-05T00:06:56","slug":"uu-tien-lap-phap","status":"publish","type":"page","link":"https:\/\/sdcommunitypower.org\/vi\/legislative-priorities\/","title":{"rendered":"\u01afu ti\u00ean l\u1eadp ph\u00e1p"},"content":{"rendered":"<div data-elementor-type=\"wp-page\" data-elementor-id=\"3440\" class=\"elementor elementor-3440\" data-elementor-post-type=\"page\">\n\t\t\t\t<div data-particle_enable=\"false\" data-particle-mobile-disabled=\"false\" class=\"elementor-element elementor-element-6d8b8351 e-con-full e-flex e-con e-parent\" data-id=\"6d8b8351\" data-element_type=\"container\" data-e-type=\"container\" data-settings=\"{&quot;jet_parallax_layout_list&quot;:[]}\">\n\t\t<div data-particle_enable=\"false\" data-particle-mobile-disabled=\"false\" class=\"elementor-element elementor-element-34703785 e-con-full hero-internal e-flex e-con e-child\" data-id=\"34703785\" data-element_type=\"container\" data-e-type=\"container\" data-settings=\"{&quot;background_background&quot;:&quot;classic&quot;,&quot;jet_parallax_layout_list&quot;:[]}\">\n\t\t<div data-particle_enable=\"false\" data-particle-mobile-disabled=\"false\" class=\"elementor-element elementor-element-3713035 e-con-full e-flex e-con e-child\" data-id=\"3713035\" data-element_type=\"container\" data-e-type=\"container\" data-settings=\"{&quot;jet_parallax_layout_list&quot;:[]}\">\n\t\t<div data-particle_enable=\"false\" data-particle-mobile-disabled=\"false\" class=\"elementor-element elementor-element-59e59004 e-con-full e-flex e-con e-child\" data-id=\"59e59004\" data-element_type=\"container\" data-e-type=\"container\" data-settings=\"{&quot;jet_parallax_layout_list&quot;:[]}\">\n\t\t\t\t<\/div>\n\t\t\t\t<\/div>\n\t\t\t\t<\/div>\n\t\t\t\t<\/div>\n\t\t<div data-particle_enable=\"false\" data-particle-mobile-disabled=\"false\" class=\"elementor-element elementor-element-30edc51 e-con-full parent-container e-flex e-con e-parent\" data-id=\"30edc51\" data-element_type=\"container\" data-e-type=\"container\" data-settings=\"{&quot;jet_parallax_layout_list&quot;:[]}\">\n\t\t<div data-particle_enable=\"false\" data-particle-mobile-disabled=\"false\" class=\"elementor-element elementor-element-8a64ed1 e-con-full e-flex e-con e-child\" data-id=\"8a64ed1\" data-element_type=\"container\" data-e-type=\"container\" data-settings=\"{&quot;jet_parallax_layout_list&quot;:[]}\">\n\t\t<div data-particle_enable=\"false\" data-particle-mobile-disabled=\"false\" class=\"elementor-element elementor-element-153d8e0c e-con-full e-flex e-con e-child\" data-id=\"153d8e0c\" data-element_type=\"container\" data-e-type=\"container\" data-settings=\"{&quot;jet_parallax_layout_list&quot;:[]}\">\n\t\t\t\t<div class=\"elementor-element elementor-element-2d1d37ff elementor-widget elementor-widget-heading\" data-id=\"2d1d37ff\" data-element_type=\"widget\" data-e-type=\"widget\" data-widget_type=\"heading.default\">\n\t\t\t\t\t<h2 class=\"elementor-heading-title elementor-size-default\">T\u1eadp trung c\u1ee7a ch\u00fang t\u00f4i<\/h2>\t\t\t\t<\/div>\n\t\t<div data-particle_enable=\"false\" data-particle-mobile-disabled=\"false\" class=\"elementor-element elementor-element-307fc1fb e-flex e-con-boxed e-con e-child\" data-id=\"307fc1fb\" data-element_type=\"container\" data-e-type=\"container\" data-settings=\"{&quot;background_background&quot;:&quot;gradient&quot;,&quot;jet_parallax_layout_list&quot;:[]}\">\n\t\t\t\t\t<div class=\"e-con-inner\">\n\t\t\t\t<div class=\"elementor-element elementor-element-226915a3 elementor-widget elementor-widget-jet-inline-svg\" data-id=\"226915a3\" data-element_type=\"widget\" data-e-type=\"widget\" data-widget_type=\"jet-inline-svg.default\">\n\t\t\t\t<div class=\"elementor-widget-container\">\n\t\t\t\t\t<div class=\"elementor-jet-inline-svg jet-elements\"><div class=\"jet-inline-svg__wrapper\"><div class=\"jet-inline-svg jet-inline-svg--custom-width jet-inline-svg--custom-color\"><div class=\"jet-inline-svg__inner\"><?xml version=\"1.0\" encoding=\"UTF-8\"?>\n<svg preserveaspectratio=\"none\" xmlns=\"http:\/\/www.w3.org\/2000\/svg\" width=\"2009.041\" height=\"14.438\" viewbox=\"0 0 2009.041 14.438\">\n  <g id=\"Artwork_7\" data-name=\"Artwork 7\" transform=\"translate(686.27 4.932)\">\n    <g id=\"Group_336\" data-name=\"Group 336\" transform=\"translate(-686.27 -4.932)\">\n      <rect id=\"Rectangle_529\" data-name=\"Rectangle 529\" width=\"1760.302\" height=\"14.438\" transform=\"translate(248.738)\"><\/rect>\n      <rect id=\"Rectangle_530\" data-name=\"Rectangle 530\" width=\"38.267\" height=\"14.438\" opacity=\"0.2\"><\/rect>\n      <rect id=\"Rectangle_531\" data-name=\"Rectangle 531\" width=\"38.267\" height=\"14.438\" transform=\"translate(49.748)\" opacity=\"0.4\"><\/rect>\n      <rect id=\"Rectangle_532\" data-name=\"Rectangle 532\" width=\"38.267\" height=\"14.438\" transform=\"translate(99.495)\" opacity=\"0.6\"><\/rect>\n      <rect id=\"Rectangle_533\" data-name=\"Rectangle 533\" width=\"38.267\" height=\"14.438\" transform=\"translate(149.243)\" opacity=\"0.8\"><\/rect>\n      <rect id=\"Rectangle_534\" data-name=\"Rectangle 534\" width=\"38.267\" height=\"14.438\" transform=\"translate(198.991)\" opacity=\"0.9\"><\/rect>\n    <\/g>\n  <\/g>\n<\/svg>\n<\/div><\/div><\/div><\/div>\t\t\t\t<\/div>\n\t\t\t\t<\/div>\n\t\t\t\t\t<\/div>\n\t\t\t\t<\/div>\n\t\t\t\t<\/div>\n\t\t\t\t<div class=\"elementor-element elementor-element-5669567 elementor-widget elementor-widget-text-editor\" data-id=\"5669567\" data-element_type=\"widget\" data-e-type=\"widget\" data-widget_type=\"text-editor.default\">\n\t\t\t\t\t\t\t\t\t<h3>Ba \u01b0u ti\u00ean l\u1eadp ph\u00e1p ch\u00ednh c\u1ee7a Community Power l\u00e0:<\/h3>\t\t\t\t\t\t\t\t<\/div>\n\t\t<div data-particle_enable=\"false\" data-particle-mobile-disabled=\"false\" class=\"elementor-element elementor-element-6b6fa587 e-con-full e-flex e-con e-child\" data-id=\"6b6fa587\" data-element_type=\"container\" data-e-type=\"container\" data-settings=\"{&quot;jet_parallax_layout_list&quot;:[]}\">\n\t\t<div data-particle_enable=\"false\" data-particle-mobile-disabled=\"false\" class=\"elementor-element elementor-element-cdd5eea e-con-full e-flex e-con e-child\" data-id=\"cdd5eea\" data-element_type=\"container\" data-e-type=\"container\" data-settings=\"{&quot;jet_parallax_layout_list&quot;:[],&quot;background_background&quot;:&quot;gradient&quot;}\">\n\t\t<div data-particle_enable=\"false\" data-particle-mobile-disabled=\"false\" class=\"elementor-element elementor-element-746fe32 e-con-full e-flex e-con e-child\" data-id=\"746fe32\" data-element_type=\"container\" data-e-type=\"container\" data-settings=\"{&quot;background_background&quot;:&quot;classic&quot;,&quot;jet_parallax_layout_list&quot;:[]}\">\n\t\t\t\t<\/div>\n\t\t<div data-particle_enable=\"false\" data-particle-mobile-disabled=\"false\" class=\"elementor-element elementor-element-3e62e452 e-con-full e-flex e-con e-child\" data-id=\"3e62e452\" data-element_type=\"container\" data-e-type=\"container\" data-settings=\"{&quot;jet_parallax_layout_list&quot;:[]}\">\n\t\t\t\t<div class=\"elementor-element elementor-element-78583c4b elementor-widget elementor-widget-heading\" data-id=\"78583c4b\" data-element_type=\"widget\" data-e-type=\"widget\" data-widget_type=\"heading.default\">\n\t\t\t\t\t<h3 class=\"elementor-heading-title elementor-size-default\">T\u0103ng t\u1ed1c qu\u00e1 tr\u00ecnh gi\u1ea3m ph\u00e1t th\u1ea3i carbon s\u00e2u<\/h3>\t\t\t\t<\/div>\n\t\t\t\t<div class=\"elementor-element elementor-element-3b7cd184 elementor-widget elementor-widget-text-editor\" data-id=\"3b7cd184\" data-element_type=\"widget\" data-e-type=\"widget\" data-widget_type=\"text-editor.default\">\n\t\t\t\t\t\t\t\t\t<p style=\"text-align: left;\"><span style=\"font-weight: 400;\">Ch\u00fang t\u00f4i \u1ee7ng h\u1ed9 c\u00e1c ch\u00ednh s\u00e1ch gi\u00fap gi\u1ea3m thi\u1ec3u \u00f4 nhi\u1ec5m c\u00f3 h\u1ea1i, bao g\u1ed3m vi\u1ec7c l\u00e0m cho c\u00e1c t\u00f2a nh\u00e0 v\u00e0 giao th\u00f4ng tr\u1edf n\u00ean s\u1ea1ch h\u01a1n v\u00e0 s\u1eed d\u1ee5ng n\u0103ng l\u01b0\u1ee3ng \u0111i\u1ec7n nhi\u1ec1u h\u01a1n.<\/span><\/p>\t\t\t\t\t\t\t\t<\/div>\n\t\t\t\t<\/div>\n\t\t\t\t<\/div>\n\t\t<div data-particle_enable=\"false\" data-particle-mobile-disabled=\"false\" class=\"elementor-element elementor-element-6c641ff3 e-con-full e-flex e-con e-child\" data-id=\"6c641ff3\" data-element_type=\"container\" data-e-type=\"container\" data-settings=\"{&quot;jet_parallax_layout_list&quot;:[],&quot;background_background&quot;:&quot;gradient&quot;}\">\n\t\t<div data-particle_enable=\"false\" data-particle-mobile-disabled=\"false\" class=\"elementor-element elementor-element-30292d90 e-con-full e-flex e-con e-child\" data-id=\"30292d90\" data-element_type=\"container\" data-e-type=\"container\" data-settings=\"{&quot;background_background&quot;:&quot;classic&quot;,&quot;jet_parallax_layout_list&quot;:[]}\">\n\t\t\t\t<\/div>\n\t\t<div data-particle_enable=\"false\" data-particle-mobile-disabled=\"false\" class=\"elementor-element elementor-element-60f14977 e-con-full e-flex e-con e-child\" data-id=\"60f14977\" data-element_type=\"container\" data-e-type=\"container\" data-settings=\"{&quot;jet_parallax_layout_list&quot;:[]}\">\n\t\t\t\t<div class=\"elementor-element elementor-element-58917b2b elementor-widget elementor-widget-heading\" data-id=\"58917b2b\" data-element_type=\"widget\" data-e-type=\"widget\" data-widget_type=\"heading.default\">\n\t\t\t\t\t<h3 class=\"elementor-heading-title elementor-size-default\">Khuy\u1ebfn kh\u00edch ph\u00e1t tri\u1ec3n \u0111\u1ecba ph\u01b0\u01a1ng<\/h3>\t\t\t\t<\/div>\n\t\t\t\t<div class=\"elementor-element elementor-element-3a71e737 elementor-widget elementor-widget-text-editor\" data-id=\"3a71e737\" data-element_type=\"widget\" data-e-type=\"widget\" data-widget_type=\"text-editor.default\">\n\t\t\t\t\t\t\t\t\t<p style=\"text-align: left;\">Ch\u00fang t\u00f4i \u1ee7ng h\u1ed9 c\u00e1c kho\u1ea3n \u0111\u1ea7u t\u01b0 mang l\u1ea1i vi\u1ec7c l\u00e0m v\u00e0 d\u1ef1 \u00e1n n\u0103ng l\u01b0\u1ee3ng s\u1ea1ch cho khu v\u1ef1c c\u1ee7a ch\u00fang ta.<\/p>\t\t\t\t\t\t\t\t<\/div>\n\t\t\t\t<\/div>\n\t\t\t\t<\/div>\n\t\t<div data-particle_enable=\"false\" data-particle-mobile-disabled=\"false\" class=\"elementor-element elementor-element-1e3d2eba e-con-full e-flex e-con e-child\" data-id=\"1e3d2eba\" data-element_type=\"container\" data-e-type=\"container\" data-settings=\"{&quot;jet_parallax_layout_list&quot;:[],&quot;background_background&quot;:&quot;gradient&quot;}\">\n\t\t<div data-particle_enable=\"false\" data-particle-mobile-disabled=\"false\" class=\"elementor-element elementor-element-2a5e4dfc e-con-full e-flex e-con e-child\" data-id=\"2a5e4dfc\" data-element_type=\"container\" data-e-type=\"container\" data-settings=\"{&quot;background_background&quot;:&quot;classic&quot;,&quot;jet_parallax_layout_list&quot;:[]}\">\n\t\t\t\t<\/div>\n\t\t<div data-particle_enable=\"false\" data-particle-mobile-disabled=\"false\" class=\"elementor-element elementor-element-31091607 e-con-full e-flex e-con e-child\" data-id=\"31091607\" data-element_type=\"container\" data-e-type=\"container\" data-settings=\"{&quot;jet_parallax_layout_list&quot;:[]}\">\n\t\t\t\t<div class=\"elementor-element elementor-element-50dbc576 elementor-widget elementor-widget-heading\" data-id=\"50dbc576\" data-element_type=\"widget\" data-e-type=\"widget\" data-widget_type=\"heading.default\">\n\t\t\t\t\t<h3 class=\"elementor-heading-title elementor-size-default\">\u1ed4n \u0111\u1ecbnh s\u1ef1 l\u1ef1a ch\u1ecdn c\u1ee7a c\u1ed9ng \u0111\u1ed3ng<\/h3>\t\t\t\t<\/div>\n\t\t\t\t<div class=\"elementor-element elementor-element-6a4bcdc9 elementor-widget elementor-widget-text-editor\" data-id=\"6a4bcdc9\" data-element_type=\"widget\" data-e-type=\"widget\" data-widget_type=\"text-editor.default\">\n\t\t\t\t\t\t\t\t\t<p style=\"text-align: left;\">Ch\u00fang t\u00f4i n\u1ed7 l\u1ef1c b\u1ea3o v\u1ec7 quy\u1ec1n l\u1ef1a ch\u1ecdn nh\u00e0 cung c\u1ea5p n\u0103ng l\u01b0\u1ee3ng c\u1ee7a c\u00e1c c\u1ed9ng \u0111\u1ed3ng \u0111\u1ecba ph\u01b0\u01a1ng.<\/p>\t\t\t\t\t\t\t\t<\/div>\n\t\t\t\t<\/div>\n\t\t\t\t<\/div>\n\t\t\t\t<\/div>\n\t\t\t\t<\/div>\n\t\t\t\t<\/div>\n\t\t<div data-particle_enable=\"false\" data-particle-mobile-disabled=\"false\" class=\"elementor-element elementor-element-58afaed e-con-full parent-container e-flex e-con e-parent\" data-id=\"58afaed\" data-element_type=\"container\" data-e-type=\"container\" data-settings=\"{&quot;background_background&quot;:&quot;classic&quot;,&quot;jet_parallax_layout_list&quot;:[]}\">\n\t\t<div data-particle_enable=\"false\" data-particle-mobile-disabled=\"false\" class=\"elementor-element elementor-element-dbf0d09 e-con-full e-flex e-con e-child\" data-id=\"dbf0d09\" data-element_type=\"container\" data-e-type=\"container\" data-settings=\"{&quot;jet_parallax_layout_list&quot;:[]}\">\n\t\t<div data-particle_enable=\"false\" data-particle-mobile-disabled=\"false\" class=\"elementor-element elementor-element-3381d23 e-con-full e-flex e-con e-child\" data-id=\"3381d23\" data-element_type=\"container\" data-e-type=\"container\" data-settings=\"{&quot;jet_parallax_layout_list&quot;:[]}\">\n\t\t\t\t<div class=\"elementor-element elementor-element-98acc53 elementor-widget elementor-widget-heading\" data-id=\"98acc53\" data-element_type=\"widget\" data-e-type=\"widget\" data-widget_type=\"heading.default\">\n\t\t\t\t\t<h2 class=\"elementor-heading-title elementor-size-default\">C\u00f4ng c\u1ee5 theo d\u00f5i lu\u1eadt ph\u00e1p<\/h2>\t\t\t\t<\/div>\n\t\t\t\t<div class=\"elementor-element elementor-element-2568342 elementor-widget elementor-widget-text-editor\" data-id=\"2568342\" data-element_type=\"widget\" data-e-type=\"widget\" data-widget_type=\"text-editor.default\">\n\t\t\t\t\t\t\t\t\t<p>C\u1ee7a ch\u00fang t\u00f4i <a href=\"https:\/\/sdcommunitypower.org\/wp-content\/uploads\/2024\/04\/SDCP_LegReg_Policy-Platform-Board_Approved_March_2024.pdf\" target=\"_blank\" rel=\"noopener\">N\u1ec1n t\u1ea3ng l\u1eadp ph\u00e1p c\u00f4ng khai<\/a> H\u01b0\u1edbng d\u1eabn c\u00e1ch ch\u00fang t\u00f4i tham gia v\u00e0o c\u00e1c v\u1ea5n \u0111\u1ec1 ph\u1ea3n \u00e1nh s\u1ee9 m\u1ec7nh v\u00e0 \u01b0u ti\u00ean c\u1ee7a kh\u00e1ch h\u00e0ng c\u1ee7a Community Power \u0111\u1ed3ng th\u1eddi duy tr\u00ec quy\u1ec1n quy\u1ebft \u0111\u1ecbnh \u0111\u1ecba ph\u01b0\u01a1ng. Ch\u00fang t\u00f4i c\u1eadp nh\u1eadt danh s\u00e1ch n\u00e0y th\u01b0\u1eddng xuy\u00ean \u0111\u1ec3 ph\u1ea3n \u00e1nh c\u00e1c ho\u1ea1t \u0111\u1ed9ng l\u1eadp ph\u00e1p v\u1ec1 n\u0103ng l\u01b0\u1ee3ng c\u1ee7a ti\u1ec3u bang v\u00e0 li\u00ean bang \u0111ang di\u1ec5n ra c\u0169ng nh\u01b0 c\u00e1c quan \u0111i\u1ec3m hi\u1ec7n t\u1ea1i c\u1ee7a ch\u00fang t\u00f4i.<\/p>\t\t\t\t\t\t\t\t<\/div>\n\t\t\t\t<\/div>\n\t\t<div data-particle_enable=\"false\" data-particle-mobile-disabled=\"false\" class=\"elementor-element elementor-element-fcc3a99 e-con-full e-flex e-con e-child\" data-id=\"fcc3a99\" data-element_type=\"container\" data-e-type=\"container\" data-settings=\"{&quot;background_background&quot;:&quot;classic&quot;,&quot;jet_parallax_layout_list&quot;:[]}\">\n\t\t\t\t<div class=\"elementor-element elementor-element-a93ea7e elementor-widget elementor-widget-html\" data-id=\"a93ea7e\" data-element_type=\"widget\" data-e-type=\"widget\" data-widget_type=\"html.default\">\n\t\t\t\t\t<a target= \"_blank\" href=\"https:\/\/ct35.capitoltrack.com\/public\/0\/report\/run?id=6a8ca826-0a5a-49b5-b2e2-9a9028758d81\" ><\/a> <iframe frameborder=\"0\" width=\"670\" height=\"600\" src=\"https:\/\/ct35.capitoltrack.com\/public\/0\/report\/run?id=6a8ca826-0a5a-49b5-b2e2-9a9028758d81\" \/> \t\t\t\t<\/div>\n\t\t\t\t<\/div>\n\t\t\t\t<\/div>\n\t\t\t\t<\/div>\n\t\t\t\t<\/div>","protected":false},"excerpt":{"rendered":"<p>Our Focus\u200b Community Power\u2019s three main legislative priorities are: Accelerating deep decarbonization We support policies that help reduce harmful pollution, including making buildings and transportation cleaner and more electric. Promoting [&hellip;]<\/p>\n","protected":false},"author":22,"featured_media":15320,"parent":0,"menu_order":64,"comment_status":"closed","ping_status":"closed","template":"","meta":{"footnotes":""},"class_list":["post-3440","page","type-page","status-publish","has-post-thumbnail","hentry"],"yoast_head":"<!-- This site is optimized with the Yoast SEO Premium plugin v27.2 (Yoast SEO v27.2) - https:\/\/yoast.com\/product\/yoast-seo-premium-wordpress\/ -->\n<title>Legislative Priorities - San Diego Community Power<\/title>\n<meta name=\"description\" content=\"San Diego Community Power&#039;s legislative priorities reflect its mission and customer needs while preserving local decision-making.\" \/>\n<meta name=\"robots\" content=\"index, follow, max-snippet:-1, max-image-preview:large, max-video-preview:-1\" \/>\n<link rel=\"canonical\" href=\"https:\/\/sdcommunitypower.org\/vi\/uu-tien-lap-phap\/\" \/>\n<meta property=\"og:locale\" content=\"vi_VN\" \/>\n<meta property=\"og:type\" content=\"article\" \/>\n<meta property=\"og:title\" content=\"Legislative Priorities\" \/>\n<meta property=\"og:description\" content=\"Our Focus\u200b Community Power\u2019s three main legislative priorities are: Accelerating deep decarbonization We support policies that help reduce harmful\" \/>\n<meta property=\"og:url\" content=\"https:\/\/sdcommunitypower.org\/vi\/uu-tien-lap-phap\/\" \/>\n<meta property=\"og:site_name\" content=\"San Diego Community Power\" \/>\n<meta property=\"article:modified_time\" content=\"2025-11-05T00:06:56+00:00\" \/>\n<meta property=\"og:image\" content=\"https:\/\/sdcommunitypower.org\/wp-content\/uploads\/2025\/08\/Skyline_AdobeStock_312560959.jpeg\" \/>\n\t<meta property=\"og:image:width\" content=\"1800\" \/>\n\t<meta property=\"og:image:height\" content=\"769\" \/>\n\t<meta property=\"og:image:type\" content=\"image\/jpeg\" \/>\n<meta name=\"twitter:card\" content=\"summary_large_image\" \/>\n<meta name=\"twitter:label1\" content=\"\u01af\u1edbc t\u00ednh th\u1eddi gian \u0111\u1ecdc\" \/>\n\t<meta name=\"twitter:data1\" content=\"1 ph\u00fat\" \/>\n<script type=\"application\/ld+json\" class=\"yoast-schema-graph\">{\"@context\":\"https:\/\/schema.org\",\"@graph\":[{\"@type\":\"WebPage\",\"@id\":\"https:\/\/sdcommunitypower.org\/legislative-priorities\/\",\"url\":\"https:\/\/sdcommunitypower.org\/legislative-priorities\/\",\"name\":\"Legislative Priorities - San Diego Community Power\",\"isPartOf\":{\"@id\":\"https:\/\/sdcommunitypower.org\/#website\"},\"primaryImageOfPage\":{\"@id\":\"https:\/\/sdcommunitypower.org\/legislative-priorities\/#primaryimage\"},\"image\":{\"@id\":\"https:\/\/sdcommunitypower.org\/legislative-priorities\/#primaryimage\"},\"thumbnailUrl\":\"https:\/\/sdcommunitypower.org\/wp-content\/uploads\/2025\/08\/Skyline_AdobeStock_312560959.jpeg\",\"datePublished\":\"2022-04-05T15:17:21+00:00\",\"dateModified\":\"2025-11-05T00:06:56+00:00\",\"description\":\"San Diego Community Power's legislative priorities reflect its mission and customer needs while preserving local decision-making.\",\"breadcrumb\":{\"@id\":\"https:\/\/sdcommunitypower.org\/legislative-priorities\/#breadcrumb\"},\"inLanguage\":\"vi\",\"potentialAction\":[{\"@type\":\"ReadAction\",\"target\":[\"https:\/\/sdcommunitypower.org\/legislative-priorities\/\"]}]},{\"@type\":\"ImageObject\",\"inLanguage\":\"vi\",\"@id\":\"https:\/\/sdcommunitypower.org\/legislative-priorities\/#primaryimage\",\"url\":\"https:\/\/sdcommunitypower.org\/wp-content\/uploads\/2025\/08\/Skyline_AdobeStock_312560959.jpeg\",\"contentUrl\":\"https:\/\/sdcommunitypower.org\/wp-content\/uploads\/2025\/08\/Skyline_AdobeStock_312560959.jpeg\",\"width\":1800,\"height\":769},{\"@type\":\"BreadcrumbList\",\"@id\":\"https:\/\/sdcommunitypower.org\/legislative-priorities\/#breadcrumb\",\"itemListElement\":[{\"@type\":\"ListItem\",\"position\":1,\"name\":\"Home\",\"item\":\"https:\/\/sdcommunitypower.org\/\"},{\"@type\":\"ListItem\",\"position\":2,\"name\":\"Legislative Priorities\"}]},{\"@type\":\"WebSite\",\"@id\":\"https:\/\/sdcommunitypower.org\/#website\",\"url\":\"https:\/\/sdcommunitypower.org\/\",\"name\":\"San Diego Community Power\",\"description\":\"Powering a clean, affordable energy future\",\"publisher\":{\"@id\":\"https:\/\/sdcommunitypower.org\/#organization\"},\"potentialAction\":[{\"@type\":\"SearchAction\",\"target\":{\"@type\":\"EntryPoint\",\"urlTemplate\":\"https:\/\/sdcommunitypower.org\/?s={search_term_string}\"},\"query-input\":{\"@type\":\"PropertyValueSpecification\",\"valueRequired\":true,\"valueName\":\"search_term_string\"}}],\"inLanguage\":\"vi\"},{\"@type\":\"Organization\",\"@id\":\"https:\/\/sdcommunitypower.org\/#organization\",\"name\":\"San Diego Community Power\",\"url\":\"https:\/\/sdcommunitypower.org\/\",\"logo\":{\"@type\":\"ImageObject\",\"inLanguage\":\"vi\",\"@id\":\"https:\/\/sdcommunitypower.org\/#\/schema\/logo\/image\/\",\"url\":\"https:\/\/sdcommunitypower.org\/wp-content\/uploads\/2020\/12\/20-SDCP-0456_BrandSuite_SocialIcons_FNL-01.png\",\"contentUrl\":\"https:\/\/sdcommunitypower.org\/wp-content\/uploads\/2020\/12\/20-SDCP-0456_BrandSuite_SocialIcons_FNL-01.png\",\"width\":1000,\"height\":1001,\"caption\":\"San Diego Community Power\"},\"image\":{\"@id\":\"https:\/\/sdcommunitypower.org\/#\/schema\/logo\/image\/\"}}]}<\/script>\n<!-- \/ Yoast SEO Premium plugin. -->","yoast_head_json":{"title":"\u01afu ti\u00ean l\u1eadp ph\u00e1p - San Diego Community Power","description":"C\u00e1c \u01b0u ti\u00ean l\u1eadp ph\u00e1p c\u1ee7a San Diego Community Power ph\u1ea3n \u00e1nh s\u1ee9 m\u1ec7nh v\u00e0 nhu c\u1ea7u c\u1ee7a kh\u00e1ch h\u00e0ng \u0111\u1ed3ng th\u1eddi duy tr\u00ec quy\u1ec1n quy\u1ebft \u0111\u1ecbnh \u0111\u1ecba ph\u01b0\u01a1ng.","robots":{"index":"index","follow":"follow","max-snippet":"max-snippet:-1","max-image-preview":"max-image-preview:large","max-video-preview":"max-video-preview:-1"},"canonical":"https:\/\/sdcommunitypower.org\/vi\/uu-tien-lap-phap\/","og_locale":"vi_VN","og_type":"article","og_title":"Legislative Priorities","og_description":"Our Focus\u200b Community Power\u2019s three main legislative priorities are: Accelerating deep decarbonization We support policies that help reduce harmful","og_url":"https:\/\/sdcommunitypower.org\/vi\/uu-tien-lap-phap\/","og_site_name":"San Diego Community Power","article_modified_time":"2025-11-05T00:06:56+00:00","og_image":[{"width":1800,"height":769,"url":"https:\/\/sdcommunitypower.org\/wp-content\/uploads\/2025\/08\/Skyline_AdobeStock_312560959.jpeg","type":"image\/jpeg"}],"twitter_card":"summary_large_image","twitter_misc":{"\u01af\u1edbc t\u00ednh th\u1eddi gian \u0111\u1ecdc":"1 ph\u00fat"},"schema":{"@context":"https:\/\/schema.org","@graph":[{"@type":"WebPage","@id":"https:\/\/sdcommunitypower.org\/legislative-priorities\/","url":"https:\/\/sdcommunitypower.org\/legislative-priorities\/","name":"\u01afu ti\u00ean l\u1eadp ph\u00e1p - San Diego Community Power","isPartOf":{"@id":"https:\/\/sdcommunitypower.org\/#website"},"primaryImageOfPage":{"@id":"https:\/\/sdcommunitypower.org\/legislative-priorities\/#primaryimage"},"image":{"@id":"https:\/\/sdcommunitypower.org\/legislative-priorities\/#primaryimage"},"thumbnailUrl":"https:\/\/sdcommunitypower.org\/wp-content\/uploads\/2025\/08\/Skyline_AdobeStock_312560959.jpeg","datePublished":"2022-04-05T15:17:21+00:00","dateModified":"2025-11-05T00:06:56+00:00","description":"C\u00e1c \u01b0u ti\u00ean l\u1eadp ph\u00e1p c\u1ee7a San Diego Community Power ph\u1ea3n \u00e1nh s\u1ee9 m\u1ec7nh v\u00e0 nhu c\u1ea7u c\u1ee7a kh\u00e1ch h\u00e0ng \u0111\u1ed3ng th\u1eddi duy tr\u00ec quy\u1ec1n quy\u1ebft \u0111\u1ecbnh \u0111\u1ecba ph\u01b0\u01a1ng.","breadcrumb":{"@id":"https:\/\/sdcommunitypower.org\/legislative-priorities\/#breadcrumb"},"inLanguage":"vi","potentialAction":[{"@type":"ReadAction","target":["https:\/\/sdcommunitypower.org\/legislative-priorities\/"]}]},{"@type":"ImageObject","inLanguage":"vi","@id":"https:\/\/sdcommunitypower.org\/legislative-priorities\/#primaryimage","url":"https:\/\/sdcommunitypower.org\/wp-content\/uploads\/2025\/08\/Skyline_AdobeStock_312560959.jpeg","contentUrl":"https:\/\/sdcommunitypower.org\/wp-content\/uploads\/2025\/08\/Skyline_AdobeStock_312560959.jpeg","width":1800,"height":769},{"@type":"BreadcrumbList","@id":"https:\/\/sdcommunitypower.org\/legislative-priorities\/#breadcrumb","itemListElement":[{"@type":"ListItem","position":1,"name":"Home","item":"https:\/\/sdcommunitypower.org\/"},{"@type":"ListItem","position":2,"name":"Legislative Priorities"}]},{"@type":"WebSite","@id":"https:\/\/sdcommunitypower.org\/#website","url":"https:\/\/sdcommunitypower.org\/","name":"San Diego Community Power","description":"Cung c\u1ea5p n\u0103ng l\u01b0\u1ee3ng s\u1ea1ch v\u00e0 gi\u00e1 c\u1ea3 ph\u1ea3i ch\u0103ng cho t\u01b0\u01a1ng lai","publisher":{"@id":"https:\/\/sdcommunitypower.org\/#organization"},"potentialAction":[{"@type":"SearchAction","target":{"@type":"EntryPoint","urlTemplate":"https:\/\/sdcommunitypower.org\/?s={search_term_string}"},"query-input":{"@type":"PropertyValueSpecification","valueRequired":true,"valueName":"search_term_string"}}],"inLanguage":"vi"},{"@type":"Organization","@id":"https:\/\/sdcommunitypower.org\/#organization","name":"San Diego Community Power","url":"https:\/\/sdcommunitypower.org\/","logo":{"@type":"ImageObject","inLanguage":"vi","@id":"https:\/\/sdcommunitypower.org\/#\/schema\/logo\/image\/","url":"https:\/\/sdcommunitypower.org\/wp-content\/uploads\/2020\/12\/20-SDCP-0456_BrandSuite_SocialIcons_FNL-01.png","contentUrl":"https:\/\/sdcommunitypower.org\/wp-content\/uploads\/2020\/12\/20-SDCP-0456_BrandSuite_SocialIcons_FNL-01.png","width":1000,"height":1001,"caption":"San Diego Community Power"},"image":{"@id":"https:\/\/sdcommunitypower.org\/#\/schema\/logo\/image\/"}}]}},"_links":{"self":[{"href":"https:\/\/sdcommunitypower.org\/vi\/wp-json\/wp\/v2\/pages\/3440","targetHints":{"allow":["GET"]}}],"collection":[{"href":"https:\/\/sdcommunitypower.org\/vi\/wp-json\/wp\/v2\/pages"}],"about":[{"href":"https:\/\/sdcommunitypower.org\/vi\/wp-json\/wp\/v2\/types\/page"}],"author":[{"embeddable":true,"href":"https:\/\/sdcommunitypower.org\/vi\/wp-json\/wp\/v2\/users\/22"}],"replies":[{"embeddable":true,"href":"https:\/\/sdcommunitypower.org\/vi\/wp-json\/wp\/v2\/comments?post=3440"}],"version-history":[{"count":5,"href":"https:\/\/sdcommunitypower.org\/vi\/wp-json\/wp\/v2\/pages\/3440\/revisions"}],"predecessor-version":[{"id":26830,"href":"https:\/\/sdcommunitypower.org\/vi\/wp-json\/wp\/v2\/pages\/3440\/revisions\/26830"}],"wp:featuredmedia":[{"embeddable":true,"href":"https:\/\/sdcommunitypower.org\/vi\/wp-json\/wp\/v2\/media\/15320"}],"wp:attachment":[{"href":"https:\/\/sdcommunitypower.org\/vi\/wp-json\/wp\/v2\/media?parent=3440"}],"curies":[{"name":"wp","href":"https:\/\/api.w.org\/{rel}","templated":true}]}}