{"id":7019,"date":"2023-11-19T13:21:00","date_gmt":"2023-11-19T21:21:00","guid":{"rendered":"https:\/\/sdcommunitypower.org\/?page_id=7019"},"modified":"2024-12-18T11:34:09","modified_gmt":"2024-12-18T19:34:09","slug":"san-xuat-dien-cua-khach-hang","status":"publish","type":"page","link":"https:\/\/sdcommunitypower.org\/vi\/programs\/customer-power-generation\/","title":{"rendered":"S\u1ea3n xu\u1ea5t \u0111i\u1ec7n c\u1ee7a kh\u00e1ch h\u00e0ng"},"content":{"rendered":"<p>\u0110\u1ed1i v\u1edbi kh\u00e1ch h\u00e0ng s\u1eed d\u1ee5ng h\u1ec7 th\u1ed1ng t\u1ef1 s\u1ea3n xu\u1ea5t n\u0103ng l\u01b0\u1ee3ng t\u00e1i t\u1ea1o (nh\u01b0 t\u1ea5m pin m\u1eb7t tr\u1eddi), h\u00e3y t\u00ecm hi\u1ec3u th\u00eam v\u1ec1 c\u00e1c ch\u01b0\u01a1ng tr\u00ecnh Net Energy Metering (NEM) v\u00e0 Solar Billing Plan (SBP) m\u1edbi c\u1ee7a ch\u00fang t\u00f4i.\u00a0<\/p>","protected":false},"excerpt":{"rendered":"<p>\u0110\u1ed1i v\u1edbi kh\u00e1ch h\u00e0ng s\u1eed d\u1ee5ng h\u1ec7 th\u1ed1ng t\u1ef1 s\u1ea3n xu\u1ea5t n\u0103ng l\u01b0\u1ee3ng t\u00e1i t\u1ea1o (nh\u01b0 t\u1ea5m pin m\u1eb7t tr\u1eddi), h\u00e3y t\u00ecm hi\u1ec3u th\u00eam v\u1ec1 c\u00e1c ch\u01b0\u01a1ng tr\u00ecnh Net Energy Metering (NEM) v\u00e0 Solar Billing Plan (SBP) m\u1edbi c\u1ee7a ch\u00fang t\u00f4i.\u00a0<\/p>","protected":false},"author":22,"featured_media":7070,"parent":3106,"menu_order":45,"comment_status":"closed","ping_status":"closed","template":"templates\/power-your-life.php","meta":{"footnotes":""},"class_list":["post-7019","page","type-page","status-publish","has-post-thumbnail","hentry"],"yoast_head":"<!-- This site is optimized with the Yoast SEO Premium plugin v27.2 (Yoast SEO v27.2) - https:\/\/yoast.com\/product\/yoast-seo-premium-wordpress\/ -->\n<title>Customer Power Generation - San Diego Community Power<\/title>\n<meta name=\"robots\" content=\"noindex, nofollow\" \/>\n<meta property=\"og:locale\" content=\"vi_VN\" \/>\n<meta property=\"og:type\" content=\"article\" \/>\n<meta property=\"og:title\" content=\"Customer Power Generation\" \/>\n<meta property=\"og:description\" content=\"For customers with renewable energy self-generation systems (like solar panels), learn more about our Net Energy Metering (NEM) and new Solar Billing Plan\" \/>\n<meta property=\"og:url\" content=\"https:\/\/sdcommunitypower.org\/vi\/chuong-trinh\/san-xuat-dien-cua-khach-hang\/\" \/>\n<meta property=\"og:site_name\" content=\"San Diego Community Power\" \/>\n<meta property=\"article:modified_time\" content=\"2024-12-18T19:34:09+00:00\" \/>\n<meta property=\"og:image\" content=\"https:\/\/sdcommunitypower.org\/wp-content\/uploads\/2023\/11\/SolarFamily-scaled.jpg\" \/>\n\t<meta property=\"og:image:width\" content=\"2560\" \/>\n\t<meta property=\"og:image:height\" content=\"1709\" \/>\n\t<meta property=\"og:image:type\" content=\"image\/jpeg\" \/>\n<meta name=\"twitter:card\" content=\"summary_large_image\" \/>\n<meta name=\"twitter:label1\" content=\"\u01af\u1edbc t\u00ednh th\u1eddi gian \u0111\u1ecdc\" \/>\n\t<meta name=\"twitter:data1\" content=\"1 ph\u00fat\" \/>\n<script type=\"application\/ld+json\" class=\"yoast-schema-graph\">{\"@context\":\"https:\/\/schema.org\",\"@graph\":[{\"@type\":\"WebPage\",\"@id\":\"https:\/\/sdcommunitypower.org\/programs\/customer-power-generation\/\",\"url\":\"https:\/\/sdcommunitypower.org\/programs\/customer-power-generation\/\",\"name\":\"Customer Power Generation - San Diego Community Power\",\"isPartOf\":{\"@id\":\"https:\/\/sdcommunitypower.org\/#website\"},\"primaryImageOfPage\":{\"@id\":\"https:\/\/sdcommunitypower.org\/programs\/customer-power-generation\/#primaryimage\"},\"image\":{\"@id\":\"https:\/\/sdcommunitypower.org\/programs\/customer-power-generation\/#primaryimage\"},\"thumbnailUrl\":\"https:\/\/sdcommunitypower.org\/wp-content\/uploads\/2023\/11\/SolarFamily-scaled.jpg\",\"datePublished\":\"2023-11-19T21:21:00+00:00\",\"dateModified\":\"2024-12-18T19:34:09+00:00\",\"breadcrumb\":{\"@id\":\"https:\/\/sdcommunitypower.org\/programs\/customer-power-generation\/#breadcrumb\"},\"inLanguage\":\"vi\",\"potentialAction\":[{\"@type\":\"ReadAction\",\"target\":[\"https:\/\/sdcommunitypower.org\/programs\/customer-power-generation\/\"]}]},{\"@type\":\"ImageObject\",\"inLanguage\":\"vi\",\"@id\":\"https:\/\/sdcommunitypower.org\/programs\/customer-power-generation\/#primaryimage\",\"url\":\"https:\/\/sdcommunitypower.org\/wp-content\/uploads\/2023\/11\/SolarFamily-scaled.jpg\",\"contentUrl\":\"https:\/\/sdcommunitypower.org\/wp-content\/uploads\/2023\/11\/SolarFamily-scaled.jpg\",\"width\":2560,\"height\":1709},{\"@type\":\"BreadcrumbList\",\"@id\":\"https:\/\/sdcommunitypower.org\/programs\/customer-power-generation\/#breadcrumb\",\"itemListElement\":[{\"@type\":\"ListItem\",\"position\":1,\"name\":\"Home\",\"item\":\"https:\/\/sdcommunitypower.org\/\"},{\"@type\":\"ListItem\",\"position\":2,\"name\":\"Programs\",\"item\":\"https:\/\/sdcommunitypower.org\/?page_id=3106\"},{\"@type\":\"ListItem\",\"position\":3,\"name\":\"Customer Power Generation\"}]},{\"@type\":\"WebSite\",\"@id\":\"https:\/\/sdcommunitypower.org\/#website\",\"url\":\"https:\/\/sdcommunitypower.org\/\",\"name\":\"San Diego Community Power\",\"description\":\"Powering a clean, affordable energy future\",\"publisher\":{\"@id\":\"https:\/\/sdcommunitypower.org\/#organization\"},\"potentialAction\":[{\"@type\":\"SearchAction\",\"target\":{\"@type\":\"EntryPoint\",\"urlTemplate\":\"https:\/\/sdcommunitypower.org\/?s={search_term_string}\"},\"query-input\":{\"@type\":\"PropertyValueSpecification\",\"valueRequired\":true,\"valueName\":\"search_term_string\"}}],\"inLanguage\":\"vi\"},{\"@type\":\"Organization\",\"@id\":\"https:\/\/sdcommunitypower.org\/#organization\",\"name\":\"San Diego Community Power\",\"url\":\"https:\/\/sdcommunitypower.org\/\",\"logo\":{\"@type\":\"ImageObject\",\"inLanguage\":\"vi\",\"@id\":\"https:\/\/sdcommunitypower.org\/#\/schema\/logo\/image\/\",\"url\":\"https:\/\/sdcommunitypower.org\/wp-content\/uploads\/2020\/12\/20-SDCP-0456_BrandSuite_SocialIcons_FNL-01.png\",\"contentUrl\":\"https:\/\/sdcommunitypower.org\/wp-content\/uploads\/2020\/12\/20-SDCP-0456_BrandSuite_SocialIcons_FNL-01.png\",\"width\":1000,\"height\":1001,\"caption\":\"San Diego Community Power\"},\"image\":{\"@id\":\"https:\/\/sdcommunitypower.org\/#\/schema\/logo\/image\/\"}}]}<\/script>\n<!-- \/ Yoast SEO Premium plugin. -->","yoast_head_json":{"title":"S\u1ea3n xu\u1ea5t \u0111i\u1ec7n c\u1ee7a kh\u00e1ch h\u00e0ng - San Diego Community Power","robots":{"index":"noindex","follow":"nofollow"},"og_locale":"vi_VN","og_type":"article","og_title":"Customer Power Generation","og_description":"For customers with renewable energy self-generation systems (like solar panels), learn more about our Net Energy Metering (NEM) and new Solar Billing Plan","og_url":"https:\/\/sdcommunitypower.org\/vi\/chuong-trinh\/san-xuat-dien-cua-khach-hang\/","og_site_name":"San Diego Community Power","article_modified_time":"2024-12-18T19:34:09+00:00","og_image":[{"width":2560,"height":1709,"url":"https:\/\/sdcommunitypower.org\/wp-content\/uploads\/2023\/11\/SolarFamily-scaled.jpg","type":"image\/jpeg"}],"twitter_card":"summary_large_image","twitter_misc":{"\u01af\u1edbc t\u00ednh th\u1eddi gian \u0111\u1ecdc":"1 ph\u00fat"},"schema":{"@context":"https:\/\/schema.org","@graph":[{"@type":"WebPage","@id":"https:\/\/sdcommunitypower.org\/programs\/customer-power-generation\/","url":"https:\/\/sdcommunitypower.org\/programs\/customer-power-generation\/","name":"S\u1ea3n xu\u1ea5t \u0111i\u1ec7n c\u1ee7a kh\u00e1ch h\u00e0ng - San Diego Community Power","isPartOf":{"@id":"https:\/\/sdcommunitypower.org\/#website"},"primaryImageOfPage":{"@id":"https:\/\/sdcommunitypower.org\/programs\/customer-power-generation\/#primaryimage"},"image":{"@id":"https:\/\/sdcommunitypower.org\/programs\/customer-power-generation\/#primaryimage"},"thumbnailUrl":"https:\/\/sdcommunitypower.org\/wp-content\/uploads\/2023\/11\/SolarFamily-scaled.jpg","datePublished":"2023-11-19T21:21:00+00:00","dateModified":"2024-12-18T19:34:09+00:00","breadcrumb":{"@id":"https:\/\/sdcommunitypower.org\/programs\/customer-power-generation\/#breadcrumb"},"inLanguage":"vi","potentialAction":[{"@type":"ReadAction","target":["https:\/\/sdcommunitypower.org\/programs\/customer-power-generation\/"]}]},{"@type":"ImageObject","inLanguage":"vi","@id":"https:\/\/sdcommunitypower.org\/programs\/customer-power-generation\/#primaryimage","url":"https:\/\/sdcommunitypower.org\/wp-content\/uploads\/2023\/11\/SolarFamily-scaled.jpg","contentUrl":"https:\/\/sdcommunitypower.org\/wp-content\/uploads\/2023\/11\/SolarFamily-scaled.jpg","width":2560,"height":1709},{"@type":"BreadcrumbList","@id":"https:\/\/sdcommunitypower.org\/programs\/customer-power-generation\/#breadcrumb","itemListElement":[{"@type":"ListItem","position":1,"name":"Home","item":"https:\/\/sdcommunitypower.org\/"},{"@type":"ListItem","position":2,"name":"Programs","item":"https:\/\/sdcommunitypower.org\/?page_id=3106"},{"@type":"ListItem","position":3,"name":"Customer Power Generation"}]},{"@type":"WebSite","@id":"https:\/\/sdcommunitypower.org\/#website","url":"https:\/\/sdcommunitypower.org\/","name":"San Diego Community Power","description":"Cung c\u1ea5p n\u0103ng l\u01b0\u1ee3ng s\u1ea1ch v\u00e0 gi\u00e1 c\u1ea3 ph\u1ea3i ch\u0103ng cho t\u01b0\u01a1ng lai","publisher":{"@id":"https:\/\/sdcommunitypower.org\/#organization"},"potentialAction":[{"@type":"SearchAction","target":{"@type":"EntryPoint","urlTemplate":"https:\/\/sdcommunitypower.org\/?s={search_term_string}"},"query-input":{"@type":"PropertyValueSpecification","valueRequired":true,"valueName":"search_term_string"}}],"inLanguage":"vi"},{"@type":"Organization","@id":"https:\/\/sdcommunitypower.org\/#organization","name":"San Diego Community Power","url":"https:\/\/sdcommunitypower.org\/","logo":{"@type":"ImageObject","inLanguage":"vi","@id":"https:\/\/sdcommunitypower.org\/#\/schema\/logo\/image\/","url":"https:\/\/sdcommunitypower.org\/wp-content\/uploads\/2020\/12\/20-SDCP-0456_BrandSuite_SocialIcons_FNL-01.png","contentUrl":"https:\/\/sdcommunitypower.org\/wp-content\/uploads\/2020\/12\/20-SDCP-0456_BrandSuite_SocialIcons_FNL-01.png","width":1000,"height":1001,"caption":"San Diego Community Power"},"image":{"@id":"https:\/\/sdcommunitypower.org\/#\/schema\/logo\/image\/"}}]}},"_links":{"self":[{"href":"https:\/\/sdcommunitypower.org\/vi\/wp-json\/wp\/v2\/pages\/7019","targetHints":{"allow":["GET"]}}],"collection":[{"href":"https:\/\/sdcommunitypower.org\/vi\/wp-json\/wp\/v2\/pages"}],"about":[{"href":"https:\/\/sdcommunitypower.org\/vi\/wp-json\/wp\/v2\/types\/page"}],"author":[{"embeddable":true,"href":"https:\/\/sdcommunitypower.org\/vi\/wp-json\/wp\/v2\/users\/22"}],"replies":[{"embeddable":true,"href":"https:\/\/sdcommunitypower.org\/vi\/wp-json\/wp\/v2\/comments?post=7019"}],"version-history":[{"count":0,"href":"https:\/\/sdcommunitypower.org\/vi\/wp-json\/wp\/v2\/pages\/7019\/revisions"}],"up":[{"embeddable":true,"href":"https:\/\/sdcommunitypower.org\/vi\/wp-json\/wp\/v2\/pages\/3106"}],"wp:featuredmedia":[{"embeddable":true,"href":"https:\/\/sdcommunitypower.org\/vi\/wp-json\/wp\/v2\/media\/7070"}],"wp:attachment":[{"href":"https:\/\/sdcommunitypower.org\/vi\/wp-json\/wp\/v2\/media?parent=7019"}],"curies":[{"name":"wp","href":"https:\/\/api.w.org\/{rel}","templated":true}]}}