{"id":7846,"date":"2024-03-27T16:28:12","date_gmt":"2024-03-27T23:28:12","guid":{"rendered":"https:\/\/sdcommunitypower.org\/?page_id=7846"},"modified":"2025-11-07T17:29:13","modified_gmt":"2025-11-08T01:29:13","slug":"rin","status":"publish","type":"page","link":"https:\/\/sdcommunitypower.org\/vi\/rin\/","title":{"rendered":"S\u1ed1 nh\u1eadn d\u1ea1ng t\u1ef7 l\u1ec7 (RIN)"},"content":{"rendered":"<div data-elementor-type=\"wp-page\" data-elementor-id=\"7846\" class=\"elementor elementor-7846\" data-elementor-post-type=\"page\">\n\t\t\t\t<div data-particle_enable=\"false\" data-particle-mobile-disabled=\"false\" class=\"elementor-element elementor-element-25add022 e-con-full e-flex e-con e-parent\" data-id=\"25add022\" data-element_type=\"container\" data-e-type=\"container\" data-settings=\"{&quot;jet_parallax_layout_list&quot;:[]}\">\n\t\t<div data-particle_enable=\"false\" data-particle-mobile-disabled=\"false\" class=\"elementor-element elementor-element-3ad17508 e-con-full hero-internal e-flex e-con e-child\" data-id=\"3ad17508\" data-element_type=\"container\" data-e-type=\"container\" data-settings=\"{&quot;background_background&quot;:&quot;classic&quot;,&quot;jet_parallax_layout_list&quot;:[]}\">\n\t\t<div data-particle_enable=\"false\" data-particle-mobile-disabled=\"false\" class=\"elementor-element elementor-element-7350898f e-con-full e-flex e-con e-child\" data-id=\"7350898f\" data-element_type=\"container\" data-e-type=\"container\" data-settings=\"{&quot;jet_parallax_layout_list&quot;:[]}\">\n\t\t<div data-particle_enable=\"false\" data-particle-mobile-disabled=\"false\" class=\"elementor-element elementor-element-2d047426 e-con-full e-flex e-con e-child\" data-id=\"2d047426\" data-element_type=\"container\" data-e-type=\"container\" data-settings=\"{&quot;jet_parallax_layout_list&quot;:[]}\">\n\t\t\t\t<div class=\"elementor-element elementor-element-37c38741 elementor-widget elementor-widget-heading\" data-id=\"37c38741\" data-element_type=\"widget\" data-e-type=\"widget\" data-widget_type=\"heading.default\">\n\t\t\t\t\t<h1 class=\"elementor-heading-title elementor-size-default\">Hi\u1ec3u v\u1ec1 S\u1ed1 Nh\u1eadn D\u1ea1ng T\u1ef7 L\u1ec7 (RIN) c\u1ee7a b\u1ea1n<\/h1>\t\t\t\t<\/div>\n\t\t\t\t<\/div>\n\t\t\t\t<\/div>\n\t\t\t\t<\/div>\n\t\t\t\t<\/div>\n\t\t<div data-particle_enable=\"false\" data-particle-mobile-disabled=\"false\" class=\"elementor-element elementor-element-457b559 e-con-full parent-container e-flex e-con e-parent\" data-id=\"457b559\" data-element_type=\"container\" data-e-type=\"container\" data-settings=\"{&quot;jet_parallax_layout_list&quot;:[]}\">\n\t\t<div data-particle_enable=\"false\" data-particle-mobile-disabled=\"false\" class=\"elementor-element elementor-element-754f90b3 e-con-full e-flex e-con e-child\" data-id=\"754f90b3\" data-element_type=\"container\" data-e-type=\"container\" data-settings=\"{&quot;jet_parallax_layout_list&quot;:[],&quot;background_background&quot;:&quot;classic&quot;}\">\n\t\t<div data-particle_enable=\"false\" data-particle-mobile-disabled=\"false\" class=\"elementor-element elementor-element-55e34908 e-con-full e-flex e-con e-child\" data-id=\"55e34908\" data-element_type=\"container\" data-e-type=\"container\" data-settings=\"{&quot;jet_parallax_layout_list&quot;:[]}\">\n\t\t<div data-particle_enable=\"false\" data-particle-mobile-disabled=\"false\" class=\"elementor-element elementor-element-6b6af32 e-con-full e-flex e-con e-child\" data-id=\"6b6af32\" data-element_type=\"container\" data-e-type=\"container\" data-settings=\"{&quot;jet_parallax_layout_list&quot;:[]}\">\n\t\t<div data-particle_enable=\"false\" data-particle-mobile-disabled=\"false\" class=\"elementor-element elementor-element-7d2667b7 e-con-full e-flex e-con e-child\" data-id=\"7d2667b7\" data-element_type=\"container\" data-e-type=\"container\" data-settings=\"{&quot;jet_parallax_layout_list&quot;:[]}\">\n\t\t\t\t<div class=\"elementor-element elementor-element-32358dda elementor-widget elementor-widget-heading\" data-id=\"32358dda\" data-element_type=\"widget\" data-e-type=\"widget\" data-widget_type=\"heading.default\">\n\t\t\t\t\t<h2 class=\"elementor-heading-title elementor-size-default\">S\u1ed1 nh\u1eadn d\u1ea1ng t\u1ef7 l\u1ec7 (RIN) l\u00e0 g\u00ec?<\/h2>\t\t\t\t<\/div>\n\t\t\t\t<div class=\"elementor-element elementor-element-73695967 elementor-widget elementor-widget-text-editor\" data-id=\"73695967\" data-element_type=\"widget\" data-e-type=\"widget\" data-widget_type=\"text-editor.default\">\n\t\t\t\t\t\t\t\t\t<p>T\u1eeb ng\u00e0y 1 th\u00e1ng 4 n\u0103m 2024, c\u00e1c c\u00f4ng ty \u0111i\u1ec7n l\u1ef1c t\u1ea1i California b\u1eaft bu\u1ed9c ph\u1ea3i ghi s\u1ed1 nh\u1eadn d\u1ea1ng gi\u00e1 (RIN) tr\u00ean h\u00f3a \u0111\u01a1n ti\u1ec1n \u0111i\u1ec7n c\u1ee7a kh\u00e1ch h\u00e0ng. RIN l\u00e0 m\u00e3 nh\u1eadn d\u1ea1ng duy nh\u1ea5t do \u1ee6y ban N\u0103ng l\u01b0\u1ee3ng California (CEC) t\u1ea1o ra \u0111\u1ec3 h\u1ed7 tr\u1ee3 c\u00e1c g\u00f3i gi\u00e1 theo th\u1eddi gian s\u1eed d\u1ee5ng. N\u00f3 cho ph\u00e9p kh\u00e1ch h\u00e0ng truy c\u1eadp d\u1eef li\u1ec7u gi\u00e1 \u0111i\u1ec7n theo gi\u1edd.<\/p>\t\t\t\t\t\t\t\t<\/div>\n\t\t\t\t<\/div>\n\t\t\t\t<\/div>\n\t\t<div data-particle_enable=\"false\" data-particle-mobile-disabled=\"false\" class=\"elementor-element elementor-element-1b7eff9f e-con-full e-flex e-con e-child\" data-id=\"1b7eff9f\" data-element_type=\"container\" data-e-type=\"container\" data-settings=\"{&quot;jet_parallax_layout_list&quot;:[]}\">\n\t\t<div data-particle_enable=\"false\" data-particle-mobile-disabled=\"false\" class=\"elementor-element elementor-element-6c132562 e-con-full e-flex e-con e-child\" data-id=\"6c132562\" data-element_type=\"container\" data-e-type=\"container\" data-settings=\"{&quot;jet_parallax_layout_list&quot;:[]}\">\n\t\t\t\t<div class=\"elementor-element elementor-element-c7dde07 elementor-widget elementor-widget-video\" data-id=\"c7dde07\" data-element_type=\"widget\" data-e-type=\"widget\" data-settings=\"{&quot;youtube_url&quot;:&quot;https:\\\/\\\/www.youtube.com\\\/watch?v=oG5dulxZ-bk&quot;,&quot;show_image_overlay&quot;:&quot;yes&quot;,&quot;image_overlay&quot;:{&quot;url&quot;:&quot;https:\\\/\\\/sdcommunitypower.org\\\/wp-content\\\/uploads\\\/2025\\\/11\\\/energysavingtipsspanishcoverphoto.jpg&quot;,&quot;id&quot;:26984,&quot;size&quot;:&quot;&quot;,&quot;alt&quot;:&quot;&quot;,&quot;source&quot;:&quot;library&quot;},&quot;video_type&quot;:&quot;youtube&quot;,&quot;controls&quot;:&quot;yes&quot;}\" data-widget_type=\"video.default\">\n\t\t\t\t\t\t\t<div class=\"elementor-wrapper elementor-open-inline\">\n\t\t\t<div class=\"elementor-video\"><\/div>\t\t\t\t<div class=\"elementor-custom-embed-image-overlay\" style=\"background-image: url(https:\/\/sdcommunitypower.org\/wp-content\/uploads\/2025\/11\/energysavingtipsspanishcoverphoto.jpg);\">\n\t\t\t\t\t\t\t\t\t\t\t\t\t\t<\/div>\n\t\t\t\t\t<\/div>\n\t\t\t\t\t\t<\/div>\n\t\t\t\t<\/div>\n\t\t\t\t<\/div>\n\t\t\t\t<\/div>\n\t\t\t\t<\/div>\n\t\t<div data-particle_enable=\"false\" data-particle-mobile-disabled=\"false\" class=\"elementor-element elementor-element-7c726d9 e-flex e-con-boxed e-con e-child\" data-id=\"7c726d9\" data-element_type=\"container\" data-e-type=\"container\" data-settings=\"{&quot;jet_parallax_layout_list&quot;:[]}\">\n\t\t\t\t\t<div class=\"e-con-inner\">\n\t\t\t\t<div class=\"elementor-element elementor-element-884e5f1 elementor-widget elementor-widget-heading\" data-id=\"884e5f1\" data-element_type=\"widget\" data-e-type=\"widget\" data-widget_type=\"heading.default\">\n\t\t\t\t\t<h2 class=\"elementor-heading-title elementor-size-default\">C\u00e1ch ho\u1ea1t \u0111\u1ed9ng c\u1ee7a RIN<\/h2>\t\t\t\t<\/div>\n\t\t\t\t<div class=\"elementor-element elementor-element-260569c elementor-widget elementor-widget-text-editor\" data-id=\"260569c\" data-element_type=\"widget\" data-e-type=\"widget\" data-widget_type=\"text-editor.default\">\n\t\t\t\t\t\t\t\t\t<p><span style=\"font-weight: 400;\">RIN d\u1ef1a tr\u00ean bi\u1ec3u gi\u00e1 \u0111i\u1ec7n v\u00e0 kh\u00f4ng li\u00ean quan \u0111\u1ebfn t\u1eebng kh\u00e1ch h\u00e0ng c\u1ee5 th\u1ec3. N\u1ebfu b\u1ea1n l\u00e0 kh\u00e1ch h\u00e0ng c\u1ee7a Community Choice Aggregator (CCA) v\u1edbi m\u00e3 San Diego Community Power, h\u00f3a \u0111\u01a1n \u0111i\u1ec7n c\u1ee7a b\u1ea1n s\u1ebd bao g\u1ed3m hai m\u00e3 RIN ri\u00eang bi\u1ec7t:<\/span><\/p><ul><li aria-level=\"1\"><span style=\"font-weight: 400;\">M\u1ed9t m\u00e3 RIN cho h\u1ec7 th\u1ed1ng ph\u00e1t \u0111i\u1ec7n \u0111i\u1ec7n Community Power c\u1ee7a b\u1ea1n.<\/span><\/li><\/ul><ul><li aria-level=\"1\"><span style=\"font-weight: 400;\">M\u1ed9t m\u00e3 RIN cho d\u1ecbch v\u1ee5 Giao h\u00e0ng \u0110i\u1ec7n t\u1eed SDG&amp;E c\u1ee7a b\u1ea1n (n\u1eb1m trong ph\u1ea7n Giao h\u00e0ng \u0110i\u1ec7n t\u1eed tr\u00ean h\u00f3a \u0111\u01a1n SDG&amp;E c\u1ee7a b\u1ea1n)<\/span><\/li><\/ul>\t\t\t\t\t\t\t\t<\/div>\n\t\t\t\t\t<\/div>\n\t\t\t\t<\/div>\n\t\t\t\t<\/div>\n\t\t<div data-particle_enable=\"false\" data-particle-mobile-disabled=\"false\" class=\"elementor-element elementor-element-47b95e4 e-con-full e-flex e-con e-parent\" data-id=\"47b95e4\" data-element_type=\"container\" data-e-type=\"container\" data-settings=\"{&quot;background_background&quot;:&quot;classic&quot;,&quot;jet_parallax_layout_list&quot;:[]}\">\n\t\t<div data-particle_enable=\"false\" data-particle-mobile-disabled=\"false\" class=\"elementor-element elementor-element-227bb499 e-con-full parent-container e-flex e-con e-child\" data-id=\"227bb499\" data-element_type=\"container\" data-e-type=\"container\" data-settings=\"{&quot;jet_parallax_layout_list&quot;:[],&quot;background_background&quot;:&quot;classic&quot;}\">\n\t\t<div data-particle_enable=\"false\" data-particle-mobile-disabled=\"false\" class=\"elementor-element elementor-element-11180ff6 e-con-full e-flex e-con e-child\" data-id=\"11180ff6\" data-element_type=\"container\" data-e-type=\"container\" data-settings=\"{&quot;jet_parallax_layout_list&quot;:[]}\">\n\t\t<div data-particle_enable=\"false\" data-particle-mobile-disabled=\"false\" class=\"elementor-element elementor-element-4de66830 e-con-full e-flex e-con e-child\" data-id=\"4de66830\" data-element_type=\"container\" data-e-type=\"container\" data-settings=\"{&quot;jet_parallax_layout_list&quot;:[]}\">\n\t\t<div data-particle_enable=\"false\" data-particle-mobile-disabled=\"false\" class=\"elementor-element elementor-element-681926ec e-con-full e-flex e-con e-child\" data-id=\"681926ec\" data-element_type=\"container\" data-e-type=\"container\" data-settings=\"{&quot;jet_parallax_layout_list&quot;:[]}\">\n\t\t\t\t<div class=\"elementor-element elementor-element-17e6dd7 elementor-widget elementor-widget-image\" data-id=\"17e6dd7\" data-element_type=\"widget\" data-e-type=\"widget\" data-widget_type=\"image.default\">\n\t\t\t\t\t\t\t\t\t\t\t\t\t\t\t<img fetchpriority=\"high\" decoding=\"async\" width=\"2000\" height=\"963\" src=\"https:\/\/sdcommunitypower.org\/wp-content\/uploads\/2025\/11\/adams-street-fair-2025-0061_2000.jpg\" class=\"attachment-full size-full wp-image-26776\" alt=\"\" srcset=\"https:\/\/sdcommunitypower.org\/wp-content\/uploads\/2025\/11\/adams-street-fair-2025-0061_2000.jpg 2000w, https:\/\/sdcommunitypower.org\/wp-content\/uploads\/2025\/11\/adams-street-fair-2025-0061_2000-300x144.jpg 300w, https:\/\/sdcommunitypower.org\/wp-content\/uploads\/2025\/11\/adams-street-fair-2025-0061_2000-1024x493.jpg 1024w, https:\/\/sdcommunitypower.org\/wp-content\/uploads\/2025\/11\/adams-street-fair-2025-0061_2000-768x370.jpg 768w, https:\/\/sdcommunitypower.org\/wp-content\/uploads\/2025\/11\/adams-street-fair-2025-0061_2000-1536x740.jpg 1536w, https:\/\/sdcommunitypower.org\/wp-content\/uploads\/2025\/11\/adams-street-fair-2025-0061_2000-18x9.jpg 18w\" sizes=\"(max-width: 2000px) 100vw, 2000px\" \/>\t\t\t\t\t\t\t\t\t\t\t\t\t\t\t<\/div>\n\t\t\t\t<\/div>\n\t\t\t\t<\/div>\n\t\t<div data-particle_enable=\"false\" data-particle-mobile-disabled=\"false\" class=\"elementor-element elementor-element-7f6c5da1 e-con-full e-flex e-con e-child\" data-id=\"7f6c5da1\" data-element_type=\"container\" data-e-type=\"container\" data-settings=\"{&quot;jet_parallax_layout_list&quot;:[]}\">\n\t\t<div data-particle_enable=\"false\" data-particle-mobile-disabled=\"false\" class=\"elementor-element elementor-element-4ae6ae55 e-con-full e-flex e-con e-child\" data-id=\"4ae6ae55\" data-element_type=\"container\" data-e-type=\"container\" data-settings=\"{&quot;jet_parallax_layout_list&quot;:[]}\">\n\t\t\t\t<div class=\"elementor-element elementor-element-33006fcd elementor-widget elementor-widget-heading\" data-id=\"33006fcd\" data-element_type=\"widget\" data-e-type=\"widget\" data-widget_type=\"heading.default\">\n\t\t\t\t\t<h2 class=\"elementor-heading-title elementor-size-default\">T\u1ea1i sao RIN l\u1ea1i quan tr\u1ecdng?<\/h2>\t\t\t\t<\/div>\n\t\t\t\t<div class=\"elementor-element elementor-element-bf9c987 elementor-widget elementor-widget-text-editor\" data-id=\"bf9c987\" data-element_type=\"widget\" data-e-type=\"widget\" data-widget_type=\"text-editor.default\">\n\t\t\t\t\t\t\t\t\t<p>RIN \u0111\u01b0\u1ee3c thi\u1ebft k\u1ebf \u0111\u1ec3 gi\u00fap b\u1ea1n hi\u1ec3u r\u00f5 h\u01a1n v\u1ec1 vi\u1ec7c s\u1eed d\u1ee5ng n\u0103ng l\u01b0\u1ee3ng v\u00e0 h\u00f3a \u0111\u01a1n c\u1ee7a m\u00ecnh. B\u1eb1ng c\u00e1ch bi\u1ebft m\u00e3 RIN c\u1ee5 th\u1ec3 c\u1ee7a m\u00ecnh, b\u1ea1n c\u00f3 th\u1ec3 t\u1ea3i xu\u1ed1ng d\u1eef li\u1ec7u gi\u00e1 c\u1ea3 chi ti\u1ebft theo gi\u1edd tr\u1ef1c ti\u1ebfp t\u1eeb trang web c\u1ee7a \u1ee6y ban N\u0103ng l\u01b0\u1ee3ng California.<\/p>\t\t\t\t\t\t\t\t<\/div>\n\t\t\t\t<\/div>\n\t\t\t\t<\/div>\n\t\t\t\t<\/div>\n\t\t\t\t<\/div>\n\t\t\t\t<\/div>\n\t\t\t\t<\/div>","protected":false},"excerpt":{"rendered":"<p>Understanding Your Rate Identification Number (RIN) What Is a Rate Identification Number (RIN)? As of April 1, 2024, California utilities are required to include a Rate Identification Number (RIN) on [&hellip;]<\/p>\n","protected":false},"author":22,"featured_media":27550,"parent":0,"menu_order":38,"comment_status":"closed","ping_status":"closed","template":"","meta":{"footnotes":""},"class_list":["post-7846","page","type-page","status-publish","has-post-thumbnail","hentry"],"yoast_head":"<!-- This site is optimized with the Yoast SEO Premium plugin v27.4 (Yoast SEO v27.4) - https:\/\/yoast.com\/product\/yoast-seo-premium-wordpress\/ -->\n<title>Rate Identification Number (RIN) - San Diego Community Power<\/title>\n<meta name=\"robots\" content=\"index, follow, max-snippet:-1, max-image-preview:large, max-video-preview:-1\" \/>\n<link rel=\"canonical\" href=\"https:\/\/sdcommunitypower.org\/vi\/rin\/\" \/>\n<meta property=\"og:locale\" content=\"vi_VN\" \/>\n<meta property=\"og:type\" content=\"article\" \/>\n<meta property=\"og:title\" content=\"Rate Identification Number (RIN)\" \/>\n<meta property=\"og:description\" content=\"Understanding Your Rate Identification Number (RIN) What Is a Rate Identification Number (RIN)? As of April 1, 2024, California utilities are required to\" \/>\n<meta property=\"og:url\" content=\"https:\/\/sdcommunitypower.org\/vi\/rin\/\" \/>\n<meta property=\"og:site_name\" content=\"San Diego Community Power\" \/>\n<meta property=\"article:modified_time\" content=\"2025-11-08T01:29:13+00:00\" \/>\n<meta property=\"og:image\" content=\"https:\/\/sdcommunitypower.org\/wp-content\/uploads\/2025\/11\/sdcp-jackie-robinson-resource-fair-1211627053593112-0034_2000.jpg\" \/>\n\t<meta property=\"og:image:width\" content=\"2000\" \/>\n\t<meta property=\"og:image:height\" content=\"1229\" \/>\n\t<meta property=\"og:image:type\" content=\"image\/jpeg\" \/>\n<meta name=\"twitter:card\" content=\"summary_large_image\" \/>\n<meta name=\"twitter:label1\" content=\"\u01af\u1edbc t\u00ednh th\u1eddi gian \u0111\u1ecdc\" \/>\n\t<meta name=\"twitter:data1\" content=\"1 ph\u00fat\" \/>\n<script type=\"application\/ld+json\" class=\"yoast-schema-graph\">{\"@context\":\"https:\\\/\\\/schema.org\",\"@graph\":[{\"@type\":\"WebPage\",\"@id\":\"https:\\\/\\\/sdcommunitypower.org\\\/rin\\\/\",\"url\":\"https:\\\/\\\/sdcommunitypower.org\\\/rin\\\/\",\"name\":\"Rate Identification Number (RIN) - San Diego Community Power\",\"isPartOf\":{\"@id\":\"https:\\\/\\\/sdcommunitypower.org\\\/#website\"},\"primaryImageOfPage\":{\"@id\":\"https:\\\/\\\/sdcommunitypower.org\\\/rin\\\/#primaryimage\"},\"image\":{\"@id\":\"https:\\\/\\\/sdcommunitypower.org\\\/rin\\\/#primaryimage\"},\"thumbnailUrl\":\"https:\\\/\\\/sdcommunitypower.org\\\/wp-content\\\/uploads\\\/2025\\\/11\\\/sdcp-jackie-robinson-resource-fair-1211627053593112-0034_2000.jpg\",\"datePublished\":\"2024-03-27T23:28:12+00:00\",\"dateModified\":\"2025-11-08T01:29:13+00:00\",\"breadcrumb\":{\"@id\":\"https:\\\/\\\/sdcommunitypower.org\\\/rin\\\/#breadcrumb\"},\"inLanguage\":\"vi\",\"potentialAction\":[{\"@type\":\"ReadAction\",\"target\":[\"https:\\\/\\\/sdcommunitypower.org\\\/rin\\\/\"]}]},{\"@type\":\"ImageObject\",\"inLanguage\":\"vi\",\"@id\":\"https:\\\/\\\/sdcommunitypower.org\\\/rin\\\/#primaryimage\",\"url\":\"https:\\\/\\\/sdcommunitypower.org\\\/wp-content\\\/uploads\\\/2025\\\/11\\\/sdcp-jackie-robinson-resource-fair-1211627053593112-0034_2000.jpg\",\"contentUrl\":\"https:\\\/\\\/sdcommunitypower.org\\\/wp-content\\\/uploads\\\/2025\\\/11\\\/sdcp-jackie-robinson-resource-fair-1211627053593112-0034_2000.jpg\",\"width\":2000,\"height\":1229},{\"@type\":\"BreadcrumbList\",\"@id\":\"https:\\\/\\\/sdcommunitypower.org\\\/rin\\\/#breadcrumb\",\"itemListElement\":[{\"@type\":\"ListItem\",\"position\":1,\"name\":\"Home\",\"item\":\"https:\\\/\\\/sdcommunitypower.org\\\/\"},{\"@type\":\"ListItem\",\"position\":2,\"name\":\"Rate Identification Number (RIN)\"}]},{\"@type\":\"WebSite\",\"@id\":\"https:\\\/\\\/sdcommunitypower.org\\\/#website\",\"url\":\"https:\\\/\\\/sdcommunitypower.org\\\/\",\"name\":\"San Diego Community Power\",\"description\":\"Powering a clean, affordable energy future\",\"publisher\":{\"@id\":\"https:\\\/\\\/sdcommunitypower.org\\\/#organization\"},\"potentialAction\":[{\"@type\":\"SearchAction\",\"target\":{\"@type\":\"EntryPoint\",\"urlTemplate\":\"https:\\\/\\\/sdcommunitypower.org\\\/?s={search_term_string}\"},\"query-input\":{\"@type\":\"PropertyValueSpecification\",\"valueRequired\":true,\"valueName\":\"search_term_string\"}}],\"inLanguage\":\"vi\"},{\"@type\":\"Organization\",\"@id\":\"https:\\\/\\\/sdcommunitypower.org\\\/#organization\",\"name\":\"San Diego Community Power\",\"url\":\"https:\\\/\\\/sdcommunitypower.org\\\/\",\"logo\":{\"@type\":\"ImageObject\",\"inLanguage\":\"vi\",\"@id\":\"https:\\\/\\\/sdcommunitypower.org\\\/#\\\/schema\\\/logo\\\/image\\\/\",\"url\":\"https:\\\/\\\/sdcommunitypower.org\\\/wp-content\\\/uploads\\\/2020\\\/12\\\/20-SDCP-0456_BrandSuite_SocialIcons_FNL-01.png\",\"contentUrl\":\"https:\\\/\\\/sdcommunitypower.org\\\/wp-content\\\/uploads\\\/2020\\\/12\\\/20-SDCP-0456_BrandSuite_SocialIcons_FNL-01.png\",\"width\":1000,\"height\":1001,\"caption\":\"San Diego Community Power\"},\"image\":{\"@id\":\"https:\\\/\\\/sdcommunitypower.org\\\/#\\\/schema\\\/logo\\\/image\\\/\"}}]}<\/script>\n<!-- \/ Yoast SEO Premium plugin. -->","yoast_head_json":{"title":"S\u1ed1 nh\u1eadn d\u1ea1ng t\u1ef7 l\u1ec7 (RIN) - San Diego Community Power","robots":{"index":"index","follow":"follow","max-snippet":"max-snippet:-1","max-image-preview":"max-image-preview:large","max-video-preview":"max-video-preview:-1"},"canonical":"https:\/\/sdcommunitypower.org\/vi\/rin\/","og_locale":"vi_VN","og_type":"article","og_title":"Rate Identification Number (RIN)","og_description":"Understanding Your Rate Identification Number (RIN) What Is a Rate Identification Number (RIN)? As of April 1, 2024, California utilities are required to","og_url":"https:\/\/sdcommunitypower.org\/vi\/rin\/","og_site_name":"San Diego Community Power","article_modified_time":"2025-11-08T01:29:13+00:00","og_image":[{"width":2000,"height":1229,"url":"https:\/\/sdcommunitypower.org\/wp-content\/uploads\/2025\/11\/sdcp-jackie-robinson-resource-fair-1211627053593112-0034_2000.jpg","type":"image\/jpeg"}],"twitter_card":"summary_large_image","twitter_misc":{"\u01af\u1edbc t\u00ednh th\u1eddi gian \u0111\u1ecdc":"1 ph\u00fat"},"schema":{"@context":"https:\/\/schema.org","@graph":[{"@type":"WebPage","@id":"https:\/\/sdcommunitypower.org\/rin\/","url":"https:\/\/sdcommunitypower.org\/rin\/","name":"S\u1ed1 nh\u1eadn d\u1ea1ng t\u1ef7 l\u1ec7 (RIN) - San Diego Community Power","isPartOf":{"@id":"https:\/\/sdcommunitypower.org\/#website"},"primaryImageOfPage":{"@id":"https:\/\/sdcommunitypower.org\/rin\/#primaryimage"},"image":{"@id":"https:\/\/sdcommunitypower.org\/rin\/#primaryimage"},"thumbnailUrl":"https:\/\/sdcommunitypower.org\/wp-content\/uploads\/2025\/11\/sdcp-jackie-robinson-resource-fair-1211627053593112-0034_2000.jpg","datePublished":"2024-03-27T23:28:12+00:00","dateModified":"2025-11-08T01:29:13+00:00","breadcrumb":{"@id":"https:\/\/sdcommunitypower.org\/rin\/#breadcrumb"},"inLanguage":"vi","potentialAction":[{"@type":"ReadAction","target":["https:\/\/sdcommunitypower.org\/rin\/"]}]},{"@type":"ImageObject","inLanguage":"vi","@id":"https:\/\/sdcommunitypower.org\/rin\/#primaryimage","url":"https:\/\/sdcommunitypower.org\/wp-content\/uploads\/2025\/11\/sdcp-jackie-robinson-resource-fair-1211627053593112-0034_2000.jpg","contentUrl":"https:\/\/sdcommunitypower.org\/wp-content\/uploads\/2025\/11\/sdcp-jackie-robinson-resource-fair-1211627053593112-0034_2000.jpg","width":2000,"height":1229},{"@type":"BreadcrumbList","@id":"https:\/\/sdcommunitypower.org\/rin\/#breadcrumb","itemListElement":[{"@type":"ListItem","position":1,"name":"Home","item":"https:\/\/sdcommunitypower.org\/"},{"@type":"ListItem","position":2,"name":"Rate Identification Number (RIN)"}]},{"@type":"WebSite","@id":"https:\/\/sdcommunitypower.org\/#website","url":"https:\/\/sdcommunitypower.org\/","name":"San Diego Community Power","description":"Cung c\u1ea5p n\u0103ng l\u01b0\u1ee3ng s\u1ea1ch v\u00e0 gi\u00e1 c\u1ea3 ph\u1ea3i ch\u0103ng cho t\u01b0\u01a1ng lai","publisher":{"@id":"https:\/\/sdcommunitypower.org\/#organization"},"potentialAction":[{"@type":"SearchAction","target":{"@type":"EntryPoint","urlTemplate":"https:\/\/sdcommunitypower.org\/?s={search_term_string}"},"query-input":{"@type":"PropertyValueSpecification","valueRequired":true,"valueName":"search_term_string"}}],"inLanguage":"vi"},{"@type":"Organization","@id":"https:\/\/sdcommunitypower.org\/#organization","name":"San Diego Community Power","url":"https:\/\/sdcommunitypower.org\/","logo":{"@type":"ImageObject","inLanguage":"vi","@id":"https:\/\/sdcommunitypower.org\/#\/schema\/logo\/image\/","url":"https:\/\/sdcommunitypower.org\/wp-content\/uploads\/2020\/12\/20-SDCP-0456_BrandSuite_SocialIcons_FNL-01.png","contentUrl":"https:\/\/sdcommunitypower.org\/wp-content\/uploads\/2020\/12\/20-SDCP-0456_BrandSuite_SocialIcons_FNL-01.png","width":1000,"height":1001,"caption":"San Diego Community Power"},"image":{"@id":"https:\/\/sdcommunitypower.org\/#\/schema\/logo\/image\/"}}]}},"_links":{"self":[{"href":"https:\/\/sdcommunitypower.org\/vi\/wp-json\/wp\/v2\/pages\/7846","targetHints":{"allow":["GET"]}}],"collection":[{"href":"https:\/\/sdcommunitypower.org\/vi\/wp-json\/wp\/v2\/pages"}],"about":[{"href":"https:\/\/sdcommunitypower.org\/vi\/wp-json\/wp\/v2\/types\/page"}],"author":[{"embeddable":true,"href":"https:\/\/sdcommunitypower.org\/vi\/wp-json\/wp\/v2\/users\/22"}],"replies":[{"embeddable":true,"href":"https:\/\/sdcommunitypower.org\/vi\/wp-json\/wp\/v2\/comments?post=7846"}],"version-history":[{"count":5,"href":"https:\/\/sdcommunitypower.org\/vi\/wp-json\/wp\/v2\/pages\/7846\/revisions"}],"predecessor-version":[{"id":27560,"href":"https:\/\/sdcommunitypower.org\/vi\/wp-json\/wp\/v2\/pages\/7846\/revisions\/27560"}],"wp:featuredmedia":[{"embeddable":true,"href":"https:\/\/sdcommunitypower.org\/vi\/wp-json\/wp\/v2\/media\/27550"}],"wp:attachment":[{"href":"https:\/\/sdcommunitypower.org\/vi\/wp-json\/wp\/v2\/media?parent=7846"}],"curies":[{"name":"wp","href":"https:\/\/api.w.org\/{rel}","templated":true}]}}