{"id":8339,"date":"2024-06-21T04:54:47","date_gmt":"2024-06-21T11:54:47","guid":{"rendered":"https:\/\/sdcommunitypower.org\/?page_id=8339"},"modified":"2026-02-05T12:04:15","modified_gmt":"2026-02-05T20:04:15","slug":"nen-tang-quyen-luc","status":"publish","type":"page","link":"https:\/\/sdcommunitypower.org\/vi\/powerbase\/","title":{"rendered":"PowerBase"},"content":{"rendered":"<div data-elementor-type=\"wp-page\" data-elementor-id=\"8339\" class=\"elementor elementor-8339\" data-elementor-post-type=\"page\">\n\t\t\t\t<div data-particle_enable=\"false\" data-particle-mobile-disabled=\"false\" class=\"elementor-element elementor-element-68becc21 e-con-full e-flex e-con e-parent\" data-id=\"68becc21\" data-element_type=\"container\" data-e-type=\"container\" data-settings=\"{&quot;jet_parallax_layout_list&quot;:[]}\">\n\t\t<div data-particle_enable=\"false\" data-particle-mobile-disabled=\"false\" class=\"elementor-element elementor-element-16b67e93 e-con-full hero-internal e-flex e-con e-child\" data-id=\"16b67e93\" data-element_type=\"container\" data-e-type=\"container\" data-settings=\"{&quot;background_background&quot;:&quot;classic&quot;,&quot;jet_parallax_layout_list&quot;:[]}\">\n\t\t<div data-particle_enable=\"false\" data-particle-mobile-disabled=\"false\" class=\"elementor-element elementor-element-3d78e71f e-con-full e-flex e-con e-child\" data-id=\"3d78e71f\" data-element_type=\"container\" data-e-type=\"container\" data-settings=\"{&quot;jet_parallax_layout_list&quot;:[]}\">\n\t\t<div data-particle_enable=\"false\" data-particle-mobile-disabled=\"false\" class=\"elementor-element elementor-element-17aa635 e-con-full e-flex e-con e-child\" data-id=\"17aa635\" data-element_type=\"container\" data-e-type=\"container\" data-settings=\"{&quot;jet_parallax_layout_list&quot;:[]}\">\n\t\t\t\t<\/div>\n\t\t<div data-particle_enable=\"false\" data-particle-mobile-disabled=\"false\" class=\"elementor-element elementor-element-5fb4eea2 e-con-full elementor-hidden-mobile_extra elementor-hidden-mobile e-flex e-con e-child\" data-id=\"5fb4eea2\" data-element_type=\"container\" data-e-type=\"container\" data-settings=\"{&quot;jet_parallax_layout_list&quot;:[]}\">\n\t\t\t\t<\/div>\n\t\t\t\t<\/div>\n\t\t\t\t<\/div>\n\t\t\t\t<\/div>\n\t\t<div data-particle_enable=\"false\" data-particle-mobile-disabled=\"false\" class=\"elementor-element elementor-element-bed91ec e-con-full parent-container e-flex e-con e-parent\" data-id=\"bed91ec\" data-element_type=\"container\" data-e-type=\"container\" data-settings=\"{&quot;jet_parallax_layout_list&quot;:[]}\">\n\t\t<div data-particle_enable=\"false\" data-particle-mobile-disabled=\"false\" class=\"elementor-element elementor-element-9613761 e-con-full e-flex e-con e-child\" data-id=\"9613761\" data-element_type=\"container\" data-e-type=\"container\" data-settings=\"{&quot;jet_parallax_layout_list&quot;:[],&quot;background_background&quot;:&quot;classic&quot;}\">\n\t\t<div data-particle_enable=\"false\" data-particle-mobile-disabled=\"false\" class=\"elementor-element elementor-element-7bc9c12 e-con-full e-flex e-con e-child\" data-id=\"7bc9c12\" data-element_type=\"container\" data-e-type=\"container\" data-settings=\"{&quot;jet_parallax_layout_list&quot;:[],&quot;background_background&quot;:&quot;classic&quot;}\">\n\t\t\t\t<div class=\"elementor-element elementor-element-7f9d732 elementor-widget elementor-widget-image\" data-id=\"7f9d732\" data-element_type=\"widget\" data-e-type=\"widget\" data-widget_type=\"image.default\">\n\t\t\t\t\t\t\t\t\t\t\t\t\t\t\t<img fetchpriority=\"high\" decoding=\"async\" width=\"380\" height=\"185\" src=\"https:\/\/sdcommunitypower.org\/wp-content\/uploads\/2025\/08\/power-base-logo.svg\" class=\"attachment-full size-full wp-image-13772\" alt=\"Bi\u1ec3u t\u01b0\u1ee3ng logo c\u01a1 s\u1edf quy\u1ec1n l\u1ef1c\" \/>\t\t\t\t\t\t\t\t\t\t\t\t\t\t\t<\/div>\n\t\t\t\t<\/div>\n\t\t<div data-particle_enable=\"false\" data-particle-mobile-disabled=\"false\" class=\"elementor-element elementor-element-89c8ef1 e-con-full e-flex e-con e-child\" data-id=\"89c8ef1\" data-element_type=\"container\" data-e-type=\"container\" data-settings=\"{&quot;jet_parallax_layout_list&quot;:[]}\">\n\t\t\t\t<div class=\"elementor-element elementor-element-98085ad elementor-widget elementor-widget-heading\" data-id=\"98085ad\" data-element_type=\"widget\" data-e-type=\"widget\" data-widget_type=\"heading.default\">\n\t\t\t\t\t<h3 class=\"elementor-heading-title elementor-size-default\">G\u00f3i d\u1ecbch v\u1ee5 c\u00f3 chi ph\u00ed th\u1ea5p nh\u1ea5t c\u1ee7a ch\u00fang t\u00f4i<\/h3>\t\t\t\t<\/div>\n\t\t\t\t<div class=\"elementor-element elementor-element-668f94e elementor-widget elementor-widget-text-editor\" data-id=\"668f94e\" data-element_type=\"widget\" data-e-type=\"widget\" data-widget_type=\"text-editor.default\">\n\t\t\t\t\t\t\t\t\t<p>\u0110\u1ed1i v\u1edbi nh\u1eefng ai \u0111ang t\u00ecm ki\u1ebfm m\u1ed9t g\u00f3i d\u1ecbch v\u1ee5 ti\u1ebft ki\u1ec7m h\u01a1n, PowerBase cung c\u1ea5p m\u1ee9c gi\u1ea3m gi\u00e1 10% so v\u1edbi m\u1ee9c gi\u00e1 s\u1ea3n xu\u1ea5t \u0111i\u1ec7n c\u1ee7a SDG&amp;E. G\u00f3i d\u1ecbch v\u1ee5 n\u00e0y c\u00f3 t\u1ef7 l\u1ec7 n\u0103ng l\u01b0\u1ee3ng t\u00e1i t\u1ea1o t\u01b0\u01a1ng t\u1ef1 nh\u01b0 g\u00f3i d\u1ecbch v\u1ee5 ti\u00eau chu\u1ea9n c\u1ee7a SDG&amp;E, d\u00e0nh cho nh\u1eefng kh\u00e1ch h\u00e0ng mong mu\u1ed1n chi ph\u00ed th\u1ea5p h\u01a1n, t\u00ednh \u1ed5n \u0111\u1ecbnh trong m\u1ee9c gi\u00e1 s\u1ea3n xu\u1ea5t \u0111i\u1ec7n v\u00e0 ti\u1ebfp t\u1ee5c \u1ee7ng h\u1ed9 nh\u00e0 cung c\u1ea5p n\u0103ng l\u01b0\u1ee3ng s\u1ea1ch phi l\u1ee3i nhu\u1eadn do c\u1ed9ng \u0111\u1ed3ng qu\u1ea3n l\u00fd.<\/p>\t\t\t\t\t\t\t\t<\/div>\n\t\t<div data-particle_enable=\"false\" data-particle-mobile-disabled=\"false\" class=\"elementor-element elementor-element-98d16c9 e-con-full e-flex e-con e-child\" data-id=\"98d16c9\" data-element_type=\"container\" data-e-type=\"container\" data-settings=\"{&quot;jet_parallax_layout_list&quot;:[]}\">\n\t\t<div data-particle_enable=\"false\" data-particle-mobile-disabled=\"false\" class=\"elementor-element elementor-element-12de3b6 e-con-full e-flex e-con e-child\" data-id=\"12de3b6\" data-element_type=\"container\" data-e-type=\"container\" data-settings=\"{&quot;jet_parallax_layout_list&quot;:[]}\">\n\t\t\t\t<div class=\"elementor-element elementor-element-f8b3cce elementor-widget elementor-widget-text-editor\" data-id=\"f8b3cce\" data-element_type=\"widget\" data-e-type=\"widget\" data-widget_type=\"text-editor.default\">\n\t\t\t\t\t\t\t\t\t<p><a href=\"https:\/\/sdcommunitypower.org\/vi\/gia-cuoc-cho-ho-gia-dinh\/\">So s\u00e1nh gi\u00e1 c\u01b0\u1edbc d\u1ecbch v\u1ee5 d\u00e2n d\u1ee5ng<\/a><\/p>\t\t\t\t\t\t\t\t<\/div>\n\t\t\t\t<\/div>\n\t\t<div data-particle_enable=\"false\" data-particle-mobile-disabled=\"false\" class=\"elementor-element elementor-element-bcc7bea e-con-full e-flex e-con e-child\" data-id=\"bcc7bea\" data-element_type=\"container\" data-e-type=\"container\" data-settings=\"{&quot;jet_parallax_layout_list&quot;:[]}\">\n\t\t\t\t<div class=\"elementor-element elementor-element-3f3112f elementor-widget elementor-widget-text-editor\" data-id=\"3f3112f\" data-element_type=\"widget\" data-e-type=\"widget\" data-widget_type=\"text-editor.default\">\n\t\t\t\t\t\t\t\t\t<p><span style=\"color: #00a5bd;\"><a href=\"https:\/\/sdcommunitypower.org\/vi\/gia-thuong-mai\/\">So s\u00e1nh l\u00e3i su\u1ea5t th\u01b0\u01a1ng m\u1ea1i<\/a><\/span><\/p>\t\t\t\t\t\t\t\t<\/div>\n\t\t\t\t<\/div>\n\t\t\t\t<\/div>\n\t\t\t\t<div class=\"elementor-element elementor-element-bf7f265 elementor-widget elementor-widget-text-editor\" data-id=\"bf7f265\" data-element_type=\"widget\" data-e-type=\"widget\" data-widget_type=\"text-editor.default\">\n\t\t\t\t\t\t\t\t\t<p>Kh\u00e1m ph\u00e1 th\u00eam c\u00e1c t\u00f9y ch\u1ecdn d\u1ecbch v\u1ee5 \u0111i\u1ec7n: <a href=\"https:\/\/sdcommunitypower.org\/vi\/bat-nguon\/\">PowerOn<\/a> | <a href=\"https:\/\/sdcommunitypower.org\/vi\/quyen-luc-100\/\">Power100<\/a> | <a href=\"https:\/\/sdcommunitypower.org\/vi\/cong-suat-100-xanh\/\">Power100 Green+<\/a><\/p>\t\t\t\t\t\t\t\t<\/div>\n\t\t\t\t<\/div>\n\t\t\t\t<\/div>\n\t\t\t\t<\/div>\n\t\t<div data-particle_enable=\"false\" data-particle-mobile-disabled=\"false\" class=\"elementor-element elementor-element-a7149b9 e-flex e-con-boxed e-con e-parent\" data-id=\"a7149b9\" data-element_type=\"container\" data-e-type=\"container\" data-settings=\"{&quot;jet_parallax_layout_list&quot;:[]}\">\n\t\t\t\t\t<div class=\"e-con-inner\">\n\t\t<div data-particle_enable=\"false\" data-particle-mobile-disabled=\"false\" class=\"elementor-element elementor-element-8159b94 parent-container e-con-full e-flex e-con e-child\" data-id=\"8159b94\" data-element_type=\"container\" data-e-type=\"container\" data-settings=\"{&quot;background_background&quot;:&quot;classic&quot;,&quot;jet_parallax_layout_list&quot;:[]}\">\n\t\t<div data-particle_enable=\"false\" data-particle-mobile-disabled=\"false\" class=\"elementor-element elementor-element-51421d0 e-con-full e-flex e-con e-child\" data-id=\"51421d0\" data-element_type=\"container\" data-e-type=\"container\" data-settings=\"{&quot;jet_parallax_layout_list&quot;:[]}\">\n\t\t<div data-particle_enable=\"false\" data-particle-mobile-disabled=\"false\" class=\"elementor-element elementor-element-a26784e e-con-full e-flex e-con e-child\" data-id=\"a26784e\" data-element_type=\"container\" data-e-type=\"container\" data-settings=\"{&quot;jet_parallax_layout_list&quot;:[]}\">\n\t\t\t\t<div class=\"elementor-element elementor-element-3b90bb9 elementor-widget elementor-widget-heading\" data-id=\"3b90bb9\" data-element_type=\"widget\" data-e-type=\"widget\" data-widget_type=\"heading.default\">\n\t\t\t\t\t<h2 class=\"elementor-heading-title elementor-size-default\">Ch\u1ecdn PowerBase<\/h2>\t\t\t\t<\/div>\n\t\t\t\t<div class=\"elementor-element elementor-element-be97876 elementor-widget elementor-widget-text-editor\" data-id=\"be97876\" data-element_type=\"widget\" data-e-type=\"widget\" data-widget_type=\"text-editor.default\">\n\t\t\t\t\t\t\t\t\t<p>\u0110\u1ec3 thay \u0111\u1ed5i g\u00f3i d\u1ecbch v\u1ee5 c\u1ee7a b\u1ea1n, vui l\u00f2ng chu\u1ea9n b\u1ecb s\u1eb5n b\u1ea3n sao h\u00f3a \u0111\u01a1n SDG&amp;E c\u1ee7a b\u1ea1n v\u00ec b\u1ea1n s\u1ebd c\u1ea7n s\u1ed1 t\u00e0i kho\u1ea3n SDG&amp;E. Vui l\u00f2ng ch\u1ec9 nh\u1eadp 12 ch\u1eef s\u1ed1 \u0111\u1ea7u ti\u00ean c\u1ee7a s\u1ed1 t\u00e0i kho\u1ea3n. Bao g\u1ed3m c\u00e1c s\u1ed1 0 \u1edf \u0111\u1ea7u v\u00e0 b\u1ecf qua c\u00e1c kho\u1ea3ng tr\u1ed1ng.<\/p>\t\t\t\t\t\t\t\t<\/div>\n\t\t\t\t<\/div>\n\t\t<div data-particle_enable=\"false\" data-particle-mobile-disabled=\"false\" class=\"elementor-element elementor-element-084a009 e-con-full e-flex e-con e-child\" data-id=\"084a009\" data-element_type=\"container\" data-e-type=\"container\" data-settings=\"{&quot;jet_parallax_layout_list&quot;:[]}\">\n\t\t\t\t<div class=\"elementor-element elementor-element-9eb9ba5 elementor-widget elementor-widget-image\" data-id=\"9eb9ba5\" data-element_type=\"widget\" data-e-type=\"widget\" data-widget_type=\"image.default\">\n\t\t\t\t\t\t\t\t\t\t\t\t\t\t\t<img decoding=\"async\" width=\"1819\" height=\"926\" src=\"https:\/\/sdcommunitypower.org\/wp-content\/uploads\/2025\/11\/change-my-service-plan_1819.jpg\" class=\"attachment-full size-full wp-image-27214\" alt=\"\" srcset=\"https:\/\/sdcommunitypower.org\/wp-content\/uploads\/2025\/11\/change-my-service-plan_1819.jpg 1819w, https:\/\/sdcommunitypower.org\/wp-content\/uploads\/2025\/11\/change-my-service-plan_1819-300x153.jpg 300w, https:\/\/sdcommunitypower.org\/wp-content\/uploads\/2025\/11\/change-my-service-plan_1819-1024x521.jpg 1024w, https:\/\/sdcommunitypower.org\/wp-content\/uploads\/2025\/11\/change-my-service-plan_1819-768x391.jpg 768w, https:\/\/sdcommunitypower.org\/wp-content\/uploads\/2025\/11\/change-my-service-plan_1819-1536x782.jpg 1536w, https:\/\/sdcommunitypower.org\/wp-content\/uploads\/2025\/11\/change-my-service-plan_1819-18x9.jpg 18w\" sizes=\"(max-width: 1819px) 100vw, 1819px\" \/>\t\t\t\t\t\t\t\t\t\t\t\t\t\t\t<\/div>\n\t\t\t\t<\/div>\n\t\t\t\t<\/div>\n\t\t<div data-particle_enable=\"false\" data-particle-mobile-disabled=\"false\" class=\"elementor-element elementor-element-2428876 e-con-full e-flex e-con e-child\" data-id=\"2428876\" data-element_type=\"container\" data-e-type=\"container\" data-settings=\"{&quot;jet_parallax_layout_list&quot;:[]}\">\n\t\t<div data-particle_enable=\"false\" data-particle-mobile-disabled=\"false\" class=\"elementor-element elementor-element-92a03ee e-con-full e-flex e-con e-child\" data-id=\"92a03ee\" data-element_type=\"container\" data-e-type=\"container\" data-settings=\"{&quot;jet_parallax_layout_list&quot;:[]}\">\n\t\t\t\t<div class=\"elementor-element elementor-element-d3c0131 elementor-widget elementor-widget-html\" data-id=\"d3c0131\" data-element_type=\"widget\" data-e-type=\"widget\" data-widget_type=\"html.default\">\n\t\t\t\t\t<iframe loading=\"lazy\" class=\"iframe-class\" src=\"https:\/\/optsdcp.communityenergysolutions.com\/ui\/customer\/all\/en-US\" width=\"100%\" height=\"700\" frameborder=\"0\" scrolling=\"yes\" title=\"optsdcp-communityenergysolutions\" data-uw-rm-iframe=\"gn\"><\/iframe>\t\t\t\t<\/div>\n\t\t\t\t<\/div>\n\t\t\t\t<\/div>\n\t\t\t\t<\/div>\n\t\t\t\t\t<\/div>\n\t\t\t\t<\/div>\n\t\t\t\t<\/div>","protected":false},"excerpt":{"rendered":"<p>Our lowest-cost service plan For those seeking a more affordable service plan, PowerBase provides a 10% discount compared to SDG&amp;E\u2019s electricity generation rates. It has a similar renewable content as [&hellip;]<\/p>\n","protected":false},"author":22,"featured_media":21650,"parent":0,"menu_order":29,"comment_status":"closed","ping_status":"closed","template":"","meta":{"footnotes":""},"class_list":["post-8339","page","type-page","status-publish","has-post-thumbnail","hentry"],"yoast_head":"<!-- This site is optimized with the Yoast SEO Premium plugin v27.4 (Yoast SEO v27.4) - https:\/\/yoast.com\/product\/yoast-seo-premium-wordpress\/ -->\n<title>PowerBase - San Diego Community Power<\/title>\n<meta name=\"robots\" content=\"index, follow, max-snippet:-1, max-image-preview:large, max-video-preview:-1\" \/>\n<link rel=\"canonical\" href=\"https:\/\/sdcommunitypower.org\/vi\/nen-tang-quyen-luc\/\" \/>\n<meta property=\"og:locale\" content=\"vi_VN\" \/>\n<meta property=\"og:type\" content=\"article\" \/>\n<meta property=\"og:title\" content=\"PowerBase\" \/>\n<meta property=\"og:description\" content=\"Our lowest-cost service plan For those seeking a more affordable service plan, PowerBase provides a 10% discount compared to SDG&amp;E\u2019s electricity\" \/>\n<meta property=\"og:url\" content=\"https:\/\/sdcommunitypower.org\/vi\/nen-tang-quyen-luc\/\" \/>\n<meta property=\"og:site_name\" content=\"San Diego Community Power\" \/>\n<meta property=\"article:modified_time\" content=\"2026-02-05T20:04:15+00:00\" \/>\n<meta property=\"og:image\" content=\"https:\/\/sdcommunitypower.org\/wp-content\/uploads\/2025\/09\/NatureLandscapes_iStock-913976406_2000.jpg\" \/>\n\t<meta property=\"og:image:width\" content=\"2000\" \/>\n\t<meta property=\"og:image:height\" content=\"1294\" \/>\n\t<meta property=\"og:image:type\" content=\"image\/jpeg\" \/>\n<meta name=\"twitter:card\" content=\"summary_large_image\" \/>\n<meta name=\"twitter:label1\" content=\"\u01af\u1edbc t\u00ednh th\u1eddi gian \u0111\u1ecdc\" \/>\n\t<meta name=\"twitter:data1\" content=\"1 ph\u00fat\" \/>\n<script type=\"application\/ld+json\" class=\"yoast-schema-graph\">{\"@context\":\"https:\\\/\\\/schema.org\",\"@graph\":[{\"@type\":\"WebPage\",\"@id\":\"https:\\\/\\\/sdcommunitypower.org\\\/powerbase\\\/\",\"url\":\"https:\\\/\\\/sdcommunitypower.org\\\/powerbase\\\/\",\"name\":\"PowerBase - San Diego Community Power\",\"isPartOf\":{\"@id\":\"https:\\\/\\\/sdcommunitypower.org\\\/#website\"},\"primaryImageOfPage\":{\"@id\":\"https:\\\/\\\/sdcommunitypower.org\\\/powerbase\\\/#primaryimage\"},\"image\":{\"@id\":\"https:\\\/\\\/sdcommunitypower.org\\\/powerbase\\\/#primaryimage\"},\"thumbnailUrl\":\"https:\\\/\\\/sdcommunitypower.org\\\/wp-content\\\/uploads\\\/2025\\\/09\\\/NatureLandscapes_iStock-913976406_2000.jpg\",\"datePublished\":\"2024-06-21T11:54:47+00:00\",\"dateModified\":\"2026-02-05T20:04:15+00:00\",\"breadcrumb\":{\"@id\":\"https:\\\/\\\/sdcommunitypower.org\\\/powerbase\\\/#breadcrumb\"},\"inLanguage\":\"vi\",\"potentialAction\":[{\"@type\":\"ReadAction\",\"target\":[\"https:\\\/\\\/sdcommunitypower.org\\\/powerbase\\\/\"]}]},{\"@type\":\"ImageObject\",\"inLanguage\":\"vi\",\"@id\":\"https:\\\/\\\/sdcommunitypower.org\\\/powerbase\\\/#primaryimage\",\"url\":\"https:\\\/\\\/sdcommunitypower.org\\\/wp-content\\\/uploads\\\/2025\\\/09\\\/NatureLandscapes_iStock-913976406_2000.jpg\",\"contentUrl\":\"https:\\\/\\\/sdcommunitypower.org\\\/wp-content\\\/uploads\\\/2025\\\/09\\\/NatureLandscapes_iStock-913976406_2000.jpg\",\"width\":2000,\"height\":1294},{\"@type\":\"BreadcrumbList\",\"@id\":\"https:\\\/\\\/sdcommunitypower.org\\\/powerbase\\\/#breadcrumb\",\"itemListElement\":[{\"@type\":\"ListItem\",\"position\":1,\"name\":\"Home\",\"item\":\"https:\\\/\\\/sdcommunitypower.org\\\/\"},{\"@type\":\"ListItem\",\"position\":2,\"name\":\"PowerBase\"}]},{\"@type\":\"WebSite\",\"@id\":\"https:\\\/\\\/sdcommunitypower.org\\\/#website\",\"url\":\"https:\\\/\\\/sdcommunitypower.org\\\/\",\"name\":\"San Diego Community Power\",\"description\":\"Powering a clean, affordable energy future\",\"publisher\":{\"@id\":\"https:\\\/\\\/sdcommunitypower.org\\\/#organization\"},\"potentialAction\":[{\"@type\":\"SearchAction\",\"target\":{\"@type\":\"EntryPoint\",\"urlTemplate\":\"https:\\\/\\\/sdcommunitypower.org\\\/?s={search_term_string}\"},\"query-input\":{\"@type\":\"PropertyValueSpecification\",\"valueRequired\":true,\"valueName\":\"search_term_string\"}}],\"inLanguage\":\"vi\"},{\"@type\":\"Organization\",\"@id\":\"https:\\\/\\\/sdcommunitypower.org\\\/#organization\",\"name\":\"San Diego Community Power\",\"url\":\"https:\\\/\\\/sdcommunitypower.org\\\/\",\"logo\":{\"@type\":\"ImageObject\",\"inLanguage\":\"vi\",\"@id\":\"https:\\\/\\\/sdcommunitypower.org\\\/#\\\/schema\\\/logo\\\/image\\\/\",\"url\":\"https:\\\/\\\/sdcommunitypower.org\\\/wp-content\\\/uploads\\\/2020\\\/12\\\/20-SDCP-0456_BrandSuite_SocialIcons_FNL-01.png\",\"contentUrl\":\"https:\\\/\\\/sdcommunitypower.org\\\/wp-content\\\/uploads\\\/2020\\\/12\\\/20-SDCP-0456_BrandSuite_SocialIcons_FNL-01.png\",\"width\":1000,\"height\":1001,\"caption\":\"San Diego Community Power\"},\"image\":{\"@id\":\"https:\\\/\\\/sdcommunitypower.org\\\/#\\\/schema\\\/logo\\\/image\\\/\"}}]}<\/script>\n<!-- \/ Yoast SEO Premium plugin. -->","yoast_head_json":{"title":"PowerBase - San Diego Community Power","robots":{"index":"index","follow":"follow","max-snippet":"max-snippet:-1","max-image-preview":"max-image-preview:large","max-video-preview":"max-video-preview:-1"},"canonical":"https:\/\/sdcommunitypower.org\/vi\/nen-tang-quyen-luc\/","og_locale":"vi_VN","og_type":"article","og_title":"PowerBase","og_description":"Our lowest-cost service plan For those seeking a more affordable service plan, PowerBase provides a 10% discount compared to SDG&amp;E\u2019s electricity","og_url":"https:\/\/sdcommunitypower.org\/vi\/nen-tang-quyen-luc\/","og_site_name":"San Diego Community Power","article_modified_time":"2026-02-05T20:04:15+00:00","og_image":[{"width":2000,"height":1294,"url":"https:\/\/sdcommunitypower.org\/wp-content\/uploads\/2025\/09\/NatureLandscapes_iStock-913976406_2000.jpg","type":"image\/jpeg"}],"twitter_card":"summary_large_image","twitter_misc":{"\u01af\u1edbc t\u00ednh th\u1eddi gian \u0111\u1ecdc":"1 ph\u00fat"},"schema":{"@context":"https:\/\/schema.org","@graph":[{"@type":"WebPage","@id":"https:\/\/sdcommunitypower.org\/powerbase\/","url":"https:\/\/sdcommunitypower.org\/powerbase\/","name":"PowerBase - San Diego Community Power","isPartOf":{"@id":"https:\/\/sdcommunitypower.org\/#website"},"primaryImageOfPage":{"@id":"https:\/\/sdcommunitypower.org\/powerbase\/#primaryimage"},"image":{"@id":"https:\/\/sdcommunitypower.org\/powerbase\/#primaryimage"},"thumbnailUrl":"https:\/\/sdcommunitypower.org\/wp-content\/uploads\/2025\/09\/NatureLandscapes_iStock-913976406_2000.jpg","datePublished":"2024-06-21T11:54:47+00:00","dateModified":"2026-02-05T20:04:15+00:00","breadcrumb":{"@id":"https:\/\/sdcommunitypower.org\/powerbase\/#breadcrumb"},"inLanguage":"vi","potentialAction":[{"@type":"ReadAction","target":["https:\/\/sdcommunitypower.org\/powerbase\/"]}]},{"@type":"ImageObject","inLanguage":"vi","@id":"https:\/\/sdcommunitypower.org\/powerbase\/#primaryimage","url":"https:\/\/sdcommunitypower.org\/wp-content\/uploads\/2025\/09\/NatureLandscapes_iStock-913976406_2000.jpg","contentUrl":"https:\/\/sdcommunitypower.org\/wp-content\/uploads\/2025\/09\/NatureLandscapes_iStock-913976406_2000.jpg","width":2000,"height":1294},{"@type":"BreadcrumbList","@id":"https:\/\/sdcommunitypower.org\/powerbase\/#breadcrumb","itemListElement":[{"@type":"ListItem","position":1,"name":"Home","item":"https:\/\/sdcommunitypower.org\/"},{"@type":"ListItem","position":2,"name":"PowerBase"}]},{"@type":"WebSite","@id":"https:\/\/sdcommunitypower.org\/#website","url":"https:\/\/sdcommunitypower.org\/","name":"San Diego Community Power","description":"Cung c\u1ea5p n\u0103ng l\u01b0\u1ee3ng s\u1ea1ch v\u00e0 gi\u00e1 c\u1ea3 ph\u1ea3i ch\u0103ng cho t\u01b0\u01a1ng lai","publisher":{"@id":"https:\/\/sdcommunitypower.org\/#organization"},"potentialAction":[{"@type":"SearchAction","target":{"@type":"EntryPoint","urlTemplate":"https:\/\/sdcommunitypower.org\/?s={search_term_string}"},"query-input":{"@type":"PropertyValueSpecification","valueRequired":true,"valueName":"search_term_string"}}],"inLanguage":"vi"},{"@type":"Organization","@id":"https:\/\/sdcommunitypower.org\/#organization","name":"San Diego Community Power","url":"https:\/\/sdcommunitypower.org\/","logo":{"@type":"ImageObject","inLanguage":"vi","@id":"https:\/\/sdcommunitypower.org\/#\/schema\/logo\/image\/","url":"https:\/\/sdcommunitypower.org\/wp-content\/uploads\/2020\/12\/20-SDCP-0456_BrandSuite_SocialIcons_FNL-01.png","contentUrl":"https:\/\/sdcommunitypower.org\/wp-content\/uploads\/2020\/12\/20-SDCP-0456_BrandSuite_SocialIcons_FNL-01.png","width":1000,"height":1001,"caption":"San Diego Community Power"},"image":{"@id":"https:\/\/sdcommunitypower.org\/#\/schema\/logo\/image\/"}}]}},"_links":{"self":[{"href":"https:\/\/sdcommunitypower.org\/vi\/wp-json\/wp\/v2\/pages\/8339","targetHints":{"allow":["GET"]}}],"collection":[{"href":"https:\/\/sdcommunitypower.org\/vi\/wp-json\/wp\/v2\/pages"}],"about":[{"href":"https:\/\/sdcommunitypower.org\/vi\/wp-json\/wp\/v2\/types\/page"}],"author":[{"embeddable":true,"href":"https:\/\/sdcommunitypower.org\/vi\/wp-json\/wp\/v2\/users\/22"}],"replies":[{"embeddable":true,"href":"https:\/\/sdcommunitypower.org\/vi\/wp-json\/wp\/v2\/comments?post=8339"}],"version-history":[{"count":5,"href":"https:\/\/sdcommunitypower.org\/vi\/wp-json\/wp\/v2\/pages\/8339\/revisions"}],"predecessor-version":[{"id":29360,"href":"https:\/\/sdcommunitypower.org\/vi\/wp-json\/wp\/v2\/pages\/8339\/revisions\/29360"}],"wp:featuredmedia":[{"embeddable":true,"href":"https:\/\/sdcommunitypower.org\/vi\/wp-json\/wp\/v2\/media\/21650"}],"wp:attachment":[{"href":"https:\/\/sdcommunitypower.org\/vi\/wp-json\/wp\/v2\/media?parent=8339"}],"curies":[{"name":"wp","href":"https:\/\/api.w.org\/{rel}","templated":true}]}}