{"id":8341,"date":"2024-06-21T04:55:25","date_gmt":"2024-06-21T11:55:25","guid":{"rendered":"https:\/\/sdcommunitypower.org\/?page_id=8341"},"modified":"2025-11-06T10:48:16","modified_gmt":"2025-11-06T18:48:16","slug":"bat-nguon","status":"publish","type":"page","link":"https:\/\/sdcommunitypower.org\/vi\/poweron\/","title":{"rendered":"PowerOn"},"content":{"rendered":"<div data-elementor-type=\"wp-page\" data-elementor-id=\"8341\" class=\"elementor elementor-8341\" data-elementor-post-type=\"page\">\n\t\t\t\t<div data-particle_enable=\"false\" data-particle-mobile-disabled=\"false\" class=\"elementor-element elementor-element-3ad2c8fd e-con-full e-flex e-con e-parent\" data-id=\"3ad2c8fd\" data-element_type=\"container\" data-e-type=\"container\" data-settings=\"{&quot;jet_parallax_layout_list&quot;:[]}\">\n\t\t<div data-particle_enable=\"false\" data-particle-mobile-disabled=\"false\" class=\"elementor-element elementor-element-149c122b e-con-full hero-internal e-flex e-con e-child\" data-id=\"149c122b\" data-element_type=\"container\" data-e-type=\"container\" data-settings=\"{&quot;background_background&quot;:&quot;classic&quot;,&quot;jet_parallax_layout_list&quot;:[]}\">\n\t\t<div data-particle_enable=\"false\" data-particle-mobile-disabled=\"false\" class=\"elementor-element elementor-element-7eac0714 e-con-full e-flex e-con e-child\" data-id=\"7eac0714\" data-element_type=\"container\" data-e-type=\"container\" data-settings=\"{&quot;jet_parallax_layout_list&quot;:[]}\">\n\t\t<div data-particle_enable=\"false\" data-particle-mobile-disabled=\"false\" class=\"elementor-element elementor-element-4be1f4c8 e-con-full e-flex e-con e-child\" data-id=\"4be1f4c8\" data-element_type=\"container\" data-e-type=\"container\" data-settings=\"{&quot;jet_parallax_layout_list&quot;:[]}\">\n\t\t\t\t<\/div>\n\t\t\t\t<\/div>\n\t\t\t\t<\/div>\n\t\t\t\t<\/div>\n\t\t<div data-particle_enable=\"false\" data-particle-mobile-disabled=\"false\" class=\"elementor-element elementor-element-ab0884d e-con-full parent-container e-flex e-con e-parent\" data-id=\"ab0884d\" data-element_type=\"container\" data-e-type=\"container\" data-settings=\"{&quot;jet_parallax_layout_list&quot;:[]}\">\n\t\t<div data-particle_enable=\"false\" data-particle-mobile-disabled=\"false\" class=\"elementor-element elementor-element-32812bb e-con-full e-flex e-con e-child\" data-id=\"32812bb\" data-element_type=\"container\" data-e-type=\"container\" data-settings=\"{&quot;jet_parallax_layout_list&quot;:[],&quot;background_background&quot;:&quot;classic&quot;}\">\n\t\t<div data-particle_enable=\"false\" data-particle-mobile-disabled=\"false\" class=\"elementor-element elementor-element-a440d2e e-con-full e-flex e-con e-child\" data-id=\"a440d2e\" data-element_type=\"container\" data-e-type=\"container\" data-settings=\"{&quot;jet_parallax_layout_list&quot;:[],&quot;background_background&quot;:&quot;classic&quot;}\">\n\t\t\t\t<div class=\"elementor-element elementor-element-6bb719f elementor-widget elementor-widget-image\" data-id=\"6bb719f\" data-element_type=\"widget\" data-e-type=\"widget\" data-widget_type=\"image.default\">\n\t\t\t\t\t\t\t\t\t\t\t\t\t\t\t<img fetchpriority=\"high\" decoding=\"async\" width=\"380\" height=\"185\" src=\"https:\/\/sdcommunitypower.org\/wp-content\/uploads\/2025\/08\/power-on-logo.svg\" class=\"attachment-full size-full wp-image-13773\" alt=\"Logo khi b\u1eadt ngu\u1ed3n\" \/>\t\t\t\t\t\t\t\t\t\t\t\t\t\t\t<\/div>\n\t\t\t\t<\/div>\n\t\t<div data-particle_enable=\"false\" data-particle-mobile-disabled=\"false\" class=\"elementor-element elementor-element-cc2d440 e-con-full e-flex e-con e-child\" data-id=\"cc2d440\" data-element_type=\"container\" data-e-type=\"container\" data-settings=\"{&quot;jet_parallax_layout_list&quot;:[]}\">\n\t\t\t\t<div class=\"elementor-element elementor-element-0471a54 elementor-widget elementor-widget-heading\" data-id=\"0471a54\" data-element_type=\"widget\" data-e-type=\"widget\" data-widget_type=\"heading.default\">\n\t\t\t\t\t<h3 class=\"elementor-heading-title elementor-size-default\">G\u00f3i d\u1ecbch v\u1ee5 ti\u00eau chu\u1ea9n v\u1edbi gi\u00e1 c\u1ea1nh tranh c\u1ee7a ch\u00fang t\u00f4i<\/h3>\t\t\t\t<\/div>\n\t\t\t\t<div class=\"elementor-element elementor-element-174d69b elementor-widget elementor-widget-text-editor\" data-id=\"174d69b\" data-element_type=\"widget\" data-e-type=\"widget\" data-widget_type=\"text-editor.default\">\n\t\t\t\t\t\t\t\t\t<p>H\u1ea7u h\u1ebft kh\u00e1ch h\u00e0ng* s\u1ebd \u0111\u01b0\u1ee3c t\u1ef1 \u0111\u1ed9ng \u0111\u0103ng k\u00fd v\u00e0o g\u00f3i PowerOn, m\u1ed9t g\u00f3i d\u1ecbch v\u1ee5 c\u00f3 th\u1ec3 gia h\u1ea1n v\u1edbi gi\u00e1 c\u1ea1nh tranh so v\u1edbi g\u00f3i d\u1ecbch v\u1ee5 ti\u00eau chu\u1ea9n SDG&amp;E, gi\u00fap b\u1ea1n ti\u1ebft ki\u1ec7m chi ph\u00ed \u0111\u1ed3ng th\u1eddi g\u00f3p ph\u1ea7n v\u00e0o s\u1ef1 ph\u00e1t tri\u1ec3n b\u1ec1n v\u1eefng c\u1ee7a khu v\u1ef1c San Diego.<\/p>\n<p><em>*Kh\u00e1ch h\u00e0ng t\u1ea1i c\u00e1c th\u00e0nh ph\u1ed1 San Diego, Chula Vista, Imperial Beach, La Mesa v\u00e0 National City, c\u0169ng nh\u01b0 c\u00e1c khu v\u1ef1c ch\u01b0a \u0111\u01b0\u1ee3c s\u00e1p nh\u1eadp c\u1ee7a H\u1ea1t San Diego s\u1ebd \u0111\u01b0\u1ee3c t\u1ef1 \u0111\u1ed9ng \u0111\u0103ng k\u00fd v\u00e0o ch\u01b0\u01a1ng tr\u00ecnh PowerOn. Th\u00e0nh ph\u1ed1 Encinitas \u0111\u00e3 b\u1ecf phi\u1ebfu \u0111\u1ec3 t\u1ef1 \u0111\u1ed9ng \u0111\u0103ng k\u00fd kh\u00e1ch h\u00e0ng trong ph\u1ea1m vi th\u00e0nh ph\u1ed1 v\u00e0o ch\u01b0\u01a1ng tr\u00ecnh Power100.<\/em><\/p>\t\t\t\t\t\t\t\t<\/div>\n\t\t<div data-particle_enable=\"false\" data-particle-mobile-disabled=\"false\" class=\"elementor-element elementor-element-6cfdf13 e-con-full e-flex e-con e-child\" data-id=\"6cfdf13\" data-element_type=\"container\" data-e-type=\"container\" data-settings=\"{&quot;jet_parallax_layout_list&quot;:[]}\">\n\t\t<div data-particle_enable=\"false\" data-particle-mobile-disabled=\"false\" class=\"elementor-element elementor-element-dd81811 e-con-full e-flex e-con e-child\" data-id=\"dd81811\" data-element_type=\"container\" data-e-type=\"container\" data-settings=\"{&quot;jet_parallax_layout_list&quot;:[]}\">\n\t\t\t\t<div class=\"elementor-element elementor-element-9bd7625 link-ocean-teal-blue elementor-widget elementor-widget-text-editor\" data-id=\"9bd7625\" data-element_type=\"widget\" data-e-type=\"widget\" data-widget_type=\"text-editor.default\">\n\t\t\t\t\t\t\t\t\t<p><a href=\"https:\/\/sdcommunitypower.org\/vi\/gia-cuoc-cho-ho-gia-dinh\/\">So s\u00e1nh gi\u00e1 c\u01b0\u1edbc d\u1ecbch v\u1ee5 d\u00e2n d\u1ee5ng<\/a><\/p>\t\t\t\t\t\t\t\t<\/div>\n\t\t\t\t<\/div>\n\t\t<div data-particle_enable=\"false\" data-particle-mobile-disabled=\"false\" class=\"elementor-element elementor-element-344ad0e e-con-full e-flex e-con e-child\" data-id=\"344ad0e\" data-element_type=\"container\" data-e-type=\"container\" data-settings=\"{&quot;jet_parallax_layout_list&quot;:[]}\">\n\t\t\t\t<div class=\"elementor-element elementor-element-617a399 link-ocean-teal-blue elementor-widget elementor-widget-text-editor\" data-id=\"617a399\" data-element_type=\"widget\" data-e-type=\"widget\" data-widget_type=\"text-editor.default\">\n\t\t\t\t\t\t\t\t\t<p><span style=\"color: #00a5bd;\"><a href=\"https:\/\/sdcommunitypower.org\/vi\/gia-thuong-mai\/\">So s\u00e1nh l\u00e3i su\u1ea5t th\u01b0\u01a1ng m\u1ea1i<\/a><\/span><\/p>\t\t\t\t\t\t\t\t<\/div>\n\t\t\t\t<\/div>\n\t\t\t\t<\/div>\n\t\t\t\t<div class=\"elementor-element elementor-element-498fb10 link-ocean-teal-blue elementor-widget elementor-widget-text-editor\" data-id=\"498fb10\" data-element_type=\"widget\" data-e-type=\"widget\" data-widget_type=\"text-editor.default\">\n\t\t\t\t\t\t\t\t\t<p>Kh\u00e1m ph\u00e1 th\u00eam c\u00e1c t\u00f9y ch\u1ecdn d\u1ecbch v\u1ee5 \u0111i\u1ec7n: <span style=\"color: #00a5bd;\"><a href=\"https:\/\/sdcommunitypower.org\/vi\/nen-tang-quyen-luc\/\">PowerBase<\/a><\/span> | <a href=\"https:\/\/sdcommunitypower.org\/vi\/quyen-luc-100\/\"><span style=\"color: #00a5bd;\">Power100<\/span><\/a> | <a href=\"https:\/\/sdcommunitypower.org\/vi\/cong-suat-100-xanh\/\"><span style=\"color: #00a5bd;\">Power100 Green+<\/span><\/a><\/p>\t\t\t\t\t\t\t\t<\/div>\n\t\t\t\t<\/div>\n\t\t\t\t<\/div>\n\t\t\t\t<\/div>\n\t\t<div data-particle_enable=\"false\" data-particle-mobile-disabled=\"false\" class=\"elementor-element elementor-element-1c7612e e-flex e-con-boxed e-con e-parent\" data-id=\"1c7612e\" data-element_type=\"container\" data-e-type=\"container\" data-settings=\"{&quot;jet_parallax_layout_list&quot;:[]}\">\n\t\t\t\t\t<div class=\"e-con-inner\">\n\t\t<div data-particle_enable=\"false\" data-particle-mobile-disabled=\"false\" class=\"elementor-element elementor-element-32e77ba parent-container e-con-full e-flex e-con e-child\" data-id=\"32e77ba\" data-element_type=\"container\" data-e-type=\"container\" data-settings=\"{&quot;background_background&quot;:&quot;classic&quot;,&quot;jet_parallax_layout_list&quot;:[]}\">\n\t\t<div data-particle_enable=\"false\" data-particle-mobile-disabled=\"false\" class=\"elementor-element elementor-element-0d692d8 e-con-full e-flex e-con e-child\" data-id=\"0d692d8\" data-element_type=\"container\" data-e-type=\"container\" data-settings=\"{&quot;jet_parallax_layout_list&quot;:[]}\">\n\t\t<div data-particle_enable=\"false\" data-particle-mobile-disabled=\"false\" class=\"elementor-element elementor-element-644742b e-con-full e-flex e-con e-child\" data-id=\"644742b\" data-element_type=\"container\" data-e-type=\"container\" data-settings=\"{&quot;jet_parallax_layout_list&quot;:[]}\">\n\t\t\t\t<div class=\"elementor-element elementor-element-b099dbb elementor-widget elementor-widget-heading\" data-id=\"b099dbb\" data-element_type=\"widget\" data-e-type=\"widget\" data-widget_type=\"heading.default\">\n\t\t\t\t\t<h2 class=\"elementor-heading-title elementor-size-default\">Ch\u1ecdn PowerOn<\/h2>\t\t\t\t<\/div>\n\t\t\t\t<div class=\"elementor-element elementor-element-96ead28 elementor-widget elementor-widget-text-editor\" data-id=\"96ead28\" data-element_type=\"widget\" data-e-type=\"widget\" data-widget_type=\"text-editor.default\">\n\t\t\t\t\t\t\t\t\t<p>\u0110\u1ec3 thay \u0111\u1ed5i g\u00f3i d\u1ecbch v\u1ee5 c\u1ee7a b\u1ea1n, vui l\u00f2ng chu\u1ea9n b\u1ecb s\u1eb5n b\u1ea3n sao h\u00f3a \u0111\u01a1n SDG&amp;E c\u1ee7a b\u1ea1n v\u00ec b\u1ea1n s\u1ebd c\u1ea7n s\u1ed1 t\u00e0i kho\u1ea3n SDG&amp;E. Vui l\u00f2ng ch\u1ec9 nh\u1eadp 12 ch\u1eef s\u1ed1 \u0111\u1ea7u ti\u00ean c\u1ee7a s\u1ed1 t\u00e0i kho\u1ea3n. Bao g\u1ed3m c\u00e1c s\u1ed1 0 \u1edf \u0111\u1ea7u v\u00e0 b\u1ecf qua c\u00e1c kho\u1ea3ng tr\u1ed1ng.<\/p>\t\t\t\t\t\t\t\t<\/div>\n\t\t\t\t<\/div>\n\t\t<div data-particle_enable=\"false\" data-particle-mobile-disabled=\"false\" class=\"elementor-element elementor-element-999c6b7 e-con-full e-flex e-con e-child\" data-id=\"999c6b7\" data-element_type=\"container\" data-e-type=\"container\" data-settings=\"{&quot;jet_parallax_layout_list&quot;:[]}\">\n\t\t\t\t<div class=\"elementor-element elementor-element-118f7a3 elementor-widget elementor-widget-image\" data-id=\"118f7a3\" data-element_type=\"widget\" data-e-type=\"widget\" data-widget_type=\"image.default\">\n\t\t\t\t\t\t\t\t\t\t\t\t\t\t\t<img decoding=\"async\" width=\"1819\" height=\"926\" src=\"https:\/\/sdcommunitypower.org\/wp-content\/uploads\/2025\/11\/change-my-service-plan_1819.jpg\" class=\"attachment-full size-full wp-image-27214\" alt=\"\" srcset=\"https:\/\/sdcommunitypower.org\/wp-content\/uploads\/2025\/11\/change-my-service-plan_1819.jpg 1819w, https:\/\/sdcommunitypower.org\/wp-content\/uploads\/2025\/11\/change-my-service-plan_1819-300x153.jpg 300w, https:\/\/sdcommunitypower.org\/wp-content\/uploads\/2025\/11\/change-my-service-plan_1819-1024x521.jpg 1024w, https:\/\/sdcommunitypower.org\/wp-content\/uploads\/2025\/11\/change-my-service-plan_1819-768x391.jpg 768w, https:\/\/sdcommunitypower.org\/wp-content\/uploads\/2025\/11\/change-my-service-plan_1819-1536x782.jpg 1536w, https:\/\/sdcommunitypower.org\/wp-content\/uploads\/2025\/11\/change-my-service-plan_1819-18x9.jpg 18w\" sizes=\"(max-width: 1819px) 100vw, 1819px\" \/>\t\t\t\t\t\t\t\t\t\t\t\t\t\t\t<\/div>\n\t\t\t\t<\/div>\n\t\t\t\t<\/div>\n\t\t<div data-particle_enable=\"false\" data-particle-mobile-disabled=\"false\" class=\"elementor-element elementor-element-f7759cf e-con-full e-flex e-con e-child\" data-id=\"f7759cf\" data-element_type=\"container\" data-e-type=\"container\" data-settings=\"{&quot;jet_parallax_layout_list&quot;:[]}\">\n\t\t\t\t<div class=\"elementor-element elementor-element-5e03101 elementor-widget elementor-widget-html\" data-id=\"5e03101\" data-element_type=\"widget\" data-e-type=\"widget\" data-widget_type=\"html.default\">\n\t\t\t\t\t<iframe loading=\"lazy\" class=\"iframe-class\" src=\"https:\/\/optsdcp.communityenergysolutions.com\/ui\/customer\/all\/en-US\" width=\"100%\" height=\"700\" frameborder=\"0\" scrolling=\"yes\" title=\"optsdcp-communityenergysolutions\" data-uw-rm-iframe=\"gn\"><\/iframe>\t\t\t\t<\/div>\n\t\t\t\t<\/div>\n\t\t\t\t<\/div>\n\t\t\t\t\t<\/div>\n\t\t\t\t<\/div>\n\t\t\t\t<\/div>","protected":false},"excerpt":{"rendered":"<p>Our standard, competitively-priced service plan Most customers* are automatically enrolled in PowerOn, which is 51% renewable and competitively priced compared to SDG&amp;E\u2019s standard service, allowing you to save while contributing [&hellip;]<\/p>\n","protected":false},"author":22,"featured_media":27232,"parent":0,"menu_order":30,"comment_status":"closed","ping_status":"closed","template":"","meta":{"footnotes":""},"class_list":["post-8341","page","type-page","status-publish","has-post-thumbnail","hentry"],"yoast_head":"<!-- This site is optimized with the Yoast SEO Premium plugin v27.4 (Yoast SEO v27.4) - https:\/\/yoast.com\/product\/yoast-seo-premium-wordpress\/ -->\n<title>PowerOn - San Diego Community Power<\/title>\n<meta name=\"robots\" content=\"index, follow, max-snippet:-1, max-image-preview:large, max-video-preview:-1\" \/>\n<link rel=\"canonical\" href=\"https:\/\/sdcommunitypower.org\/vi\/bat-nguon\/\" \/>\n<meta property=\"og:locale\" content=\"vi_VN\" \/>\n<meta property=\"og:type\" content=\"article\" \/>\n<meta property=\"og:title\" content=\"PowerOn\" \/>\n<meta property=\"og:description\" content=\"Our standard, competitively-priced service plan Most customers* are automatically enrolled in PowerOn, which is 51% renewable and competitively priced\" \/>\n<meta property=\"og:url\" content=\"https:\/\/sdcommunitypower.org\/vi\/bat-nguon\/\" \/>\n<meta property=\"og:site_name\" content=\"San Diego Community Power\" \/>\n<meta property=\"article:modified_time\" content=\"2025-11-06T18:48:16+00:00\" \/>\n<meta property=\"og:image\" content=\"https:\/\/sdcommunitypower.org\/wp-content\/uploads\/2025\/11\/1300.jpg\" \/>\n\t<meta property=\"og:image:width\" content=\"1300\" \/>\n\t<meta property=\"og:image:height\" content=\"866\" \/>\n\t<meta property=\"og:image:type\" content=\"image\/jpeg\" \/>\n<meta name=\"twitter:card\" content=\"summary_large_image\" \/>\n<meta name=\"twitter:label1\" content=\"\u01af\u1edbc t\u00ednh th\u1eddi gian \u0111\u1ecdc\" \/>\n\t<meta name=\"twitter:data1\" content=\"1 ph\u00fat\" \/>\n<script type=\"application\/ld+json\" class=\"yoast-schema-graph\">{\"@context\":\"https:\\\/\\\/schema.org\",\"@graph\":[{\"@type\":\"WebPage\",\"@id\":\"https:\\\/\\\/sdcommunitypower.org\\\/poweron\\\/\",\"url\":\"https:\\\/\\\/sdcommunitypower.org\\\/poweron\\\/\",\"name\":\"PowerOn - San Diego Community Power\",\"isPartOf\":{\"@id\":\"https:\\\/\\\/sdcommunitypower.org\\\/#website\"},\"primaryImageOfPage\":{\"@id\":\"https:\\\/\\\/sdcommunitypower.org\\\/poweron\\\/#primaryimage\"},\"image\":{\"@id\":\"https:\\\/\\\/sdcommunitypower.org\\\/poweron\\\/#primaryimage\"},\"thumbnailUrl\":\"https:\\\/\\\/sdcommunitypower.org\\\/wp-content\\\/uploads\\\/2025\\\/11\\\/1300.jpg\",\"datePublished\":\"2024-06-21T11:55:25+00:00\",\"dateModified\":\"2025-11-06T18:48:16+00:00\",\"breadcrumb\":{\"@id\":\"https:\\\/\\\/sdcommunitypower.org\\\/poweron\\\/#breadcrumb\"},\"inLanguage\":\"vi\",\"potentialAction\":[{\"@type\":\"ReadAction\",\"target\":[\"https:\\\/\\\/sdcommunitypower.org\\\/poweron\\\/\"]}]},{\"@type\":\"ImageObject\",\"inLanguage\":\"vi\",\"@id\":\"https:\\\/\\\/sdcommunitypower.org\\\/poweron\\\/#primaryimage\",\"url\":\"https:\\\/\\\/sdcommunitypower.org\\\/wp-content\\\/uploads\\\/2025\\\/11\\\/1300.jpg\",\"contentUrl\":\"https:\\\/\\\/sdcommunitypower.org\\\/wp-content\\\/uploads\\\/2025\\\/11\\\/1300.jpg\",\"width\":1300,\"height\":866},{\"@type\":\"BreadcrumbList\",\"@id\":\"https:\\\/\\\/sdcommunitypower.org\\\/poweron\\\/#breadcrumb\",\"itemListElement\":[{\"@type\":\"ListItem\",\"position\":1,\"name\":\"Home\",\"item\":\"https:\\\/\\\/sdcommunitypower.org\\\/\"},{\"@type\":\"ListItem\",\"position\":2,\"name\":\"PowerOn\"}]},{\"@type\":\"WebSite\",\"@id\":\"https:\\\/\\\/sdcommunitypower.org\\\/#website\",\"url\":\"https:\\\/\\\/sdcommunitypower.org\\\/\",\"name\":\"San Diego Community Power\",\"description\":\"Powering a clean, affordable energy future\",\"publisher\":{\"@id\":\"https:\\\/\\\/sdcommunitypower.org\\\/#organization\"},\"potentialAction\":[{\"@type\":\"SearchAction\",\"target\":{\"@type\":\"EntryPoint\",\"urlTemplate\":\"https:\\\/\\\/sdcommunitypower.org\\\/?s={search_term_string}\"},\"query-input\":{\"@type\":\"PropertyValueSpecification\",\"valueRequired\":true,\"valueName\":\"search_term_string\"}}],\"inLanguage\":\"vi\"},{\"@type\":\"Organization\",\"@id\":\"https:\\\/\\\/sdcommunitypower.org\\\/#organization\",\"name\":\"San Diego Community Power\",\"url\":\"https:\\\/\\\/sdcommunitypower.org\\\/\",\"logo\":{\"@type\":\"ImageObject\",\"inLanguage\":\"vi\",\"@id\":\"https:\\\/\\\/sdcommunitypower.org\\\/#\\\/schema\\\/logo\\\/image\\\/\",\"url\":\"https:\\\/\\\/sdcommunitypower.org\\\/wp-content\\\/uploads\\\/2020\\\/12\\\/20-SDCP-0456_BrandSuite_SocialIcons_FNL-01.png\",\"contentUrl\":\"https:\\\/\\\/sdcommunitypower.org\\\/wp-content\\\/uploads\\\/2020\\\/12\\\/20-SDCP-0456_BrandSuite_SocialIcons_FNL-01.png\",\"width\":1000,\"height\":1001,\"caption\":\"San Diego Community Power\"},\"image\":{\"@id\":\"https:\\\/\\\/sdcommunitypower.org\\\/#\\\/schema\\\/logo\\\/image\\\/\"}}]}<\/script>\n<!-- \/ Yoast SEO Premium plugin. -->","yoast_head_json":{"title":"PowerOn - San Diego Community Power","robots":{"index":"index","follow":"follow","max-snippet":"max-snippet:-1","max-image-preview":"max-image-preview:large","max-video-preview":"max-video-preview:-1"},"canonical":"https:\/\/sdcommunitypower.org\/vi\/bat-nguon\/","og_locale":"vi_VN","og_type":"article","og_title":"PowerOn","og_description":"Our standard, competitively-priced service plan Most customers* are automatically enrolled in PowerOn, which is 51% renewable and competitively priced","og_url":"https:\/\/sdcommunitypower.org\/vi\/bat-nguon\/","og_site_name":"San Diego Community Power","article_modified_time":"2025-11-06T18:48:16+00:00","og_image":[{"width":1300,"height":866,"url":"https:\/\/sdcommunitypower.org\/wp-content\/uploads\/2025\/11\/1300.jpg","type":"image\/jpeg"}],"twitter_card":"summary_large_image","twitter_misc":{"\u01af\u1edbc t\u00ednh th\u1eddi gian \u0111\u1ecdc":"1 ph\u00fat"},"schema":{"@context":"https:\/\/schema.org","@graph":[{"@type":"WebPage","@id":"https:\/\/sdcommunitypower.org\/poweron\/","url":"https:\/\/sdcommunitypower.org\/poweron\/","name":"PowerOn - San Diego Community Power","isPartOf":{"@id":"https:\/\/sdcommunitypower.org\/#website"},"primaryImageOfPage":{"@id":"https:\/\/sdcommunitypower.org\/poweron\/#primaryimage"},"image":{"@id":"https:\/\/sdcommunitypower.org\/poweron\/#primaryimage"},"thumbnailUrl":"https:\/\/sdcommunitypower.org\/wp-content\/uploads\/2025\/11\/1300.jpg","datePublished":"2024-06-21T11:55:25+00:00","dateModified":"2025-11-06T18:48:16+00:00","breadcrumb":{"@id":"https:\/\/sdcommunitypower.org\/poweron\/#breadcrumb"},"inLanguage":"vi","potentialAction":[{"@type":"ReadAction","target":["https:\/\/sdcommunitypower.org\/poweron\/"]}]},{"@type":"ImageObject","inLanguage":"vi","@id":"https:\/\/sdcommunitypower.org\/poweron\/#primaryimage","url":"https:\/\/sdcommunitypower.org\/wp-content\/uploads\/2025\/11\/1300.jpg","contentUrl":"https:\/\/sdcommunitypower.org\/wp-content\/uploads\/2025\/11\/1300.jpg","width":1300,"height":866},{"@type":"BreadcrumbList","@id":"https:\/\/sdcommunitypower.org\/poweron\/#breadcrumb","itemListElement":[{"@type":"ListItem","position":1,"name":"Home","item":"https:\/\/sdcommunitypower.org\/"},{"@type":"ListItem","position":2,"name":"PowerOn"}]},{"@type":"WebSite","@id":"https:\/\/sdcommunitypower.org\/#website","url":"https:\/\/sdcommunitypower.org\/","name":"San Diego Community Power","description":"Cung c\u1ea5p n\u0103ng l\u01b0\u1ee3ng s\u1ea1ch v\u00e0 gi\u00e1 c\u1ea3 ph\u1ea3i ch\u0103ng cho t\u01b0\u01a1ng lai","publisher":{"@id":"https:\/\/sdcommunitypower.org\/#organization"},"potentialAction":[{"@type":"SearchAction","target":{"@type":"EntryPoint","urlTemplate":"https:\/\/sdcommunitypower.org\/?s={search_term_string}"},"query-input":{"@type":"PropertyValueSpecification","valueRequired":true,"valueName":"search_term_string"}}],"inLanguage":"vi"},{"@type":"Organization","@id":"https:\/\/sdcommunitypower.org\/#organization","name":"San Diego Community Power","url":"https:\/\/sdcommunitypower.org\/","logo":{"@type":"ImageObject","inLanguage":"vi","@id":"https:\/\/sdcommunitypower.org\/#\/schema\/logo\/image\/","url":"https:\/\/sdcommunitypower.org\/wp-content\/uploads\/2020\/12\/20-SDCP-0456_BrandSuite_SocialIcons_FNL-01.png","contentUrl":"https:\/\/sdcommunitypower.org\/wp-content\/uploads\/2020\/12\/20-SDCP-0456_BrandSuite_SocialIcons_FNL-01.png","width":1000,"height":1001,"caption":"San Diego Community Power"},"image":{"@id":"https:\/\/sdcommunitypower.org\/#\/schema\/logo\/image\/"}}]}},"_links":{"self":[{"href":"https:\/\/sdcommunitypower.org\/vi\/wp-json\/wp\/v2\/pages\/8341","targetHints":{"allow":["GET"]}}],"collection":[{"href":"https:\/\/sdcommunitypower.org\/vi\/wp-json\/wp\/v2\/pages"}],"about":[{"href":"https:\/\/sdcommunitypower.org\/vi\/wp-json\/wp\/v2\/types\/page"}],"author":[{"embeddable":true,"href":"https:\/\/sdcommunitypower.org\/vi\/wp-json\/wp\/v2\/users\/22"}],"replies":[{"embeddable":true,"href":"https:\/\/sdcommunitypower.org\/vi\/wp-json\/wp\/v2\/comments?post=8341"}],"version-history":[{"count":5,"href":"https:\/\/sdcommunitypower.org\/vi\/wp-json\/wp\/v2\/pages\/8341\/revisions"}],"predecessor-version":[{"id":27237,"href":"https:\/\/sdcommunitypower.org\/vi\/wp-json\/wp\/v2\/pages\/8341\/revisions\/27237"}],"wp:featuredmedia":[{"embeddable":true,"href":"https:\/\/sdcommunitypower.org\/vi\/wp-json\/wp\/v2\/media\/27232"}],"wp:attachment":[{"href":"https:\/\/sdcommunitypower.org\/vi\/wp-json\/wp\/v2\/media?parent=8341"}],"curies":[{"name":"wp","href":"https:\/\/api.w.org\/{rel}","templated":true}]}}