{"id":8343,"date":"2024-06-21T04:55:46","date_gmt":"2024-06-21T11:55:46","guid":{"rendered":"https:\/\/sdcommunitypower.org\/?page_id=8343"},"modified":"2025-11-06T10:38:51","modified_gmt":"2025-11-06T18:38:51","slug":"quyen-luc-100","status":"publish","type":"page","link":"https:\/\/sdcommunitypower.org\/vi\/power100\/","title":{"rendered":"Power100"},"content":{"rendered":"<div data-elementor-type=\"wp-page\" data-elementor-id=\"8343\" class=\"elementor elementor-8343\" data-elementor-post-type=\"page\">\n\t\t\t\t<div data-particle_enable=\"false\" data-particle-mobile-disabled=\"false\" class=\"elementor-element elementor-element-3216e9ad e-con-full e-flex e-con e-parent\" data-id=\"3216e9ad\" data-element_type=\"container\" data-e-type=\"container\" data-settings=\"{&quot;jet_parallax_layout_list&quot;:[]}\">\n\t\t<div data-particle_enable=\"false\" data-particle-mobile-disabled=\"false\" class=\"elementor-element elementor-element-422916b4 e-con-full hero-internal e-flex e-con e-child\" data-id=\"422916b4\" data-element_type=\"container\" data-e-type=\"container\" data-settings=\"{&quot;background_background&quot;:&quot;classic&quot;,&quot;jet_parallax_layout_list&quot;:[]}\">\n\t\t<div data-particle_enable=\"false\" data-particle-mobile-disabled=\"false\" class=\"elementor-element elementor-element-edc4d78 e-con-full e-flex e-con e-child\" data-id=\"edc4d78\" data-element_type=\"container\" data-e-type=\"container\" data-settings=\"{&quot;jet_parallax_layout_list&quot;:[]}\">\n\t\t<div data-particle_enable=\"false\" data-particle-mobile-disabled=\"false\" class=\"elementor-element elementor-element-3c128236 e-con-full e-flex e-con e-child\" data-id=\"3c128236\" data-element_type=\"container\" data-e-type=\"container\" data-settings=\"{&quot;jet_parallax_layout_list&quot;:[]}\">\n\t\t\t\t<\/div>\n\t\t\t\t<\/div>\n\t\t\t\t<\/div>\n\t\t\t\t<\/div>\n\t\t<div data-particle_enable=\"false\" data-particle-mobile-disabled=\"false\" class=\"elementor-element elementor-element-5f4f246 e-con-full parent-container e-flex e-con e-parent\" data-id=\"5f4f246\" data-element_type=\"container\" data-e-type=\"container\" data-settings=\"{&quot;jet_parallax_layout_list&quot;:[]}\">\n\t\t<div data-particle_enable=\"false\" data-particle-mobile-disabled=\"false\" class=\"elementor-element elementor-element-fef3348 e-con-full e-flex e-con e-child\" data-id=\"fef3348\" data-element_type=\"container\" data-e-type=\"container\" data-settings=\"{&quot;jet_parallax_layout_list&quot;:[],&quot;background_background&quot;:&quot;classic&quot;}\">\n\t\t<div data-particle_enable=\"false\" data-particle-mobile-disabled=\"false\" class=\"elementor-element elementor-element-9c7c001 e-con-full e-flex e-con e-child\" data-id=\"9c7c001\" data-element_type=\"container\" data-e-type=\"container\" data-settings=\"{&quot;jet_parallax_layout_list&quot;:[],&quot;background_background&quot;:&quot;classic&quot;}\">\n\t\t\t\t<div class=\"elementor-element elementor-element-8e5229d elementor-widget elementor-widget-image\" data-id=\"8e5229d\" data-element_type=\"widget\" data-e-type=\"widget\" data-widget_type=\"image.default\">\n\t\t\t\t\t\t\t\t\t\t\t\t\t\t\t<img fetchpriority=\"high\" decoding=\"async\" width=\"380\" height=\"185\" src=\"https:\/\/sdcommunitypower.org\/wp-content\/uploads\/2025\/08\/power-100-logo.svg\" class=\"attachment-full size-full wp-image-13771\" alt=\"\" \/>\t\t\t\t\t\t\t\t\t\t\t\t\t\t\t<\/div>\n\t\t\t\t<\/div>\n\t\t<div data-particle_enable=\"false\" data-particle-mobile-disabled=\"false\" class=\"elementor-element elementor-element-b1849d4 e-con-full e-flex e-con e-child\" data-id=\"b1849d4\" data-element_type=\"container\" data-e-type=\"container\" data-settings=\"{&quot;jet_parallax_layout_list&quot;:[]}\">\n\t\t\t\t<div class=\"elementor-element elementor-element-b3a83f1 elementor-widget elementor-widget-heading\" data-id=\"b3a83f1\" data-element_type=\"widget\" data-e-type=\"widget\" data-widget_type=\"heading.default\">\n\t\t\t\t\t<h3 class=\"elementor-heading-title elementor-size-default\">G\u00f3i d\u1ecbch v\u1ee5 t\u00e1i t\u1ea1o cao c\u1ea5p c\u1ee7a ch\u00fang t\u00f4i, 100%<\/h3>\t\t\t\t<\/div>\n\t\t\t\t<div class=\"elementor-element elementor-element-1f0cd43 link-ocean-teal-green elementor-widget elementor-widget-text-editor\" data-id=\"1f0cd43\" data-element_type=\"widget\" data-e-type=\"widget\" data-widget_type=\"text-editor.default\">\n\t\t\t\t\t\t\t\t\t<p>Power100 cung c\u1ea5p n\u0103ng l\u01b0\u1ee3ng t\u00e1i t\u1ea1o v\u00e0 kh\u00f4ng ph\u00e1t th\u1ea3i carbon v\u1edbi m\u1ee9c gi\u00e1 100%, cao h\u01a1n $0.01 m\u1ed7i kWh so v\u1edbi m\u1ee9c gi\u00e1 ti\u00eau chu\u1ea9n PowerOn c\u1ee7a ch\u00fang t\u00f4i.<\/p><p>\u0110\u1ed1i v\u1edbi c\u00e1c doanh nghi\u1ec7p mu\u1ed1n l\u1ef1a ch\u1ecdn n\u0103ng l\u01b0\u1ee3ng t\u00e1i t\u1ea1o 100%, b\u1ea1n c\u00f3 c\u01a1 h\u1ed9i nh\u1eadn \u0111\u01b0\u1ee3c c\u00e1c c\u01a1 h\u1ed9i h\u1ee3p t\u00e1c v\u00e0 \u0111\u1ed3ng th\u01b0\u01a1ng hi\u1ec7u th\u00f4ng qua Community Power v\u1edbi t\u01b0 c\u00e1ch l\u00e0 Nh\u00e0 v\u00f4 \u0111\u1ecbch Power100. T\u00ecm hi\u1ec3u th\u00eam tr\u00ean trang web c\u1ee7a ch\u00fang t\u00f4i. <a href=\"https:\/\/sdcommunitypower.org\/vi\/nha-vo-dich-power100\/\"><span style=\"color: ##00a5bd;\">Trang Power100 Champions<\/span><\/a>.<\/p>\t\t\t\t\t\t\t\t<\/div>\n\t\t<div data-particle_enable=\"false\" data-particle-mobile-disabled=\"false\" class=\"elementor-element elementor-element-e3dfe11 e-con-full e-flex e-con e-child\" data-id=\"e3dfe11\" data-element_type=\"container\" data-e-type=\"container\" data-settings=\"{&quot;jet_parallax_layout_list&quot;:[]}\">\n\t\t<div data-particle_enable=\"false\" data-particle-mobile-disabled=\"false\" class=\"elementor-element elementor-element-08b1ab3 e-con-full e-flex e-con e-child\" data-id=\"08b1ab3\" data-element_type=\"container\" data-e-type=\"container\" data-settings=\"{&quot;jet_parallax_layout_list&quot;:[]}\">\n\t\t\t\t<div class=\"elementor-element elementor-element-324469b link-ocean-teal-green elementor-widget elementor-widget-text-editor\" data-id=\"324469b\" data-element_type=\"widget\" data-e-type=\"widget\" data-widget_type=\"text-editor.default\">\n\t\t\t\t\t\t\t\t\t<p><a href=\"https:\/\/sdcommunitypower.org\/vi\/gia-cuoc-cho-ho-gia-dinh\/\">So s\u00e1nh gi\u00e1 c\u01b0\u1edbc d\u1ecbch v\u1ee5 d\u00e2n d\u1ee5ng<\/a><\/p>\t\t\t\t\t\t\t\t<\/div>\n\t\t\t\t<\/div>\n\t\t<div data-particle_enable=\"false\" data-particle-mobile-disabled=\"false\" class=\"elementor-element elementor-element-7622be9 e-con-full e-flex e-con e-child\" data-id=\"7622be9\" data-element_type=\"container\" data-e-type=\"container\" data-settings=\"{&quot;jet_parallax_layout_list&quot;:[]}\">\n\t\t\t\t<div class=\"elementor-element elementor-element-281814d link-ocean-teal-green elementor-widget elementor-widget-text-editor\" data-id=\"281814d\" data-element_type=\"widget\" data-e-type=\"widget\" data-widget_type=\"text-editor.default\">\n\t\t\t\t\t\t\t\t\t<p><span style=\"color: #00a5bd;\"><a href=\"https:\/\/sdcommunitypower.org\/vi\/gia-thuong-mai\/\">So s\u00e1nh l\u00e3i su\u1ea5t th\u01b0\u01a1ng m\u1ea1i<\/a><\/span><\/p>\t\t\t\t\t\t\t\t<\/div>\n\t\t\t\t<\/div>\n\t\t\t\t<\/div>\n\t\t\t\t<div class=\"elementor-element elementor-element-2f71677 link-ocean-teal-green elementor-widget elementor-widget-text-editor\" data-id=\"2f71677\" data-element_type=\"widget\" data-e-type=\"widget\" data-widget_type=\"text-editor.default\">\n\t\t\t\t\t\t\t\t\t<p>Kh\u00e1m ph\u00e1 th\u00eam c\u00e1c t\u00f9y ch\u1ecdn d\u1ecbch v\u1ee5 \u0111i\u1ec7n: <a href=\"https:\/\/sdcommunitypower.org\/vi\/nen-tang-quyen-luc\/\">PowerBase<\/a> | <a href=\"https:\/\/sdcommunitypower.org\/vi\/bat-nguon\/\">PowerOn<\/a> | <a href=\"https:\/\/sdcommunitypower.org\/vi\/cong-suat-100-xanh\/\">Power100 Green+<\/a><\/p>\t\t\t\t\t\t\t\t<\/div>\n\t\t\t\t<\/div>\n\t\t\t\t<\/div>\n\t\t\t\t<\/div>\n\t\t<div data-particle_enable=\"false\" data-particle-mobile-disabled=\"false\" class=\"elementor-element elementor-element-56f6541 e-flex e-con-boxed e-con e-parent\" data-id=\"56f6541\" data-element_type=\"container\" data-e-type=\"container\" data-settings=\"{&quot;jet_parallax_layout_list&quot;:[]}\">\n\t\t\t\t\t<div class=\"e-con-inner\">\n\t\t<div data-particle_enable=\"false\" data-particle-mobile-disabled=\"false\" class=\"elementor-element elementor-element-28a39fa parent-container e-con-full e-flex e-con e-child\" data-id=\"28a39fa\" data-element_type=\"container\" data-e-type=\"container\" data-settings=\"{&quot;background_background&quot;:&quot;classic&quot;,&quot;jet_parallax_layout_list&quot;:[]}\">\n\t\t<div data-particle_enable=\"false\" data-particle-mobile-disabled=\"false\" class=\"elementor-element elementor-element-0fe6454 e-con-full e-flex e-con e-child\" data-id=\"0fe6454\" data-element_type=\"container\" data-e-type=\"container\" data-settings=\"{&quot;jet_parallax_layout_list&quot;:[]}\">\n\t\t<div data-particle_enable=\"false\" data-particle-mobile-disabled=\"false\" class=\"elementor-element elementor-element-03b1d64 e-con-full e-flex e-con e-child\" data-id=\"03b1d64\" data-element_type=\"container\" data-e-type=\"container\" data-settings=\"{&quot;jet_parallax_layout_list&quot;:[]}\">\n\t\t\t\t<div class=\"elementor-element elementor-element-9310c33 elementor-widget elementor-widget-heading\" data-id=\"9310c33\" data-element_type=\"widget\" data-e-type=\"widget\" data-widget_type=\"heading.default\">\n\t\t\t\t\t<h2 class=\"elementor-heading-title elementor-size-default\">Ch\u1ecdn Power100<\/h2>\t\t\t\t<\/div>\n\t\t\t\t<div class=\"elementor-element elementor-element-cce10cb elementor-widget elementor-widget-text-editor\" data-id=\"cce10cb\" data-element_type=\"widget\" data-e-type=\"widget\" data-widget_type=\"text-editor.default\">\n\t\t\t\t\t\t\t\t\t<p>\u0110\u1ec3 thay \u0111\u1ed5i g\u00f3i d\u1ecbch v\u1ee5 c\u1ee7a b\u1ea1n, vui l\u00f2ng chu\u1ea9n b\u1ecb s\u1eb5n b\u1ea3n sao h\u00f3a \u0111\u01a1n SDG&amp;E c\u1ee7a b\u1ea1n v\u00ec b\u1ea1n s\u1ebd c\u1ea7n s\u1ed1 t\u00e0i kho\u1ea3n SDG&amp;E. Vui l\u00f2ng ch\u1ec9 nh\u1eadp 12 ch\u1eef s\u1ed1 \u0111\u1ea7u ti\u00ean c\u1ee7a s\u1ed1 t\u00e0i kho\u1ea3n. Bao g\u1ed3m c\u00e1c s\u1ed1 0 \u1edf \u0111\u1ea7u v\u00e0 b\u1ecf qua c\u00e1c kho\u1ea3ng tr\u1ed1ng.<\/p>\t\t\t\t\t\t\t\t<\/div>\n\t\t\t\t<\/div>\n\t\t<div data-particle_enable=\"false\" data-particle-mobile-disabled=\"false\" class=\"elementor-element elementor-element-d9e3150 e-con-full e-flex e-con e-child\" data-id=\"d9e3150\" data-element_type=\"container\" data-e-type=\"container\" data-settings=\"{&quot;jet_parallax_layout_list&quot;:[]}\">\n\t\t\t\t<div class=\"elementor-element elementor-element-c39c55a elementor-widget elementor-widget-image\" data-id=\"c39c55a\" data-element_type=\"widget\" data-e-type=\"widget\" data-widget_type=\"image.default\">\n\t\t\t\t\t\t\t\t\t\t\t\t\t\t\t<img decoding=\"async\" width=\"1819\" height=\"926\" src=\"https:\/\/sdcommunitypower.org\/wp-content\/uploads\/2025\/11\/change-my-service-plan_1819.jpg\" class=\"attachment-full size-full wp-image-27214\" alt=\"\" srcset=\"https:\/\/sdcommunitypower.org\/wp-content\/uploads\/2025\/11\/change-my-service-plan_1819.jpg 1819w, https:\/\/sdcommunitypower.org\/wp-content\/uploads\/2025\/11\/change-my-service-plan_1819-300x153.jpg 300w, https:\/\/sdcommunitypower.org\/wp-content\/uploads\/2025\/11\/change-my-service-plan_1819-1024x521.jpg 1024w, https:\/\/sdcommunitypower.org\/wp-content\/uploads\/2025\/11\/change-my-service-plan_1819-768x391.jpg 768w, https:\/\/sdcommunitypower.org\/wp-content\/uploads\/2025\/11\/change-my-service-plan_1819-1536x782.jpg 1536w, https:\/\/sdcommunitypower.org\/wp-content\/uploads\/2025\/11\/change-my-service-plan_1819-18x9.jpg 18w\" sizes=\"(max-width: 1819px) 100vw, 1819px\" \/>\t\t\t\t\t\t\t\t\t\t\t\t\t\t\t<\/div>\n\t\t\t\t<\/div>\n\t\t\t\t<\/div>\n\t\t<div data-particle_enable=\"false\" data-particle-mobile-disabled=\"false\" class=\"elementor-element elementor-element-ab11df6 e-con-full e-flex e-con e-child\" data-id=\"ab11df6\" data-element_type=\"container\" data-e-type=\"container\" data-settings=\"{&quot;jet_parallax_layout_list&quot;:[]}\">\n\t\t\t\t<div class=\"elementor-element elementor-element-7061c34 elementor-widget elementor-widget-html\" data-id=\"7061c34\" data-element_type=\"widget\" data-e-type=\"widget\" data-widget_type=\"html.default\">\n\t\t\t\t\t<iframe loading=\"lazy\" class=\"iframe-class\" src=\"https:\/\/optsdcp.communityenergysolutions.com\/ui\/customer\/all\/en-US\" width=\"100%\" height=\"700\" frameborder=\"0\" scrolling=\"yes\" title=\"optsdcp-communityenergysolutions\" data-uw-rm-iframe=\"gn\"><\/iframe>\t\t\t\t<\/div>\n\t\t\t\t<\/div>\n\t\t\t\t<\/div>\n\t\t\t\t\t<\/div>\n\t\t\t\t<\/div>\n\t\t\t\t<\/div>","protected":false},"excerpt":{"rendered":"<p>Our premium, 100% renewable service plan Power100 provides 100% renewable and carbon-free energy for a slight premium of $0.01 per kWh on top of our standard PowerOn rates. For businesses [&hellip;]<\/p>\n","protected":false},"author":22,"featured_media":21643,"parent":0,"menu_order":28,"comment_status":"closed","ping_status":"closed","template":"","meta":{"footnotes":""},"class_list":["post-8343","page","type-page","status-publish","has-post-thumbnail","hentry"],"yoast_head":"<!-- This site is optimized with the Yoast SEO Premium plugin v27.4 (Yoast SEO v27.4) - https:\/\/yoast.com\/product\/yoast-seo-premium-wordpress\/ -->\n<title>Power100 - San Diego Community Power<\/title>\n<meta name=\"robots\" content=\"index, follow, max-snippet:-1, max-image-preview:large, max-video-preview:-1\" \/>\n<link rel=\"canonical\" href=\"https:\/\/sdcommunitypower.org\/vi\/quyen-luc-100\/\" \/>\n<meta property=\"og:locale\" content=\"vi_VN\" \/>\n<meta property=\"og:type\" content=\"article\" \/>\n<meta property=\"og:title\" content=\"Power100\" \/>\n<meta property=\"og:description\" content=\"Our premium, 100% renewable service plan Power100 provides 100% renewable and carbon-free energy for a slight premium of $0.01 per kWh on top of our\" \/>\n<meta property=\"og:url\" content=\"https:\/\/sdcommunitypower.org\/vi\/quyen-luc-100\/\" \/>\n<meta property=\"og:site_name\" content=\"San Diego Community Power\" \/>\n<meta property=\"article:modified_time\" content=\"2025-11-06T18:38:51+00:00\" \/>\n<meta property=\"og:image\" content=\"https:\/\/sdcommunitypower.org\/wp-content\/uploads\/2025\/09\/Beach_AdobeStock_266434975_2000.jpg\" \/>\n\t<meta property=\"og:image:width\" content=\"2000\" \/>\n\t<meta property=\"og:image:height\" content=\"1317\" \/>\n\t<meta property=\"og:image:type\" content=\"image\/jpeg\" \/>\n<meta name=\"twitter:card\" content=\"summary_large_image\" \/>\n<meta name=\"twitter:label1\" content=\"\u01af\u1edbc t\u00ednh th\u1eddi gian \u0111\u1ecdc\" \/>\n\t<meta name=\"twitter:data1\" content=\"1 ph\u00fat\" \/>\n<script type=\"application\/ld+json\" class=\"yoast-schema-graph\">{\"@context\":\"https:\\\/\\\/schema.org\",\"@graph\":[{\"@type\":\"WebPage\",\"@id\":\"https:\\\/\\\/sdcommunitypower.org\\\/power100\\\/\",\"url\":\"https:\\\/\\\/sdcommunitypower.org\\\/power100\\\/\",\"name\":\"Power100 - San Diego Community Power\",\"isPartOf\":{\"@id\":\"https:\\\/\\\/sdcommunitypower.org\\\/#website\"},\"primaryImageOfPage\":{\"@id\":\"https:\\\/\\\/sdcommunitypower.org\\\/power100\\\/#primaryimage\"},\"image\":{\"@id\":\"https:\\\/\\\/sdcommunitypower.org\\\/power100\\\/#primaryimage\"},\"thumbnailUrl\":\"https:\\\/\\\/sdcommunitypower.org\\\/wp-content\\\/uploads\\\/2025\\\/09\\\/Beach_AdobeStock_266434975_2000.jpg\",\"datePublished\":\"2024-06-21T11:55:46+00:00\",\"dateModified\":\"2025-11-06T18:38:51+00:00\",\"breadcrumb\":{\"@id\":\"https:\\\/\\\/sdcommunitypower.org\\\/power100\\\/#breadcrumb\"},\"inLanguage\":\"vi\",\"potentialAction\":[{\"@type\":\"ReadAction\",\"target\":[\"https:\\\/\\\/sdcommunitypower.org\\\/power100\\\/\"]}]},{\"@type\":\"ImageObject\",\"inLanguage\":\"vi\",\"@id\":\"https:\\\/\\\/sdcommunitypower.org\\\/power100\\\/#primaryimage\",\"url\":\"https:\\\/\\\/sdcommunitypower.org\\\/wp-content\\\/uploads\\\/2025\\\/09\\\/Beach_AdobeStock_266434975_2000.jpg\",\"contentUrl\":\"https:\\\/\\\/sdcommunitypower.org\\\/wp-content\\\/uploads\\\/2025\\\/09\\\/Beach_AdobeStock_266434975_2000.jpg\",\"width\":2000,\"height\":1317},{\"@type\":\"BreadcrumbList\",\"@id\":\"https:\\\/\\\/sdcommunitypower.org\\\/power100\\\/#breadcrumb\",\"itemListElement\":[{\"@type\":\"ListItem\",\"position\":1,\"name\":\"Home\",\"item\":\"https:\\\/\\\/sdcommunitypower.org\\\/\"},{\"@type\":\"ListItem\",\"position\":2,\"name\":\"Power100\"}]},{\"@type\":\"WebSite\",\"@id\":\"https:\\\/\\\/sdcommunitypower.org\\\/#website\",\"url\":\"https:\\\/\\\/sdcommunitypower.org\\\/\",\"name\":\"San Diego Community Power\",\"description\":\"Powering a clean, affordable energy future\",\"publisher\":{\"@id\":\"https:\\\/\\\/sdcommunitypower.org\\\/#organization\"},\"potentialAction\":[{\"@type\":\"SearchAction\",\"target\":{\"@type\":\"EntryPoint\",\"urlTemplate\":\"https:\\\/\\\/sdcommunitypower.org\\\/?s={search_term_string}\"},\"query-input\":{\"@type\":\"PropertyValueSpecification\",\"valueRequired\":true,\"valueName\":\"search_term_string\"}}],\"inLanguage\":\"vi\"},{\"@type\":\"Organization\",\"@id\":\"https:\\\/\\\/sdcommunitypower.org\\\/#organization\",\"name\":\"San Diego Community Power\",\"url\":\"https:\\\/\\\/sdcommunitypower.org\\\/\",\"logo\":{\"@type\":\"ImageObject\",\"inLanguage\":\"vi\",\"@id\":\"https:\\\/\\\/sdcommunitypower.org\\\/#\\\/schema\\\/logo\\\/image\\\/\",\"url\":\"https:\\\/\\\/sdcommunitypower.org\\\/wp-content\\\/uploads\\\/2020\\\/12\\\/20-SDCP-0456_BrandSuite_SocialIcons_FNL-01.png\",\"contentUrl\":\"https:\\\/\\\/sdcommunitypower.org\\\/wp-content\\\/uploads\\\/2020\\\/12\\\/20-SDCP-0456_BrandSuite_SocialIcons_FNL-01.png\",\"width\":1000,\"height\":1001,\"caption\":\"San Diego Community Power\"},\"image\":{\"@id\":\"https:\\\/\\\/sdcommunitypower.org\\\/#\\\/schema\\\/logo\\\/image\\\/\"}}]}<\/script>\n<!-- \/ Yoast SEO Premium plugin. -->","yoast_head_json":{"title":"Power100 - San Diego Community Power","robots":{"index":"index","follow":"follow","max-snippet":"max-snippet:-1","max-image-preview":"max-image-preview:large","max-video-preview":"max-video-preview:-1"},"canonical":"https:\/\/sdcommunitypower.org\/vi\/quyen-luc-100\/","og_locale":"vi_VN","og_type":"article","og_title":"Power100","og_description":"Our premium, 100% renewable service plan Power100 provides 100% renewable and carbon-free energy for a slight premium of $0.01 per kWh on top of our","og_url":"https:\/\/sdcommunitypower.org\/vi\/quyen-luc-100\/","og_site_name":"San Diego Community Power","article_modified_time":"2025-11-06T18:38:51+00:00","og_image":[{"width":2000,"height":1317,"url":"https:\/\/sdcommunitypower.org\/wp-content\/uploads\/2025\/09\/Beach_AdobeStock_266434975_2000.jpg","type":"image\/jpeg"}],"twitter_card":"summary_large_image","twitter_misc":{"\u01af\u1edbc t\u00ednh th\u1eddi gian \u0111\u1ecdc":"1 ph\u00fat"},"schema":{"@context":"https:\/\/schema.org","@graph":[{"@type":"WebPage","@id":"https:\/\/sdcommunitypower.org\/power100\/","url":"https:\/\/sdcommunitypower.org\/power100\/","name":"Power100 - San Diego Community Power","isPartOf":{"@id":"https:\/\/sdcommunitypower.org\/#website"},"primaryImageOfPage":{"@id":"https:\/\/sdcommunitypower.org\/power100\/#primaryimage"},"image":{"@id":"https:\/\/sdcommunitypower.org\/power100\/#primaryimage"},"thumbnailUrl":"https:\/\/sdcommunitypower.org\/wp-content\/uploads\/2025\/09\/Beach_AdobeStock_266434975_2000.jpg","datePublished":"2024-06-21T11:55:46+00:00","dateModified":"2025-11-06T18:38:51+00:00","breadcrumb":{"@id":"https:\/\/sdcommunitypower.org\/power100\/#breadcrumb"},"inLanguage":"vi","potentialAction":[{"@type":"ReadAction","target":["https:\/\/sdcommunitypower.org\/power100\/"]}]},{"@type":"ImageObject","inLanguage":"vi","@id":"https:\/\/sdcommunitypower.org\/power100\/#primaryimage","url":"https:\/\/sdcommunitypower.org\/wp-content\/uploads\/2025\/09\/Beach_AdobeStock_266434975_2000.jpg","contentUrl":"https:\/\/sdcommunitypower.org\/wp-content\/uploads\/2025\/09\/Beach_AdobeStock_266434975_2000.jpg","width":2000,"height":1317},{"@type":"BreadcrumbList","@id":"https:\/\/sdcommunitypower.org\/power100\/#breadcrumb","itemListElement":[{"@type":"ListItem","position":1,"name":"Home","item":"https:\/\/sdcommunitypower.org\/"},{"@type":"ListItem","position":2,"name":"Power100"}]},{"@type":"WebSite","@id":"https:\/\/sdcommunitypower.org\/#website","url":"https:\/\/sdcommunitypower.org\/","name":"San Diego Community Power","description":"Cung c\u1ea5p n\u0103ng l\u01b0\u1ee3ng s\u1ea1ch v\u00e0 gi\u00e1 c\u1ea3 ph\u1ea3i ch\u0103ng cho t\u01b0\u01a1ng lai","publisher":{"@id":"https:\/\/sdcommunitypower.org\/#organization"},"potentialAction":[{"@type":"SearchAction","target":{"@type":"EntryPoint","urlTemplate":"https:\/\/sdcommunitypower.org\/?s={search_term_string}"},"query-input":{"@type":"PropertyValueSpecification","valueRequired":true,"valueName":"search_term_string"}}],"inLanguage":"vi"},{"@type":"Organization","@id":"https:\/\/sdcommunitypower.org\/#organization","name":"San Diego Community Power","url":"https:\/\/sdcommunitypower.org\/","logo":{"@type":"ImageObject","inLanguage":"vi","@id":"https:\/\/sdcommunitypower.org\/#\/schema\/logo\/image\/","url":"https:\/\/sdcommunitypower.org\/wp-content\/uploads\/2020\/12\/20-SDCP-0456_BrandSuite_SocialIcons_FNL-01.png","contentUrl":"https:\/\/sdcommunitypower.org\/wp-content\/uploads\/2020\/12\/20-SDCP-0456_BrandSuite_SocialIcons_FNL-01.png","width":1000,"height":1001,"caption":"San Diego Community Power"},"image":{"@id":"https:\/\/sdcommunitypower.org\/#\/schema\/logo\/image\/"}}]}},"_links":{"self":[{"href":"https:\/\/sdcommunitypower.org\/vi\/wp-json\/wp\/v2\/pages\/8343","targetHints":{"allow":["GET"]}}],"collection":[{"href":"https:\/\/sdcommunitypower.org\/vi\/wp-json\/wp\/v2\/pages"}],"about":[{"href":"https:\/\/sdcommunitypower.org\/vi\/wp-json\/wp\/v2\/types\/page"}],"author":[{"embeddable":true,"href":"https:\/\/sdcommunitypower.org\/vi\/wp-json\/wp\/v2\/users\/22"}],"replies":[{"embeddable":true,"href":"https:\/\/sdcommunitypower.org\/vi\/wp-json\/wp\/v2\/comments?post=8343"}],"version-history":[{"count":5,"href":"https:\/\/sdcommunitypower.org\/vi\/wp-json\/wp\/v2\/pages\/8343\/revisions"}],"predecessor-version":[{"id":27217,"href":"https:\/\/sdcommunitypower.org\/vi\/wp-json\/wp\/v2\/pages\/8343\/revisions\/27217"}],"wp:featuredmedia":[{"embeddable":true,"href":"https:\/\/sdcommunitypower.org\/vi\/wp-json\/wp\/v2\/media\/21643"}],"wp:attachment":[{"href":"https:\/\/sdcommunitypower.org\/vi\/wp-json\/wp\/v2\/media?parent=8343"}],"curies":[{"name":"wp","href":"https:\/\/api.w.org\/{rel}","templated":true}]}}