{"id":9488,"date":"2024-10-04T13:11:14","date_gmt":"2024-10-04T20:11:14","guid":{"rendered":"https:\/\/sdcommunitypower.org\/?page_id=9488"},"modified":"2024-10-08T09:06:22","modified_gmt":"2024-10-08T16:06:22","slug":"2024_federal_issue_brief","status":"publish","type":"page","link":"https:\/\/sdcommunitypower.org\/vi\/2024_federal_issue_brief\/","title":{"rendered":"T\u00f3m t\u1eaft ch\u00ednh s\u00e1ch li\u00ean bang n\u0103m 2024"},"content":{"rendered":"<p>Vui l\u00f2ng s\u1eed d\u1ee5ng c\u00e1c li\u00ean k\u1ebft b\u00ean d\u01b0\u1edbi \u0111\u1ec3 t\u00ecm hi\u1ec3u th\u00eam v\u1ec1 c\u00e1c ch\u1ee7 \u0111\u1ec1 \u0111\u01b0\u1ee3c \u0111\u1ec1 c\u1eadp trong B\u1ea3n t\u00f3m t\u1eaft ch\u00ednh s\u00e1ch li\u00ean bang n\u0103m 2024 c\u1ee7a San Diego Community Power:<\/p>\n\n\n\n<ul class=\"wp-block-list\">\n<li><a href=\"https:\/\/sdcommunitypower.org\/vi\/ve\/nguon-nang-luong\/\" target=\"_blank\" rel=\"noreferrer noopener\">Mua s\u1eafm N\u0103ng l\u01b0\u1ee3ng T\u00e1i t\u1ea1o &amp; L\u01b0u tr\u1eef<\/a><\/li>\n\n\n\n<li><a href=\"https:\/\/sdcommunitypower.org\/vi\/your-choice\/compare-service-options\/\" target=\"_blank\" rel=\"noreferrer noopener\">Gi\u1ea3m gi\u00e1 \u0111i\u1ec7n v\u00e0 cung c\u1ea5p cho kh\u00e1ch h\u00e0ng s\u1ef1 l\u1ef1a ch\u1ecdn v\u1ec1 \u0111i\u1ec7n.<\/a><\/li>\n\n\n\n<li><a href=\"https:\/\/sdcommunitypower.org\/wp-content\/uploads\/2024\/08\/24.08.12-SDREN-PR-FINAL.pdf\" target=\"_blank\" rel=\"noreferrer noopener\">\u0110\u1ea3m b\u1ea3o ngu\u1ed3n v\u1ed1n \u0111\u1ec3 tri\u1ec3n khai c\u00e1c ch\u01b0\u01a1ng tr\u00ecnh ti\u1ebft ki\u1ec7m n\u0103ng l\u01b0\u1ee3ng m\u1edbi v\u00e0o n\u0103m 2025 <\/a><\/li>\n\n\n\n<li><a href=\"https:\/\/sdcommunitypower.org\/vi\/chuong-trinh\/chuong-trinh-tiet-kiem-pin-nang-luong-mat-troi\/\" target=\"_blank\" rel=\"noreferrer noopener\">Kh\u1edfi \u0111\u1ed9ng Ch\u01b0\u01a1ng tr\u00ecnh Solar Battery Savings th\u00e0nh c\u00f4ng<\/a><\/li>\n\n\n\n<li><a href=\"https:\/\/sdcommunitypower.org\/vi\/chuong-trinh-tai-tro-cong-dong\/\" target=\"_blank\" rel=\"noreferrer noopener\">H\u1ed7 tr\u1ee3 c\u00e1c d\u1ef1 \u00e1n n\u0103ng l\u01b0\u1ee3ng s\u1ea1ch \u0111\u1ecba ph\u01b0\u01a1ng th\u00f4ng qua c\u00e1c kho\u1ea3n t\u00e0i tr\u1ee3 c\u1ed9ng \u0111\u1ed3ng<\/a><\/li>\n\n\n\n<li><a href=\"https:\/\/sdcommunitypower.org\/vi\/billing-rates\/gia-cuoc-cho-ho-gia-dinh\/\" target=\"_blank\" rel=\"noreferrer noopener\">Gi\u1eef m\u1ee9c ph\u00ed h\u1ee3p l\u00fd v\u00e0 gi\u1ea3i quy\u1ebft c\u00e1c h\u00f3a \u0111\u01a1n ch\u01b0a thanh to\u00e1n <\/a><\/li>\n\n\n\n<li><a href=\"https:\/\/levin.house.gov\/media\/press-releases\/reps-levin-and-casten-introduce-a-house-democratic-consensus-permitting-transmission-bill\">H\u1ea1n ch\u1ebf v\u1ec1 t\u00e0i nguy\u00ean v\u00e0 truy\u1ec1n t\u1ea3i<\/a><\/li>\n<\/ul>\n\n\n\n<p><\/p>","protected":false},"excerpt":{"rendered":"<p>Vui l\u00f2ng s\u1eed d\u1ee5ng c\u00e1c li\u00ean k\u1ebft b\u00ean d\u01b0\u1edbi \u0111\u1ec3 t\u00ecm hi\u1ec3u th\u00eam v\u1ec1 c\u00e1c ch\u1ee7 \u0111\u1ec1 \u0111\u01b0\u1ee3c \u0111\u1ec1 c\u1eadp trong B\u1ea3n t\u00f3m t\u1eaft ch\u00ednh s\u00e1ch li\u00ean bang n\u0103m 2024 c\u1ee7a San Diego Community Power:<\/p>","protected":false},"author":22,"featured_media":0,"parent":0,"menu_order":52,"comment_status":"closed","ping_status":"closed","template":"","meta":{"footnotes":""},"class_list":["post-9488","page","type-page","status-publish","hentry"],"yoast_head":"<!-- This site is optimized with the Yoast SEO Premium plugin v27.2 (Yoast SEO v27.2) - https:\/\/yoast.com\/product\/yoast-seo-premium-wordpress\/ -->\n<title>2024 Federal Issue Brief - San Diego Community Power<\/title>\n<meta name=\"robots\" content=\"index, follow, max-snippet:-1, max-image-preview:large, max-video-preview:-1\" \/>\n<link rel=\"canonical\" href=\"https:\/\/sdcommunitypower.org\/vi\/2024_federal_issue_brief\/\" \/>\n<meta property=\"og:locale\" content=\"vi_VN\" \/>\n<meta property=\"og:type\" content=\"article\" \/>\n<meta property=\"og:title\" content=\"2024 Federal Issue Brief\" \/>\n<meta property=\"og:description\" content=\"Please use the links below to learn more about the topics discussed in San Diego Community Power&#039;s 2024 Federal Issue Brief: Procuring Renewable\" \/>\n<meta property=\"og:url\" content=\"https:\/\/sdcommunitypower.org\/vi\/2024_federal_issue_brief\/\" \/>\n<meta property=\"og:site_name\" content=\"San Diego Community Power\" \/>\n<meta property=\"article:modified_time\" content=\"2024-10-08T16:06:22+00:00\" \/>\n<meta name=\"twitter:card\" content=\"summary_large_image\" \/>\n<meta name=\"twitter:label1\" content=\"\u01af\u1edbc t\u00ednh th\u1eddi gian \u0111\u1ecdc\" \/>\n\t<meta name=\"twitter:data1\" content=\"1 ph\u00fat\" \/>\n<script type=\"application\/ld+json\" class=\"yoast-schema-graph\">{\"@context\":\"https:\/\/schema.org\",\"@graph\":[{\"@type\":\"WebPage\",\"@id\":\"https:\/\/sdcommunitypower.org\/2024_federal_issue_brief\/\",\"url\":\"https:\/\/sdcommunitypower.org\/2024_federal_issue_brief\/\",\"name\":\"2024 Federal Issue Brief - San Diego Community Power\",\"isPartOf\":{\"@id\":\"https:\/\/sdcommunitypower.org\/#website\"},\"datePublished\":\"2024-10-04T20:11:14+00:00\",\"dateModified\":\"2024-10-08T16:06:22+00:00\",\"breadcrumb\":{\"@id\":\"https:\/\/sdcommunitypower.org\/2024_federal_issue_brief\/#breadcrumb\"},\"inLanguage\":\"vi\",\"potentialAction\":[{\"@type\":\"ReadAction\",\"target\":[\"https:\/\/sdcommunitypower.org\/2024_federal_issue_brief\/\"]}]},{\"@type\":\"BreadcrumbList\",\"@id\":\"https:\/\/sdcommunitypower.org\/2024_federal_issue_brief\/#breadcrumb\",\"itemListElement\":[{\"@type\":\"ListItem\",\"position\":1,\"name\":\"Home\",\"item\":\"https:\/\/sdcommunitypower.org\/\"},{\"@type\":\"ListItem\",\"position\":2,\"name\":\"2024 Federal Issue Brief\"}]},{\"@type\":\"WebSite\",\"@id\":\"https:\/\/sdcommunitypower.org\/#website\",\"url\":\"https:\/\/sdcommunitypower.org\/\",\"name\":\"San Diego Community Power\",\"description\":\"Powering a clean, affordable energy future\",\"publisher\":{\"@id\":\"https:\/\/sdcommunitypower.org\/#organization\"},\"potentialAction\":[{\"@type\":\"SearchAction\",\"target\":{\"@type\":\"EntryPoint\",\"urlTemplate\":\"https:\/\/sdcommunitypower.org\/?s={search_term_string}\"},\"query-input\":{\"@type\":\"PropertyValueSpecification\",\"valueRequired\":true,\"valueName\":\"search_term_string\"}}],\"inLanguage\":\"vi\"},{\"@type\":\"Organization\",\"@id\":\"https:\/\/sdcommunitypower.org\/#organization\",\"name\":\"San Diego Community Power\",\"url\":\"https:\/\/sdcommunitypower.org\/\",\"logo\":{\"@type\":\"ImageObject\",\"inLanguage\":\"vi\",\"@id\":\"https:\/\/sdcommunitypower.org\/#\/schema\/logo\/image\/\",\"url\":\"https:\/\/sdcommunitypower.org\/wp-content\/uploads\/2020\/12\/20-SDCP-0456_BrandSuite_SocialIcons_FNL-01.png\",\"contentUrl\":\"https:\/\/sdcommunitypower.org\/wp-content\/uploads\/2020\/12\/20-SDCP-0456_BrandSuite_SocialIcons_FNL-01.png\",\"width\":1000,\"height\":1001,\"caption\":\"San Diego Community Power\"},\"image\":{\"@id\":\"https:\/\/sdcommunitypower.org\/#\/schema\/logo\/image\/\"}}]}<\/script>\n<!-- \/ Yoast SEO Premium plugin. -->","yoast_head_json":{"title":"T\u00f3m t\u1eaft v\u1ea5n \u0111\u1ec1 li\u00ean bang n\u0103m 2024 - San Diego Community Power","robots":{"index":"index","follow":"follow","max-snippet":"max-snippet:-1","max-image-preview":"max-image-preview:large","max-video-preview":"max-video-preview:-1"},"canonical":"https:\/\/sdcommunitypower.org\/vi\/2024_federal_issue_brief\/","og_locale":"vi_VN","og_type":"article","og_title":"2024 Federal Issue Brief","og_description":"Please use the links below to learn more about the topics discussed in San Diego Community Power's 2024 Federal Issue Brief: Procuring Renewable","og_url":"https:\/\/sdcommunitypower.org\/vi\/2024_federal_issue_brief\/","og_site_name":"San Diego Community Power","article_modified_time":"2024-10-08T16:06:22+00:00","twitter_card":"summary_large_image","twitter_misc":{"\u01af\u1edbc t\u00ednh th\u1eddi gian \u0111\u1ecdc":"1 ph\u00fat"},"schema":{"@context":"https:\/\/schema.org","@graph":[{"@type":"WebPage","@id":"https:\/\/sdcommunitypower.org\/2024_federal_issue_brief\/","url":"https:\/\/sdcommunitypower.org\/2024_federal_issue_brief\/","name":"T\u00f3m t\u1eaft v\u1ea5n \u0111\u1ec1 li\u00ean bang n\u0103m 2024 - San Diego Community Power","isPartOf":{"@id":"https:\/\/sdcommunitypower.org\/#website"},"datePublished":"2024-10-04T20:11:14+00:00","dateModified":"2024-10-08T16:06:22+00:00","breadcrumb":{"@id":"https:\/\/sdcommunitypower.org\/2024_federal_issue_brief\/#breadcrumb"},"inLanguage":"vi","potentialAction":[{"@type":"ReadAction","target":["https:\/\/sdcommunitypower.org\/2024_federal_issue_brief\/"]}]},{"@type":"BreadcrumbList","@id":"https:\/\/sdcommunitypower.org\/2024_federal_issue_brief\/#breadcrumb","itemListElement":[{"@type":"ListItem","position":1,"name":"Home","item":"https:\/\/sdcommunitypower.org\/"},{"@type":"ListItem","position":2,"name":"2024 Federal Issue Brief"}]},{"@type":"WebSite","@id":"https:\/\/sdcommunitypower.org\/#website","url":"https:\/\/sdcommunitypower.org\/","name":"San Diego Community Power","description":"Cung c\u1ea5p n\u0103ng l\u01b0\u1ee3ng s\u1ea1ch v\u00e0 gi\u00e1 c\u1ea3 ph\u1ea3i ch\u0103ng cho t\u01b0\u01a1ng lai","publisher":{"@id":"https:\/\/sdcommunitypower.org\/#organization"},"potentialAction":[{"@type":"SearchAction","target":{"@type":"EntryPoint","urlTemplate":"https:\/\/sdcommunitypower.org\/?s={search_term_string}"},"query-input":{"@type":"PropertyValueSpecification","valueRequired":true,"valueName":"search_term_string"}}],"inLanguage":"vi"},{"@type":"Organization","@id":"https:\/\/sdcommunitypower.org\/#organization","name":"San Diego Community Power","url":"https:\/\/sdcommunitypower.org\/","logo":{"@type":"ImageObject","inLanguage":"vi","@id":"https:\/\/sdcommunitypower.org\/#\/schema\/logo\/image\/","url":"https:\/\/sdcommunitypower.org\/wp-content\/uploads\/2020\/12\/20-SDCP-0456_BrandSuite_SocialIcons_FNL-01.png","contentUrl":"https:\/\/sdcommunitypower.org\/wp-content\/uploads\/2020\/12\/20-SDCP-0456_BrandSuite_SocialIcons_FNL-01.png","width":1000,"height":1001,"caption":"San Diego Community Power"},"image":{"@id":"https:\/\/sdcommunitypower.org\/#\/schema\/logo\/image\/"}}]}},"_links":{"self":[{"href":"https:\/\/sdcommunitypower.org\/vi\/wp-json\/wp\/v2\/pages\/9488","targetHints":{"allow":["GET"]}}],"collection":[{"href":"https:\/\/sdcommunitypower.org\/vi\/wp-json\/wp\/v2\/pages"}],"about":[{"href":"https:\/\/sdcommunitypower.org\/vi\/wp-json\/wp\/v2\/types\/page"}],"author":[{"embeddable":true,"href":"https:\/\/sdcommunitypower.org\/vi\/wp-json\/wp\/v2\/users\/22"}],"replies":[{"embeddable":true,"href":"https:\/\/sdcommunitypower.org\/vi\/wp-json\/wp\/v2\/comments?post=9488"}],"version-history":[{"count":0,"href":"https:\/\/sdcommunitypower.org\/vi\/wp-json\/wp\/v2\/pages\/9488\/revisions"}],"wp:attachment":[{"href":"https:\/\/sdcommunitypower.org\/vi\/wp-json\/wp\/v2\/media?parent=9488"}],"curies":[{"name":"wp","href":"https:\/\/api.w.org\/{rel}","templated":true}]}}