{"id":9648,"date":"2024-11-01T12:56:24","date_gmt":"2024-11-01T19:56:24","guid":{"rendered":"https:\/\/sdcommunitypower.org\/?page_id=9648"},"modified":"2025-03-14T13:36:13","modified_gmt":"2025-03-14T20:36:13","slug":"khao-sat-y-kien-khach-hang","status":"publish","type":"page","link":"https:\/\/sdcommunitypower.org\/vi\/customer-feedback-survey\/","title":{"rendered":"Kh\u1ea3o s\u00e1t \u00fd ki\u1ebfn kh\u00e1ch h\u00e0ng"},"content":{"rendered":"<h1 class=\"wp-block-heading\" style=\"font-size:35px\">B\u1ea1n c\u00f3 th\u1ec3 tr\u00fang th\u01b0\u1edfng $500 <br>Cho nh\u1eefng suy ngh\u0129 v\u1ec1 n\u0103ng l\u01b0\u1ee3ng c\u1ee7a b\u1ea1n!<\/h1>\n\n\n\n<h3 class=\"wp-block-heading\" style=\"font-size:21px\">San Diego Community Power k\u00ednh m\u1eddi qu\u00fd kh\u00e1ch tham gia v\u00e0o m\u1ed9t cu\u1ed9c kh\u1ea3o s\u00e1t ph\u1ea3n h\u1ed3i kh\u00e1ch h\u00e0ng v\u00f4 c\u00f9ng quan tr\u1ecdng, s\u1ebd c\u00f3 t\u00e1c \u0111\u1ed9ng tr\u1ef1c ti\u1ebfp \u0111\u1ebfn t\u01b0\u01a1ng lai c\u1ee7a ng\u00e0nh n\u0103ng l\u01b0\u1ee3ng trong khu v\u1ef1c c\u1ee7a ch\u00fang ta.<\/h3>\n\n\n\n<div style=\"height:10px\" aria-hidden=\"true\" class=\"wp-block-spacer\"><\/div>\n\n\n\n<p style=\"font-size:18px\">Cu\u1ed9c kh\u1ea3o s\u00e1t to\u00e0n di\u1ec7n n\u00e0y kh\u00f4ng ch\u1ec9 nh\u1eb1m thu th\u1eadp d\u1eef li\u1ec7u m\u00e0 c\u00f2n h\u01b0\u1edbng \u0111\u1ebfn vi\u1ec7c \u0111\u1ecbnh h\u00ecnh m\u1ed9t t\u01b0\u01a1ng lai n\u0103ng l\u01b0\u1ee3ng b\u1ec1n v\u1eefng mang l\u1ea1i l\u1ee3i \u00edch cho t\u1ea5t c\u1ea3 m\u1ecdi ng\u01b0\u1eddi. \u00dd ki\u1ebfn \u0111\u00f3ng g\u00f3p qu\u00fd b\u00e1u c\u1ee7a qu\u00fd v\u1ecb s\u1ebd gi\u00fap ch\u00fang t\u00f4i x\u00e2y d\u1ef1ng c\u00e1c gi\u1ea3i ph\u00e1p n\u0103ng l\u01b0\u1ee3ng ph\u00f9 h\u1ee3p v\u1edbi nhu c\u1ea7u c\u1ee7a c\u1ed9ng \u0111\u1ed3ng v\u00e0 n\u00e2ng cao c\u00e1c chi\u1ebfn l\u01b0\u1ee3c n\u0103ng l\u01b0\u1ee3ng b\u1ec1n v\u1eefng.<\/p>\n\n\n\n<div style=\"height:10px\" aria-hidden=\"true\" class=\"wp-block-spacer\"><\/div>\n\n\n\n<div class=\"wp-block-buttons is-layout-flex wp-block-buttons-is-layout-flex\">\n<div class=\"wp-block-button has-custom-font-size\" style=\"font-size:15px\"><a class=\"wp-block-button__link has-background wp-element-button\" href=\"https:\/\/www.surveymonkey.com\/r\/SDCPResCustomers\" style=\"border-radius:0px;background-color:#565ac0\" target=\"_blank\" rel=\"noreferrer noopener\">Kh\u1ea3o s\u00e1t d\u00e0nh cho c\u01b0 d\u00e2n<\/a><\/div>\n\n\n\n<div class=\"wp-block-button has-custom-font-size\" style=\"font-size:15px\"><a class=\"wp-block-button__link has-background wp-element-button\" href=\"https:\/\/www.surveymonkey.com\/r\/SDCPCommCustomers\" style=\"border-radius:0px;background-color:#565ac0\" target=\"_blank\" rel=\"noreferrer noopener\">Kh\u1ea3o s\u00e1t d\u00e0nh cho doanh nghi\u1ec7p<\/a><\/div>\n<\/div>\n\n\n\n<p><\/p>","protected":false},"excerpt":{"rendered":"<p>You could win $500 for your energy thoughts! San Diego Community Power is inviting you to participate in a critically important customer feedback survey that will directly impact the future [&hellip;]<\/p>\n","protected":false},"author":34,"featured_media":9650,"parent":0,"menu_order":98,"comment_status":"closed","ping_status":"closed","template":"templates\/customer-feedback-survey.php","meta":{"footnotes":""},"class_list":["post-9648","page","type-page","status-publish","has-post-thumbnail","hentry"],"yoast_head":"<!-- This site is optimized with the Yoast SEO Premium plugin v27.2 (Yoast SEO v27.2) - https:\/\/yoast.com\/product\/yoast-seo-premium-wordpress\/ -->\n<title>Customer Feedback Survey - San Diego Community Power<\/title>\n<meta name=\"description\" content=\"San Diego Community Power (SDCP) is a community-driven clean energy provider working towards a healthier, more sustainable future.\" \/>\n<meta name=\"robots\" content=\"index, follow, max-snippet:-1, max-image-preview:large, max-video-preview:-1\" \/>\n<link rel=\"canonical\" href=\"https:\/\/sdcommunitypower.org\/vi\/khao-sat-y-kien-khach-hang\/\" \/>\n<meta property=\"og:locale\" content=\"vi_VN\" \/>\n<meta property=\"og:type\" content=\"article\" \/>\n<meta property=\"og:title\" content=\"Customer Feedback Survey\" \/>\n<meta property=\"og:description\" content=\"You could win $500 for your energy thoughts! San Diego Community Power is inviting you to participate in a critically important customer feedback survey\" \/>\n<meta property=\"og:url\" content=\"https:\/\/sdcommunitypower.org\/vi\/khao-sat-y-kien-khach-hang\/\" \/>\n<meta property=\"og:site_name\" content=\"San Diego Community Power\" \/>\n<meta property=\"article:modified_time\" content=\"2025-03-14T20:36:13+00:00\" \/>\n<meta property=\"og:image\" content=\"https:\/\/sdcommunitypower.org\/wp-content\/uploads\/2024\/10\/sdcp-family-cooking-dinner.jpg\" \/>\n\t<meta property=\"og:image:width\" content=\"1000\" \/>\n\t<meta property=\"og:image:height\" content=\"500\" \/>\n\t<meta property=\"og:image:type\" content=\"image\/jpeg\" \/>\n<meta name=\"twitter:card\" content=\"summary_large_image\" \/>\n<meta name=\"twitter:label1\" content=\"\u01af\u1edbc t\u00ednh th\u1eddi gian \u0111\u1ecdc\" \/>\n\t<meta name=\"twitter:data1\" content=\"1 ph\u00fat\" \/>\n<script type=\"application\/ld+json\" class=\"yoast-schema-graph\">{\"@context\":\"https:\/\/schema.org\",\"@graph\":[{\"@type\":\"WebPage\",\"@id\":\"https:\/\/sdcommunitypower.org\/customer-feedback-survey\/\",\"url\":\"https:\/\/sdcommunitypower.org\/customer-feedback-survey\/\",\"name\":\"Customer Feedback Survey - San Diego Community Power\",\"isPartOf\":{\"@id\":\"https:\/\/sdcommunitypower.org\/#website\"},\"primaryImageOfPage\":{\"@id\":\"https:\/\/sdcommunitypower.org\/customer-feedback-survey\/#primaryimage\"},\"image\":{\"@id\":\"https:\/\/sdcommunitypower.org\/customer-feedback-survey\/#primaryimage\"},\"thumbnailUrl\":\"https:\/\/sdcommunitypower.org\/wp-content\/uploads\/2024\/10\/sdcp-family-cooking-dinner.jpg\",\"datePublished\":\"2024-11-01T19:56:24+00:00\",\"dateModified\":\"2025-03-14T20:36:13+00:00\",\"description\":\"San Diego Community Power (SDCP) is a community-driven clean energy provider working towards a healthier, more sustainable future.\",\"breadcrumb\":{\"@id\":\"https:\/\/sdcommunitypower.org\/customer-feedback-survey\/#breadcrumb\"},\"inLanguage\":\"vi\",\"potentialAction\":[{\"@type\":\"ReadAction\",\"target\":[\"https:\/\/sdcommunitypower.org\/customer-feedback-survey\/\"]}]},{\"@type\":\"ImageObject\",\"inLanguage\":\"vi\",\"@id\":\"https:\/\/sdcommunitypower.org\/customer-feedback-survey\/#primaryimage\",\"url\":\"https:\/\/sdcommunitypower.org\/wp-content\/uploads\/2024\/10\/sdcp-family-cooking-dinner.jpg\",\"contentUrl\":\"https:\/\/sdcommunitypower.org\/wp-content\/uploads\/2024\/10\/sdcp-family-cooking-dinner.jpg\",\"width\":1000,\"height\":500,\"caption\":\"sdcp family cooking dinner customer feedback survey\"},{\"@type\":\"BreadcrumbList\",\"@id\":\"https:\/\/sdcommunitypower.org\/customer-feedback-survey\/#breadcrumb\",\"itemListElement\":[{\"@type\":\"ListItem\",\"position\":1,\"name\":\"Home\",\"item\":\"https:\/\/sdcommunitypower.org\/\"},{\"@type\":\"ListItem\",\"position\":2,\"name\":\"Customer Feedback Survey\"}]},{\"@type\":\"WebSite\",\"@id\":\"https:\/\/sdcommunitypower.org\/#website\",\"url\":\"https:\/\/sdcommunitypower.org\/\",\"name\":\"San Diego Community Power\",\"description\":\"Powering a clean, affordable energy future\",\"publisher\":{\"@id\":\"https:\/\/sdcommunitypower.org\/#organization\"},\"potentialAction\":[{\"@type\":\"SearchAction\",\"target\":{\"@type\":\"EntryPoint\",\"urlTemplate\":\"https:\/\/sdcommunitypower.org\/?s={search_term_string}\"},\"query-input\":{\"@type\":\"PropertyValueSpecification\",\"valueRequired\":true,\"valueName\":\"search_term_string\"}}],\"inLanguage\":\"vi\"},{\"@type\":\"Organization\",\"@id\":\"https:\/\/sdcommunitypower.org\/#organization\",\"name\":\"San Diego Community Power\",\"url\":\"https:\/\/sdcommunitypower.org\/\",\"logo\":{\"@type\":\"ImageObject\",\"inLanguage\":\"vi\",\"@id\":\"https:\/\/sdcommunitypower.org\/#\/schema\/logo\/image\/\",\"url\":\"https:\/\/sdcommunitypower.org\/wp-content\/uploads\/2020\/12\/20-SDCP-0456_BrandSuite_SocialIcons_FNL-01.png\",\"contentUrl\":\"https:\/\/sdcommunitypower.org\/wp-content\/uploads\/2020\/12\/20-SDCP-0456_BrandSuite_SocialIcons_FNL-01.png\",\"width\":1000,\"height\":1001,\"caption\":\"San Diego Community Power\"},\"image\":{\"@id\":\"https:\/\/sdcommunitypower.org\/#\/schema\/logo\/image\/\"}}]}<\/script>\n<!-- \/ Yoast SEO Premium plugin. -->","yoast_head_json":{"title":"Kh\u1ea3o s\u00e1t \u00fd ki\u1ebfn kh\u00e1ch h\u00e0ng - San Diego Community Power","description":"San Diego Community Power (SDCP) l\u00e0 nh\u00e0 cung c\u1ea5p n\u0103ng l\u01b0\u1ee3ng s\u1ea1ch do c\u1ed9ng \u0111\u1ed3ng \u0111i\u1ec1u h\u00e0nh, h\u01b0\u1edbng t\u1edbi m\u1ed9t t\u01b0\u01a1ng lai kh\u1ecfe m\u1ea1nh v\u00e0 b\u1ec1n v\u1eefng h\u01a1n.","robots":{"index":"index","follow":"follow","max-snippet":"max-snippet:-1","max-image-preview":"max-image-preview:large","max-video-preview":"max-video-preview:-1"},"canonical":"https:\/\/sdcommunitypower.org\/vi\/khao-sat-y-kien-khach-hang\/","og_locale":"vi_VN","og_type":"article","og_title":"Customer Feedback Survey","og_description":"You could win $500 for your energy thoughts! San Diego Community Power is inviting you to participate in a critically important customer feedback survey","og_url":"https:\/\/sdcommunitypower.org\/vi\/khao-sat-y-kien-khach-hang\/","og_site_name":"San Diego Community Power","article_modified_time":"2025-03-14T20:36:13+00:00","og_image":[{"width":1000,"height":500,"url":"https:\/\/sdcommunitypower.org\/wp-content\/uploads\/2024\/10\/sdcp-family-cooking-dinner.jpg","type":"image\/jpeg"}],"twitter_card":"summary_large_image","twitter_misc":{"\u01af\u1edbc t\u00ednh th\u1eddi gian \u0111\u1ecdc":"1 ph\u00fat"},"schema":{"@context":"https:\/\/schema.org","@graph":[{"@type":"WebPage","@id":"https:\/\/sdcommunitypower.org\/customer-feedback-survey\/","url":"https:\/\/sdcommunitypower.org\/customer-feedback-survey\/","name":"Kh\u1ea3o s\u00e1t \u00fd ki\u1ebfn kh\u00e1ch h\u00e0ng - San Diego Community Power","isPartOf":{"@id":"https:\/\/sdcommunitypower.org\/#website"},"primaryImageOfPage":{"@id":"https:\/\/sdcommunitypower.org\/customer-feedback-survey\/#primaryimage"},"image":{"@id":"https:\/\/sdcommunitypower.org\/customer-feedback-survey\/#primaryimage"},"thumbnailUrl":"https:\/\/sdcommunitypower.org\/wp-content\/uploads\/2024\/10\/sdcp-family-cooking-dinner.jpg","datePublished":"2024-11-01T19:56:24+00:00","dateModified":"2025-03-14T20:36:13+00:00","description":"San Diego Community Power (SDCP) l\u00e0 nh\u00e0 cung c\u1ea5p n\u0103ng l\u01b0\u1ee3ng s\u1ea1ch do c\u1ed9ng \u0111\u1ed3ng \u0111i\u1ec1u h\u00e0nh, h\u01b0\u1edbng t\u1edbi m\u1ed9t t\u01b0\u01a1ng lai kh\u1ecfe m\u1ea1nh v\u00e0 b\u1ec1n v\u1eefng h\u01a1n.","breadcrumb":{"@id":"https:\/\/sdcommunitypower.org\/customer-feedback-survey\/#breadcrumb"},"inLanguage":"vi","potentialAction":[{"@type":"ReadAction","target":["https:\/\/sdcommunitypower.org\/customer-feedback-survey\/"]}]},{"@type":"ImageObject","inLanguage":"vi","@id":"https:\/\/sdcommunitypower.org\/customer-feedback-survey\/#primaryimage","url":"https:\/\/sdcommunitypower.org\/wp-content\/uploads\/2024\/10\/sdcp-family-cooking-dinner.jpg","contentUrl":"https:\/\/sdcommunitypower.org\/wp-content\/uploads\/2024\/10\/sdcp-family-cooking-dinner.jpg","width":1000,"height":500,"caption":"sdcp family cooking dinner customer feedback survey"},{"@type":"BreadcrumbList","@id":"https:\/\/sdcommunitypower.org\/customer-feedback-survey\/#breadcrumb","itemListElement":[{"@type":"ListItem","position":1,"name":"Home","item":"https:\/\/sdcommunitypower.org\/"},{"@type":"ListItem","position":2,"name":"Customer Feedback Survey"}]},{"@type":"WebSite","@id":"https:\/\/sdcommunitypower.org\/#website","url":"https:\/\/sdcommunitypower.org\/","name":"San Diego Community Power","description":"Cung c\u1ea5p n\u0103ng l\u01b0\u1ee3ng s\u1ea1ch v\u00e0 gi\u00e1 c\u1ea3 ph\u1ea3i ch\u0103ng cho t\u01b0\u01a1ng lai","publisher":{"@id":"https:\/\/sdcommunitypower.org\/#organization"},"potentialAction":[{"@type":"SearchAction","target":{"@type":"EntryPoint","urlTemplate":"https:\/\/sdcommunitypower.org\/?s={search_term_string}"},"query-input":{"@type":"PropertyValueSpecification","valueRequired":true,"valueName":"search_term_string"}}],"inLanguage":"vi"},{"@type":"Organization","@id":"https:\/\/sdcommunitypower.org\/#organization","name":"San Diego Community Power","url":"https:\/\/sdcommunitypower.org\/","logo":{"@type":"ImageObject","inLanguage":"vi","@id":"https:\/\/sdcommunitypower.org\/#\/schema\/logo\/image\/","url":"https:\/\/sdcommunitypower.org\/wp-content\/uploads\/2020\/12\/20-SDCP-0456_BrandSuite_SocialIcons_FNL-01.png","contentUrl":"https:\/\/sdcommunitypower.org\/wp-content\/uploads\/2020\/12\/20-SDCP-0456_BrandSuite_SocialIcons_FNL-01.png","width":1000,"height":1001,"caption":"San Diego Community Power"},"image":{"@id":"https:\/\/sdcommunitypower.org\/#\/schema\/logo\/image\/"}}]}},"_links":{"self":[{"href":"https:\/\/sdcommunitypower.org\/vi\/wp-json\/wp\/v2\/pages\/9648","targetHints":{"allow":["GET"]}}],"collection":[{"href":"https:\/\/sdcommunitypower.org\/vi\/wp-json\/wp\/v2\/pages"}],"about":[{"href":"https:\/\/sdcommunitypower.org\/vi\/wp-json\/wp\/v2\/types\/page"}],"author":[{"embeddable":true,"href":"https:\/\/sdcommunitypower.org\/vi\/wp-json\/wp\/v2\/users\/34"}],"replies":[{"embeddable":true,"href":"https:\/\/sdcommunitypower.org\/vi\/wp-json\/wp\/v2\/comments?post=9648"}],"version-history":[{"count":0,"href":"https:\/\/sdcommunitypower.org\/vi\/wp-json\/wp\/v2\/pages\/9648\/revisions"}],"wp:featuredmedia":[{"embeddable":true,"href":"https:\/\/sdcommunitypower.org\/vi\/wp-json\/wp\/v2\/media\/9650"}],"wp:attachment":[{"href":"https:\/\/sdcommunitypower.org\/vi\/wp-json\/wp\/v2\/media?parent=9648"}],"curies":[{"name":"wp","href":"https:\/\/api.w.org\/{rel}","templated":true}]}}