{"id":9662,"date":"2024-11-12T15:12:00","date_gmt":"2024-11-12T23:12:00","guid":{"rendered":"https:\/\/sdcommunitypower.org\/?page_id=9662"},"modified":"2024-11-12T15:23:25","modified_gmt":"2024-11-12T23:23:25","slug":"ho-tro-ung-dung-thuong-mai","status":"publish","type":"page","link":"https:\/\/sdcommunitypower.org\/vi\/commercial-application-assistance\/","title":{"rendered":"H\u1ed7 tr\u1ee3 \u1ee9ng d\u1ee5ng th\u01b0\u01a1ng m\u1ea1i"},"content":{"rendered":"<h2 class=\"wp-block-heading\" style=\"font-size:21px\">Kh\u00e1m ph\u00e1 c\u00e1ch Community Power c\u00f3 th\u1ec3 gi\u00fap doanh nghi\u1ec7p c\u1ee7a b\u1ea1n ti\u1ebft ki\u1ec7m n\u0103ng l\u01b0\u1ee3ng v\u00e0 gi\u1ea3m chi ph\u00ed.<\/h2>\n\n\n\n<div style=\"height:10px\" aria-hidden=\"true\" class=\"wp-block-spacer\"><\/div>\n\n\n\n<p class=\"has-medium-font-size\">Ch\u00fang t\u00f4i cung c\u1ea5p d\u1ecbch v\u1ee5 ph\u00e2n t\u00edch v\u00e0 t\u01b0 v\u1ea5n n\u0103ng l\u01b0\u1ee3ng mi\u1ec5n ph\u00ed cho c\u00e1c c\u01a1 s\u1edf c\u1ee7a qu\u00fd v\u1ecb. B\u1eb1ng c\u00e1ch \u0111\u00e1nh gi\u00e1 t\u00ecnh h\u00ecnh s\u1eed d\u1ee5ng n\u0103ng l\u01b0\u1ee3ng hi\u1ec7n t\u1ea1i c\u1ee7a qu\u00fd v\u1ecb, ch\u00fang t\u00f4i s\u1ebd x\u00e1c \u0111\u1ecbnh c\u00e1c c\u01a1 h\u1ed9i c\u1ea3i thi\u1ec7n th\u00f4ng qua vi\u1ec7c n\u00e2ng c\u1ea5p thi\u1ebft b\u1ecb, thay \u0111\u1ed5i th\u00f3i quen s\u1eed d\u1ee5ng v\u00e0 h\u1ed7 tr\u1ee3 \u0111\u0103ng k\u00fd c\u00e1c ch\u01b0\u01a1ng tr\u00ecnh n\u0103ng l\u01b0\u1ee3ng c\u1ee7a \u0111\u1ecba ph\u01b0\u01a1ng, ti\u1ec3u bang v\u00e0 li\u00ean bang. H\u00e3y t\u1ed1i \u01b0u h\u00f3a vi\u1ec7c s\u1eed d\u1ee5ng n\u0103ng l\u01b0\u1ee3ng c\u1ee7a qu\u00fd v\u1ecb ngay h\u00f4m nay v\u1edbi m\u1ed9t bu\u1ed5i t\u01b0 v\u1ea5n mi\u1ec5n ph\u00ed.<\/p>\n\n\n\n<div style=\"height:10px\" aria-hidden=\"true\" class=\"wp-block-spacer\"><\/div>\n\n\n\n<div class=\"wp-block-buttons is-layout-flex wp-block-buttons-is-layout-flex\">\n<div class=\"wp-block-button has-custom-font-size has-small-font-size\"><a class=\"wp-block-button__link has-background wp-element-button\" href=\"mailto:emezta@sdcommunitypower.org?subject=Commercial Application Assistance Program Inquiry\" style=\"border-radius:0px;background-color:#0076ce\">Li\u00ean h\u1ec7 v\u1edbi ch\u00fang t\u00f4i<\/a><\/div>\n<\/div>\n\n\n\n<div style=\"height:55px\" aria-hidden=\"true\" class=\"wp-block-spacer\"><\/div>\n\n\n\n<p><\/p>","protected":false},"excerpt":{"rendered":"<p>Discover how Community Power can help your business save energy and reduce costs. We provide a no-cost energy analysis and consultation for your sites. By evaluating your current energy usage, [&hellip;]<\/p>\n","protected":false},"author":41,"featured_media":3277,"parent":0,"menu_order":96,"comment_status":"closed","ping_status":"closed","template":"templates\/commercial-application-assistance.php","meta":{"footnotes":""},"class_list":["post-9662","page","type-page","status-publish","has-post-thumbnail","hentry"],"yoast_head":"<!-- This site is optimized with the Yoast SEO Premium plugin v27.2 (Yoast SEO v27.2) - https:\/\/yoast.com\/product\/yoast-seo-premium-wordpress\/ -->\n<title>Commercial Application Assistance - San Diego Community Power<\/title>\n<meta name=\"description\" content=\"San Diego Community Power (SDCP) is a community-driven clean energy provider working towards a healthier, more sustainable future.\" \/>\n<meta name=\"robots\" content=\"index, follow, max-snippet:-1, max-image-preview:large, max-video-preview:-1\" \/>\n<link rel=\"canonical\" href=\"https:\/\/sdcommunitypower.org\/vi\/ho-tro-ung-dung-thuong-mai\/\" \/>\n<meta property=\"og:locale\" content=\"vi_VN\" \/>\n<meta property=\"og:type\" content=\"article\" \/>\n<meta property=\"og:title\" content=\"Commercial Application Assistance\" \/>\n<meta property=\"og:description\" content=\"Discover how Community Power can help your business save energy and reduce costs. We provide a no-cost energy analysis and consultation for your sites. By\" \/>\n<meta property=\"og:url\" content=\"https:\/\/sdcommunitypower.org\/vi\/ho-tro-ung-dung-thuong-mai\/\" \/>\n<meta property=\"og:site_name\" content=\"San Diego Community Power\" \/>\n<meta property=\"article:modified_time\" content=\"2024-11-12T23:23:25+00:00\" \/>\n<meta property=\"og:image\" content=\"https:\/\/sdcommunitypower.org\/wp-content\/uploads\/2022\/03\/DowntownSanDiego.jpg\" \/>\n\t<meta property=\"og:image:width\" content=\"1500\" \/>\n\t<meta property=\"og:image:height\" content=\"1001\" \/>\n\t<meta property=\"og:image:type\" content=\"image\/jpeg\" \/>\n<meta name=\"twitter:card\" content=\"summary_large_image\" \/>\n<meta name=\"twitter:label1\" content=\"\u01af\u1edbc t\u00ednh th\u1eddi gian \u0111\u1ecdc\" \/>\n\t<meta name=\"twitter:data1\" content=\"1 ph\u00fat\" \/>\n<script type=\"application\/ld+json\" class=\"yoast-schema-graph\">{\"@context\":\"https:\/\/schema.org\",\"@graph\":[{\"@type\":\"WebPage\",\"@id\":\"https:\/\/sdcommunitypower.org\/commercial-application-assistance\/\",\"url\":\"https:\/\/sdcommunitypower.org\/commercial-application-assistance\/\",\"name\":\"Commercial Application Assistance - San Diego Community Power\",\"isPartOf\":{\"@id\":\"https:\/\/sdcommunitypower.org\/#website\"},\"primaryImageOfPage\":{\"@id\":\"https:\/\/sdcommunitypower.org\/commercial-application-assistance\/#primaryimage\"},\"image\":{\"@id\":\"https:\/\/sdcommunitypower.org\/commercial-application-assistance\/#primaryimage\"},\"thumbnailUrl\":\"https:\/\/sdcommunitypower.org\/wp-content\/uploads\/2022\/03\/DowntownSanDiego.jpg\",\"datePublished\":\"2024-11-12T23:12:00+00:00\",\"dateModified\":\"2024-11-12T23:23:25+00:00\",\"description\":\"San Diego Community Power (SDCP) is a community-driven clean energy provider working towards a healthier, more sustainable future.\",\"breadcrumb\":{\"@id\":\"https:\/\/sdcommunitypower.org\/commercial-application-assistance\/#breadcrumb\"},\"inLanguage\":\"vi\",\"potentialAction\":[{\"@type\":\"ReadAction\",\"target\":[\"https:\/\/sdcommunitypower.org\/commercial-application-assistance\/\"]}]},{\"@type\":\"ImageObject\",\"inLanguage\":\"vi\",\"@id\":\"https:\/\/sdcommunitypower.org\/commercial-application-assistance\/#primaryimage\",\"url\":\"https:\/\/sdcommunitypower.org\/wp-content\/uploads\/2022\/03\/DowntownSanDiego.jpg\",\"contentUrl\":\"https:\/\/sdcommunitypower.org\/wp-content\/uploads\/2022\/03\/DowntownSanDiego.jpg\",\"width\":1500,\"height\":1001,\"caption\":\"DowntownSanDiego\"},{\"@type\":\"BreadcrumbList\",\"@id\":\"https:\/\/sdcommunitypower.org\/commercial-application-assistance\/#breadcrumb\",\"itemListElement\":[{\"@type\":\"ListItem\",\"position\":1,\"name\":\"Home\",\"item\":\"https:\/\/sdcommunitypower.org\/\"},{\"@type\":\"ListItem\",\"position\":2,\"name\":\"Commercial Application Assistance\"}]},{\"@type\":\"WebSite\",\"@id\":\"https:\/\/sdcommunitypower.org\/#website\",\"url\":\"https:\/\/sdcommunitypower.org\/\",\"name\":\"San Diego Community Power\",\"description\":\"Powering a clean, affordable energy future\",\"publisher\":{\"@id\":\"https:\/\/sdcommunitypower.org\/#organization\"},\"potentialAction\":[{\"@type\":\"SearchAction\",\"target\":{\"@type\":\"EntryPoint\",\"urlTemplate\":\"https:\/\/sdcommunitypower.org\/?s={search_term_string}\"},\"query-input\":{\"@type\":\"PropertyValueSpecification\",\"valueRequired\":true,\"valueName\":\"search_term_string\"}}],\"inLanguage\":\"vi\"},{\"@type\":\"Organization\",\"@id\":\"https:\/\/sdcommunitypower.org\/#organization\",\"name\":\"San Diego Community Power\",\"url\":\"https:\/\/sdcommunitypower.org\/\",\"logo\":{\"@type\":\"ImageObject\",\"inLanguage\":\"vi\",\"@id\":\"https:\/\/sdcommunitypower.org\/#\/schema\/logo\/image\/\",\"url\":\"https:\/\/sdcommunitypower.org\/wp-content\/uploads\/2020\/12\/20-SDCP-0456_BrandSuite_SocialIcons_FNL-01.png\",\"contentUrl\":\"https:\/\/sdcommunitypower.org\/wp-content\/uploads\/2020\/12\/20-SDCP-0456_BrandSuite_SocialIcons_FNL-01.png\",\"width\":1000,\"height\":1001,\"caption\":\"San Diego Community Power\"},\"image\":{\"@id\":\"https:\/\/sdcommunitypower.org\/#\/schema\/logo\/image\/\"}}]}<\/script>\n<!-- \/ Yoast SEO Premium plugin. -->","yoast_head_json":{"title":"H\u1ed7 tr\u1ee3 \u1ee9ng d\u1ee5ng th\u01b0\u01a1ng m\u1ea1i - San Diego Community Power","description":"San Diego Community Power (SDCP) l\u00e0 nh\u00e0 cung c\u1ea5p n\u0103ng l\u01b0\u1ee3ng s\u1ea1ch do c\u1ed9ng \u0111\u1ed3ng \u0111i\u1ec1u h\u00e0nh, h\u01b0\u1edbng t\u1edbi m\u1ed9t t\u01b0\u01a1ng lai kh\u1ecfe m\u1ea1nh v\u00e0 b\u1ec1n v\u1eefng h\u01a1n.","robots":{"index":"index","follow":"follow","max-snippet":"max-snippet:-1","max-image-preview":"max-image-preview:large","max-video-preview":"max-video-preview:-1"},"canonical":"https:\/\/sdcommunitypower.org\/vi\/ho-tro-ung-dung-thuong-mai\/","og_locale":"vi_VN","og_type":"article","og_title":"Commercial Application Assistance","og_description":"Discover how Community Power can help your business save energy and reduce costs. We provide a no-cost energy analysis and consultation for your sites. By","og_url":"https:\/\/sdcommunitypower.org\/vi\/ho-tro-ung-dung-thuong-mai\/","og_site_name":"San Diego Community Power","article_modified_time":"2024-11-12T23:23:25+00:00","og_image":[{"width":1500,"height":1001,"url":"https:\/\/sdcommunitypower.org\/wp-content\/uploads\/2022\/03\/DowntownSanDiego.jpg","type":"image\/jpeg"}],"twitter_card":"summary_large_image","twitter_misc":{"\u01af\u1edbc t\u00ednh th\u1eddi gian \u0111\u1ecdc":"1 ph\u00fat"},"schema":{"@context":"https:\/\/schema.org","@graph":[{"@type":"WebPage","@id":"https:\/\/sdcommunitypower.org\/commercial-application-assistance\/","url":"https:\/\/sdcommunitypower.org\/commercial-application-assistance\/","name":"H\u1ed7 tr\u1ee3 \u1ee9ng d\u1ee5ng th\u01b0\u01a1ng m\u1ea1i - San Diego Community Power","isPartOf":{"@id":"https:\/\/sdcommunitypower.org\/#website"},"primaryImageOfPage":{"@id":"https:\/\/sdcommunitypower.org\/commercial-application-assistance\/#primaryimage"},"image":{"@id":"https:\/\/sdcommunitypower.org\/commercial-application-assistance\/#primaryimage"},"thumbnailUrl":"https:\/\/sdcommunitypower.org\/wp-content\/uploads\/2022\/03\/DowntownSanDiego.jpg","datePublished":"2024-11-12T23:12:00+00:00","dateModified":"2024-11-12T23:23:25+00:00","description":"San Diego Community Power (SDCP) l\u00e0 nh\u00e0 cung c\u1ea5p n\u0103ng l\u01b0\u1ee3ng s\u1ea1ch do c\u1ed9ng \u0111\u1ed3ng \u0111i\u1ec1u h\u00e0nh, h\u01b0\u1edbng t\u1edbi m\u1ed9t t\u01b0\u01a1ng lai kh\u1ecfe m\u1ea1nh v\u00e0 b\u1ec1n v\u1eefng h\u01a1n.","breadcrumb":{"@id":"https:\/\/sdcommunitypower.org\/commercial-application-assistance\/#breadcrumb"},"inLanguage":"vi","potentialAction":[{"@type":"ReadAction","target":["https:\/\/sdcommunitypower.org\/commercial-application-assistance\/"]}]},{"@type":"ImageObject","inLanguage":"vi","@id":"https:\/\/sdcommunitypower.org\/commercial-application-assistance\/#primaryimage","url":"https:\/\/sdcommunitypower.org\/wp-content\/uploads\/2022\/03\/DowntownSanDiego.jpg","contentUrl":"https:\/\/sdcommunitypower.org\/wp-content\/uploads\/2022\/03\/DowntownSanDiego.jpg","width":1500,"height":1001,"caption":"DowntownSanDiego"},{"@type":"BreadcrumbList","@id":"https:\/\/sdcommunitypower.org\/commercial-application-assistance\/#breadcrumb","itemListElement":[{"@type":"ListItem","position":1,"name":"Home","item":"https:\/\/sdcommunitypower.org\/"},{"@type":"ListItem","position":2,"name":"Commercial Application Assistance"}]},{"@type":"WebSite","@id":"https:\/\/sdcommunitypower.org\/#website","url":"https:\/\/sdcommunitypower.org\/","name":"San Diego Community Power","description":"Cung c\u1ea5p n\u0103ng l\u01b0\u1ee3ng s\u1ea1ch v\u00e0 gi\u00e1 c\u1ea3 ph\u1ea3i ch\u0103ng cho t\u01b0\u01a1ng lai","publisher":{"@id":"https:\/\/sdcommunitypower.org\/#organization"},"potentialAction":[{"@type":"SearchAction","target":{"@type":"EntryPoint","urlTemplate":"https:\/\/sdcommunitypower.org\/?s={search_term_string}"},"query-input":{"@type":"PropertyValueSpecification","valueRequired":true,"valueName":"search_term_string"}}],"inLanguage":"vi"},{"@type":"Organization","@id":"https:\/\/sdcommunitypower.org\/#organization","name":"San Diego Community Power","url":"https:\/\/sdcommunitypower.org\/","logo":{"@type":"ImageObject","inLanguage":"vi","@id":"https:\/\/sdcommunitypower.org\/#\/schema\/logo\/image\/","url":"https:\/\/sdcommunitypower.org\/wp-content\/uploads\/2020\/12\/20-SDCP-0456_BrandSuite_SocialIcons_FNL-01.png","contentUrl":"https:\/\/sdcommunitypower.org\/wp-content\/uploads\/2020\/12\/20-SDCP-0456_BrandSuite_SocialIcons_FNL-01.png","width":1000,"height":1001,"caption":"San Diego Community Power"},"image":{"@id":"https:\/\/sdcommunitypower.org\/#\/schema\/logo\/image\/"}}]}},"_links":{"self":[{"href":"https:\/\/sdcommunitypower.org\/vi\/wp-json\/wp\/v2\/pages\/9662","targetHints":{"allow":["GET"]}}],"collection":[{"href":"https:\/\/sdcommunitypower.org\/vi\/wp-json\/wp\/v2\/pages"}],"about":[{"href":"https:\/\/sdcommunitypower.org\/vi\/wp-json\/wp\/v2\/types\/page"}],"author":[{"embeddable":true,"href":"https:\/\/sdcommunitypower.org\/vi\/wp-json\/wp\/v2\/users\/41"}],"replies":[{"embeddable":true,"href":"https:\/\/sdcommunitypower.org\/vi\/wp-json\/wp\/v2\/comments?post=9662"}],"version-history":[{"count":0,"href":"https:\/\/sdcommunitypower.org\/vi\/wp-json\/wp\/v2\/pages\/9662\/revisions"}],"wp:featuredmedia":[{"embeddable":true,"href":"https:\/\/sdcommunitypower.org\/vi\/wp-json\/wp\/v2\/media\/3277"}],"wp:attachment":[{"href":"https:\/\/sdcommunitypower.org\/vi\/wp-json\/wp\/v2\/media?parent=9662"}],"curies":[{"name":"wp","href":"https:\/\/api.w.org\/{rel}","templated":true}]}}